{"id":979,"date":"2018-10-20T19:22:41","date_gmt":"2018-10-20T18:22:41","guid":{"rendered":"http:\/\/lass.no-ip.com\/wordpress\/?page_id=979"},"modified":"2020-09-29T20:16:50","modified_gmt":"2020-09-29T19:16:50","slug":"livesandning-av-hangronder","status":"publish","type":"page","link":"https:\/\/lass.no-ip.com\/wordpress\/index.php\/livesandning-av-hangronder\/","title":{"rendered":"Information om lives\u00e4ndning av h\u00e4ngronder"},"content":{"rendered":"<p>I KM och LM \u00e4r det ju som bekant h\u00e4ngrond var tredje speltillf\u00e4lle, dvs i st\u00e4llet f\u00f6r att spela ordinarie rond s\u00e5 spelar man uppskjutna partier fr\u00e5n tidigare ronder. Samma sak g\u00e4ller f\u00f6r h\u00f6stturneringen 2020.<\/p>\n<p>Vi lives\u00e4nder upp till \u00e5tta partier fr\u00e5n varje h\u00e4ngrond. I h\u00f6stturneringen l\u00e4ggs h\u00e4ngronderna in som rond 8, 9 och 10 i tisdagsliven. Tidigare har vi lagt in h\u00e4ngrondspartierna som bord 9-16 i f\u00f6reg\u00e5ende ordinarie rond (allts\u00e5 inte i den rond de egentligen h\u00f6r till).<\/p>\n<p>Det h\u00e4r betyder att om du g\u00e5r in p\u00e5 livesidan s\u00e5 kan det h\u00e4nda att du ser &#8221;fel&#8221; partier. D\u00e5 m\u00e5ste du byta till r\u00e4tt rond. P\u00e5 <a href=\"https:\/\/lass.no-ip.com\/wordpress\/index.php\/livesandning\/\">DGT-livesidan<\/a> v\u00e4ljer man rond och parti genom att klicka p\u00e5 raden ovanf\u00f6r br\u00e4det d\u00e4r det st\u00e5r rond och bordsnummer (markerad med r\u00f6tt i bilden nedan). D\u00e5 f\u00e5r du v\u00e4lja rond och bord.<\/p>\n<figure id=\"attachment_980\" aria-describedby=\"caption-attachment-980\" style=\"width: 300px\" class=\"wp-caption alignnone\"><img loading=\"lazy\" decoding=\"async\" class=\"size-medium wp-image-980\" src=\"http:\/\/lass.no-ip.com\/wordpress\/wp-content\/uploads\/2018\/10\/Mobil-DGT-300x137.png\" alt=\"\" width=\"300\" height=\"137\" srcset=\"https:\/\/lass.no-ip.com\/wordpress\/wp-content\/uploads\/2018\/10\/Mobil-DGT-300x137.png 300w, https:\/\/lass.no-ip.com\/wordpress\/wp-content\/uploads\/2018\/10\/Mobil-DGT-768x351.png 768w, https:\/\/lass.no-ip.com\/wordpress\/wp-content\/uploads\/2018\/10\/Mobil-DGT-400x183.png 400w, https:\/\/lass.no-ip.com\/wordpress\/wp-content\/uploads\/2018\/10\/Mobil-DGT.png 873w\" sizes=\"auto, (max-width: 300px) 100vw, 300px\" \/><figcaption id=\"caption-attachment-980\" class=\"wp-caption-text\">Klicka p\u00e5 raden som \u00e4r inringad med r\u00f6tt.<\/figcaption><\/figure>\n","protected":false},"excerpt":{"rendered":"<p>I KM och LM \u00e4r det ju som bekant h\u00e4ngrond var tredje speltillf\u00e4lle, dvs i st\u00e4llet f\u00f6r att spela ordinarie rond s\u00e5 spelar man uppskjutna partier fr\u00e5n tidigare ronder. Samma sak g\u00e4ller f\u00f6r h\u00f6stturneringen 2020. Vi lives\u00e4nder upp till \u00e5tta partier fr\u00e5n varje h\u00e4ngrond. I h\u00f6stturneringen l\u00e4ggs h\u00e4ngronderna in som rond 8, 9 och 10 i tisdagsliven. Tidigare har vi lagt in h\u00e4ngrondspartierna som bord 9-16 i f\u00f6reg\u00e5ende ordinarie rond (allts\u00e5 inte i den rond de egentligen h\u00f6r till). Det h\u00e4r betyder att om du g\u00e5r in p\u00e5 livesidan s\u00e5 kan det h\u00e4nda att du ser &#8221;fel&#8221; partier. D\u00e5 m\u00e5ste du byta till r\u00e4tt rond. P\u00e5 DGT-livesidan v\u00e4ljer man rond och parti genom att klicka p\u00e5 raden ovanf\u00f6r br\u00e4det d\u00e4r det st\u00e5r rond och bordsnummer (markerad med r\u00f6tt i bilden nedan). D\u00e5 f\u00e5r du v\u00e4lja rond och bord.<\/p>\n","protected":false},"author":5,"featured_media":0,"parent":0,"menu_order":0,"comment_status":"closed","ping_status":"closed","template":"","meta":{"wp_social_preview_title":"","wp_social_preview_description":"","wp_social_preview_image":0,"footnotes":""},"class_list":["post-979","page","type-page","status-publish","hentry"],"_links":{"self":[{"href":"https:\/\/lass.no-ip.com\/wordpress\/index.php\/wp-json\/wp\/v2\/pages\/979","targetHints":{"allow":["GET"]}}],"collection":[{"href":"https:\/\/lass.no-ip.com\/wordpress\/index.php\/wp-json\/wp\/v2\/pages"}],"about":[{"href":"https:\/\/lass.no-ip.com\/wordpress\/index.php\/wp-json\/wp\/v2\/types\/page"}],"author":[{"embeddable":true,"href":"https:\/\/lass.no-ip.com\/wordpress\/index.php\/wp-json\/wp\/v2\/users\/5"}],"replies":[{"embeddable":true,"href":"https:\/\/lass.no-ip.com\/wordpress\/index.php\/wp-json\/wp\/v2\/comments?post=979"}],"version-history":[{"count":3,"href":"https:\/\/lass.no-ip.com\/wordpress\/index.php\/wp-json\/wp\/v2\/pages\/979\/revisions"}],"predecessor-version":[{"id":2695,"href":"https:\/\/lass.no-ip.com\/wordpress\/index.php\/wp-json\/wp\/v2\/pages\/979\/revisions\/2695"}],"wp:attachment":[{"href":"https:\/\/lass.no-ip.com\/wordpress\/index.php\/wp-json\/wp\/v2\/media?parent=979"}],"curies":[{"name":"wp","href":"https:\/\/api.w.org\/{rel}","templated":true}]}}