{"id":893,"date":"2018-09-11T21:46:25","date_gmt":"2018-09-11T20:46:25","guid":{"rendered":"http:\/\/lass.no-ip.com\/wordpress\/?page_id=893"},"modified":"2018-09-11T21:50:06","modified_gmt":"2018-09-11T20:50:06","slug":"regler-for-uppskjutna-och-forsenade-partier-i-km-och-lm","status":"publish","type":"page","link":"https:\/\/lass.no-ip.com\/wordpress\/index.php\/regler-for-uppskjutna-och-forsenade-partier-i-km-och-lm\/","title":{"rendered":"Regler f\u00f6r uppskjutna och f\u00f6rsenade partier i KM och LM"},"content":{"rendered":"<p><strong>Fr\u00e5n och med september 2018 g\u00e4ller f\u00f6ljande regler f\u00f6r uppskjutna och f\u00f6rsenade partier i LM och KM:<\/strong><\/p>\n<ol>\n<li>Om inte annat har \u00f6verenskommits s\u00e5 startas klockorna vid utsatt speltid (normalt 18.00). Om den ena spelaren inte har kommit till br\u00e4det n\u00e4r en halvtimme har g\u00e5tt p\u00e5 klockan d\u00f6ms partiet till f\u00f6rlust p\u00e5 w.o. Har ingen av spelarna kommit efter en halvtimme betraktas partiet som uppskjutet, utom i sista ronden d\u00e4r partiet avd\u00f6ms till 0-0.<\/li>\n<li>Spelare som vill skjuta upp ett parti till en annan dag, eller starta senare \u00e4n vid utsatt spelstart, m\u00e5ste meddela motspelaren detta senast en timme innan utsatt spelstart. Annars kan (men m\u00e5ste inte) motspelaren kr\u00e4va att klockan skall startas p\u00e5 utsatt tid. Man skall i f\u00f6rsta hand skall kontakta motspelaren direkt. Turneringsledningen kan inte fungera som meddelandeservice annat \u00e4n i undantagsfall.<\/li>\n<li>Om spelarna kommer \u00f6verens om att skjuta upp ett parti eller att starta partiet senare skall turneringsledningen meddelas innan utsatt starttid. Det \u00e4r viktigt f\u00f6r lives\u00e4ndningen!<\/li>\n<li>I sista ronden kan inga partier skjutas upp till annan dag.\u00a0 Om n\u00e5gon av spelarna blir f\u00f6rsenad kan partistarten skjutas fram maximalt en halvtimme.<\/li>\n<li>Uppskjutna partier som inte \u00e4r f\u00e4rdigspelade innan utsatt spelstart f\u00f6r sista ronden kommer att avd\u00f6mas av turneringsledningen. Partiet kan avd\u00f6mas till 1-0, 0-1, \u00bd-\u00bd eller 0-0 beroende p\u00e5 omst\u00e4ndigheterna.<\/li>\n<\/ol>\n","protected":false},"excerpt":{"rendered":"<p>Fr\u00e5n och med september 2018 g\u00e4ller f\u00f6ljande regler f\u00f6r uppskjutna och f\u00f6rsenade partier i LM och KM: Om inte annat har \u00f6verenskommits s\u00e5 startas klockorna vid utsatt speltid (normalt 18.00). Om den ena spelaren inte har kommit till br\u00e4det n\u00e4r en halvtimme har g\u00e5tt p\u00e5 klockan d\u00f6ms partiet till f\u00f6rlust p\u00e5 w.o. Har ingen av spelarna kommit efter en halvtimme betraktas partiet som uppskjutet, utom i sista ronden d\u00e4r partiet avd\u00f6ms till 0-0. Spelare som vill skjuta upp ett parti till en annan dag, eller starta senare \u00e4n vid utsatt spelstart, m\u00e5ste meddela motspelaren detta senast en timme innan utsatt spelstart. Annars kan (men m\u00e5ste inte) motspelaren kr\u00e4va att klockan skall startas p\u00e5 utsatt tid. Man skall i f\u00f6rsta hand skall kontakta motspelaren direkt. Turneringsledningen kan inte fungera som meddelandeservice annat \u00e4n i undantagsfall. Om spelarna kommer \u00f6verens om att skjuta upp ett parti eller att starta partiet senare skall turneringsledningen meddelas innan utsatt starttid. Det \u00e4r viktigt f\u00f6r lives\u00e4ndningen! I sista ronden kan inga partier skjutas upp till annan dag.\u00a0 Om n\u00e5gon av spelarna blir f\u00f6rsenad kan partistarten skjutas fram maximalt en halvtimme. Uppskjutna partier som inte \u00e4r f\u00e4rdigspelade innan utsatt spelstart f\u00f6r sista ronden kommer att avd\u00f6mas av turneringsledningen. Partiet kan avd\u00f6mas till 1-0, 0-1, \u00bd-\u00bd eller 0-0 beroende p\u00e5 omst\u00e4ndigheterna.<\/p>\n","protected":false},"author":5,"featured_media":0,"parent":0,"menu_order":0,"comment_status":"closed","ping_status":"closed","template":"","meta":{"wp_social_preview_title":"","wp_social_preview_description":"","wp_social_preview_image":0,"footnotes":""},"class_list":["post-893","page","type-page","status-publish","hentry"],"_links":{"self":[{"href":"https:\/\/lass.no-ip.com\/wordpress\/index.php\/wp-json\/wp\/v2\/pages\/893","targetHints":{"allow":["GET"]}}],"collection":[{"href":"https:\/\/lass.no-ip.com\/wordpress\/index.php\/wp-json\/wp\/v2\/pages"}],"about":[{"href":"https:\/\/lass.no-ip.com\/wordpress\/index.php\/wp-json\/wp\/v2\/types\/page"}],"author":[{"embeddable":true,"href":"https:\/\/lass.no-ip.com\/wordpress\/index.php\/wp-json\/wp\/v2\/users\/5"}],"replies":[{"embeddable":true,"href":"https:\/\/lass.no-ip.com\/wordpress\/index.php\/wp-json\/wp\/v2\/comments?post=893"}],"version-history":[{"count":2,"href":"https:\/\/lass.no-ip.com\/wordpress\/index.php\/wp-json\/wp\/v2\/pages\/893\/revisions"}],"predecessor-version":[{"id":896,"href":"https:\/\/lass.no-ip.com\/wordpress\/index.php\/wp-json\/wp\/v2\/pages\/893\/revisions\/896"}],"wp:attachment":[{"href":"https:\/\/lass.no-ip.com\/wordpress\/index.php\/wp-json\/wp\/v2\/media?parent=893"}],"curies":[{"name":"wp","href":"https:\/\/api.w.org\/{rel}","templated":true}]}}