{"id":830,"date":"2018-08-21T20:15:23","date_gmt":"2018-08-21T19:15:23","guid":{"rendered":"http:\/\/lass.no-ip.com\/wordpress\/?page_id=830"},"modified":"2018-08-21T20:15:48","modified_gmt":"2018-08-21T19:15:48","slug":"sasongen-inledd-med-blixt","status":"publish","type":"page","link":"https:\/\/lass.no-ip.com\/wordpress\/index.php\/sasongen-inledd-med-blixt\/","title":{"rendered":"S\u00e4songen inledd med blixt"},"content":{"rendered":"<p>H\u00f6sts\u00e4songen \u00e4r nu officiellt ig\u00e5ng. Vi startade med 11 ronders blixt. Max Wahlund vann p\u00e5 8 po\u00e4ng f\u00f6re Guilherme Barros (7 p) och Stefan Andersson (6\u00bd p).<\/p>\n<p><a href=\"https:\/\/lass.no-ip.com\/resultat\/2018\/sasongsstartschack2018.pdf\">Fullst\u00e4ndiga resultat<\/a><\/p>\n<figure id=\"attachment_831\" aria-describedby=\"caption-attachment-831\" style=\"width: 300px\" class=\"wp-caption alignnone\"><img loading=\"lazy\" decoding=\"async\" class=\"size-medium wp-image-831\" src=\"http:\/\/lass.no-ip.com\/wordpress\/wp-content\/uploads\/2018\/08\/sasongsstart2018-300x225.jpg\" alt=\"\" width=\"300\" height=\"225\" srcset=\"https:\/\/lass.no-ip.com\/wordpress\/wp-content\/uploads\/2018\/08\/sasongsstart2018-300x225.jpg 300w, https:\/\/lass.no-ip.com\/wordpress\/wp-content\/uploads\/2018\/08\/sasongsstart2018-768x576.jpg 768w, https:\/\/lass.no-ip.com\/wordpress\/wp-content\/uploads\/2018\/08\/sasongsstart2018-1024x768.jpg 1024w, https:\/\/lass.no-ip.com\/wordpress\/wp-content\/uploads\/2018\/08\/sasongsstart2018-400x300.jpg 400w, https:\/\/lass.no-ip.com\/wordpress\/wp-content\/uploads\/2018\/08\/sasongsstart2018.jpg 2016w\" sizes=\"auto, (max-width: 300px) 100vw, 300px\" \/><figcaption id=\"caption-attachment-831\" class=\"wp-caption-text\">Peter spelade remi mot Ofelia i rond 8..<\/figcaption><\/figure>\n","protected":false},"excerpt":{"rendered":"<p>H\u00f6sts\u00e4songen \u00e4r nu officiellt ig\u00e5ng. Vi startade med 11 ronders blixt. Max Wahlund vann p\u00e5 8 po\u00e4ng f\u00f6re Guilherme Barros (7 p) och Stefan Andersson (6\u00bd p). Fullst\u00e4ndiga resultat<\/p>\n","protected":false},"author":5,"featured_media":831,"parent":0,"menu_order":0,"comment_status":"closed","ping_status":"closed","template":"","meta":{"wp_social_preview_title":"","wp_social_preview_description":"","wp_social_preview_image":0,"footnotes":""},"class_list":["post-830","page","type-page","status-publish","has-post-thumbnail","hentry"],"_links":{"self":[{"href":"https:\/\/lass.no-ip.com\/wordpress\/index.php\/wp-json\/wp\/v2\/pages\/830","targetHints":{"allow":["GET"]}}],"collection":[{"href":"https:\/\/lass.no-ip.com\/wordpress\/index.php\/wp-json\/wp\/v2\/pages"}],"about":[{"href":"https:\/\/lass.no-ip.com\/wordpress\/index.php\/wp-json\/wp\/v2\/types\/page"}],"author":[{"embeddable":true,"href":"https:\/\/lass.no-ip.com\/wordpress\/index.php\/wp-json\/wp\/v2\/users\/5"}],"replies":[{"embeddable":true,"href":"https:\/\/lass.no-ip.com\/wordpress\/index.php\/wp-json\/wp\/v2\/comments?post=830"}],"version-history":[{"count":2,"href":"https:\/\/lass.no-ip.com\/wordpress\/index.php\/wp-json\/wp\/v2\/pages\/830\/revisions"}],"predecessor-version":[{"id":833,"href":"https:\/\/lass.no-ip.com\/wordpress\/index.php\/wp-json\/wp\/v2\/pages\/830\/revisions\/833"}],"wp:featuredmedia":[{"embeddable":true,"href":"https:\/\/lass.no-ip.com\/wordpress\/index.php\/wp-json\/wp\/v2\/media\/831"}],"wp:attachment":[{"href":"https:\/\/lass.no-ip.com\/wordpress\/index.php\/wp-json\/wp\/v2\/media?parent=830"}],"curies":[{"name":"wp","href":"https:\/\/api.w.org\/{rel}","templated":true}]}}