{"id":582,"date":"2018-04-09T19:06:33","date_gmt":"2018-04-09T18:06:33","guid":{"rendered":"http:\/\/lass.no-ip.com\/wordpress\/?page_id=582"},"modified":"2018-04-09T19:06:33","modified_gmt":"2018-04-09T18:06:33","slug":"extra-speldag-schackklubben-varannan-onsdag-med-start-11-4","status":"publish","type":"page","link":"https:\/\/lass.no-ip.com\/wordpress\/index.php\/extra-speldag-schackklubben-varannan-onsdag-med-start-11-4\/","title":{"rendered":"Extra speldag schackklubben varannan onsdag med start 11\/4"},"content":{"rendered":"<p>Hej!<\/p>\n<p>Med start 11\/4 ut\u00f6kar Link\u00f6pings Allm\u00e4nna Schacks\u00e4llskap ungdomsverksamheten med en extra speldag varannan onsdag. Platsen \u00e4r klubblokalen p\u00e5 G\u00f6tgatan 48 och tiden 18.00-19.30 onsdagar udda veckor.<\/p>\n<p>Det kommer vara fritt spel och l\u00e4ttsamma turneringar, allts\u00e5 ingen teoretisk tr\u00e4ning utan enbart fokus p\u00e5 spel. Det \u00e4r tv\u00e5 f\u00f6r\u00e4ldrar, Tomas Granath och Celvin Vu, som kommer att h\u00e5lla i spelkv\u00e4llen. Den v\u00e4nder sig till de som g\u00e5r p\u00e5 m\u00e5ndagstr\u00e4ning p\u00e5 biblioteket och i klubblokalen, samt till andra intresserade juniorer fr\u00e5n nyb\u00f6rjarniv\u00e5 upp till spelstyrka p\u00e5 ca 1500 i elorating.<\/p>\n<p>Varmt v\u00e4lkomna onsdag kl 18 11\/4! Vi hoppas att intresset blir stort och det blir m\u00e5nga deltagare.<\/p>\n<p>Med v\u00e4nliga h\u00e4lsningar<br \/>\nOfelia Eriksson<br \/>\n0722-831195<br \/>\nLink\u00f6pings Allm\u00e4nna Schacks\u00e4llskap<\/p>\n","protected":false},"excerpt":{"rendered":"<p>Hej! Med start 11\/4 ut\u00f6kar Link\u00f6pings Allm\u00e4nna Schacks\u00e4llskap ungdomsverksamheten med en extra speldag varannan onsdag. Platsen \u00e4r klubblokalen p\u00e5 G\u00f6tgatan 48 och tiden 18.00-19.30 onsdagar udda veckor. Det kommer vara fritt spel och l\u00e4ttsamma turneringar, allts\u00e5 ingen teoretisk tr\u00e4ning utan enbart fokus p\u00e5 spel. Det \u00e4r tv\u00e5 f\u00f6r\u00e4ldrar, Tomas Granath och Celvin Vu, som kommer att h\u00e5lla i spelkv\u00e4llen. Den v\u00e4nder sig till de som g\u00e5r p\u00e5 m\u00e5ndagstr\u00e4ning p\u00e5 biblioteket och i klubblokalen, samt till andra intresserade juniorer fr\u00e5n nyb\u00f6rjarniv\u00e5 upp till spelstyrka p\u00e5 ca 1500 i elorating. Varmt v\u00e4lkomna onsdag kl 18 11\/4! Vi hoppas att intresset blir stort och det blir m\u00e5nga deltagare. Med v\u00e4nliga h\u00e4lsningar Ofelia Eriksson 0722-831195 Link\u00f6pings Allm\u00e4nna Schacks\u00e4llskap<\/p>\n","protected":false},"author":3,"featured_media":0,"parent":0,"menu_order":0,"comment_status":"closed","ping_status":"closed","template":"","meta":{"wp_social_preview_title":"","wp_social_preview_description":"","wp_social_preview_image":0,"footnotes":""},"class_list":["post-582","page","type-page","status-publish","hentry"],"_links":{"self":[{"href":"https:\/\/lass.no-ip.com\/wordpress\/index.php\/wp-json\/wp\/v2\/pages\/582","targetHints":{"allow":["GET"]}}],"collection":[{"href":"https:\/\/lass.no-ip.com\/wordpress\/index.php\/wp-json\/wp\/v2\/pages"}],"about":[{"href":"https:\/\/lass.no-ip.com\/wordpress\/index.php\/wp-json\/wp\/v2\/types\/page"}],"author":[{"embeddable":true,"href":"https:\/\/lass.no-ip.com\/wordpress\/index.php\/wp-json\/wp\/v2\/users\/3"}],"replies":[{"embeddable":true,"href":"https:\/\/lass.no-ip.com\/wordpress\/index.php\/wp-json\/wp\/v2\/comments?post=582"}],"version-history":[{"count":1,"href":"https:\/\/lass.no-ip.com\/wordpress\/index.php\/wp-json\/wp\/v2\/pages\/582\/revisions"}],"predecessor-version":[{"id":583,"href":"https:\/\/lass.no-ip.com\/wordpress\/index.php\/wp-json\/wp\/v2\/pages\/582\/revisions\/583"}],"wp:attachment":[{"href":"https:\/\/lass.no-ip.com\/wordpress\/index.php\/wp-json\/wp\/v2\/media?parent=582"}],"curies":[{"name":"wp","href":"https:\/\/api.w.org\/{rel}","templated":true}]}}