{"id":5362,"date":"2025-05-18T17:05:50","date_gmt":"2025-05-18T16:05:50","guid":{"rendered":"https:\/\/lass.no-ip.com\/wordpress\/?page_id=5362"},"modified":"2025-05-18T17:10:52","modified_gmt":"2025-05-18T16:10:52","slug":"lass-lagmatcher-all-historik","status":"publish","type":"page","link":"https:\/\/lass.no-ip.com\/wordpress\/index.php\/lass-lagmatcher-all-historik\/","title":{"rendered":"LASS lagmatcher &#8211; all historik"},"content":{"rendered":"\n<p>Anv\u00e4nd drop-down-menyerna f\u00f6r s\u00e4song,lag och motst\u00e5ndarlag f\u00f6r att f\u00e5 ut roliga filter p\u00e5 matcher. Hur har det g\u00e5tt f\u00f6r LASS III mot Schack 08 III genom \u00e5ren egentligen?<\/p>\n\n\n\n<!-- iframe plugin v.6.0 wordpress.org\/plugins\/iframe\/ -->\n<iframe loading=\"lazy\" src=\"https:\/\/lass.no-ip.com\/maraton\/ShowMatchesServlet\" width=\"1000px\" height=\"1700px\" scrolling=\"yes\" class=\"iframe-class\" frameborder=\"0\"><\/iframe>\n\n\n\n\n<p><\/p>\n","protected":false},"excerpt":{"rendered":"<p>Anv\u00e4nd drop-down-menyerna f\u00f6r s\u00e4song,lag och motst\u00e5ndarlag f\u00f6r att f\u00e5 ut roliga filter p\u00e5 matcher. Hur har det g\u00e5tt f\u00f6r LASS III mot Schack 08 III genom \u00e5ren egentligen?<\/p>\n","protected":false},"author":1,"featured_media":0,"parent":0,"menu_order":0,"comment_status":"closed","ping_status":"closed","template":"","meta":{"wp_social_preview_title":"","wp_social_preview_description":"","wp_social_preview_image":0,"footnotes":""},"class_list":["post-5362","page","type-page","status-publish","hentry"],"_links":{"self":[{"href":"https:\/\/lass.no-ip.com\/wordpress\/index.php\/wp-json\/wp\/v2\/pages\/5362","targetHints":{"allow":["GET"]}}],"collection":[{"href":"https:\/\/lass.no-ip.com\/wordpress\/index.php\/wp-json\/wp\/v2\/pages"}],"about":[{"href":"https:\/\/lass.no-ip.com\/wordpress\/index.php\/wp-json\/wp\/v2\/types\/page"}],"author":[{"embeddable":true,"href":"https:\/\/lass.no-ip.com\/wordpress\/index.php\/wp-json\/wp\/v2\/users\/1"}],"replies":[{"embeddable":true,"href":"https:\/\/lass.no-ip.com\/wordpress\/index.php\/wp-json\/wp\/v2\/comments?post=5362"}],"version-history":[{"count":2,"href":"https:\/\/lass.no-ip.com\/wordpress\/index.php\/wp-json\/wp\/v2\/pages\/5362\/revisions"}],"predecessor-version":[{"id":5368,"href":"https:\/\/lass.no-ip.com\/wordpress\/index.php\/wp-json\/wp\/v2\/pages\/5362\/revisions\/5368"}],"wp:attachment":[{"href":"https:\/\/lass.no-ip.com\/wordpress\/index.php\/wp-json\/wp\/v2\/media?parent=5362"}],"curies":[{"name":"wp","href":"https:\/\/api.w.org\/{rel}","templated":true}]}}