{"id":526,"date":"2018-03-12T19:34:34","date_gmt":"2018-03-12T18:34:34","guid":{"rendered":"http:\/\/lass.no-ip.com\/wordpress\/?page_id=526"},"modified":"2019-03-05T21:40:21","modified_gmt":"2019-03-05T20:40:21","slug":"resultat-2018","status":"publish","type":"page","link":"https:\/\/lass.no-ip.com\/wordpress\/index.php\/resultat-2018\/","title":{"rendered":"Resultat 2018"},"content":{"rendered":"\n<h4 class=\"wp-block-heading\">V\u00e5rs\u00e4songen 2018<\/h4>\n\n\n\n<p><strong>Allsvenskan 2017-18<br>\n<\/strong><\/p>\n\n\n\n<ul class=\"wp-block-list\"><li><a href=\"https:\/\/member.schack.se\/ShowTournamentServlet?id=4852\">LASS I&nbsp;&nbsp;<\/a><a href=\"https:\/\/member.schack.se\/ShowTournamentServlet?id=4852\">LASS II<\/a>&nbsp; &nbsp; &nbsp;<a href=\"https:\/\/member.schack.se\/ShowTournamentServlet?id=4861\">LASS III<\/a>&nbsp; &nbsp; &nbsp;<a href=\"https:\/\/member.schack.se\/ShowTournamentServlet?id=5058\">LASS IV<\/a>&nbsp; &nbsp; <a href=\"https:\/\/member.schack.se\/ShowTournamentServlet?id=5058\">LASS V<\/a><\/li><\/ul>\n\n\n\n<p><a href=\"https:\/\/member.schack.se\/ShowTournamentServlet?id=5622&amp;listingtype=2\">Veteran-DM 2018-02-18<\/a><\/p>\n\n\n\n<p><strong>LM 2018<\/strong><\/p>\n\n\n\n<ul class=\"wp-block-list\"><li><a href=\"https:\/\/lass.no-ip.com\/resultat\/2018\/korstabell_lm.htm\">Korstabell<\/a><\/li><li><a href=\"https:\/\/lass.no-ip.com\/partier\/2018\/LM18.pgn\">Partier<\/a><\/li><\/ul>\n\n\n\n<p><a href=\"https:\/\/member.schack.se\/ShowTournamentServlet?id=5744&amp;listingtype=2\">\u00d6ppna blixt-LM 2018-04-20<\/a><\/p>\n\n\n\n<p><strong>\u00d6ppna snabbschacks-LM 17\/4 &#8211; 8\/5<\/strong><\/p>\n\n\n\n<ul class=\"wp-block-list\"><li><a href=\"https:\/\/member.schack.se\/ShowTournamentServlet?id=5732&amp;listingtype=2\">Resultat<\/a><\/li><li><a href=\"https:\/\/lass.no-ip.com\/partier\/2018\/Snabb-LM%202018.pgn\">Partier<\/a><\/li><\/ul>\n\n\n\n<p><a href=\"https:\/\/lass.no-ip.com\/resultat\/2018\/Stadsmatch.htm\">Stadsmatchen Link\u00f6ping-Norrk\u00f6ping 2018-04-15<\/a><\/p>\n\n\n\n<p><strong>LASS V\u00e5rturneringar 10-13\/5<\/strong><\/p>\n\n\n\n<ul class=\"wp-block-list\"><li><a href=\"https:\/\/member.schack.se\/ShowTournamentServlet?id=5811\">Resultat Sanktionerade klass III<\/a><br>\n<a href=\"https:\/\/member.schack.se\/ShowTournamentServlet?id=5810\">Resultat \u00d6ppna<\/a><\/li><li><a href=\"https:\/\/lass.no-ip.com\/partier_open\/varturneringar_2018\/Varturneringar18.pgn\">Partisamling<\/a><\/li><\/ul>\n\n\n\n<h4 class=\"wp-block-heading\">H\u00f6sts\u00e4songen 2018<\/h4>\n\n\n\n<p><a href=\"https:\/\/lass.no-ip.com\/resultat\/2018\/sasongsstartschack2018.pdf\">S\u00e4songsstartsschack (blixt) 2018-08-21<\/a><\/p>\n\n\n\n<p><a href=\"https:\/\/member.schack.se\/ShowTournamentServlet?id=6105\">\u00d6ppna snabbschacks-KM 2018-08-28 &#8211; 09-04<\/a><\/p>\n\n\n\n<p><a href=\"http:\/\/lass.schack.se\/svenskacupen\/nyheter.html\">Svenska Cupen 2018<\/a><\/p>\n\n\n\n<p><strong>Temakv\u00e4ll fischerandom 21\/9<\/strong><\/p>\n\n\n\n<ul class=\"wp-block-list\"><li><a href=\"https:\/\/lass.no-ip.com\/resultat\/2018\/korstabell_fisherrandom.htm\">Resultat<\/a><\/li><li><a href=\"https:\/\/lass.no-ip.com\/resultat\/2018\/stallningar_fischerandom.pdf\">Utg\u00e5ngsst\u00e4llningen i varje rond<\/a><\/li><\/ul>\n\n\n\n<p><a href=\"https:\/\/member.schack.se\/ShowTournamentServlet?id=6665\">\u00d6ppna blixt-KM 2018-11-30<\/a><\/p>\n\n\n\n<p><strong>KM 2018<\/strong>:&nbsp; &nbsp;<a href=\"https:\/\/lass.no-ip.com\/resultat\/2018\/korstabell_akm.htm\">A-KM<\/a>&nbsp; &nbsp; &nbsp;<a href=\"https:\/\/lass.no-ip.com\/resultat\/2018\/korstabell_bkm.htm\">B-KM<\/a>&nbsp; &nbsp; <a href=\"https:\/\/lass.no-ip.com\/resultat\/2018\/korstabell_ckm.htm\">C-KM<\/a><\/p>\n\n\n\n<p><a href=\"https:\/\/lass.no-ip.com\/resultat\/2018\/parblixt_181207.htm\">Julavslutnings-parblixt 2018-12-07<\/a><\/p>\n","protected":false},"excerpt":{"rendered":"<p>V\u00e5rs\u00e4songen 2018 Allsvenskan 2017-18 LASS I&nbsp;&nbsp;LASS II&nbsp; &nbsp; &nbsp;LASS III&nbsp; &nbsp; &nbsp;LASS IV&nbsp; &nbsp; LASS V Veteran-DM 2018-02-18 LM 2018 Korstabell Partier \u00d6ppna blixt-LM 2018-04-20 \u00d6ppna snabbschacks-LM 17\/4 &#8211; 8\/5 Resultat Partier Stadsmatchen Link\u00f6ping-Norrk\u00f6ping 2018-04-15 LASS V\u00e5rturneringar 10-13\/5 Resultat Sanktionerade klass III Resultat \u00d6ppna Partisamling H\u00f6sts\u00e4songen 2018 S\u00e4songsstartsschack (blixt) 2018-08-21 \u00d6ppna snabbschacks-KM 2018-08-28 &#8211; 09-04 Svenska Cupen 2018 Temakv\u00e4ll fischerandom 21\/9 Resultat Utg\u00e5ngsst\u00e4llningen i varje rond \u00d6ppna blixt-KM 2018-11-30 KM 2018:&nbsp; &nbsp;A-KM&nbsp; &nbsp; &nbsp;B-KM&nbsp; &nbsp; C-KM Julavslutnings-parblixt 2018-12-07<\/p>\n","protected":false},"author":3,"featured_media":0,"parent":0,"menu_order":0,"comment_status":"closed","ping_status":"closed","template":"","meta":{"wp_social_preview_title":"","wp_social_preview_description":"","wp_social_preview_image":0,"footnotes":""},"class_list":["post-526","page","type-page","status-publish","hentry"],"_links":{"self":[{"href":"https:\/\/lass.no-ip.com\/wordpress\/index.php\/wp-json\/wp\/v2\/pages\/526","targetHints":{"allow":["GET"]}}],"collection":[{"href":"https:\/\/lass.no-ip.com\/wordpress\/index.php\/wp-json\/wp\/v2\/pages"}],"about":[{"href":"https:\/\/lass.no-ip.com\/wordpress\/index.php\/wp-json\/wp\/v2\/types\/page"}],"author":[{"embeddable":true,"href":"https:\/\/lass.no-ip.com\/wordpress\/index.php\/wp-json\/wp\/v2\/users\/3"}],"replies":[{"embeddable":true,"href":"https:\/\/lass.no-ip.com\/wordpress\/index.php\/wp-json\/wp\/v2\/comments?post=526"}],"version-history":[{"count":18,"href":"https:\/\/lass.no-ip.com\/wordpress\/index.php\/wp-json\/wp\/v2\/pages\/526\/revisions"}],"predecessor-version":[{"id":1544,"href":"https:\/\/lass.no-ip.com\/wordpress\/index.php\/wp-json\/wp\/v2\/pages\/526\/revisions\/1544"}],"wp:attachment":[{"href":"https:\/\/lass.no-ip.com\/wordpress\/index.php\/wp-json\/wp\/v2\/media?parent=526"}],"curies":[{"name":"wp","href":"https:\/\/api.w.org\/{rel}","templated":true}]}}