{"id":485,"date":"2018-02-21T22:32:45","date_gmt":"2018-02-21T21:32:45","guid":{"rendered":"http:\/\/lass.no-ip.com\/wordpress\/?page_id=485"},"modified":"2018-02-21T22:32:45","modified_gmt":"2018-02-21T21:32:45","slug":"hedersmedlemmar","status":"publish","type":"page","link":"https:\/\/lass.no-ip.com\/wordpress\/index.php\/hedersmedlemmar\/","title":{"rendered":"Hedersmedlemmar"},"content":{"rendered":"<p><strong>Samtliga hedersmedlemmar i LASS sedan s\u00e4llskapets grundande<\/strong><\/p>\n<pre>1911 Johan Lindholm\r\n1914\u00a0Gustav Nyholm\r\n1918 Johan Lind\u00e9n\r\n1933 Albin Bj\u00f6rk\r\n1936 Otto Ekdal\r\n1936 Einar Wiberg\r\n1940 Einar Svensson \r\n1942 Folke Ekstr\u00f6m\r\n1951 Nils Knutsson\r\n1951 Otto Nilsson\r\n1951 J. W. Johansson\r\n1969 A. E. Axelsson\r\n1969 Ivar Fransson\r\n1972 Sven \u00d6berg\r\n1976 S\u00f6ren Bj\u00f6rnlert\r\n1976 Eric Karlsson\r\n1991 Torvald Larsson\r\n2001 Per Ahlstr\u00f6m\r\n2001 Ingvar Carlsson\r\n2001 Hans-\u00c5ke Cedersund\r\n2001 \u00c5ke Hellstr\u00f6m\r\n2001 Hasse Persson\r\n2011 Tom Axelsson\r\n2011 Michael Carlsson\r\n2011 Jan Lindstr\u00f6m\r\n2018 Lars-G\u00f6ran Lantz\r\n\r\n<\/pre>\n","protected":false},"excerpt":{"rendered":"<p>Samtliga hedersmedlemmar i LASS sedan s\u00e4llskapets grundande 1911 Johan Lindholm 1914\u00a0Gustav Nyholm 1918 Johan Lind\u00e9n 1933 Albin Bj\u00f6rk 1936 Otto Ekdal 1936 Einar Wiberg 1940 Einar Svensson 1942 Folke Ekstr\u00f6m 1951 Nils Knutsson 1951 Otto Nilsson 1951 J. W. Johansson 1969 A. E. Axelsson 1969 Ivar Fransson 1972 Sven \u00d6berg 1976 S\u00f6ren Bj\u00f6rnlert 1976 Eric Karlsson 1991 Torvald Larsson 2001 Per Ahlstr\u00f6m 2001 Ingvar Carlsson 2001 Hans-\u00c5ke Cedersund 2001 \u00c5ke Hellstr\u00f6m 2001 Hasse Persson 2011 Tom Axelsson 2011 Michael Carlsson 2011 Jan Lindstr\u00f6m 2018 Lars-G\u00f6ran Lantz<\/p>\n","protected":false},"author":5,"featured_media":0,"parent":0,"menu_order":0,"comment_status":"closed","ping_status":"closed","template":"","meta":{"wp_social_preview_title":"","wp_social_preview_description":"","wp_social_preview_image":0,"footnotes":""},"class_list":["post-485","page","type-page","status-publish","hentry"],"_links":{"self":[{"href":"https:\/\/lass.no-ip.com\/wordpress\/index.php\/wp-json\/wp\/v2\/pages\/485","targetHints":{"allow":["GET"]}}],"collection":[{"href":"https:\/\/lass.no-ip.com\/wordpress\/index.php\/wp-json\/wp\/v2\/pages"}],"about":[{"href":"https:\/\/lass.no-ip.com\/wordpress\/index.php\/wp-json\/wp\/v2\/types\/page"}],"author":[{"embeddable":true,"href":"https:\/\/lass.no-ip.com\/wordpress\/index.php\/wp-json\/wp\/v2\/users\/5"}],"replies":[{"embeddable":true,"href":"https:\/\/lass.no-ip.com\/wordpress\/index.php\/wp-json\/wp\/v2\/comments?post=485"}],"version-history":[{"count":1,"href":"https:\/\/lass.no-ip.com\/wordpress\/index.php\/wp-json\/wp\/v2\/pages\/485\/revisions"}],"predecessor-version":[{"id":486,"href":"https:\/\/lass.no-ip.com\/wordpress\/index.php\/wp-json\/wp\/v2\/pages\/485\/revisions\/486"}],"wp:attachment":[{"href":"https:\/\/lass.no-ip.com\/wordpress\/index.php\/wp-json\/wp\/v2\/media?parent=485"}],"curies":[{"name":"wp","href":"https:\/\/api.w.org\/{rel}","templated":true}]}}