{"id":4731,"date":"2024-03-28T12:07:30","date_gmt":"2024-03-28T11:07:30","guid":{"rendered":"https:\/\/lass.no-ip.com\/wordpress\/?page_id=4731"},"modified":"2025-03-09T12:38:26","modified_gmt":"2025-03-09T11:38:26","slug":"lansforsakringar-ostgota","status":"publish","type":"page","link":"https:\/\/lass.no-ip.com\/wordpress\/index.php\/lansforsakringar-ostgota\/","title":{"rendered":"L\u00e4nsf\u00f6rs\u00e4kringar \u00d6stg\u00f6ta"},"content":{"rendered":"\n<p>Tillsammans med L\u00e4nsf\u00f6rs\u00e4kringar \u00d6stg\u00f6ta kommer LASS under 2025 att genomf\u00f6ra schacktr\u00e4ning i Sk\u00e4ggetorp f\u00f6r barn och ungdomar. Det \u00e4r otroligt roligt att vi kan f\u00e5 st\u00f6d att genomf\u00f6ra aktiviteter i Sk\u00e4ggetorp och vi kommer ber\u00e4tta mer om verksamheten under \u00e5ret!<\/p>\n\n\n\n<figure class=\"wp-block-image size-large\"><a href=\"https:\/\/www.lansforsakringar.se\/ostgota\"><img loading=\"lazy\" decoding=\"async\" width=\"1024\" height=\"307\" src=\"https:\/\/lass.no-ip.com\/wordpress\/wp-content\/uploads\/2024\/03\/LF_Logo_Ostgota_Vanster_RGB-1024x307.png\" alt=\"\" class=\"wp-image-4737\" srcset=\"https:\/\/lass.no-ip.com\/wordpress\/wp-content\/uploads\/2024\/03\/LF_Logo_Ostgota_Vanster_RGB-1024x307.png 1024w, https:\/\/lass.no-ip.com\/wordpress\/wp-content\/uploads\/2024\/03\/LF_Logo_Ostgota_Vanster_RGB-300x90.png 300w, https:\/\/lass.no-ip.com\/wordpress\/wp-content\/uploads\/2024\/03\/LF_Logo_Ostgota_Vanster_RGB-768x230.png 768w, https:\/\/lass.no-ip.com\/wordpress\/wp-content\/uploads\/2024\/03\/LF_Logo_Ostgota_Vanster_RGB-400x120.png 400w, https:\/\/lass.no-ip.com\/wordpress\/wp-content\/uploads\/2024\/03\/LF_Logo_Ostgota_Vanster_RGB.png 1485w\" sizes=\"auto, (max-width: 1024px) 100vw, 1024px\" \/><\/a><\/figure>\n","protected":false},"excerpt":{"rendered":"<p>Tillsammans med L\u00e4nsf\u00f6rs\u00e4kringar \u00d6stg\u00f6ta kommer LASS under 2025 att genomf\u00f6ra schacktr\u00e4ning i Sk\u00e4ggetorp f\u00f6r barn och ungdomar. Det \u00e4r otroligt roligt att vi kan f\u00e5 st\u00f6d att genomf\u00f6ra aktiviteter i Sk\u00e4ggetorp och vi kommer ber\u00e4tta mer om verksamheten under \u00e5ret!<\/p>\n","protected":false},"author":1,"featured_media":0,"parent":0,"menu_order":0,"comment_status":"closed","ping_status":"closed","template":"","meta":{"wp_social_preview_title":"","wp_social_preview_description":"","wp_social_preview_image":0,"footnotes":""},"class_list":["post-4731","page","type-page","status-publish","hentry"],"_links":{"self":[{"href":"https:\/\/lass.no-ip.com\/wordpress\/index.php\/wp-json\/wp\/v2\/pages\/4731","targetHints":{"allow":["GET"]}}],"collection":[{"href":"https:\/\/lass.no-ip.com\/wordpress\/index.php\/wp-json\/wp\/v2\/pages"}],"about":[{"href":"https:\/\/lass.no-ip.com\/wordpress\/index.php\/wp-json\/wp\/v2\/types\/page"}],"author":[{"embeddable":true,"href":"https:\/\/lass.no-ip.com\/wordpress\/index.php\/wp-json\/wp\/v2\/users\/1"}],"replies":[{"embeddable":true,"href":"https:\/\/lass.no-ip.com\/wordpress\/index.php\/wp-json\/wp\/v2\/comments?post=4731"}],"version-history":[{"count":3,"href":"https:\/\/lass.no-ip.com\/wordpress\/index.php\/wp-json\/wp\/v2\/pages\/4731\/revisions"}],"predecessor-version":[{"id":5263,"href":"https:\/\/lass.no-ip.com\/wordpress\/index.php\/wp-json\/wp\/v2\/pages\/4731\/revisions\/5263"}],"wp:attachment":[{"href":"https:\/\/lass.no-ip.com\/wordpress\/index.php\/wp-json\/wp\/v2\/media?parent=4731"}],"curies":[{"name":"wp","href":"https:\/\/api.w.org\/{rel}","templated":true}]}}