{"id":4510,"date":"2023-12-11T17:25:22","date_gmt":"2023-12-11T16:25:22","guid":{"rendered":"https:\/\/lass.no-ip.com\/wordpress\/?page_id=4510"},"modified":"2026-02-26T20:39:01","modified_gmt":"2026-02-26T19:39:01","slug":"anmalda-tremannablixten","status":"publish","type":"page","link":"https:\/\/lass.no-ip.com\/wordpress\/index.php\/anmalda-tremannablixten\/","title":{"rendered":"Anm\u00e4lda tremannablixten"},"content":{"rendered":"\n<p>Tjocka sl\u00e4kten: Fredrik Andersson 1640, Anna Krantz 1613, Kristina Flynner 1461<\/p>\n\n\n\n<p>Team Ferdinand: GM Ferdinand Hellers 2378, Adam St\u00e5hlberg 2050, Tom Axelsson 1978<\/p>\n\n\n\n<p>Balkan Boys: Rizo Pepic 2094, Dragan Stefanovic 1701, Amir Memic (~1600)<\/p>\n\n\n\n<p>Highway to Hellers: Daniel Rosenbecker 2028, Asker Davidsson 1729, Magnus Sn\u00e4llfot 1727<\/p>\n\n\n\n<p>TOP-laget: Tor Andersson 2215, Peter Halvarsson 1997, Ofelia Th\u00f6rnqvist 1788<\/p>\n\n\n\n<p>Beauties and the beast: Emma Larsson 1690, Elin Larsson 1640, Noah Leijon 1691<\/p>\n\n\n\n<p>Team Schr\u00f6dingers h\u00e4star: Mate Nagy 1819, David Karlsson 0, Bastian Bellardant 0<\/p>\n\n\n\n<p>Schack Matt-adorerna: Peter Nyberg 1895, Albin Andersson 1717, Felix Pe\u00f1a M\u00e4kinen 1876<\/p>\n\n\n\n<p>LiU Chess: Ulf Sannemo 1556 (LASK), Vigor Ershagen, Fridolf Walter 1791<\/p>\n\n\n\n<p>Den gamle, den galne och den gruvlige: Simon Ivarsson 1837, Christoffer Martinelle 1771, B\u00f6rje Pettersson 1855<\/p>\n\n\n\n<p><\/p>\n","protected":false},"excerpt":{"rendered":"<p>Tjocka sl\u00e4kten: Fredrik Andersson 1640, Anna Krantz 1613, Kristina Flynner 1461 Team Ferdinand: GM Ferdinand Hellers 2378, Adam St\u00e5hlberg 2050, Tom Axelsson 1978 Balkan Boys: Rizo Pepic 2094, Dragan Stefanovic 1701, Amir Memic (~1600) Highway to Hellers: Daniel Rosenbecker 2028, Asker Davidsson 1729, Magnus Sn\u00e4llfot 1727 TOP-laget: Tor Andersson 2215, Peter Halvarsson 1997, Ofelia Th\u00f6rnqvist 1788 Beauties and the beast: Emma Larsson 1690, Elin Larsson 1640, Noah Leijon 1691 Team Schr\u00f6dingers h\u00e4star: Mate Nagy 1819, David Karlsson 0, Bastian Bellardant 0 Schack Matt-adorerna: Peter Nyberg 1895, Albin Andersson 1717, Felix Pe\u00f1a M\u00e4kinen 1876 LiU Chess: Ulf Sannemo 1556 (LASK), Vigor Ershagen, Fridolf Walter 1791 Den gamle, den galne och den gruvlige: Simon Ivarsson 1837, Christoffer Martinelle 1771, B\u00f6rje Pettersson 1855<\/p>\n","protected":false},"author":1,"featured_media":0,"parent":0,"menu_order":0,"comment_status":"closed","ping_status":"closed","template":"","meta":{"wp_social_preview_title":"","wp_social_preview_description":"","wp_social_preview_image":0,"footnotes":""},"class_list":["post-4510","page","type-page","status-publish","hentry"],"_links":{"self":[{"href":"https:\/\/lass.no-ip.com\/wordpress\/index.php\/wp-json\/wp\/v2\/pages\/4510","targetHints":{"allow":["GET"]}}],"collection":[{"href":"https:\/\/lass.no-ip.com\/wordpress\/index.php\/wp-json\/wp\/v2\/pages"}],"about":[{"href":"https:\/\/lass.no-ip.com\/wordpress\/index.php\/wp-json\/wp\/v2\/types\/page"}],"author":[{"embeddable":true,"href":"https:\/\/lass.no-ip.com\/wordpress\/index.php\/wp-json\/wp\/v2\/users\/1"}],"replies":[{"embeddable":true,"href":"https:\/\/lass.no-ip.com\/wordpress\/index.php\/wp-json\/wp\/v2\/comments?post=4510"}],"version-history":[{"count":40,"href":"https:\/\/lass.no-ip.com\/wordpress\/index.php\/wp-json\/wp\/v2\/pages\/4510\/revisions"}],"predecessor-version":[{"id":5833,"href":"https:\/\/lass.no-ip.com\/wordpress\/index.php\/wp-json\/wp\/v2\/pages\/4510\/revisions\/5833"}],"wp:attachment":[{"href":"https:\/\/lass.no-ip.com\/wordpress\/index.php\/wp-json\/wp\/v2\/media?parent=4510"}],"curies":[{"name":"wp","href":"https:\/\/api.w.org\/{rel}","templated":true}]}}