{"id":4474,"date":"2023-12-03T22:18:08","date_gmt":"2023-12-03T21:18:08","guid":{"rendered":"https:\/\/lass.no-ip.com\/wordpress\/?page_id=4474"},"modified":"2024-01-16T19:48:34","modified_gmt":"2024-01-16T18:48:34","slug":"inbjudan-tremannablixten","status":"publish","type":"page","link":"https:\/\/lass.no-ip.com\/wordpress\/index.php\/inbjudan-tremannablixten\/","title":{"rendered":"Inbjudan tremannablixten"},"content":{"rendered":"\n<p><strong>Tremannablixten 2024<\/strong><\/p>\n\n\n\n<h5 class=\"wp-block-heading\">S\u00f6ndagen den 21 januari i Link\u00f6ping<\/h5>\n\n\n\n<p><strong>Spelform:<\/strong>&nbsp;&nbsp;&nbsp; Lagt\u00e4vling om 3 spelare. Varje rond best\u00e5r av 3 partier d\u00e4r varje spelare m\u00f6ter alla spelare av motst\u00e5ndarlagets spelare.<\/p>\n\n\n\n<p><strong>Priser:<\/strong>&nbsp;&nbsp;&nbsp;&nbsp;&nbsp;&nbsp;&nbsp;&nbsp;&nbsp; Beroende p\u00e5 antalet deltagande lag.<\/p>\n\n\n\n<p><strong>Startavgift:<\/strong>&nbsp; 60 kr\/lag.<\/p>\n\n\n\n<p><strong>Bet\u00e4nketid:<\/strong>&nbsp; Tidshandikapp:<\/p>\n\n\n\n<figure class=\"wp-block-table\"><table><tbody><tr><td><strong>Ranking<\/strong><\/td><td><strong>Grupp<\/strong><\/td><td><strong>M\u00f6ten<\/strong><\/td><td><strong>Bet\u00e4nketid<\/strong><\/td><\/tr><tr><td>1900+<\/td><td>A<\/td><td>A-D<\/td><td>2-8 min<\/td><\/tr><tr><td>1700-1899<\/td><td>B<\/td><td>A-C, B-D<\/td><td>3-7 min<\/td><\/tr><tr><td>1450-1699<\/td><td>C<\/td><td>A-B, B-C och C-D<\/td><td>4-6 min<\/td><\/tr><tr><td>-1450<\/td><td>D<\/td><td>Samma grupp<\/td><td>5-5 min<\/td><\/tr><\/tbody><\/table><\/figure>\n\n\n\n<p><strong>Spellokal:<\/strong>&nbsp;&nbsp;&nbsp;&nbsp;LASS klubblokal, G\u00f6tgatan 48A, Link\u00f6ping.<\/p>\n\n\n\n<p><strong>Speltider:<\/strong>&nbsp;&nbsp;&nbsp;&nbsp; Personlig anm\u00e4lan i spellokalen SENAST kl. 09:45. Spelstart kl. 10:00<\/p>\n\n\n\n<p><strong>Caf\u00e9:<\/strong>&nbsp;&nbsp;&nbsp;&nbsp;&nbsp;&nbsp;&nbsp;&nbsp;&nbsp;&nbsp;&nbsp; Servering till f\u00f6rm\u00e5nliga priser finns i spellokalen.<\/p>\n\n\n\n<p><strong>Anm\u00e4lan:<\/strong>&nbsp;&nbsp;&nbsp; Anm\u00e4lan g\u00f6rs senast den 17 januari till<br>Peter Halvarsson, peter@halvarsson.no-ip.com<br>Vid anm\u00e4lan ange klubb, spelare samt lagledare med telefonnummer.<\/p>\n\n\n\n<p><strong>Info:<\/strong>&nbsp;&nbsp;&nbsp;&nbsp;&nbsp;&nbsp;&nbsp;&nbsp;&nbsp;&nbsp;&nbsp;&nbsp;&nbsp;<a href=\"http:\/\/osf.schack.se\/\">osf.schack.se<\/a><br><strong>Arrang\u00f6r:<\/strong>&nbsp;&nbsp;&nbsp;Link\u00f6pings ASS<\/p>\n\n\n\n<p><strong>V\u00e4lkomna!<\/strong><\/p>\n","protected":false},"excerpt":{"rendered":"<p>Tremannablixten 2024 S\u00f6ndagen den 21 januari i Link\u00f6ping Spelform:&nbsp;&nbsp;&nbsp; Lagt\u00e4vling om 3 spelare. Varje rond best\u00e5r av 3 partier d\u00e4r varje spelare m\u00f6ter alla spelare av motst\u00e5ndarlagets spelare. Priser:&nbsp;&nbsp;&nbsp;&nbsp;&nbsp;&nbsp;&nbsp;&nbsp;&nbsp; Beroende p\u00e5 antalet deltagande lag. Startavgift:&nbsp; 60 kr\/lag. Bet\u00e4nketid:&nbsp; Tidshandikapp: Ranking Grupp M\u00f6ten Bet\u00e4nketid 1900+ A A-D 2-8 min 1700-1899 B A-C, B-D 3-7 min 1450-1699 C A-B, B-C och C-D 4-6 min -1450 D Samma grupp 5-5 min Spellokal:&nbsp;&nbsp;&nbsp;&nbsp;LASS klubblokal, G\u00f6tgatan 48A, Link\u00f6ping. Speltider:&nbsp;&nbsp;&nbsp;&nbsp; Personlig anm\u00e4lan i spellokalen SENAST kl. 09:45. Spelstart kl. 10:00 Caf\u00e9:&nbsp;&nbsp;&nbsp;&nbsp;&nbsp;&nbsp;&nbsp;&nbsp;&nbsp;&nbsp;&nbsp; Servering till f\u00f6rm\u00e5nliga priser finns i spellokalen. Anm\u00e4lan:&nbsp;&nbsp;&nbsp; Anm\u00e4lan g\u00f6rs senast den 17 januari tillPeter Halvarsson, peter@halvarsson.no-ip.comVid anm\u00e4lan ange klubb, spelare samt lagledare med telefonnummer. Info:&nbsp;&nbsp;&nbsp;&nbsp;&nbsp;&nbsp;&nbsp;&nbsp;&nbsp;&nbsp;&nbsp;&nbsp;&nbsp;osf.schack.seArrang\u00f6r:&nbsp;&nbsp;&nbsp;Link\u00f6pings ASS V\u00e4lkomna!<\/p>\n","protected":false},"author":1,"featured_media":0,"parent":0,"menu_order":0,"comment_status":"closed","ping_status":"closed","template":"","meta":{"wp_social_preview_title":"","wp_social_preview_description":"","wp_social_preview_image":0,"footnotes":""},"class_list":["post-4474","page","type-page","status-publish","hentry"],"_links":{"self":[{"href":"https:\/\/lass.no-ip.com\/wordpress\/index.php\/wp-json\/wp\/v2\/pages\/4474","targetHints":{"allow":["GET"]}}],"collection":[{"href":"https:\/\/lass.no-ip.com\/wordpress\/index.php\/wp-json\/wp\/v2\/pages"}],"about":[{"href":"https:\/\/lass.no-ip.com\/wordpress\/index.php\/wp-json\/wp\/v2\/types\/page"}],"author":[{"embeddable":true,"href":"https:\/\/lass.no-ip.com\/wordpress\/index.php\/wp-json\/wp\/v2\/users\/1"}],"replies":[{"embeddable":true,"href":"https:\/\/lass.no-ip.com\/wordpress\/index.php\/wp-json\/wp\/v2\/comments?post=4474"}],"version-history":[{"count":4,"href":"https:\/\/lass.no-ip.com\/wordpress\/index.php\/wp-json\/wp\/v2\/pages\/4474\/revisions"}],"predecessor-version":[{"id":4618,"href":"https:\/\/lass.no-ip.com\/wordpress\/index.php\/wp-json\/wp\/v2\/pages\/4474\/revisions\/4618"}],"wp:attachment":[{"href":"https:\/\/lass.no-ip.com\/wordpress\/index.php\/wp-json\/wp\/v2\/media?parent=4474"}],"curies":[{"name":"wp","href":"https:\/\/api.w.org\/{rel}","templated":true}]}}