{"id":4469,"date":"2023-12-03T17:59:58","date_gmt":"2023-12-03T16:59:58","guid":{"rendered":"https:\/\/lass.no-ip.com\/wordpress\/?page_id=4469"},"modified":"2026-04-14T22:34:58","modified_gmt":"2026-04-14T21:34:58","slug":"segrare-lm-och-km","status":"publish","type":"page","link":"https:\/\/lass.no-ip.com\/wordpress\/index.php\/segrare-lm-och-km\/","title":{"rendered":"Segrare LM och KM"},"content":{"rendered":"\n<p>Segrare Klubbm\u00e4sterskapen i LASS genom alla \u00e5r<\/p>\n\n\n\n<div class=\"wp-block-columns is-layout-flex wp-container-core-columns-is-layout-9d6595d7 wp-block-columns-is-layout-flex\">\n<div class=\"wp-block-column is-layout-flow wp-block-column-is-layout-flow\" style=\"flex-basis:100%\">\n<figure class=\"wp-block-table\"><table><tbody><tr><td><strong>\u00c5r<\/strong><\/td><td><strong>Segrare<\/strong><\/td><td><strong>Po\u00e4ng<\/strong><\/td><td><strong>Deltagare<\/strong><\/td><\/tr><tr><td>1913<\/td><td>C.A Bj\u00f6rk<\/td><td><\/td><td><\/td><\/tr><tr><td>1914<\/td><td>O.K Karlsson<\/td><td><\/td><td><\/td><\/tr><tr><td>1915<\/td><td>Ernst Nilsson<\/td><td><\/td><td><\/td><\/tr><tr><td>1916<\/td><td>O.K Karlsson<\/td><td><\/td><td><\/td><\/tr><tr><td>1917<\/td><td>J. Grenholm<\/td><td><\/td><td><\/td><\/tr><tr><td>1918<\/td><td>Adolf Ryd\u00e9n<\/td><td><\/td><td><\/td><\/tr><tr><td>1919<\/td><td>G.B Gabricius<\/td><td><\/td><td><\/td><\/tr><tr><td>1920<\/td><td>G.B Gabricius<\/td><td><\/td><td><\/td><\/tr><tr><td>1921<\/td><td>K. Hillding<\/td><td><\/td><td><\/td><\/tr><tr><td>1922<\/td><td>Eric Isacsson<\/td><td><\/td><td><\/td><\/tr><tr><td>1923<\/td><td>Otto Nilsson<\/td><td><\/td><td><\/td><\/tr><tr><td>1924<\/td><td>K. Hillding<\/td><td><\/td><td><\/td><\/tr><tr><td>1925<\/td><td>Otto Nilsson<\/td><td><\/td><td><\/td><\/tr><tr><td>1926<\/td><td>Einar Svensson<\/td><td><\/td><td><\/td><\/tr><tr><td>1927<\/td><td>Einar Svensson<\/td><td><\/td><td><\/td><\/tr><tr><td>1928<\/td><td>Otto Nilsson<\/td><td><\/td><td><\/td><\/tr><tr><td>1929<\/td><td>Erik Eriksson<\/td><td><\/td><td><\/td><\/tr><tr><td>1930<\/td><td>Folke Ekstr\u00f6m<\/td><td><\/td><td><\/td><\/tr><tr><td>1931<\/td><td>J.W Johansson<\/td><td><\/td><td><\/td><\/tr><tr><td>1932<\/td><td>Folke Ekstr\u00f6m<\/td><td><\/td><td><\/td><\/tr><tr><td>1933<\/td><td>Otto Nilsson<\/td><td><\/td><td><\/td><\/tr><tr><td>1934<\/td><td>Herbert Bernhardsson<\/td><td><\/td><td><\/td><\/tr><tr><td>1935<\/td><td>Folke Ekstr\u00f6m<\/td><td><\/td><td><\/td><\/tr><tr><td>1936<\/td><td>Arne Boman<\/td><td><\/td><td><\/td><\/tr><tr><td>1937<\/td><td>Arne Boman<\/td><td><\/td><td><\/td><\/tr><tr><td>1938<\/td><td>Folke Ekstr\u00f6m<\/td><td><\/td><td><\/td><\/tr><tr><td>1939<\/td><td>Folke Ekstr\u00f6m<\/td><td><\/td><td><\/td><\/tr><tr><td>1940<\/td><td>Folke Ekstr\u00f6m<\/td><td><\/td><td><\/td><\/tr><tr><td>1941<\/td><td>Folke Ekstr\u00f6m<\/td><td><\/td><td><\/td><\/tr><tr><td>1942<\/td><td>Axel Karlsson<\/td><td><\/td><td><\/td><\/tr><tr><td>1943<\/td><td>Karl Karlsson<\/td><td><\/td><td><\/td><\/tr><tr><td>1944<\/td><td>C.M Brorstr\u00f6m<\/td><td><\/td><td><\/td><\/tr><tr><td>1945<\/td><td>Manne Sundh<\/td><td><\/td><td><\/td><\/tr><tr><td>1946<\/td><td>Karl Karlsson<\/td><td><\/td><td><\/td><\/tr><tr><td>1947<\/td><td>Alfred Remmelglas<\/td><td><\/td><td><\/td><\/tr><tr><td>1948<\/td><td>Manne Sundh<\/td><td><\/td><td><\/td><\/tr><tr><td>1949<\/td><td>Manne Samuelsson<\/td><td><\/td><td><\/td><\/tr><tr><td>1950<\/td><td>Anton Fridh<\/td><td><\/td><td><\/td><\/tr><tr><td>1951<\/td><td>Anton Fridh<\/td><td><\/td><td><\/td><\/tr><tr><td>1952<\/td><td>Anton Fridh<\/td><td><\/td><td><\/td><\/tr><tr><td>1953<\/td><td>Tore Danielsson<\/td><td><\/td><td><\/td><\/tr><tr><td>1954<\/td><td>Anton Fridh<\/td><td><\/td><td><\/td><\/tr><tr><td>1955<\/td><td>Anton Fridh<\/td><td><\/td><td><\/td><\/tr><tr><td>1956<\/td><td>Sven Str\u00f6m<\/td><td><\/td><td><\/td><\/tr><tr><td>1957<\/td><td>Manne Samuelsson<\/td><td><\/td><td><\/td><\/tr><tr><td>1958<\/td><td>Torvald Larsson<\/td><td><\/td><td><\/td><\/tr><tr><td>1959<\/td><td>Torvald Larsson<\/td><td><\/td><td><\/td><\/tr><tr><td>1960<\/td><td>Torvald Larsson<\/td><td><\/td><td><\/td><\/tr><tr><td>1961<\/td><td>Tore Danielsson<\/td><td><\/td><td><\/td><\/tr><tr><td>1962<\/td><td>Tore Danielsson<\/td><td><\/td><td><\/td><\/tr><tr><td>1963<\/td><td>Tore Danielsson<\/td><td><\/td><td><\/td><\/tr><tr><td>1964<\/td><td>Tore Danielsson\/Jan Nordstr\u00f6m<\/td><td><\/td><td><\/td><\/tr><tr><td>1965<\/td><td>Torvald Larsson<\/td><td><\/td><td><\/td><\/tr><tr><td>1966<\/td><td>Torvald Larsson<\/td><td><\/td><td><\/td><\/tr><tr><td>1967<\/td><td>Torvald Larsson<\/td><td><\/td><td><\/td><\/tr><tr><td>1968<\/td><td>Torvald Larsson<\/td><td><\/td><td><\/td><\/tr><tr><td>1969<\/td><td>Torvald Larsson<\/td><td><\/td><td><\/td><\/tr><tr><td>1970<\/td><td>Torvald Larsson<\/td><td><\/td><td><\/td><\/tr><tr><td>1971<\/td><td>Ingvar Janback<\/td><td><\/td><td><\/td><\/tr><tr><td>1972<\/td><td>Henryk Dolata<\/td><td><\/td><td><\/td><\/tr><tr><td>1973<\/td><td>Bj\u00f6rn Pettersson<\/td><td><\/td><td><\/td><\/tr><tr><td>1974<\/td><td>Torvald Larsson<\/td><td><\/td><td><\/td><\/tr><tr><td>1975<\/td><td>Pavel Lacko<\/td><td><\/td><td><\/td><\/tr><tr><td>1976<\/td><td>Bj\u00f6rn Pettersson<\/td><td><\/td><td><\/td><\/tr><tr><td>1977<\/td><td>Torvald Larsson<\/td><td><\/td><td><\/td><\/tr><tr><td>1978<\/td><td>Torvald Larsson<\/td><td><\/td><td><\/td><\/tr><tr><td>1979<\/td><td>Torbj\u00f6rn Karlsson<\/td><td><\/td><td><\/td><\/tr><tr><td>1980<\/td><td>Hans-\u00c5ke Cedersund<\/td><td><\/td><td><\/td><\/tr><tr><td>1981<\/td><td>Ingvar Carlsson<\/td><td><\/td><td><\/td><\/tr><tr><td>1982<\/td><td>Ingvar Carlsson<\/td><td><\/td><td><\/td><\/tr><tr><td>1983<\/td><td>Ingvar Carlsson<\/td><td><\/td><td><\/td><\/tr><tr><td>1984<\/td><td>Pavel Lacko<\/td><td><\/td><td><\/td><\/tr><tr><td>1985<\/td><td>Hans-\u00c5ke Cedersund<\/td><td><\/td><td><\/td><\/tr><tr><td>1986<\/td><td>Torbj\u00f6rn Karlsson<\/td><td><\/td><td><\/td><\/tr><tr><td>1987<\/td><td>Ingvar Carlsson<\/td><td><\/td><td><\/td><\/tr><tr><td>1988<\/td><td>Bo Sj\u00f6gren<\/td><td><\/td><td><\/td><\/tr><tr><td>1989<\/td><td>Per Vernersson<\/td><td><\/td><td><\/td><\/tr><tr><td>1990<\/td><td>H\u00e5kan Greiff<\/td><td><\/td><td><\/td><\/tr><tr><td>1991<\/td><td>Per Vernersson<\/td><td><\/td><td><\/td><\/tr><tr><td>1992<\/td><td>Fredrik Gustafsson<\/td><td><\/td><td><\/td><\/tr><tr><td>1993<\/td><td>Bo Sj\u00f6gren<\/td><td><\/td><td><\/td><\/tr><tr><td>1994<\/td><td>Nedeljko Malesevic<\/td><td><\/td><td><\/td><\/tr><tr><td>1995<\/td><td>Bengt Nilsson<\/td><td><\/td><td><\/td><\/tr><tr><td>1996<\/td><td>Conny Olsson<\/td><td><\/td><td><\/td><\/tr><tr><td>1997<\/td><td>Bo Sj\u00f6gren<\/td><td><\/td><td><\/td><\/tr><tr><td>1998<\/td><td>Bengt Nilsson<\/td><td>6\u00bd<\/td><td>21<\/td><\/tr><tr><td>1999<\/td><td>Pontus Carlsson<\/td><td>9<\/td><td>15<\/td><\/tr><tr><td>2000<\/td><td>B\u00f6rje Pettersson<\/td><td>7<\/td><td>15<\/td><\/tr><tr><td>2001<\/td><td>Fredik Elb<\/td><td>7<\/td><td>22<\/td><\/tr><tr><td>2002<\/td><td>Simon Olsson<\/td><td>8\u00bd<\/td><td>30<\/td><\/tr><tr><td>2003<\/td><td>Robert Ericsson<\/td><td>7\u00bd<\/td><td>38<\/td><\/tr><tr><td>2004<\/td><td>Love Janse<\/td><td>7\u00bd<\/td><td>40<\/td><\/tr><tr><td>2005<\/td><td>Lucas Wickstr\u00f6m<\/td><td>8<\/td><td>50<\/td><\/tr><tr><td>2006<\/td><td>Lucas Wickstr\u00f6m<\/td><td>7\u00bd<\/td><td>40<\/td><\/tr><tr><td>2007<\/td><td>Lucas Wickstr\u00f6n<\/td><td>8\u00bd<\/td><td>36<\/td><\/tr><tr><td>2008<\/td><td>Lucas Wickstr\u00f6m<\/td><td>7\u00bd<\/td><td>35<\/td><\/tr><tr><td>2009<\/td><td>Lucas Wickstr\u00f6m<\/td><td>7\u00bd<\/td><td>37<\/td><\/tr><tr><td>2010<\/td><td>Bj\u00f6rn Mor\u00e9n<\/td><td>7<\/td><td>28<\/td><\/tr><tr><td>2011<\/td><td>Bj\u00f6rn Mor\u00e9n<\/td><td>7\u00bd<\/td><td>38<\/td><\/tr><tr><td>2012<\/td><td>Love Janse<\/td><td>8<\/td><td>30<\/td><\/tr><tr><td>2013<\/td><td>Love Janse<\/td><td>7<\/td><td>38<\/td><\/tr><tr><td>2014<\/td><td>Simon Olsson<\/td><td>7<\/td><td>37<\/td><\/tr><tr><td>2015<\/td><td>Bj\u00f6rn Mor\u00e9n<\/td><td>7<\/td><td>34<\/td><\/tr><tr><td>2016<\/td><td>Love Janse<\/td><td>8<\/td><td>35<\/td><\/tr><tr><td>2017<\/td><td>Love Janse<\/td><td>8<\/td><td>36<\/td><\/tr><tr><td>2018<\/td><td>Simon Olsson<\/td><td>6<\/td><td>35<\/td><\/tr><tr><td>2019<\/td><td>Max Wahlund<\/td><td>7<\/td><td>40<\/td><\/tr><tr><td>2020<\/td><td>Pandemi<\/td><td><\/td><td><\/td><\/tr><tr><td>2021<\/td><td>Pandemi<\/td><td><\/td><td><\/td><\/tr><tr><td>2022<\/td><td>Adam \u00c5sbrink<\/td><td>5<\/td><td>35<\/td><\/tr><tr><td>2023<\/td><td>Daniel Jogstad<\/td><td>7<\/td><td>55<\/td><\/tr><tr><td>2024<\/td><td>Andr\u00e9 Thyberg<\/td><td>6<\/td><td>52<\/td><\/tr><tr><td>2025<\/td><td>Sam Grundel<\/td><td>8\u00bd<\/td><td>50<\/td><\/tr><tr><td>2026<\/td><td>Johan Lukacs<\/td><td>7<\/td><td>40<\/td><\/tr><\/tbody><\/table><\/figure>\n<\/div>\n<\/div>\n\n\n\n<p>Segrare i Link\u00f6pingsm\u00e4sterskapen genom alla \u00e5r. T\u00e4vlingen spelades som 9 ronder om inget annat s\u00e4gs.<\/p>\n\n\n\n<figure class=\"wp-block-table\"><table><tbody><tr><td><strong>\u00c5r<\/strong><\/td><td><strong>Segrare<\/strong><\/td><td><strong>Po\u00e4ng<\/strong><\/td><td><strong>Deltagare<\/strong><\/td><\/tr><tr><td>1971<\/td><td>Torvald Larsson<\/td><td><\/td><td><\/td><\/tr><tr><td>1972<\/td><td>Ben Hayes<\/td><td><\/td><td><\/td><\/tr><tr><td>1973<\/td><td>Torvald Larsson<\/td><td><\/td><td><\/td><\/tr><tr><td>1974<\/td><td>Ingvar Carlsson<\/td><td><\/td><td><\/td><\/tr><tr><td>1975<\/td><td>Lennart Johansson<\/td><td><\/td><td><\/td><\/tr><tr><td>1976<\/td><td>Ingvar Carlsson<\/td><td><\/td><td><\/td><\/tr><tr><td>1977<\/td><td>Ingvar Carlsson<\/td><td><\/td><td><\/td><\/tr><tr><td>1978<\/td><td>Ingemar Sch\u00fctz<\/td><td><\/td><td><\/td><\/tr><tr><td>1979<\/td><td>Ingvar Carlsson<\/td><td><\/td><td><\/td><\/tr><tr><td>1980<\/td><td>Ove Nyhl\u00e9n<\/td><td><\/td><td><\/td><\/tr><tr><td>1981<\/td><td>Peter Korning<\/td><td><\/td><td><\/td><\/tr><tr><td>1982<\/td><td>Pavel Lacko<\/td><td><\/td><td><\/td><\/tr><tr><td>1983<\/td><td>Pavel Lacko<\/td><td><\/td><td><\/td><\/tr><tr><td>1984<\/td><td>Mikael Melander<\/td><td><\/td><td><\/td><\/tr><tr><td>1985<\/td><td>Per Vernersson<\/td><td><\/td><td><\/td><\/tr><tr><td>1986<\/td><td>Pavel Lacko<\/td><td><\/td><td><\/td><\/tr><tr><td>1987<\/td><td>Per Vernersson<\/td><td><\/td><td><\/td><\/tr><tr><td>1988<\/td><td>Per Vernersson<\/td><td><\/td><td><\/td><\/tr><tr><td>1989<\/td><td>Per Vernersson<\/td><td><\/td><td><\/td><\/tr><tr><td>1990<\/td><td>Per Vernersson<\/td><td><\/td><td><\/td><\/tr><tr><td>1991<\/td><td>Tony Herrstr\u00f6m<\/td><td><\/td><td><\/td><\/tr><tr><td>1992<\/td><td>Per Vernersson<\/td><td><\/td><td><\/td><\/tr><tr><td>1993<\/td><td>Hans Jonsson<\/td><td><\/td><td><\/td><\/tr><tr><td>1994<\/td><td>Per Vernersson<\/td><td><\/td><td><\/td><\/tr><tr><td>1995<\/td><td>Per Vernersson<\/td><td><\/td><td><\/td><\/tr><tr><td>1996<\/td><td>Bengt Nilsson<\/td><td><\/td><td><\/td><\/tr><tr><td>1997<\/td><td>Bengt Nilsson<\/td><td><\/td><td><\/td><\/tr><tr><td>1998<\/td><td>Conny Olsson<\/td><td>8\u00bd<\/td><td>18<\/td><\/tr><tr><td>1999<\/td><td>Bengt Nilsson<\/td><td>8<\/td><td>16<\/td><\/tr><tr><td>2000<\/td><td>Bj\u00f6rn Alling<\/td><td>7\u00bd<\/td><td>16<\/td><\/tr><tr><td>2001<\/td><td>Tony Herrstr\u00f6m<\/td><td>8\u00bd<\/td><td>21<\/td><\/tr><tr><td>2002<\/td><td>Conny Olsson<\/td><td>8\u00bd<\/td><td>26<\/td><\/tr><tr><td>2003<\/td><td>Robert Ericsson<\/td><td>8<\/td><td>32<\/td><\/tr><tr><td>2004<\/td><td>Robert Ericsson<\/td><td>8<\/td><td>49<\/td><\/tr><tr><td>2005<\/td><td>Love Janse<\/td><td>8<\/td><td>41<\/td><\/tr><tr><td>2006<\/td><td>Simon Rosberg<\/td><td>8<\/td><td>46<\/td><\/tr><tr><td>2007<\/td><td>Love Janse<\/td><td>8<\/td><td>36<\/td><\/tr><tr><td>2008<\/td><td>Love Janse<\/td><td>8\u00bd<\/td><td>32<\/td><\/tr><tr><td>2009<\/td><td>Love Janse<\/td><td>7\u00bd<\/td><td>30<\/td><\/tr><tr><td>2010<\/td><td>Ingvar Carlsson<\/td><td>7<\/td><td>31<\/td><\/tr><tr><td>2011<\/td><td>Simon Rosberg<\/td><td>8\u00bd<\/td><td>26<\/td><\/tr><tr><td>2012<\/td><td>Simon Olsson<\/td><td>7<\/td><td>27<\/td><\/tr><tr><td>2013<\/td><td>Love Janse<\/td><td>7\u00bd<\/td><td>30<\/td><\/tr><tr><td>2014<\/td><td>Simon Rosberg<\/td><td>8\u00bd<\/td><td>39<\/td><\/tr><tr><td>2015<\/td><td>Sam Grundel<\/td><td>7\u00bd<\/td><td>40<\/td><\/tr><tr><td>2016<\/td><td>Love Janse<\/td><td>6<\/td><td>37<\/td><\/tr><tr><td>2017<\/td><td>Love Janse<\/td><td>8<\/td><td>31<\/td><\/tr><tr><td>2018<\/td><td>Sam Grundel<\/td><td>7\u00bd<\/td><td>33<\/td><\/tr><tr><td>2019<\/td><td>Simon Olsson<\/td><td>7\u00bd<\/td><td>36<\/td><\/tr><tr><td>2020<\/td><td>Gariel Nguyen<\/td><td>6 (7 ronder pga pandemi)<\/td><td>38<\/td><\/tr><tr><td>2021<\/td><td>Muamer Alic<\/td><td>8<\/td><td>38<\/td><\/tr><tr><td>2022<\/td><td>Ingvar Carlsson<\/td><td>7 (8 ronder)<\/td><td>50<\/td><\/tr><tr><td>2023<\/td><td>Daniel Jogstad<\/td><td>7 (8 ronder)<\/td><td>52<\/td><\/tr><tr><td>2024<\/td><td>Vladyslav Rogoz<\/td><td>6\u00bd (8 ronder)<\/td><td>52<\/td><\/tr><tr><td>2025<\/td><td>Simon Olsson<\/td><td>7 (8 ronder)<\/td><td>40<\/td><\/tr><\/tbody><\/table><\/figure>\n\n\n\n<p><\/p>\n","protected":false},"excerpt":{"rendered":"<p>Segrare Klubbm\u00e4sterskapen i LASS genom alla \u00e5r \u00c5r Segrare Po\u00e4ng Deltagare 1913 C.A Bj\u00f6rk 1914 O.K Karlsson 1915 Ernst Nilsson 1916 O.K Karlsson 1917 J. Grenholm 1918 Adolf Ryd\u00e9n 1919 G.B Gabricius 1920 G.B Gabricius 1921 K. Hillding 1922 Eric Isacsson 1923 Otto Nilsson 1924 K. Hillding 1925 Otto Nilsson 1926 Einar Svensson 1927 Einar Svensson 1928 Otto Nilsson 1929 Erik Eriksson 1930 Folke Ekstr\u00f6m 1931 J.W Johansson 1932 Folke Ekstr\u00f6m 1933 Otto Nilsson 1934 Herbert Bernhardsson 1935 Folke Ekstr\u00f6m 1936 Arne Boman 1937 Arne Boman 1938 Folke Ekstr\u00f6m 1939 Folke Ekstr\u00f6m 1940 Folke Ekstr\u00f6m 1941 Folke Ekstr\u00f6m 1942 Axel Karlsson 1943 Karl Karlsson 1944 C.M Brorstr\u00f6m 1945 Manne Sundh 1946 Karl Karlsson 1947 Alfred Remmelglas 1948 Manne Sundh 1949 Manne Samuelsson 1950 Anton Fridh 1951 Anton Fridh 1952 Anton Fridh 1953 Tore Danielsson 1954 Anton Fridh 1955 Anton Fridh 1956 Sven Str\u00f6m 1957 Manne Samuelsson 1958 Torvald Larsson 1959 Torvald Larsson 1960 Torvald Larsson 1961 Tore Danielsson 1962 Tore Danielsson 1963 Tore Danielsson 1964 Tore Danielsson\/Jan Nordstr\u00f6m 1965 Torvald Larsson 1966 Torvald Larsson 1967 Torvald Larsson 1968 Torvald Larsson 1969 Torvald Larsson 1970 Torvald Larsson 1971 Ingvar Janback 1972 Henryk Dolata 1973 Bj\u00f6rn Pettersson 1974 Torvald Larsson 1975 Pavel Lacko 1976 Bj\u00f6rn Pettersson 1977 Torvald Larsson 1978 Torvald Larsson 1979 Torbj\u00f6rn Karlsson 1980 Hans-\u00c5ke Cedersund 1981 Ingvar Carlsson 1982 Ingvar Carlsson 1983 Ingvar Carlsson 1984 Pavel Lacko 1985 Hans-\u00c5ke Cedersund 1986 Torbj\u00f6rn Karlsson 1987 Ingvar Carlsson 1988 Bo Sj\u00f6gren 1989 Per Vernersson 1990 H\u00e5kan Greiff 1991 Per Vernersson 1992 Fredrik Gustafsson 1993 Bo Sj\u00f6gren 1994 Nedeljko Malesevic 1995 Bengt Nilsson 1996 Conny Olsson 1997 Bo Sj\u00f6gren 1998 Bengt Nilsson 6\u00bd 21 1999 Pontus Carlsson 9 15 2000 B\u00f6rje Pettersson 7 15 2001 Fredik Elb 7 22 2002 Simon Olsson 8\u00bd 30 2003 Robert Ericsson 7\u00bd 38 2004 Love Janse 7\u00bd 40 2005 Lucas Wickstr\u00f6m 8 50 2006 Lucas Wickstr\u00f6m 7\u00bd 40 2007 Lucas Wickstr\u00f6n 8\u00bd 36 2008 Lucas Wickstr\u00f6m 7\u00bd 35 2009 Lucas Wickstr\u00f6m 7\u00bd 37 2010 Bj\u00f6rn Mor\u00e9n 7 28 2011 Bj\u00f6rn Mor\u00e9n 7\u00bd 38 2012 Love Janse 8 30 2013 Love Janse 7 38 2014 Simon Olsson 7 37 2015 Bj\u00f6rn Mor\u00e9n 7 34 2016 Love Janse 8 35 2017 Love Janse 8 36 2018 Simon Olsson 6 35 2019 Max Wahlund 7 40 2020 Pandemi 2021 Pandemi 2022 Adam \u00c5sbrink 5 35 2023 Daniel Jogstad 7 55 2024 Andr\u00e9 Thyberg 6 52 2025 Sam Grundel 8\u00bd 50 2026 Johan Lukacs 7 40 Segrare i Link\u00f6pingsm\u00e4sterskapen genom alla \u00e5r. T\u00e4vlingen spelades som 9 ronder om inget annat s\u00e4gs. \u00c5r Segrare Po\u00e4ng Deltagare 1971 Torvald Larsson 1972 Ben Hayes 1973 Torvald Larsson 1974 Ingvar Carlsson 1975 Lennart Johansson 1976 Ingvar Carlsson 1977 Ingvar Carlsson 1978 Ingemar Sch\u00fctz 1979 Ingvar Carlsson 1980 Ove Nyhl\u00e9n 1981 Peter Korning 1982 Pavel Lacko 1983 Pavel Lacko 1984 Mikael Melander 1985 Per Vernersson 1986 Pavel Lacko 1987 Per Vernersson 1988 Per Vernersson 1989 Per Vernersson 1990 Per Vernersson 1991 Tony Herrstr\u00f6m 1992 Per Vernersson 1993 Hans Jonsson 1994 Per Vernersson 1995 Per Vernersson 1996 Bengt Nilsson 1997 Bengt Nilsson 1998 Conny Olsson 8\u00bd 18 1999 Bengt Nilsson 8 16 2000 Bj\u00f6rn Alling 7\u00bd 16 2001 Tony Herrstr\u00f6m 8\u00bd 21 2002 Conny Olsson 8\u00bd 26 2003 Robert Ericsson 8 32 2004 Robert Ericsson 8 49 2005 Love Janse 8 41 2006 Simon Rosberg 8 46 2007 Love Janse 8 36 2008 Love Janse 8\u00bd 32 2009 Love Janse 7\u00bd 30 2010 Ingvar Carlsson 7 31 2011 Simon Rosberg 8\u00bd 26 2012 Simon Olsson 7 27 2013 Love Janse 7\u00bd 30 2014 Simon Rosberg 8\u00bd 39 2015 Sam Grundel 7\u00bd 40 2016 Love Janse 6 37 2017 Love Janse 8 31 2018 Sam Grundel 7\u00bd 33 2019 Simon Olsson 7\u00bd 36 2020 Gariel Nguyen 6 (7 ronder pga pandemi) 38 2021 Muamer Alic 8 38 2022 Ingvar Carlsson 7 (8 ronder) 50 2023 Daniel Jogstad 7 (8 ronder) 52 2024 Vladyslav Rogoz 6\u00bd (8 ronder) 52 2025 Simon Olsson 7 (8 ronder) 40<\/p>\n","protected":false},"author":1,"featured_media":0,"parent":0,"menu_order":0,"comment_status":"closed","ping_status":"closed","template":"","meta":{"wp_social_preview_title":"","wp_social_preview_description":"","wp_social_preview_image":0,"footnotes":""},"class_list":["post-4469","page","type-page","status-publish","hentry"],"_links":{"self":[{"href":"https:\/\/lass.no-ip.com\/wordpress\/index.php\/wp-json\/wp\/v2\/pages\/4469","targetHints":{"allow":["GET"]}}],"collection":[{"href":"https:\/\/lass.no-ip.com\/wordpress\/index.php\/wp-json\/wp\/v2\/pages"}],"about":[{"href":"https:\/\/lass.no-ip.com\/wordpress\/index.php\/wp-json\/wp\/v2\/types\/page"}],"author":[{"embeddable":true,"href":"https:\/\/lass.no-ip.com\/wordpress\/index.php\/wp-json\/wp\/v2\/users\/1"}],"replies":[{"embeddable":true,"href":"https:\/\/lass.no-ip.com\/wordpress\/index.php\/wp-json\/wp\/v2\/comments?post=4469"}],"version-history":[{"count":14,"href":"https:\/\/lass.no-ip.com\/wordpress\/index.php\/wp-json\/wp\/v2\/pages\/4469\/revisions"}],"predecessor-version":[{"id":5887,"href":"https:\/\/lass.no-ip.com\/wordpress\/index.php\/wp-json\/wp\/v2\/pages\/4469\/revisions\/5887"}],"wp:attachment":[{"href":"https:\/\/lass.no-ip.com\/wordpress\/index.php\/wp-json\/wp\/v2\/media?parent=4469"}],"curies":[{"name":"wp","href":"https:\/\/api.w.org\/{rel}","templated":true}]}}