{"id":4287,"date":"2023-09-14T19:27:54","date_gmt":"2023-09-14T18:27:54","guid":{"rendered":"https:\/\/lass.no-ip.com\/wordpress\/?page_id=4287"},"modified":"2023-09-14T19:27:54","modified_gmt":"2023-09-14T18:27:54","slug":"speldagar-och-speltider-i-lm","status":"publish","type":"page","link":"https:\/\/lass.no-ip.com\/wordpress\/index.php\/speldagar-och-speltider-i-lm\/","title":{"rendered":"Speldagar och speltider i LM"},"content":{"rendered":"\n<p>\u00c5rets LM spelas p\u00e5 tisdagar och torsdagar med start klockan 18.00. Bord 1-13 spelar p\u00e5 tisdagar och bord 14 och upp\u00e5t spelar p\u00e5 torsdagar. <\/p>\n\n\n\n<p>Bordsnumren best\u00e4ms vid lottningen och varierar fr\u00e5n rond till rond. F\u00f6r att ta reda p\u00e5 vilket bord du skall spela p\u00e5 s\u00e5 tittar du p\u00e5 listan \u00f6ver partier p\u00e5 lottningssidan. Till v\u00e4nster om varje parti st\u00e5r ett tal mellan 1 och 26 (de \u00e4r inringade med r\u00f6tt p\u00e5 bilden):<\/p>\n\n\n\n<figure class=\"wp-block-image size-full\"><img loading=\"lazy\" decoding=\"async\" width=\"698\" height=\"204\" src=\"https:\/\/lass.no-ip.com\/wordpress\/wp-content\/uploads\/2023\/09\/Skarmklipp.png\" alt=\"\" class=\"wp-image-4289\" srcset=\"https:\/\/lass.no-ip.com\/wordpress\/wp-content\/uploads\/2023\/09\/Skarmklipp.png 698w, https:\/\/lass.no-ip.com\/wordpress\/wp-content\/uploads\/2023\/09\/Skarmklipp-300x88.png 300w, https:\/\/lass.no-ip.com\/wordpress\/wp-content\/uploads\/2023\/09\/Skarmklipp-400x117.png 400w\" sizes=\"auto, (max-width: 698px) 100vw, 698px\" \/><\/figure>\n\n\n\n<p>H\u00e4r ser vi till exempel att partiet Ingvar Carlsson mot Fredrik Andersson i rond 1 spelas p\u00e5 bord 4, och d\u00e4rf\u00f6r skall spelas p\u00e5 tisdagen.<\/p>\n\n\n\n<p>Det \u00e4r till\u00e5tet att byta speldag mellan tisdag och torsdag, eller flytta partiet till en annan dag, om b\u00e5da spelarna \u00e4r \u00f6verens om det. Vill du byta dag s\u00e5 b\u00f6rja med att kontakta motst\u00e5ndaren och best\u00e4m ny speldag. Det g\u00e5r ocks\u00e5 bra att skjuta upp partiet och komma \u00f6verens om nytt speldatum senare.  I b\u00e5da fallen m\u00e5ste b\u00e5da spelarna vara \u00f6verens om att byta speldatum &#8211; man kan allts\u00e5 inte kr\u00e4va att f\u00e5 \u00e4ndra speldatum. Kontakta d\u00e4refter turneringsledningen och meddela att ni har flyttat partiet s\u00e5 att vi inte t ex s\u00e4tter upp partiet f\u00f6r lives\u00e4ndning n\u00e4r det inte skall spelas!<\/p>\n\n\n\n<p>Partier i sista ronden f\u00e5r dock inte spelas senare \u00e4n utsatt speldag. <\/p>\n\n\n\n<p>Efter rond 2, 4, 6 och 7 \u00e4r det &#8221;h\u00e4ngrond&#8221;. D\u00e5 \u00e4r det ingen ordinarie rond, men klubben h\u00e5ller \u00f6ppet p\u00e5 tisdagskv\u00e4llen f\u00f6r att man skall kunna spela uppskjutna partier.<\/p>\n\n\n\n<p>Om man inte vet hur man skall f\u00e5 tag p\u00e5 sin motst\u00e5ndare s\u00e5 finns det en <a href=\"https:\/\/lass.no-ip.com\/wordpress\/index.php\/medlemmar\/\">kontaktlista<\/a> p\u00e5 hemsidan (g\u00e5 till menyn &#8221;Medlemmar&#8221; och v\u00e4lj &#8221;Kontaktlista&#8221;) med telefonnummer och emailadresser. Av integritetssk\u00e4l beh\u00f6vs det l\u00f6senord f\u00f6r att komma \u00e5t den. Kontakta t\u00e4vlingsledningen eller n\u00e5gon i styrelsen f\u00f6r att f\u00e5 l\u00f6senordet.<\/p>\n\n\n\n<p>Om din motspelare inte har \u00e4ndrat speldatum, utan bara inte dyker upp till partiet, s\u00e5 f\u00e5r du (men m\u00e5ste inte) starta klockan vid spelstart. \u00c4r motst\u00e5ndaren inte i spellokalen efter 30 minuter vinner du p\u00e5 walk over. Om ingen av spelarna kommer till partiet s\u00e5 kommer vi att betrakta det som uppskjutet, utom i sista ronden d\u00e5 det blir 0-0 (walk over f\u00f6r b\u00e5da spelarna).<\/p>\n","protected":false},"excerpt":{"rendered":"<p>\u00c5rets LM spelas p\u00e5 tisdagar och torsdagar med start klockan 18.00. Bord 1-13 spelar p\u00e5 tisdagar och bord 14 och upp\u00e5t spelar p\u00e5 torsdagar. Bordsnumren best\u00e4ms vid lottningen och varierar fr\u00e5n rond till rond. F\u00f6r att ta reda p\u00e5 vilket bord du skall spela p\u00e5 s\u00e5 tittar du p\u00e5 listan \u00f6ver partier p\u00e5 lottningssidan. Till v\u00e4nster om varje parti st\u00e5r ett tal mellan 1 och 26 (de \u00e4r inringade med r\u00f6tt p\u00e5 bilden): H\u00e4r ser vi till exempel att partiet Ingvar Carlsson mot Fredrik Andersson i rond 1 spelas p\u00e5 bord 4, och d\u00e4rf\u00f6r skall spelas p\u00e5 tisdagen. Det \u00e4r till\u00e5tet att byta speldag mellan tisdag och torsdag, eller flytta partiet till en annan dag, om b\u00e5da spelarna \u00e4r \u00f6verens om det. Vill du byta dag s\u00e5 b\u00f6rja med att kontakta motst\u00e5ndaren och best\u00e4m ny speldag. Det g\u00e5r ocks\u00e5 bra att skjuta upp partiet och komma \u00f6verens om nytt speldatum senare. I b\u00e5da fallen m\u00e5ste b\u00e5da spelarna vara \u00f6verens om att byta speldatum &#8211; man kan allts\u00e5 inte kr\u00e4va att f\u00e5 \u00e4ndra speldatum. Kontakta d\u00e4refter turneringsledningen och meddela att ni har flyttat partiet s\u00e5 att vi inte t ex s\u00e4tter upp partiet f\u00f6r lives\u00e4ndning n\u00e4r det inte skall spelas! Partier i sista ronden f\u00e5r dock inte spelas senare \u00e4n utsatt speldag. Efter rond 2, 4, 6 och 7 \u00e4r det &#8221;h\u00e4ngrond&#8221;. D\u00e5 \u00e4r det ingen ordinarie rond, men klubben h\u00e5ller \u00f6ppet p\u00e5 tisdagskv\u00e4llen f\u00f6r att man skall kunna spela uppskjutna partier. Om man inte vet hur man skall f\u00e5 tag p\u00e5 sin motst\u00e5ndare s\u00e5 finns det en kontaktlista p\u00e5 hemsidan (g\u00e5 till menyn &#8221;Medlemmar&#8221; och v\u00e4lj &#8221;Kontaktlista&#8221;) med telefonnummer och emailadresser. Av integritetssk\u00e4l beh\u00f6vs det l\u00f6senord f\u00f6r att komma \u00e5t den. Kontakta t\u00e4vlingsledningen eller n\u00e5gon i styrelsen f\u00f6r att f\u00e5 l\u00f6senordet. Om din motspelare inte har \u00e4ndrat speldatum, utan bara inte dyker upp till partiet, s\u00e5 f\u00e5r du (men m\u00e5ste inte) starta klockan vid spelstart. \u00c4r motst\u00e5ndaren inte i spellokalen efter 30 minuter vinner du p\u00e5 walk over. Om ingen av spelarna kommer till partiet s\u00e5 kommer vi att betrakta det som uppskjutet, utom i sista ronden d\u00e5 det blir 0-0 (walk over f\u00f6r b\u00e5da spelarna).<\/p>\n","protected":false},"author":5,"featured_media":0,"parent":0,"menu_order":0,"comment_status":"closed","ping_status":"closed","template":"","meta":{"wp_social_preview_title":"","wp_social_preview_description":"","wp_social_preview_image":0,"footnotes":""},"class_list":["post-4287","page","type-page","status-publish","hentry"],"_links":{"self":[{"href":"https:\/\/lass.no-ip.com\/wordpress\/index.php\/wp-json\/wp\/v2\/pages\/4287","targetHints":{"allow":["GET"]}}],"collection":[{"href":"https:\/\/lass.no-ip.com\/wordpress\/index.php\/wp-json\/wp\/v2\/pages"}],"about":[{"href":"https:\/\/lass.no-ip.com\/wordpress\/index.php\/wp-json\/wp\/v2\/types\/page"}],"author":[{"embeddable":true,"href":"https:\/\/lass.no-ip.com\/wordpress\/index.php\/wp-json\/wp\/v2\/users\/5"}],"replies":[{"embeddable":true,"href":"https:\/\/lass.no-ip.com\/wordpress\/index.php\/wp-json\/wp\/v2\/comments?post=4287"}],"version-history":[{"count":1,"href":"https:\/\/lass.no-ip.com\/wordpress\/index.php\/wp-json\/wp\/v2\/pages\/4287\/revisions"}],"predecessor-version":[{"id":4290,"href":"https:\/\/lass.no-ip.com\/wordpress\/index.php\/wp-json\/wp\/v2\/pages\/4287\/revisions\/4290"}],"wp:attachment":[{"href":"https:\/\/lass.no-ip.com\/wordpress\/index.php\/wp-json\/wp\/v2\/media?parent=4287"}],"curies":[{"name":"wp","href":"https:\/\/api.w.org\/{rel}","templated":true}]}}