{"id":4134,"date":"2023-06-12T20:46:45","date_gmt":"2023-06-12T19:46:45","guid":{"rendered":"https:\/\/lass.no-ip.com\/wordpress\/?page_id=4134"},"modified":"2023-06-12T20:46:45","modified_gmt":"2023-06-12T19:46:45","slug":"resultat-2020","status":"publish","type":"page","link":"https:\/\/lass.no-ip.com\/wordpress\/index.php\/resultat-2020\/","title":{"rendered":"Resultat 2020"},"content":{"rendered":"\n<p><strong>Julavslutningsblixt<\/strong>&nbsp;18\/12. Turneringen h\u00f6lls p\u00e5 grund av corona-l\u00e4get som en arenaturnering p\u00e5 lichess. Resultat finns&nbsp;<a href=\"https:\/\/lichess.org\/tournament\/VwdvPF2N\">h\u00e4r<\/a>.<\/p>\n\n\n\n<p><strong>Klubbturneringar p\u00e5 chess.com<\/strong>. Under v\u00e5ren organiserade vi turneringar p\u00e5 chess.com med lite olika spelformer och bet\u00e4nketid. F\u00f6rsta turneringen var med 15-minuterspartier torsdagen 23\/4 klockan 19.00. Instruktioner f\u00f6r att spela p\u00e5 chess.com finns&nbsp;<a href=\"https:\/\/lass.no-ip.com\/wordpress\/index.php\/klubbturneringar-pa-chess-com\/\">h\u00e4r<\/a>.<\/p>\n\n\n\n<p><a href=\"https:\/\/lass.no-ip.com\/wordpress\/index.php\/torsdagsturneringen\/\">Torsdagsturneringen 7\/5-25\/6<\/a>.<\/p>\n\n\n\n<p><strong>Tisdagsblixt p\u00e5 Lichess.org.<\/strong>&nbsp;Under v\u00e5ren och sommaren spelades en blixtturnering varje tisdag klockan 19. F\u00f6r instruktioner, se Swedish Chess Team Battle nedan. De f\u00f6rsta tio omg\u00e5ngarna spelades som en arenaturnering. Den 16\/6 spelades den elfte omg\u00e5ngen som nio ronder schweizer.<br><a href=\"https:\/\/lass.no-ip.com\/wordpress\/index.php\/tisdagsblixten-2020\/\">Resultat<\/a>.<\/p>\n\n\n\n<p><strong><a href=\"https:\/\/lass.no-ip.com\/wordpress\/index.php\/lm-2020\/\">LM 14\/1-7\/4<\/a><\/strong><\/p>\n\n\n\n<p><strong>\u00d6ppna LM i schack 960 (Fischerandom)<\/strong>&nbsp;<strong>21\/2<\/strong><\/p>\n\n\n\n<ul class=\"wp-block-list\">\n<li><a href=\"https:\/\/lass.no-ip.com\/Inbjudan\/2020\/inbjudan_FR-LM_2020.pdf\">Inbjudan<\/a><\/li>\n\n\n\n<li><a href=\"https:\/\/member.schack.se\/ShowTournamentServlet?id=8313&amp;listingtype=2\">Resultat<\/a><\/li>\n<\/ul>\n\n\n\n<p><strong>Tremannablixten 26\/1<\/strong><\/p>\n\n\n\n<ul class=\"wp-block-list\">\n<li><a href=\"https:\/\/osf.no-ip.com\/inbjudan\/2020\/tremanna.html\">Inbjudan<\/a><\/li>\n\n\n\n<li><a href=\"https:\/\/osf.no-ip.com\/inbjudan\/2020\/anmalda_tremanna.html\">Anm\u00e4lda lag<\/a><\/li>\n\n\n\n<li><a href=\"http:\/\/osf.no-ip.com\/resultat\/2020\/korstabell_tremanna.htm\">Korstabell<\/a><\/li>\n<\/ul>\n","protected":false},"excerpt":{"rendered":"<p>Julavslutningsblixt&nbsp;18\/12. Turneringen h\u00f6lls p\u00e5 grund av corona-l\u00e4get som en arenaturnering p\u00e5 lichess. Resultat finns&nbsp;h\u00e4r. Klubbturneringar p\u00e5 chess.com. Under v\u00e5ren organiserade vi turneringar p\u00e5 chess.com med lite olika spelformer och bet\u00e4nketid. F\u00f6rsta turneringen var med 15-minuterspartier torsdagen 23\/4 klockan 19.00. Instruktioner f\u00f6r att spela p\u00e5 chess.com finns&nbsp;h\u00e4r. Torsdagsturneringen 7\/5-25\/6. Tisdagsblixt p\u00e5 Lichess.org.&nbsp;Under v\u00e5ren och sommaren spelades en blixtturnering varje tisdag klockan 19. F\u00f6r instruktioner, se Swedish Chess Team Battle nedan. De f\u00f6rsta tio omg\u00e5ngarna spelades som en arenaturnering. Den 16\/6 spelades den elfte omg\u00e5ngen som nio ronder schweizer.Resultat. LM 14\/1-7\/4 \u00d6ppna LM i schack 960 (Fischerandom)&nbsp;21\/2 Tremannablixten 26\/1<\/p>\n","protected":false},"author":1,"featured_media":0,"parent":0,"menu_order":0,"comment_status":"closed","ping_status":"closed","template":"","meta":{"wp_social_preview_title":"","wp_social_preview_description":"","wp_social_preview_image":0,"footnotes":""},"class_list":["post-4134","page","type-page","status-publish","hentry"],"_links":{"self":[{"href":"https:\/\/lass.no-ip.com\/wordpress\/index.php\/wp-json\/wp\/v2\/pages\/4134","targetHints":{"allow":["GET"]}}],"collection":[{"href":"https:\/\/lass.no-ip.com\/wordpress\/index.php\/wp-json\/wp\/v2\/pages"}],"about":[{"href":"https:\/\/lass.no-ip.com\/wordpress\/index.php\/wp-json\/wp\/v2\/types\/page"}],"author":[{"embeddable":true,"href":"https:\/\/lass.no-ip.com\/wordpress\/index.php\/wp-json\/wp\/v2\/users\/1"}],"replies":[{"embeddable":true,"href":"https:\/\/lass.no-ip.com\/wordpress\/index.php\/wp-json\/wp\/v2\/comments?post=4134"}],"version-history":[{"count":1,"href":"https:\/\/lass.no-ip.com\/wordpress\/index.php\/wp-json\/wp\/v2\/pages\/4134\/revisions"}],"predecessor-version":[{"id":4135,"href":"https:\/\/lass.no-ip.com\/wordpress\/index.php\/wp-json\/wp\/v2\/pages\/4134\/revisions\/4135"}],"wp:attachment":[{"href":"https:\/\/lass.no-ip.com\/wordpress\/index.php\/wp-json\/wp\/v2\/media?parent=4134"}],"curies":[{"name":"wp","href":"https:\/\/api.w.org\/{rel}","templated":true}]}}