{"id":4101,"date":"2023-05-30T21:31:02","date_gmt":"2023-05-30T20:31:02","guid":{"rendered":"https:\/\/lass.no-ip.com\/wordpress\/?page_id=4101"},"modified":"2023-05-30T21:31:02","modified_gmt":"2023-05-30T20:31:02","slug":"adam-blev-klubbmastare-i-blixt","status":"publish","type":"page","link":"https:\/\/lass.no-ip.com\/wordpress\/index.php\/adam-blev-klubbmastare-i-blixt\/","title":{"rendered":"Adam blev klubbm\u00e4stare i blixt"},"content":{"rendered":"\n<p>S\u00e4songens sista turnering, \u00f6ppna KM i blixt, spelades tisdagen den 30\/5 och samlade totalt 28 deltagare. Bet\u00e4nktetiden var 3 min + 2 s\/drag och det blev nio ronder med h\u00e5rt och kompromissl\u00f6st spel &#8211; totalt slutade bara fyra partier remi i hela turneringen!<\/p>\n\n\n\n<p>Till slut stod Adam St\u00e5hlberg som segrare, ensam p\u00e5 8 po\u00e4ng. Vi gratulerar till KM-titeln!<\/p>\n\n\n\n<p>Pristagare:<\/p>\n\n\n\n<ul class=\"wp-block-list\">\n<li>1. Adam St\u00e5hlberg, 8 po\u00e4ng av 9 m\u00f6jliga<\/li>\n\n\n\n<li>2. Muamer Alic, 7 p<\/li>\n\n\n\n<li>3. Fredrik Lindgren, SK Rockaden Ume\u00e5, 6\u00bd p<\/li>\n\n\n\n<li>Ratingpris 1: Peter Nyberg, 6 p<\/li>\n\n\n\n<li>Ratingpris 2: Elin Larsson, 5 p<\/li>\n<\/ul>\n\n\n\n<p><a href=\"https:\/\/member.schack.se\/ShowTournamentServlet?id=11638\">Fullst\u00e4ndiga resultat<\/a><\/p>\n\n\n\n<figure class=\"wp-block-image size-large is-resized\"><img loading=\"lazy\" decoding=\"async\" src=\"https:\/\/lass.no-ip.com\/wordpress\/wp-content\/uploads\/2023\/05\/IMG_1183-1024x768.jpg\" alt=\"\" class=\"wp-image-4102\" width=\"841\" height=\"631\" srcset=\"https:\/\/lass.no-ip.com\/wordpress\/wp-content\/uploads\/2023\/05\/IMG_1183-1024x768.jpg 1024w, https:\/\/lass.no-ip.com\/wordpress\/wp-content\/uploads\/2023\/05\/IMG_1183-300x225.jpg 300w, https:\/\/lass.no-ip.com\/wordpress\/wp-content\/uploads\/2023\/05\/IMG_1183-768x576.jpg 768w, https:\/\/lass.no-ip.com\/wordpress\/wp-content\/uploads\/2023\/05\/IMG_1183-1536x1152.jpg 1536w, https:\/\/lass.no-ip.com\/wordpress\/wp-content\/uploads\/2023\/05\/IMG_1183-2048x1536.jpg 2048w, https:\/\/lass.no-ip.com\/wordpress\/wp-content\/uploads\/2023\/05\/IMG_1183-400x300.jpg 400w\" sizes=\"auto, (max-width: 841px) 100vw, 841px\" \/><figcaption class=\"wp-element-caption\">De \u00f6versta tio borden spelades f\u00f6r omv\u00e4xlings skull i h\u00f6gra spellokalen, eftersom m\u00e5nga spelare f\u00f6redrar mindre br\u00e4den n\u00e4r de spelar blixt.<\/figcaption><\/figure>\n\n\n\n<figure class=\"wp-block-image size-large\"><img loading=\"lazy\" decoding=\"async\" width=\"1024\" height=\"768\" src=\"https:\/\/lass.no-ip.com\/wordpress\/wp-content\/uploads\/2023\/05\/IMG_1203-1024x768.jpg\" alt=\"\" class=\"wp-image-4103\" srcset=\"https:\/\/lass.no-ip.com\/wordpress\/wp-content\/uploads\/2023\/05\/IMG_1203-1024x768.jpg 1024w, https:\/\/lass.no-ip.com\/wordpress\/wp-content\/uploads\/2023\/05\/IMG_1203-300x225.jpg 300w, https:\/\/lass.no-ip.com\/wordpress\/wp-content\/uploads\/2023\/05\/IMG_1203-768x576.jpg 768w, https:\/\/lass.no-ip.com\/wordpress\/wp-content\/uploads\/2023\/05\/IMG_1203-1536x1152.jpg 1536w, https:\/\/lass.no-ip.com\/wordpress\/wp-content\/uploads\/2023\/05\/IMG_1203-2048x1536.jpg 2048w, https:\/\/lass.no-ip.com\/wordpress\/wp-content\/uploads\/2023\/05\/IMG_1203-400x300.jpg 400w\" sizes=\"auto, (max-width: 1024px) 100vw, 1024px\" \/><figcaption class=\"wp-element-caption\">V\u00e5r nyaste medlem Charlie Anljot, h\u00e4r vit mot Emma Larsson, gick med i klubben alldeles innan turneringen. Han har tidigare bara spelat p\u00e5 n\u00e4tet och tog 2\u00bd po\u00e4ng i sin f\u00f6rsta turnering \u00f6ver br\u00e4det.<\/figcaption><\/figure>\n","protected":false},"excerpt":{"rendered":"<p>S\u00e4songens sista turnering, \u00f6ppna KM i blixt, spelades tisdagen den 30\/5 och samlade totalt 28 deltagare. Bet\u00e4nktetiden var 3 min + 2 s\/drag och det blev nio ronder med h\u00e5rt och kompromissl\u00f6st spel &#8211; totalt slutade bara fyra partier remi i hela turneringen! Till slut stod Adam St\u00e5hlberg som segrare, ensam p\u00e5 8 po\u00e4ng. Vi gratulerar till KM-titeln! Pristagare: Fullst\u00e4ndiga resultat<\/p>\n","protected":false},"author":5,"featured_media":0,"parent":0,"menu_order":0,"comment_status":"closed","ping_status":"closed","template":"","meta":{"wp_social_preview_title":"","wp_social_preview_description":"","wp_social_preview_image":0,"footnotes":""},"class_list":["post-4101","page","type-page","status-publish","hentry"],"_links":{"self":[{"href":"https:\/\/lass.no-ip.com\/wordpress\/index.php\/wp-json\/wp\/v2\/pages\/4101","targetHints":{"allow":["GET"]}}],"collection":[{"href":"https:\/\/lass.no-ip.com\/wordpress\/index.php\/wp-json\/wp\/v2\/pages"}],"about":[{"href":"https:\/\/lass.no-ip.com\/wordpress\/index.php\/wp-json\/wp\/v2\/types\/page"}],"author":[{"embeddable":true,"href":"https:\/\/lass.no-ip.com\/wordpress\/index.php\/wp-json\/wp\/v2\/users\/5"}],"replies":[{"embeddable":true,"href":"https:\/\/lass.no-ip.com\/wordpress\/index.php\/wp-json\/wp\/v2\/comments?post=4101"}],"version-history":[{"count":1,"href":"https:\/\/lass.no-ip.com\/wordpress\/index.php\/wp-json\/wp\/v2\/pages\/4101\/revisions"}],"predecessor-version":[{"id":4104,"href":"https:\/\/lass.no-ip.com\/wordpress\/index.php\/wp-json\/wp\/v2\/pages\/4101\/revisions\/4104"}],"wp:attachment":[{"href":"https:\/\/lass.no-ip.com\/wordpress\/index.php\/wp-json\/wp\/v2\/media?parent=4101"}],"curies":[{"name":"wp","href":"https:\/\/api.w.org\/{rel}","templated":true}]}}