{"id":404,"date":"2018-01-22T21:39:12","date_gmt":"2018-01-22T20:39:12","guid":{"rendered":"http:\/\/lass.no-ip.com\/wordpress\/?page_id=404"},"modified":"2026-02-01T19:33:55","modified_gmt":"2026-02-01T18:33:55","slug":"partier","status":"publish","type":"page","link":"https:\/\/lass.no-ip.com\/wordpress\/index.php\/partier\/","title":{"rendered":"Partier"},"content":{"rendered":"\n<h2 class=\"wp-block-heading\">Partisamling f\u00f6r nedladdning<\/h2>\n\n\n\n<p><a href=\"https:\/\/lass.no-ip.com\/partier\/samling\/arkiv_2023_09_12.pgn\">En stor PGN-fil<\/a> med partier fr\u00e5n 2007 fram till september 2023 (till och med snabb-LM 2023). De flesta schackprogram kan l\u00e4sa PGN och det finns gratis PGN-l\u00e4sare att ladda ner fr\u00e5n n\u00e4tet (t ex ChessPad).<\/p>\n\n\n\n<p>Filen \u00e4r l\u00f6senordsskyddad. \u00c4r du medlem i LASS s\u00e5 h\u00f6r av dig till styrelsen eller t\u00e4vlingsledningen f\u00f6r att f\u00e5 l\u00f6senordet.<\/p>\n\n\n\n<h2 class=\"wp-block-heading\">Partier f\u00f6r genomspelning i webl\u00e4saren<\/h2>\n\n\n\n<p>L\u00e4nkarna nedan \u00f6ppnar en partivisar-app i webl\u00e4saren, med ett urval av partier fr\u00e5n olika \u00e5r.&nbsp;<\/p>\n\n\n\n<p>L\u00e4nkarna \u00e4r l\u00f6senordsskyddade. \u00c4r du medlem i LASS s\u00e5 h\u00f6r av dig till styrelsen eller t\u00e4vlingsledningen f\u00f6r att f\u00e5 l\u00f6senordet.<\/p>\n\n\n\n<p><a href=\"https:\/\/lass.no-ip.com\/partier\/viewer2015.html\">2015<\/a><\/p>\n\n\n\n<p><a href=\"https:\/\/lass.no-ip.com\/partier\/viewer2016.html\">2016<\/a><\/p>\n\n\n\n<p><a href=\"https:\/\/lass.no-ip.com\/partier\/viewer2017.html\">2017<\/a><\/p>\n\n\n\n<p><a href=\"https:\/\/lass.no-ip.com\/partier\/viewer2018.html\">2018<\/a><\/p>\n\n\n\n<p><a href=\"https:\/\/lass.no-ip.com\/partier\/viewer2019.html\">2019<\/a><\/p>\n\n\n\n<p><a href=\"https:\/\/lass.no-ip.com\/partier\/viewer2020.html\">2020<\/a><\/p>\n\n\n\n<p><a href=\"https:\/\/lass.no-ip.com\/partier\/viewer_ht2020.html\">H\u00f6stturneringen 2020-21<\/a><\/p>\n\n\n\n<p><a href=\"https:\/\/lass.no-ip.com\/partier\/viewer_LM2021.html\">LM 2021<\/a><\/p>\n\n\n\n<p><a href=\"https:\/\/lass.no-ip.com\/partier\/viewer_allsvenskan_21-22.html\">Allsvenskan 2021-22<\/a><\/p>\n\n\n\n<p><a href=\"https:\/\/lass.no-ip.com\/partier\/viewer_KM2022.html\">KM 2022<\/a><\/p>\n\n\n\n<p><a href=\"https:\/\/lass.no-ip.com\/partier\/viewer_varturn2022.html\">V\u00e5rturneringen 2022<\/a><\/p>\n\n\n\n<p><a href=\"https:\/\/lass.no-ip.com\/partier\/viewer_snabb-KM2022.html\">Snabbschacks-KM 2022<\/a><\/p>\n\n\n\n<p><a href=\"https:\/\/lass.no-ip.com\/partier\/viewer_LM2022.html\">LM 2022<\/a><\/p>\n\n\n\n<p><a href=\"https:\/\/lass.no-ip.com\/partier\/viewer_allsvenskan_22-23.html\">Allsvenskan 2022-23<\/a><\/p>\n\n\n\n<p><a href=\"https:\/\/lass.no-ip.com\/partier\/viewer_KM2023.html\">KM 2023<\/a><\/p>\n\n\n\n<p><a href=\"https:\/\/lass.no-ip.com\/partier\/viewer_snabb-KM2023.html\">Snabbschacks-KM 2023<\/a><\/p>\n\n\n\n<p><a href=\"https:\/\/lass.no-ip.com\/partier\/viewer_snabb-LM2023.html\">Snabbschacks-LM 2023<\/a><\/p>\n\n\n\n<p><a href=\"https:\/\/lass.no-ip.com\/partier\/viewer_varturn2023.html\">V\u00e5rturneringen 2023<\/a><\/p>\n\n\n\n<p><a href=\"https:\/\/lass.no-ip.com\/partier\/viewer_LM2023.html\">LM 2023<\/a><\/p>\n\n\n\n<p><a href=\"https:\/\/lass.no-ip.com\/partier\/viewer_KM2024.html\">KM 2024<\/a><\/p>\n\n\n\n<p><a href=\"https:\/\/lass.no-ip.com\/partier\/viewer_snabb-KM2024.html\">Snabbschacks-KM 2024<\/a><\/p>\n\n\n\n<p><a href=\"https:\/\/lass.no-ip.com\/partier\/viewer_varturn2024.html\">V\u00e5rturneringen 2024<\/a><\/p>\n\n\n\n<p><a href=\"https:\/\/lass.no-ip.com\/partier\/viewer_LM2024.html\">LM 2024<\/a><\/p>\n\n\n\n<p><a href=\"https:\/\/lass.no-ip.com\/partier\/viewer_snabb-LM2024.html\">Snabbschacks-LM 2024<\/a><\/p>\n\n\n\n<p><a href=\"https:\/\/lass.no-ip.com\/partier\/viewer_KM2025.html\">KM 2025<\/a><\/p>\n\n\n\n<p><a href=\"https:\/\/lass.no-ip.com\/partier\/viewer_snabb-KM2025.html\">Snabbschacks-KM 2025<\/a><\/p>\n\n\n\n<p><a href=\"https:\/\/lass.no-ip.com\/partier\/viewer_varturn2025.html\">V\u00e5rturneringen 2025<\/a><\/p>\n\n\n\n<p><a href=\"https:\/\/lass.no-ip.com\/partier\/viewer_snabb-LM2025.html\">Snabbschacks-LM 2025<\/a><\/p>\n\n\n\n<p><a href=\"https:\/\/lass.no-ip.com\/partier\/viewer_LM2025.html\">LM 2025<\/a><\/p>\n\n\n\n<p><\/p>\n","protected":false},"excerpt":{"rendered":"<p>Partisamling f\u00f6r nedladdning En stor PGN-fil med partier fr\u00e5n 2007 fram till september 2023 (till och med snabb-LM 2023). De flesta schackprogram kan l\u00e4sa PGN och det finns gratis PGN-l\u00e4sare att ladda ner fr\u00e5n n\u00e4tet (t ex ChessPad). Filen \u00e4r l\u00f6senordsskyddad. \u00c4r du medlem i LASS s\u00e5 h\u00f6r av dig till styrelsen eller t\u00e4vlingsledningen f\u00f6r att f\u00e5 l\u00f6senordet. Partier f\u00f6r genomspelning i webl\u00e4saren L\u00e4nkarna nedan \u00f6ppnar en partivisar-app i webl\u00e4saren, med ett urval av partier fr\u00e5n olika \u00e5r.&nbsp; L\u00e4nkarna \u00e4r l\u00f6senordsskyddade. \u00c4r du medlem i LASS s\u00e5 h\u00f6r av dig till styrelsen eller t\u00e4vlingsledningen f\u00f6r att f\u00e5 l\u00f6senordet. 2015 2016 2017 2018 2019 2020 H\u00f6stturneringen 2020-21 LM 2021 Allsvenskan 2021-22 KM 2022 V\u00e5rturneringen 2022 Snabbschacks-KM 2022 LM 2022 Allsvenskan 2022-23 KM 2023 Snabbschacks-KM 2023 Snabbschacks-LM 2023 V\u00e5rturneringen 2023 LM 2023 KM 2024 Snabbschacks-KM 2024 V\u00e5rturneringen 2024 LM 2024 Snabbschacks-LM 2024 KM 2025 Snabbschacks-KM 2025 V\u00e5rturneringen 2025 Snabbschacks-LM 2025 LM 2025<\/p>\n","protected":false},"author":3,"featured_media":0,"parent":0,"menu_order":0,"comment_status":"closed","ping_status":"closed","template":"","meta":{"wp_social_preview_title":"","wp_social_preview_description":"","wp_social_preview_image":0,"footnotes":""},"class_list":["post-404","page","type-page","status-publish","hentry"],"_links":{"self":[{"href":"https:\/\/lass.no-ip.com\/wordpress\/index.php\/wp-json\/wp\/v2\/pages\/404","targetHints":{"allow":["GET"]}}],"collection":[{"href":"https:\/\/lass.no-ip.com\/wordpress\/index.php\/wp-json\/wp\/v2\/pages"}],"about":[{"href":"https:\/\/lass.no-ip.com\/wordpress\/index.php\/wp-json\/wp\/v2\/types\/page"}],"author":[{"embeddable":true,"href":"https:\/\/lass.no-ip.com\/wordpress\/index.php\/wp-json\/wp\/v2\/users\/3"}],"replies":[{"embeddable":true,"href":"https:\/\/lass.no-ip.com\/wordpress\/index.php\/wp-json\/wp\/v2\/comments?post=404"}],"version-history":[{"count":40,"href":"https:\/\/lass.no-ip.com\/wordpress\/index.php\/wp-json\/wp\/v2\/pages\/404\/revisions"}],"predecessor-version":[{"id":5807,"href":"https:\/\/lass.no-ip.com\/wordpress\/index.php\/wp-json\/wp\/v2\/pages\/404\/revisions\/5807"}],"wp:attachment":[{"href":"https:\/\/lass.no-ip.com\/wordpress\/index.php\/wp-json\/wp\/v2\/media?parent=404"}],"curies":[{"name":"wp","href":"https:\/\/api.w.org\/{rel}","templated":true}]}}