{"id":3642,"date":"2022-09-04T12:28:47","date_gmt":"2022-09-04T11:28:47","guid":{"rendered":"https:\/\/lass.no-ip.com\/wordpress\/?page_id=3642"},"modified":"2023-06-12T20:46:07","modified_gmt":"2023-06-12T19:46:07","slug":"resultat-2021","status":"publish","type":"page","link":"https:\/\/lass.no-ip.com\/wordpress\/index.php\/resultat-2021\/","title":{"rendered":"Resultat 2021"},"content":{"rendered":"\n<h4 class=\"wp-block-heading\"><strong>Allsvenskan 20<\/strong>21-2022<\/h4>\n\n\n\n<ul class=\"wp-block-list\">\n<li><a href=\"https:\/\/member.schack.se\/ShowTournamentServlet?id=8405\">LASS I<\/a>&nbsp; &nbsp; &nbsp;<a href=\"https:\/\/member.schack.se\/ShowTournamentServlet?id=8410\">LASS II  <\/a>&nbsp; &nbsp; &nbsp;<a href=\"https:\/\/member.schack.se\/ShowTournamentServlet?id=8418\"> LASS III<\/a>&nbsp; &nbsp; &nbsp; <\/li>\n<\/ul>\n\n\n\n<p><strong>LM 2021<\/strong>&nbsp;<strong>21\/9 \u2013 16\/12<\/strong>.<\/p>\n\n\n\n<ul class=\"wp-block-list\">\n<li><a href=\"https:\/\/lass.no-ip.com\/Inbjudan\/2021\/inbjudan_LM_2021.pdf\">Inbjudan<\/a><\/li>\n\n\n\n<li><a href=\"https:\/\/member.schack.se\/ShowTournamentServlet?id=9105\">Resultat<\/a><\/li>\n<\/ul>\n\n\n\n<p><strong>H\u00f6stsnabbschacket<\/strong>&nbsp;f\u00f6r spelare under ELO 1600&nbsp;<strong>29\/9-1\/12<\/strong>.<\/p>\n\n\n\n<ul class=\"wp-block-list\">\n<li><a href=\"https:\/\/lass.no-ip.com\/Inbjudan\/2021\/inbjudan_hostsnabbschacket_2021.pdf\">Inbjudan<\/a><\/li>\n\n\n\n<li><a href=\"https:\/\/member.schack.se\/ShowTournamentServlet?id=9199\">Resultat<\/a><\/li>\n<\/ul>\n\n\n\n<p><strong>H\u00f6stturneringen 15\/9 2020- september 2021<\/strong><\/p>\n\n\n\n<p>Turneringen avbr\u00f6ts i oktober 2020 p\u00e5 grund av smittskyddsrestriktioner och spelades f\u00e4rdigt i september 2021.<\/p>\n\n\n\n<ul class=\"wp-block-list\">\n<li><a href=\"https:\/\/lass.no-ip.com\/Inbjudan\/2020\/inbjudan_hostturn_2020.pdf\">Inbjudan<\/a><\/li>\n\n\n\n<li><a href=\"https:\/\/member.schack.se\/ShowTournamentServlet?id=8480\">Resultat<\/a><\/li>\n<\/ul>\n\n\n\n<p><strong>Uteschack p\u00e5 Skeppet 12\/8<\/strong><\/p>\n\n\n\n<ul class=\"wp-block-list\">\n<li><a href=\"https:\/\/lass.no-ip.com\/wordpress\/index.php\/2021\/08\/04\/uteschack-pa-skeppet-igen-den-12-8\/\">Inbjudan<\/a><\/li>\n\n\n\n<li><a href=\"https:\/\/member.schack.se\/ShowTournamentServlet?id=9005\">Resultat<\/a><\/li>\n<\/ul>\n\n\n\n<p><strong>Uteschack p\u00e5 Skeppet 15\/6<\/strong><\/p>\n\n\n\n<ul class=\"wp-block-list\">\n<li><a href=\"https:\/\/lass.no-ip.com\/wordpress\/index.php\/2021\/06\/08\/uteschack-pa-skeppet-den-15-6\/\">Inbjudan<\/a><\/li>\n\n\n\n<li><a href=\"https:\/\/member.schack.se\/ShowTournamentServlet?id=8925\">Resultat<\/a><\/li>\n<\/ul>\n\n\n\n<p><a href=\"https:\/\/lichess.org\/swiss\/QN9PxzfV\">Majblixt 18\/5<\/a><\/p>\n\n\n\n<p><a href=\"https:\/\/osf.no-ip.com\/wordpressosf\/index.php\/2021\/05\/08\/dubbel-norrkopingsseger-i-blixt-dm\/\">DM i n\u00e4tblixt 8\/5<\/a><\/p>\n\n\n\n<p><a href=\"https:\/\/lichess.org\/swiss\/DcVVaXSF\">Aprilblixt 20\/4<\/a><\/p>\n\n\n\n<p><a href=\"https:\/\/lass.no-ip.com\/wordpress\/index.php\/2021\/03\/02\/simon-vann-marsblixten\/\">Marsblixt 2\/3<\/a><\/p>\n\n\n\n<p><strong>KM i n\u00e4tblixt 9\/2<\/strong><\/p>\n\n\n\n<ul class=\"wp-block-list\">\n<li><a href=\"https:\/\/lass.no-ip.com\/wordpress\/index.php\/inbjudan-till-km-i-natblixt\/\">Inbjudan<\/a><\/li>\n\n\n\n<li><a href=\"https:\/\/lichess.org\/swiss\/2M3MZTQx\">Resultat<\/a><\/li>\n<\/ul>\n\n\n\n<p><a href=\"https:\/\/lichess.org\/swiss\/2M3MZTQx\">S\u00e4songsstartblixt 26\/1<\/a><\/p>\n\n\n\n<p><\/p>\n\n\n\n<p> <\/p>\n","protected":false},"excerpt":{"rendered":"<p>Allsvenskan 2021-2022 LM 2021&nbsp;21\/9 \u2013 16\/12. H\u00f6stsnabbschacket&nbsp;f\u00f6r spelare under ELO 1600&nbsp;29\/9-1\/12. H\u00f6stturneringen 15\/9 2020- september 2021 Turneringen avbr\u00f6ts i oktober 2020 p\u00e5 grund av smittskyddsrestriktioner och spelades f\u00e4rdigt i september 2021. Uteschack p\u00e5 Skeppet 12\/8 Uteschack p\u00e5 Skeppet 15\/6 Majblixt 18\/5 DM i n\u00e4tblixt 8\/5 Aprilblixt 20\/4 Marsblixt 2\/3 KM i n\u00e4tblixt 9\/2 S\u00e4songsstartblixt 26\/1<\/p>\n","protected":false},"author":3,"featured_media":0,"parent":0,"menu_order":0,"comment_status":"closed","ping_status":"closed","template":"","meta":{"wp_social_preview_title":"","wp_social_preview_description":"","wp_social_preview_image":0,"footnotes":""},"class_list":["post-3642","page","type-page","status-publish","hentry"],"_links":{"self":[{"href":"https:\/\/lass.no-ip.com\/wordpress\/index.php\/wp-json\/wp\/v2\/pages\/3642","targetHints":{"allow":["GET"]}}],"collection":[{"href":"https:\/\/lass.no-ip.com\/wordpress\/index.php\/wp-json\/wp\/v2\/pages"}],"about":[{"href":"https:\/\/lass.no-ip.com\/wordpress\/index.php\/wp-json\/wp\/v2\/types\/page"}],"author":[{"embeddable":true,"href":"https:\/\/lass.no-ip.com\/wordpress\/index.php\/wp-json\/wp\/v2\/users\/3"}],"replies":[{"embeddable":true,"href":"https:\/\/lass.no-ip.com\/wordpress\/index.php\/wp-json\/wp\/v2\/comments?post=3642"}],"version-history":[{"count":7,"href":"https:\/\/lass.no-ip.com\/wordpress\/index.php\/wp-json\/wp\/v2\/pages\/3642\/revisions"}],"predecessor-version":[{"id":4133,"href":"https:\/\/lass.no-ip.com\/wordpress\/index.php\/wp-json\/wp\/v2\/pages\/3642\/revisions\/4133"}],"wp:attachment":[{"href":"https:\/\/lass.no-ip.com\/wordpress\/index.php\/wp-json\/wp\/v2\/media?parent=3642"}],"curies":[{"name":"wp","href":"https:\/\/api.w.org\/{rel}","templated":true}]}}