{"id":2833,"date":"2020-12-27T15:26:51","date_gmt":"2020-12-27T14:26:51","guid":{"rendered":"https:\/\/lass.no-ip.com\/wordpress\/?page_id=2833"},"modified":"2025-01-20T22:33:50","modified_gmt":"2025-01-20T21:33:50","slug":"fragesportsarkiv","status":"publish","type":"page","link":"https:\/\/lass.no-ip.com\/wordpress\/index.php\/fragesportsarkiv\/","title":{"rendered":"Fr\u00e5gesportsarkiv"},"content":{"rendered":"\n<p>En popul\u00e4r tradition p\u00e5 v\u00e5ra jul- och v\u00e5ravslutningar f\u00f6r seniorer \u00e4r fr\u00e5gesport i form av en tipspromenad. <\/p>\n\n\n\n<p>H\u00e4r finns n\u00e5gra av de tidigare tipspromenaderna arkiverade. Facit finns ibland som en separat l\u00e4nk, och ibland inlagda i samma dokument som fr\u00e5gorna.<\/p>\n\n\n\n<p><a href=\"https:\/\/lass.no-ip.com\/Fragesport\/LASS_vartips_2014.pdf\">V\u00e5r 2014<\/a> * <a href=\"https:\/\/lass.no-ip.com\/Fragesport\/Facit_LASS_vartips_2014.pdf\">Facit<\/a><br><a href=\"https:\/\/lass.no-ip.com\/Fragesport\/LASS_vartips_2015.pdf\">V\u00e5r 2015<\/a> * <a href=\"https:\/\/lass.no-ip.com\/Fragesport\/LASS_vartips_2015_facit.pdf\">Facit och kommentarer<\/a><br><a href=\"https:\/\/lass.no-ip.com\/Fragesport\/LASS_jultips_2017.pdf\">Jul 2017<\/a> * <a href=\"https:\/\/lass.no-ip.com\/Fragesport\/Facit%20och%20kommentarer%20till%20LASS%20jultips%202017.txt\">Facit och kommentarer<\/a><br><a href=\"https:\/\/lass.no-ip.com\/Fragesport\/Tipspromenad_jul_2018.pdf\">Jul 2018<\/a> * <a href=\"https:\/\/lass.no-ip.com\/Fragesport\/Facit_tipspromenad_jul_2018.txt\">Facit<\/a><br><a href=\"https:\/\/lass.no-ip.com\/Fragesport\/LASS%20jultips%202019.pdf\">Jul 2019<\/a> * <a href=\"https:\/\/lass.no-ip.com\/Fragesport\/LASS%20jultips%202019%20facit.pdf\">Facit och kommentarer<\/a><br><a href=\"https:\/\/lass.no-ip.com\/wordpress\/index.php\/fragesporten-julavslutning-2020\/\">Jul 2020 med facit<\/a> (H\u00f6lls \u00f6ver n\u00e4tet p\u00e5 grund av coronapandemin)<br><a href=\"https:\/\/lass.no-ip.com\/Fragesport\/Varfragesport_2021.pdf\">V\u00e5r 2021<\/a> * <a href=\"https:\/\/lass.no-ip.com\/Fragesport\/Varfragesport_2021_facit_och_kommentarer.pdf\">Facit och kommentarer<\/a> (H\u00f6lls \u00f6ver n\u00e4tet p\u00e5 grund av coronapandemin)<br><a href=\"https:\/\/lass.no-ip.com\/Fragesport\/LASS_varfragesport_2022.pdf\">V\u00e5r 2022<\/a> * <a href=\"https:\/\/lass.no-ip.com\/Fragesport\/Facit_och_kommentarer_varfragesport_2022.txt\">Facit och kommentarer<\/a><br><a href=\"https:\/\/lass.no-ip.com\/Fragesport\/LASS_vartips_2023.pdf\">V\u00e5r 2023<\/a> * <a href=\"https:\/\/lass.no-ip.com\/Fragesport\/LASS_vartips_2023_facit_och_kommentarer.pdf\">Facit och kommentarer<\/a><br><a href=\"https:\/\/lass.no-ip.com\/Fragesport\/LASS_jultips_2023.pdf\">Jul 2023<\/a> * <a href=\"https:\/\/lass.no-ip.com\/Fragesport\/Facit_LASS_jultips_2023.pdf\">Facit<\/a><br><a href=\"https:\/\/lass.no-ip.com\/Fragesport\/LASS_vartips_2024.pdf\">V\u00e5r 2024<\/a>* <a href=\"https:\/\/lass.no-ip.com\/Fragesport\/Facit_LASS_vartips_2024.pdf\">Facit<\/a> * <a href=\"https:\/\/lass.no-ip.com\/Fragesport\/Resultat_LASS_vartips_2024.txt\">Resultat<\/a><br><a href=\"https:\/\/lass.no-ip.com\/Fragesport\/LASS_jultips_2024.pdf\">Jul 2024<\/a> * <a href=\"https:\/\/lass.no-ip.com\/Fragesport\/Facit_och_kommentarer_LASS_jultips_2024.pdf\">Facit och kommentarer<\/a><\/p>\n\n\n\n<p><\/p>\n\n\n\n<p><\/p>\n\n\n\n<p><\/p>\n\n\n\n<p><\/p>\n\n\n\n<p><br><\/p>\n","protected":false},"excerpt":{"rendered":"<p>En popul\u00e4r tradition p\u00e5 v\u00e5ra jul- och v\u00e5ravslutningar f\u00f6r seniorer \u00e4r fr\u00e5gesport i form av en tipspromenad. H\u00e4r finns n\u00e5gra av de tidigare tipspromenaderna arkiverade. Facit finns ibland som en separat l\u00e4nk, och ibland inlagda i samma dokument som fr\u00e5gorna. V\u00e5r 2014 * FacitV\u00e5r 2015 * Facit och kommentarerJul 2017 * Facit och kommentarerJul 2018 * FacitJul 2019 * Facit och kommentarerJul 2020 med facit (H\u00f6lls \u00f6ver n\u00e4tet p\u00e5 grund av coronapandemin)V\u00e5r 2021 * Facit och kommentarer (H\u00f6lls \u00f6ver n\u00e4tet p\u00e5 grund av coronapandemin)V\u00e5r 2022 * Facit och kommentarerV\u00e5r 2023 * Facit och kommentarerJul 2023 * FacitV\u00e5r 2024* Facit * ResultatJul 2024 * Facit och kommentarer<\/p>\n","protected":false},"author":5,"featured_media":0,"parent":0,"menu_order":0,"comment_status":"closed","ping_status":"closed","template":"","meta":{"wp_social_preview_title":"","wp_social_preview_description":"","wp_social_preview_image":0,"footnotes":""},"class_list":["post-2833","page","type-page","status-publish","hentry"],"_links":{"self":[{"href":"https:\/\/lass.no-ip.com\/wordpress\/index.php\/wp-json\/wp\/v2\/pages\/2833","targetHints":{"allow":["GET"]}}],"collection":[{"href":"https:\/\/lass.no-ip.com\/wordpress\/index.php\/wp-json\/wp\/v2\/pages"}],"about":[{"href":"https:\/\/lass.no-ip.com\/wordpress\/index.php\/wp-json\/wp\/v2\/types\/page"}],"author":[{"embeddable":true,"href":"https:\/\/lass.no-ip.com\/wordpress\/index.php\/wp-json\/wp\/v2\/users\/5"}],"replies":[{"embeddable":true,"href":"https:\/\/lass.no-ip.com\/wordpress\/index.php\/wp-json\/wp\/v2\/comments?post=2833"}],"version-history":[{"count":17,"href":"https:\/\/lass.no-ip.com\/wordpress\/index.php\/wp-json\/wp\/v2\/pages\/2833\/revisions"}],"predecessor-version":[{"id":5200,"href":"https:\/\/lass.no-ip.com\/wordpress\/index.php\/wp-json\/wp\/v2\/pages\/2833\/revisions\/5200"}],"wp:attachment":[{"href":"https:\/\/lass.no-ip.com\/wordpress\/index.php\/wp-json\/wp\/v2\/media?parent=2833"}],"curies":[{"name":"wp","href":"https:\/\/api.w.org\/{rel}","templated":true}]}}