{"id":2787,"date":"2020-11-30T21:47:33","date_gmt":"2020-11-30T20:47:33","guid":{"rendered":"https:\/\/lass.no-ip.com\/wordpress\/?page_id=2787"},"modified":"2025-11-13T14:06:27","modified_gmt":"2025-11-13T13:06:27","slug":"lagring-av-personuppgifter","status":"publish","type":"page","link":"https:\/\/lass.no-ip.com\/wordpress\/index.php\/lagring-av-personuppgifter\/","title":{"rendered":"Lagring av personuppgifter"},"content":{"rendered":"\n<p>LASS registrerar sina medlemmar i Sveriges Schackf\u00f6rbunds medlemsregister. Genom att ans\u00f6ka om medlemskap i LASS medger du att dina uppgifter lagras d\u00e4r. <\/p>\n\n\n\n<p>Den information som SSF m\u00e5ste lagra (enligt myndigheternas krav) \u00e4r<\/p>\n\n\n\n<ul class=\"wp-block-list\">\n<li>Namn<\/li>\n\n\n\n<li>Adress<\/li>\n\n\n\n<li>K\u00f6n<\/li>\n\n\n\n<li>Personnummer<\/li>\n<\/ul>\n\n\n\n<p>Det \u00e4r ocks\u00e5 bra, men frivilligt, att registrera telefonnummer och emailadress, s\u00e5 att du l\u00e4tt kan n\u00e5s, t ex i samband med t\u00e4vlingar eller vid flytt av tr\u00e4ningstillf\u00e4llen.<\/p>\n\n\n\n<p>LASS-medlemmars adress och (om de \u00e4r registrerade) emailadress och telefonnummer kan sl\u00e5s upp i registret av andra LASS-medlemmar via en l\u00f6senordsskyddad l\u00e4nk p\u00e5 hemsidan. \u00d6vrig information \u00e4r endast tillg\u00e4nglig f\u00f6r klubbens och SSFs adminstrat\u00f6rer.<\/p>\n\n\n\n<p>SSFs dataskyddspolicy kan du l\u00e4sa <a href=\"https:\/\/schack.se\/wp-content\/uploads\/2021\/03\/SSFs-Dataskyddspolicy-2021-03-31.pdf\">h\u00e4r<\/a>.<\/p>\n\n\n\n<p>Speciella regler g\u00e4ller f\u00f6r personer med skyddad identitet. Kontakta styrelsen f\u00f6r mer information.<\/p>\n\n\n\n<p><\/p>\n","protected":false},"excerpt":{"rendered":"<p>LASS registrerar sina medlemmar i Sveriges Schackf\u00f6rbunds medlemsregister. Genom att ans\u00f6ka om medlemskap i LASS medger du att dina uppgifter lagras d\u00e4r. Den information som SSF m\u00e5ste lagra (enligt myndigheternas krav) \u00e4r Det \u00e4r ocks\u00e5 bra, men frivilligt, att registrera telefonnummer och emailadress, s\u00e5 att du l\u00e4tt kan n\u00e5s, t ex i samband med t\u00e4vlingar eller vid flytt av tr\u00e4ningstillf\u00e4llen. LASS-medlemmars adress och (om de \u00e4r registrerade) emailadress och telefonnummer kan sl\u00e5s upp i registret av andra LASS-medlemmar via en l\u00f6senordsskyddad l\u00e4nk p\u00e5 hemsidan. \u00d6vrig information \u00e4r endast tillg\u00e4nglig f\u00f6r klubbens och SSFs adminstrat\u00f6rer. SSFs dataskyddspolicy kan du l\u00e4sa h\u00e4r. Speciella regler g\u00e4ller f\u00f6r personer med skyddad identitet. Kontakta styrelsen f\u00f6r mer information.<\/p>\n","protected":false},"author":5,"featured_media":0,"parent":0,"menu_order":0,"comment_status":"closed","ping_status":"closed","template":"","meta":{"wp_social_preview_title":"","wp_social_preview_description":"","wp_social_preview_image":0,"footnotes":""},"class_list":["post-2787","page","type-page","status-publish","hentry"],"_links":{"self":[{"href":"https:\/\/lass.no-ip.com\/wordpress\/index.php\/wp-json\/wp\/v2\/pages\/2787","targetHints":{"allow":["GET"]}}],"collection":[{"href":"https:\/\/lass.no-ip.com\/wordpress\/index.php\/wp-json\/wp\/v2\/pages"}],"about":[{"href":"https:\/\/lass.no-ip.com\/wordpress\/index.php\/wp-json\/wp\/v2\/types\/page"}],"author":[{"embeddable":true,"href":"https:\/\/lass.no-ip.com\/wordpress\/index.php\/wp-json\/wp\/v2\/users\/5"}],"replies":[{"embeddable":true,"href":"https:\/\/lass.no-ip.com\/wordpress\/index.php\/wp-json\/wp\/v2\/comments?post=2787"}],"version-history":[{"count":6,"href":"https:\/\/lass.no-ip.com\/wordpress\/index.php\/wp-json\/wp\/v2\/pages\/2787\/revisions"}],"predecessor-version":[{"id":5720,"href":"https:\/\/lass.no-ip.com\/wordpress\/index.php\/wp-json\/wp\/v2\/pages\/2787\/revisions\/5720"}],"wp:attachment":[{"href":"https:\/\/lass.no-ip.com\/wordpress\/index.php\/wp-json\/wp\/v2\/media?parent=2787"}],"curies":[{"name":"wp","href":"https:\/\/api.w.org\/{rel}","templated":true}]}}