{"id":2685,"date":"2020-09-22T20:09:13","date_gmt":"2020-09-22T19:09:13","guid":{"rendered":"https:\/\/lass.no-ip.com\/wordpress\/?page_id=2685"},"modified":"2020-10-18T13:53:53","modified_gmt":"2020-10-18T12:53:53","slug":"hangrondslista","status":"publish","type":"page","link":"https:\/\/lass.no-ip.com\/wordpress\/index.php\/hangrondslista\/","title":{"rendered":"H\u00e4ngrondslista"},"content":{"rendered":"\n<p>F\u00f6r att vi inte skall f\u00e5 f\u00f6r m\u00e5nga spelare p\u00e5 h\u00e4ngrondskv\u00e4llarna vill vi att alla som vill spela p\u00e5 en h\u00e4ngrondstisdag anm\u00e4ler detta i f\u00f6rv\u00e4g. Spelare p\u00e5 listan nedan har f\u00f6retr\u00e4de till att spela. Listan \u00e4r sorterad efter n\u00e4r man anm\u00e4lde sig.<\/p>\n\n\n\n<p><strong>Tisdag 20\/10<\/strong><\/p>\n\n\n\n<p>Florian Wendorff &#8211; Muamer Alic (rond 1)<br>Max Wahlund &#8211; Mattias Sj\u00f6gren (rond 2)<br>Magnus Olsson &#8211; Archie Tonkin (rond 3)<br>Ofelia Th\u00f6rnqvist &#8211; Istvan Orci (rond 4)<br><\/p>\n","protected":false},"excerpt":{"rendered":"<p>F\u00f6r att vi inte skall f\u00e5 f\u00f6r m\u00e5nga spelare p\u00e5 h\u00e4ngrondskv\u00e4llarna vill vi att alla som vill spela p\u00e5 en h\u00e4ngrondstisdag anm\u00e4ler detta i f\u00f6rv\u00e4g. Spelare p\u00e5 listan nedan har f\u00f6retr\u00e4de till att spela. Listan \u00e4r sorterad efter n\u00e4r man anm\u00e4lde sig. Tisdag 20\/10 Florian Wendorff &#8211; Muamer Alic (rond 1)Max Wahlund &#8211; Mattias Sj\u00f6gren (rond 2)Magnus Olsson &#8211; Archie Tonkin (rond 3)Ofelia Th\u00f6rnqvist &#8211; Istvan Orci (rond 4)<\/p>\n","protected":false},"author":5,"featured_media":0,"parent":0,"menu_order":0,"comment_status":"closed","ping_status":"closed","template":"","meta":{"wp_social_preview_title":"","wp_social_preview_description":"","wp_social_preview_image":0,"footnotes":""},"class_list":["post-2685","page","type-page","status-publish","hentry"],"_links":{"self":[{"href":"https:\/\/lass.no-ip.com\/wordpress\/index.php\/wp-json\/wp\/v2\/pages\/2685","targetHints":{"allow":["GET"]}}],"collection":[{"href":"https:\/\/lass.no-ip.com\/wordpress\/index.php\/wp-json\/wp\/v2\/pages"}],"about":[{"href":"https:\/\/lass.no-ip.com\/wordpress\/index.php\/wp-json\/wp\/v2\/types\/page"}],"author":[{"embeddable":true,"href":"https:\/\/lass.no-ip.com\/wordpress\/index.php\/wp-json\/wp\/v2\/users\/5"}],"replies":[{"embeddable":true,"href":"https:\/\/lass.no-ip.com\/wordpress\/index.php\/wp-json\/wp\/v2\/comments?post=2685"}],"version-history":[{"count":8,"href":"https:\/\/lass.no-ip.com\/wordpress\/index.php\/wp-json\/wp\/v2\/pages\/2685\/revisions"}],"predecessor-version":[{"id":2713,"href":"https:\/\/lass.no-ip.com\/wordpress\/index.php\/wp-json\/wp\/v2\/pages\/2685\/revisions\/2713"}],"wp:attachment":[{"href":"https:\/\/lass.no-ip.com\/wordpress\/index.php\/wp-json\/wp\/v2\/media?parent=2685"}],"curies":[{"name":"wp","href":"https:\/\/api.w.org\/{rel}","templated":true}]}}