{"id":2467,"date":"2020-05-07T20:04:00","date_gmt":"2020-05-07T19:04:00","guid":{"rendered":"http:\/\/lass.no-ip.com\/wordpress\/?page_id=2467"},"modified":"2020-06-25T19:28:48","modified_gmt":"2020-06-25T18:28:48","slug":"torsdagsturneringen","status":"publish","type":"page","link":"https:\/\/lass.no-ip.com\/wordpress\/index.php\/torsdagsturneringen\/","title":{"rendered":"Torsdagsturneringen"},"content":{"rendered":"\n<p>Torsdagsturneringen \u00e4r en snabbschacksturnering f\u00f6r LASS-medlemmar som spelas p\u00e5 p\u00e5 chess.com. Turneringen \u00e4r uppdelad p\u00e5 \u00e5tta delt\u00e4vlingar d\u00e4r varje delt\u00e4vling spelas som fyra ronder schweizer med bet\u00e4nketiden 10 minuter + 5 sekunder \/ drag. Speltid: torsdagskv\u00e4llar klockan 19.00. F\u00f6r exakta datum, se spelkalendern. Instruktioner f\u00f6r hur man deltar finns <a href=\"https:\/\/lass.no-ip.com\/wordpress\/index.php\/klubbturneringar-pa-chess-com\/\">h\u00e4r<\/a>.<\/p>\n\n\n\n<p>Varje delt\u00e4vling \u00e4r en frist\u00e5ende turnering men po\u00e4ngen fr\u00e5n alla delt\u00e4vlingar summeras.<\/p>\n\n\n\n<p>Efter \u00e5tta omg\u00e5ngar har vi en \u00f6verl\u00e4gsen slutsegrare: Love Janse (kelvandil) p\u00e5 25,5 po\u00e4ng, 7 po\u00e4ng f\u00f6re tv\u00e5an Simon Olsson (BlkNAlwaysTriumph). P\u00e5 delad tredjeplats kom Ofelia Th\u00f6rnqvist (Lassie79) och Magnus Olsson (Lost_Knight_42).<\/p>\n\n\n\n<p><strong>Turneringstabeller f\u00f6r delt\u00e4vlingarna<\/strong><\/p>\n\n\n\n<p><a href=\"https:\/\/www.chess.com\/tournament\/live\/torsdagsturneringen-1-1212130\">Delt\u00e4vling 1 (7\/5 2020)<\/a><br><a href=\"https:\/\/www.chess.com\/tournament\/live\/torsdagsturneringen-2-1226579?fbclid=IwAR3FxhwSY5tjWlwkN-LuSctC_3zAKlWkLM-fOLyTuXHsp1Sv32Df5LMJnx8\">Delt\u00e4vling 2 (14\/5)<\/a><br><a href=\"https:\/\/www.chess.com\/tournament\/live\/torsdagsturneringen-3-1231872\">Delt\u00e4vling 3 (21\/5)<\/a><br><a href=\"https:\/\/www.chess.com\/tournament\/live\/torsdagsturneringen-4-1240134\">Delt\u00e4vling 4 (28\/5)<\/a> <br><a href=\"https:\/\/www.chess.com\/tournament\/live\/torsdagsturneringen-5-1246689\">Delt\u00e4vling 5 (4\/6)<\/a><br><a href=\"https:\/\/www.chess.com\/tournament\/live\/torsdagsturneringen-6-1250492\">Delt\u00e4vling 6 (11\/6)<\/a><br><a href=\"https:\/\/www.chess.com\/tournament\/live\/torsdagsturneringen-7-1272338\">Delt\u00e4vling 7 (18\/6, spelades i bara tre ronder pga f\u00e5 deltagare)<\/a><br><a href=\"https:\/\/www.chess.com\/tournament\/live\/torsdagsturneringen-8-1273706\">Delt\u00e4vling 8 (24\/6, ocks\u00e5 bara tre ronder)<\/a><\/p>\n\n\n\n<p><strong>Total st\u00e4llning<\/strong><\/p>\n\n\n\n<p>OBS! Av n\u00e5gon anledning (kanske en bugg i webl\u00e4saren) s\u00e5 registrerades partiet Mortengarner-Rolle56 i rond 4 av delt\u00e4vling 4 som uppgivet efter ett (!) drag. Vi har beslutat att r\u00e4kna partiet som remi i sammanr\u00e4kningen av totalresultat nedan.<\/p>\n\n\n\n<figure class=\"wp-block-image size-large\"><img loading=\"lazy\" decoding=\"async\" width=\"870\" height=\"463\" src=\"https:\/\/lass.no-ip.com\/wordpress\/wp-content\/uploads\/2020\/06\/image-4.png\" alt=\"\" class=\"wp-image-2537\" srcset=\"https:\/\/lass.no-ip.com\/wordpress\/wp-content\/uploads\/2020\/06\/image-4.png 870w, https:\/\/lass.no-ip.com\/wordpress\/wp-content\/uploads\/2020\/06\/image-4-300x160.png 300w, https:\/\/lass.no-ip.com\/wordpress\/wp-content\/uploads\/2020\/06\/image-4-768x409.png 768w, https:\/\/lass.no-ip.com\/wordpress\/wp-content\/uploads\/2020\/06\/image-4-400x213.png 400w\" sizes=\"auto, (max-width: 870px) 100vw, 870px\" \/><\/figure>\n","protected":false},"excerpt":{"rendered":"<p>Torsdagsturneringen \u00e4r en snabbschacksturnering f\u00f6r LASS-medlemmar som spelas p\u00e5 p\u00e5 chess.com. Turneringen \u00e4r uppdelad p\u00e5 \u00e5tta delt\u00e4vlingar d\u00e4r varje delt\u00e4vling spelas som fyra ronder schweizer med bet\u00e4nketiden 10 minuter + 5 sekunder \/ drag. Speltid: torsdagskv\u00e4llar klockan 19.00. F\u00f6r exakta datum, se spelkalendern. Instruktioner f\u00f6r hur man deltar finns h\u00e4r. Varje delt\u00e4vling \u00e4r en frist\u00e5ende turnering men po\u00e4ngen fr\u00e5n alla delt\u00e4vlingar summeras. Efter \u00e5tta omg\u00e5ngar har vi en \u00f6verl\u00e4gsen slutsegrare: Love Janse (kelvandil) p\u00e5 25,5 po\u00e4ng, 7 po\u00e4ng f\u00f6re tv\u00e5an Simon Olsson (BlkNAlwaysTriumph). P\u00e5 delad tredjeplats kom Ofelia Th\u00f6rnqvist (Lassie79) och Magnus Olsson (Lost_Knight_42). Turneringstabeller f\u00f6r delt\u00e4vlingarna Delt\u00e4vling 1 (7\/5 2020)Delt\u00e4vling 2 (14\/5)Delt\u00e4vling 3 (21\/5)Delt\u00e4vling 4 (28\/5) Delt\u00e4vling 5 (4\/6)Delt\u00e4vling 6 (11\/6)Delt\u00e4vling 7 (18\/6, spelades i bara tre ronder pga f\u00e5 deltagare)Delt\u00e4vling 8 (24\/6, ocks\u00e5 bara tre ronder) Total st\u00e4llning OBS! Av n\u00e5gon anledning (kanske en bugg i webl\u00e4saren) s\u00e5 registrerades partiet Mortengarner-Rolle56 i rond 4 av delt\u00e4vling 4 som uppgivet efter ett (!) drag. Vi har beslutat att r\u00e4kna partiet som remi i sammanr\u00e4kningen av totalresultat nedan.<\/p>\n","protected":false},"author":5,"featured_media":0,"parent":0,"menu_order":0,"comment_status":"closed","ping_status":"closed","template":"","meta":{"wp_social_preview_title":"","wp_social_preview_description":"","wp_social_preview_image":0,"footnotes":""},"class_list":["post-2467","page","type-page","status-publish","hentry"],"_links":{"self":[{"href":"https:\/\/lass.no-ip.com\/wordpress\/index.php\/wp-json\/wp\/v2\/pages\/2467","targetHints":{"allow":["GET"]}}],"collection":[{"href":"https:\/\/lass.no-ip.com\/wordpress\/index.php\/wp-json\/wp\/v2\/pages"}],"about":[{"href":"https:\/\/lass.no-ip.com\/wordpress\/index.php\/wp-json\/wp\/v2\/types\/page"}],"author":[{"embeddable":true,"href":"https:\/\/lass.no-ip.com\/wordpress\/index.php\/wp-json\/wp\/v2\/users\/5"}],"replies":[{"embeddable":true,"href":"https:\/\/lass.no-ip.com\/wordpress\/index.php\/wp-json\/wp\/v2\/comments?post=2467"}],"version-history":[{"count":16,"href":"https:\/\/lass.no-ip.com\/wordpress\/index.php\/wp-json\/wp\/v2\/pages\/2467\/revisions"}],"predecessor-version":[{"id":2539,"href":"https:\/\/lass.no-ip.com\/wordpress\/index.php\/wp-json\/wp\/v2\/pages\/2467\/revisions\/2539"}],"wp:attachment":[{"href":"https:\/\/lass.no-ip.com\/wordpress\/index.php\/wp-json\/wp\/v2\/media?parent=2467"}],"curies":[{"name":"wp","href":"https:\/\/api.w.org\/{rel}","templated":true}]}}