{"id":2436,"date":"2020-04-21T20:49:18","date_gmt":"2020-04-21T19:49:18","guid":{"rendered":"http:\/\/lass.no-ip.com\/wordpress\/?page_id=2436"},"modified":"2020-05-07T10:38:44","modified_gmt":"2020-05-07T09:38:44","slug":"klubbturneringar-pa-chess-com","status":"publish","type":"page","link":"https:\/\/lass.no-ip.com\/wordpress\/index.php\/klubbturneringar-pa-chess-com\/","title":{"rendered":"Klubbturneringar p\u00e5 chess.com"},"content":{"rendered":"\n<p>Under v\u00e5ren 2020 kommer vi att f\u00f6rs\u00f6ka ordna online-turneringar f\u00f6r klubbens medlemmar p\u00e5 tv\u00e5 servrar: lichess.org och chess.com. Den h\u00e4r artikeln beskriver hur man spelar i klubbens turneringar p\u00e5 chess.com. Det finns en annan sida med <a href=\"https:\/\/lass.no-ip.com\/wordpress\/index.php\/lass-lag-pa-lichess\/\">information om hur man spelar p\u00e5 lichess<\/a>.<\/p>\n\n\n\n<p>F\u00f6r att spela p\u00e5 chess.com beh\u00f6vs till att b\u00f6rja med ett konto. Om du inte redan har ett, g\u00e5 till <a href=\"http:\/\/chess.com\">chess.com<\/a> och registrera dig. Kontona \u00e4r gratis men du kommer att f\u00e5 en del uppmaningar om att betala f\u00f6r att f\u00e5 tillg\u00e5ng till mer funktioner. Det kan du ignorera om du bara vill spela.<\/p>\n\n\n\n<p>F\u00f6r att kunna spela i v\u00e5ra turneringar p\u00e5 chess.com m\u00e5ste du vara med i v\u00e5r klubb d\u00e4r som, f\u00f6ga \u00f6verraskande, heter LASS. Du kan antingen kontakta klubbadministrat\u00f6ren Magnus Olsson (Lost_Knight_42) p\u00e5 chess.com) eller s\u00f6ka efter klubben p\u00e5 webbsidan och ans\u00f6ka om medlemskap. F\u00f6r att g\u00e5 med skall du ha betalt medlemsavgiften i &#8221;vanliga&#8221; LASS och helst ha angivit ditt riktiga namn i din profil.<\/p>\n\n\n\n<p><strong>S\u00e5 h\u00e4r s\u00f6ker man efter klubbar om man spelar i en webbl\u00e4sare<\/strong>:<\/p>\n\n\n\n<p>L\u00e4ngst till v\u00e4nster p\u00e5 sidan finns en meny med ikoner som ser ut s\u00e5 h\u00e4r (den n\u00e4st \u00f6versta ikonen kommer att vara ditt spelarportr\u00e4tt eller avatar om du har laddat upp n\u00e5gon, s\u00e5 den kommer att se annorlunda ut p\u00e5 ditt konto):<\/p>\n\n\n\n<figure class=\"wp-block-image size-large\"><img loading=\"lazy\" decoding=\"async\" width=\"48\" height=\"325\" src=\"https:\/\/lass.no-ip.com\/wordpress\/wp-content\/uploads\/2020\/04\/image.png\" alt=\"\" class=\"wp-image-2438\"\/><\/figure>\n\n\n\n<p>Klickar du p\u00e5 den tredje ikonen underifr\u00e5n, som ser ut som tv\u00e5 pratbubblor, s\u00e5r f\u00e5r du upp en meny d\u00e4r du kan v\u00e4lja &#8221;klubbar&#8221;. D\u00e5 ser du dels vilka klubbar du redan \u00e4r med i, men du kan ocks\u00e5 s\u00f6ka efter andra klubbar. S\u00f6ker du efter &#8221;LASS&#8221; s\u00e5 skall det finnas en knapp att trycka p\u00e5 f\u00f6r att ans\u00f6ka om medlemsskap. N\u00e4r ans\u00f6kan \u00e4r godk\u00e4nd kommer LASS att finnas med bland dina klubbar. Om du inte hittar klubben, kontakta Magnus.<\/p>\n\n\n\n<p>Om du redan \u00e4r medlem och klickar p\u00e5 &#8221;LASS&#8221; i listan av dina klubbar s\u00e5 f\u00e5r du upp en meny d\u00e4r du bl a kan se vem som \u00e4r medlem. D\u00e4r finns ocks\u00e5 ett alternativ &#8221;live-turneringar&#8221;. <em><span class=\"has-inline-color has-very-dark-gray-color\">Observera att det valet bara visar turneringar som redan \u00e4r f\u00e4rdigspelade, s\u00e5 du kan inte anv\u00e4nda det f\u00f6r att anm\u00e4la dig till nya turneringar!<\/span><\/em><\/p>\n\n\n\n<p><strong>F\u00f6r att anm\u00e4la dig till en ny klubbturnering<\/strong> skall du i st\u00e4llet g\u00e5 till sidan med live-partier. Klicka p\u00e5 den tredje ikonen uppifr\u00e5n i den v\u00e4nstra menyn, den som ser ut som en hand som flyttar en bonde. I menyn som kommer upp v\u00e4ljer du &#8221;liveschack&#8221;. D\u00e5 f\u00e5r du upp ett schackbr\u00e4de p\u00e5 sk\u00e4rmen:<\/p>\n\n\n\n<figure class=\"wp-block-image size-large\"><img loading=\"lazy\" decoding=\"async\" width=\"1024\" height=\"592\" src=\"https:\/\/lass.no-ip.com\/wordpress\/wp-content\/uploads\/2020\/04\/image-1-1024x592.png\" alt=\"\" class=\"wp-image-2439\" srcset=\"https:\/\/lass.no-ip.com\/wordpress\/wp-content\/uploads\/2020\/04\/image-1-1024x592.png 1024w, https:\/\/lass.no-ip.com\/wordpress\/wp-content\/uploads\/2020\/04\/image-1-300x173.png 300w, https:\/\/lass.no-ip.com\/wordpress\/wp-content\/uploads\/2020\/04\/image-1-768x444.png 768w, https:\/\/lass.no-ip.com\/wordpress\/wp-content\/uploads\/2020\/04\/image-1-400x231.png 400w, https:\/\/lass.no-ip.com\/wordpress\/wp-content\/uploads\/2020\/04\/image-1.png 1189w\" sizes=\"auto, (max-width: 1024px) 100vw, 1024px\" \/><\/figure>\n\n\n\n<p>Om det finns n\u00e5gra planerade turneringar f\u00f6r n\u00e5gon av dina klubbar s\u00e5 kommer de nu att listas till h\u00f6ger om br\u00e4det. Eventuellt m\u00e5ste du klicka p\u00e5 &#8221;turneringar&#8221; l\u00e4ngst upp till h\u00f6ger. P\u00e5 bilden ovan ser man turneringen &#8221;LASS-snabb 1&#8221; som startar om 45 timmar.<\/p>\n\n\n\n<p>N\u00e4r det \u00e4r mindre \u00e4n en timme kvar till spelstart s\u00e5 finns det en knapp f\u00f6r att <strong>anm\u00e4la sig till turneringen<\/strong>. Tryck p\u00e5 knappen och v\u00e4nta p\u00e5 spelstart! N\u00e4r f\u00f6rsta ronden b\u00f6rjar visas din motst\u00e5ndare p\u00e5 br\u00e4det och det \u00e4r bara att b\u00f6rja spela!<\/p>\n\n\n\n<p><em><span class=\"has-inline-color has-vivid-red-color\">OBS! Viktigt! Du kan <\/span><\/em><span class=\"has-inline-color has-vivid-red-color\"><em><strong>inte<\/strong><\/em><\/span><em><span class=\"has-inline-color has-vivid-red-color\"> g\u00e5 till klubben och titta under &#8221;live-turneringar&#8221; d\u00e4r, f\u00f6r d\u00e4r listas bara redan avslutade turneringar.<\/span><\/em><\/p>\n\n\n\n<p>Det finns tv\u00e5 sorters turneringar: schweizerturneringar och arenaturneringar. Schweizerturneringar har ett fast antal ronder och lottas (f\u00f6rmodligen) med n\u00e5gon form av schweizerlottning. Om det blir f\u00f6r f\u00e5 deltagare s\u00e5 kan rondantalet komma att minskas automatiskt. En rond \u00e4r slut n\u00e4r alla partier i ronden \u00e4r f\u00e4rdigspelade och turneringen \u00e4r slut n\u00e4r alla ronder \u00e4r f\u00e4rdigspelade.<\/p>\n\n\n\n<p>I en arenaturnering har turneringen en fast tidsl\u00e4ngd och man spelar s\u00e5 m\u00e5nga partier man hinner under den tiden. S\u00e5 fort ett parti \u00e4r slut och en ny motst\u00e5ndare blir ledig startar n\u00e4sta parti.<\/p>\n\n\n\n<p>V\u00e4lkomna!<\/p>\n","protected":false},"excerpt":{"rendered":"<p>Under v\u00e5ren 2020 kommer vi att f\u00f6rs\u00f6ka ordna online-turneringar f\u00f6r klubbens medlemmar p\u00e5 tv\u00e5 servrar: lichess.org och chess.com. Den h\u00e4r artikeln beskriver hur man spelar i klubbens turneringar p\u00e5 chess.com. Det finns en annan sida med information om hur man spelar p\u00e5 lichess. F\u00f6r att spela p\u00e5 chess.com beh\u00f6vs till att b\u00f6rja med ett konto. Om du inte redan har ett, g\u00e5 till chess.com och registrera dig. Kontona \u00e4r gratis men du kommer att f\u00e5 en del uppmaningar om att betala f\u00f6r att f\u00e5 tillg\u00e5ng till mer funktioner. Det kan du ignorera om du bara vill spela. F\u00f6r att kunna spela i v\u00e5ra turneringar p\u00e5 chess.com m\u00e5ste du vara med i v\u00e5r klubb d\u00e4r som, f\u00f6ga \u00f6verraskande, heter LASS. Du kan antingen kontakta klubbadministrat\u00f6ren Magnus Olsson (Lost_Knight_42) p\u00e5 chess.com) eller s\u00f6ka efter klubben p\u00e5 webbsidan och ans\u00f6ka om medlemskap. F\u00f6r att g\u00e5 med skall du ha betalt medlemsavgiften i &#8221;vanliga&#8221; LASS och helst ha angivit ditt riktiga namn i din profil. S\u00e5 h\u00e4r s\u00f6ker man efter klubbar om man spelar i en webbl\u00e4sare: L\u00e4ngst till v\u00e4nster p\u00e5 sidan finns en meny med ikoner som ser ut s\u00e5 h\u00e4r (den n\u00e4st \u00f6versta ikonen kommer att vara ditt spelarportr\u00e4tt eller avatar om du har laddat upp n\u00e5gon, s\u00e5 den kommer att se annorlunda ut p\u00e5 ditt konto): Klickar du p\u00e5 den tredje ikonen underifr\u00e5n, som ser ut som tv\u00e5 pratbubblor, s\u00e5r f\u00e5r du upp en meny d\u00e4r du kan v\u00e4lja &#8221;klubbar&#8221;. D\u00e5 ser du dels vilka klubbar du redan \u00e4r med i, men du kan ocks\u00e5 s\u00f6ka efter andra klubbar. S\u00f6ker du efter &#8221;LASS&#8221; s\u00e5 skall det finnas en knapp att trycka p\u00e5 f\u00f6r att ans\u00f6ka om medlemsskap. N\u00e4r ans\u00f6kan \u00e4r godk\u00e4nd kommer LASS att finnas med bland dina klubbar. Om du inte hittar klubben, kontakta Magnus. Om du redan \u00e4r medlem och klickar p\u00e5 &#8221;LASS&#8221; i listan av dina klubbar s\u00e5 f\u00e5r du upp en meny d\u00e4r du bl a kan se vem som \u00e4r medlem. D\u00e4r finns ocks\u00e5 ett alternativ &#8221;live-turneringar&#8221;. Observera att det valet bara visar turneringar som redan \u00e4r f\u00e4rdigspelade, s\u00e5 du kan inte anv\u00e4nda det f\u00f6r att anm\u00e4la dig till nya turneringar! F\u00f6r att anm\u00e4la dig till en ny klubbturnering skall du i st\u00e4llet g\u00e5 till sidan med live-partier. Klicka p\u00e5 den tredje ikonen uppifr\u00e5n i den v\u00e4nstra menyn, den som ser ut som en hand som flyttar en bonde. I menyn som kommer upp v\u00e4ljer du &#8221;liveschack&#8221;. D\u00e5 f\u00e5r du upp ett schackbr\u00e4de p\u00e5 sk\u00e4rmen: Om det finns n\u00e5gra planerade turneringar f\u00f6r n\u00e5gon av dina klubbar s\u00e5 kommer de nu att listas till h\u00f6ger om br\u00e4det. Eventuellt m\u00e5ste du klicka p\u00e5 &#8221;turneringar&#8221; l\u00e4ngst upp till h\u00f6ger. P\u00e5 bilden ovan ser man turneringen &#8221;LASS-snabb 1&#8221; som startar om 45 timmar. N\u00e4r det \u00e4r mindre \u00e4n en timme kvar till spelstart s\u00e5 finns det en knapp f\u00f6r att anm\u00e4la sig till turneringen. Tryck p\u00e5 knappen och v\u00e4nta p\u00e5 spelstart! N\u00e4r f\u00f6rsta ronden b\u00f6rjar visas din motst\u00e5ndare p\u00e5 br\u00e4det och det \u00e4r bara att b\u00f6rja spela! OBS! Viktigt! Du kan inte g\u00e5 till klubben och titta under &#8221;live-turneringar&#8221; d\u00e4r, f\u00f6r d\u00e4r listas bara redan avslutade turneringar. Det finns tv\u00e5 sorters turneringar: schweizerturneringar och arenaturneringar. Schweizerturneringar har ett fast antal ronder och lottas (f\u00f6rmodligen) med n\u00e5gon form av schweizerlottning. Om det blir f\u00f6r f\u00e5 deltagare s\u00e5 kan rondantalet komma att minskas automatiskt. En rond \u00e4r slut n\u00e4r alla partier i ronden \u00e4r f\u00e4rdigspelade och turneringen \u00e4r slut n\u00e4r alla ronder \u00e4r f\u00e4rdigspelade. I en arenaturnering har turneringen en fast tidsl\u00e4ngd och man spelar s\u00e5 m\u00e5nga partier man hinner under den tiden. S\u00e5 fort ett parti \u00e4r slut och en ny motst\u00e5ndare blir ledig startar n\u00e4sta parti. V\u00e4lkomna!<\/p>\n","protected":false},"author":5,"featured_media":0,"parent":0,"menu_order":0,"comment_status":"closed","ping_status":"closed","template":"","meta":{"wp_social_preview_title":"","wp_social_preview_description":"","wp_social_preview_image":0,"footnotes":""},"class_list":["post-2436","page","type-page","status-publish","hentry"],"_links":{"self":[{"href":"https:\/\/lass.no-ip.com\/wordpress\/index.php\/wp-json\/wp\/v2\/pages\/2436","targetHints":{"allow":["GET"]}}],"collection":[{"href":"https:\/\/lass.no-ip.com\/wordpress\/index.php\/wp-json\/wp\/v2\/pages"}],"about":[{"href":"https:\/\/lass.no-ip.com\/wordpress\/index.php\/wp-json\/wp\/v2\/types\/page"}],"author":[{"embeddable":true,"href":"https:\/\/lass.no-ip.com\/wordpress\/index.php\/wp-json\/wp\/v2\/users\/5"}],"replies":[{"embeddable":true,"href":"https:\/\/lass.no-ip.com\/wordpress\/index.php\/wp-json\/wp\/v2\/comments?post=2436"}],"version-history":[{"count":10,"href":"https:\/\/lass.no-ip.com\/wordpress\/index.php\/wp-json\/wp\/v2\/pages\/2436\/revisions"}],"predecessor-version":[{"id":2462,"href":"https:\/\/lass.no-ip.com\/wordpress\/index.php\/wp-json\/wp\/v2\/pages\/2436\/revisions\/2462"}],"wp:attachment":[{"href":"https:\/\/lass.no-ip.com\/wordpress\/index.php\/wp-json\/wp\/v2\/media?parent=2436"}],"curies":[{"name":"wp","href":"https:\/\/api.w.org\/{rel}","templated":true}]}}