{"id":2421,"date":"2020-04-12T14:15:39","date_gmt":"2020-04-12T13:15:39","guid":{"rendered":"http:\/\/lass.no-ip.com\/wordpress\/?page_id=2421"},"modified":"2020-04-12T14:27:43","modified_gmt":"2020-04-12T13:27:43","slug":"lass-lag-pa-lichess","status":"publish","type":"page","link":"https:\/\/lass.no-ip.com\/wordpress\/index.php\/lass-lag-pa-lichess\/","title":{"rendered":"LASS&#8217; lag p\u00e5 Lichess"},"content":{"rendered":"\n<p>P\u00e5 s\u00f6ndagar sedan slutet av mars har LASS spelat med i Swedish Chess Team Battle, en halvofficiell online liga f\u00f6r svenska klubbar. Fr\u00e5n b\u00f6rjan var det 10 lag i en division, nu \u00e4r det tre divisioner, d\u00e4r vi idag den 12:e april ska spela i division II efter att ha \u00e5kt ur division I f\u00f6rra s\u00f6ndagen.<\/p>\n\n\n\n<p>Vi uppmuntrar alla LASSare att st\u00e4lla upp, de som 8 som tar flest po\u00e4ng \u00e4r de vars po\u00e4ng LASS po\u00e4ng grundar sig p\u00e5.<\/p>\n\n\n\n<p>F\u00f6r att g\u00e5 med m\u00e5ste man skapa ett konto p\u00e5 Lichess.<\/p>\n\n\n\n<p>Sedan skall du l\u00e4gga till personlig information p\u00e5 ditt konto. Klicka p\u00e5 ditt anv\u00e4ndarnamn l\u00e4ngst upp till h\u00f6ger, och klicka p\u00e5 profile.<\/p>\n\n\n\n<p>Sedan klicka du kugghjulet p\u00e5 sidan f\u00f6r att \u00e4ndra din profil, fyll i ditt namn och sedan din klubb under biografi.&nbsp;<\/p>\n\n\n\n<figure class=\"wp-block-image\"><img loading=\"lazy\" decoding=\"async\" width=\"2163\" height=\"2103\" src=\"http:\/\/lass.no-ip.com\/wordpress\/wp-content\/uploads\/2020\/04\/edit_profile_lichess.png\" alt=\"\" class=\"wp-image-2419\" srcset=\"https:\/\/lass.no-ip.com\/wordpress\/wp-content\/uploads\/2020\/04\/edit_profile_lichess.png 2163w, https:\/\/lass.no-ip.com\/wordpress\/wp-content\/uploads\/2020\/04\/edit_profile_lichess-300x292.png 300w, https:\/\/lass.no-ip.com\/wordpress\/wp-content\/uploads\/2020\/04\/edit_profile_lichess-1024x996.png 1024w, https:\/\/lass.no-ip.com\/wordpress\/wp-content\/uploads\/2020\/04\/edit_profile_lichess-768x747.png 768w, https:\/\/lass.no-ip.com\/wordpress\/wp-content\/uploads\/2020\/04\/edit_profile_lichess-1536x1493.png 1536w, https:\/\/lass.no-ip.com\/wordpress\/wp-content\/uploads\/2020\/04\/edit_profile_lichess-2048x1991.png 2048w, https:\/\/lass.no-ip.com\/wordpress\/wp-content\/uploads\/2020\/04\/edit_profile_lichess-309x300.png 309w\" sizes=\"auto, (max-width: 2163px) 100vw, 2163px\" \/><\/figure>\n\n\n\n<p>Sedan kommer det lite kr\u00e5ngliga:<\/p>\n\n\n\n<p>1. G\u00e5 med i LASS. F\u00f6r att g\u00f6ra det, g\u00e5 i toppmenyn under gemenskap, v\u00e4lj lag.<br>Ute till h\u00f6ger skriv Link\u00f6pings ASS och tryck enter.<\/p>\n\n\n\n<figure class=\"wp-block-image\"><img loading=\"lazy\" decoding=\"async\" width=\"1528\" height=\"1060\" src=\"http:\/\/lass.no-ip.com\/wordpress\/wp-content\/uploads\/2020\/04\/join_lass_lichess.png\" alt=\"\" class=\"wp-image-2415\" srcset=\"https:\/\/lass.no-ip.com\/wordpress\/wp-content\/uploads\/2020\/04\/join_lass_lichess.png 1528w, https:\/\/lass.no-ip.com\/wordpress\/wp-content\/uploads\/2020\/04\/join_lass_lichess-300x208.png 300w, https:\/\/lass.no-ip.com\/wordpress\/wp-content\/uploads\/2020\/04\/join_lass_lichess-1024x710.png 1024w, https:\/\/lass.no-ip.com\/wordpress\/wp-content\/uploads\/2020\/04\/join_lass_lichess-768x533.png 768w, https:\/\/lass.no-ip.com\/wordpress\/wp-content\/uploads\/2020\/04\/join_lass_lichess-400x277.png 400w\" sizes=\"auto, (max-width: 1528px) 100vw, 1528px\" \/><\/figure>\n\n\n\n<p>Nu f\u00e5r du fram Link\u00f6pings ASS som s\u00f6ktr\u00e4ff. Klicka p\u00e5 laget och sedan klicka p\u00e5 knappen &#8221;G\u00e5 med i lag&#8221;. Nu g\u00e5r en f\u00f6rfr\u00e5gan till lagets administrat\u00f6r, Peter Halvarsson, som kommer att godk\u00e4nna den.<\/p>\n\n\n\n<p>2. Anm\u00e4l att du ska vara med i en turnering.<\/p>\n\n\n\n<p>Varje s\u00f6ndag spelas en rond i den inofficiella serien. F\u00f6r att delta m\u00e5ste du dels vara med i klubben (Link\u00f6pings ASS), dels anm\u00e4la ditt deltagande i varje rond\/turnering. F\u00f6r att g\u00f6ra det.<\/p>\n\n\n\n<p>G\u00e5 till Link\u00f6pings ASS-laget, genom att v\u00e4lja Gemenskap i toppmenyn, sedan lag och klicka p\u00e5 Link\u00f6pings ASS (finns d\u00e4r n\u00e4r Peter Halvarsson godk\u00e4nt din f\u00f6rfr\u00e5gan och du \u00e4r med i laget).<\/p>\n\n\n\n<p>D\u00e5 kommer en lista med turneringar f\u00f6r laget att visas. N\u00e4r jag gjorde denna guide s\u00e5 ser man \u00f6verst i listan Swedish Chess: div 2 Lagmatch, om 5 timmar. Klicka p\u00e5 den.<\/p>\n\n\n\n<figure class=\"wp-block-image\"><img loading=\"lazy\" decoding=\"async\" width=\"1592\" height=\"1508\" src=\"http:\/\/lass.no-ip.com\/wordpress\/wp-content\/uploads\/2020\/04\/join_round_lichess.png\" alt=\"\" class=\"wp-image-2416\" srcset=\"https:\/\/lass.no-ip.com\/wordpress\/wp-content\/uploads\/2020\/04\/join_round_lichess.png 1592w, https:\/\/lass.no-ip.com\/wordpress\/wp-content\/uploads\/2020\/04\/join_round_lichess-300x284.png 300w, https:\/\/lass.no-ip.com\/wordpress\/wp-content\/uploads\/2020\/04\/join_round_lichess-1024x970.png 1024w, https:\/\/lass.no-ip.com\/wordpress\/wp-content\/uploads\/2020\/04\/join_round_lichess-768x727.png 768w, https:\/\/lass.no-ip.com\/wordpress\/wp-content\/uploads\/2020\/04\/join_round_lichess-1536x1455.png 1536w, https:\/\/lass.no-ip.com\/wordpress\/wp-content\/uploads\/2020\/04\/join_round_lichess-317x300.png 317w\" sizes=\"auto, (max-width: 1592px) 100vw, 1592px\" \/><\/figure>\n\n\n\n<p>Om du redan anm\u00e4lt dig kommer du att visas i listan med spelare direkt n\u00e4r du kommer in, och knappen under lagen kommer att s\u00e4ga l\u00e4mna. D\u00e5 \u00e4r allt gr\u00f6nt f\u00f6r spel.<\/p>\n\n\n\n<p>Om du inte redan anm\u00e4lt dig, kommer knappen att s\u00e4ga delta, se nedan. Klicka p\u00e5 knappen delta och v\u00e4lj Link\u00f6pings ASS. Den kommer nu att v\u00e4xla text till l\u00e4mna vilket visar att du nu \u00e4r anm\u00e4ld.<\/p>\n\n\n\n<figure class=\"wp-block-image\"><img loading=\"lazy\" decoding=\"async\" width=\"1592\" height=\"1508\" src=\"http:\/\/lass.no-ip.com\/wordpress\/wp-content\/uploads\/2020\/04\/join_tournament_lichess.png\" alt=\"\" class=\"wp-image-2417\" srcset=\"https:\/\/lass.no-ip.com\/wordpress\/wp-content\/uploads\/2020\/04\/join_tournament_lichess.png 1592w, https:\/\/lass.no-ip.com\/wordpress\/wp-content\/uploads\/2020\/04\/join_tournament_lichess-300x284.png 300w, https:\/\/lass.no-ip.com\/wordpress\/wp-content\/uploads\/2020\/04\/join_tournament_lichess-1024x970.png 1024w, https:\/\/lass.no-ip.com\/wordpress\/wp-content\/uploads\/2020\/04\/join_tournament_lichess-768x727.png 768w, https:\/\/lass.no-ip.com\/wordpress\/wp-content\/uploads\/2020\/04\/join_tournament_lichess-1536x1455.png 1536w, https:\/\/lass.no-ip.com\/wordpress\/wp-content\/uploads\/2020\/04\/join_tournament_lichess-317x300.png 317w\" sizes=\"auto, (max-width: 1592px) 100vw, 1592px\" \/><\/figure>\n\n\n\n<p> N\u00e4r det v\u00e4l \u00e4r dags f\u00f6r spel, g\u00e5 till turneringen igen (klicka p\u00e5 gemenskap, lag, v\u00e4lja Link\u00f6pings ASS, klicka p\u00e5 turneringen som b\u00f6rjar s\u00e5 du kommer till bilden du ser ovanf\u00f6r mig. N\u00e4r turneringen b\u00f6rjar och du st\u00e5r d\u00e4r, lottas du automatiskt ihop med en spelare fr\u00e5n en annan klubb. Du spelar partiet och n\u00e4r du \u00e4r klar kommer en knapp upp f\u00f6r att spela n\u00e4stan rond. Repetera tills turneringen \u00e4r klar! <\/p>\n\n\n\n<p>H\u00e4r finns lite <a href=\"https:\/\/schack.se\/nyhet\/sverige\/2020\/03\/uppdatering-regler-om-fusk-och-spelarnamn-i-swedish-chess-team-battle\/\">regler fr\u00e5n SSF<\/a> ang\u00e5ende anv\u00e4ndarnamn, fusk mm.<\/p>\n","protected":false},"excerpt":{"rendered":"<p>P\u00e5 s\u00f6ndagar sedan slutet av mars har LASS spelat med i Swedish Chess Team Battle, en halvofficiell online liga f\u00f6r svenska klubbar. Fr\u00e5n b\u00f6rjan var det 10 lag i en division, nu \u00e4r det tre divisioner, d\u00e4r vi idag den 12:e april ska spela i division II efter att ha \u00e5kt ur division I f\u00f6rra s\u00f6ndagen. Vi uppmuntrar alla LASSare att st\u00e4lla upp, de som 8 som tar flest po\u00e4ng \u00e4r de vars po\u00e4ng LASS po\u00e4ng grundar sig p\u00e5. F\u00f6r att g\u00e5 med m\u00e5ste man skapa ett konto p\u00e5 Lichess. Sedan skall du l\u00e4gga till personlig information p\u00e5 ditt konto. Klicka p\u00e5 ditt anv\u00e4ndarnamn l\u00e4ngst upp till h\u00f6ger, och klicka p\u00e5 profile. Sedan klicka du kugghjulet p\u00e5 sidan f\u00f6r att \u00e4ndra din profil, fyll i ditt namn och sedan din klubb under biografi.&nbsp; Sedan kommer det lite kr\u00e5ngliga: 1. G\u00e5 med i LASS. F\u00f6r att g\u00f6ra det, g\u00e5 i toppmenyn under gemenskap, v\u00e4lj lag.Ute till h\u00f6ger skriv Link\u00f6pings ASS och tryck enter. Nu f\u00e5r du fram Link\u00f6pings ASS som s\u00f6ktr\u00e4ff. Klicka p\u00e5 laget och sedan klicka p\u00e5 knappen &#8221;G\u00e5 med i lag&#8221;. Nu g\u00e5r en f\u00f6rfr\u00e5gan till lagets administrat\u00f6r, Peter Halvarsson, som kommer att godk\u00e4nna den. 2. Anm\u00e4l att du ska vara med i en turnering. Varje s\u00f6ndag spelas en rond i den inofficiella serien. F\u00f6r att delta m\u00e5ste du dels vara med i klubben (Link\u00f6pings ASS), dels anm\u00e4la ditt deltagande i varje rond\/turnering. F\u00f6r att g\u00f6ra det. G\u00e5 till Link\u00f6pings ASS-laget, genom att v\u00e4lja Gemenskap i toppmenyn, sedan lag och klicka p\u00e5 Link\u00f6pings ASS (finns d\u00e4r n\u00e4r Peter Halvarsson godk\u00e4nt din f\u00f6rfr\u00e5gan och du \u00e4r med i laget). D\u00e5 kommer en lista med turneringar f\u00f6r laget att visas. N\u00e4r jag gjorde denna guide s\u00e5 ser man \u00f6verst i listan Swedish Chess: div 2 Lagmatch, om 5 timmar. Klicka p\u00e5 den. Om du redan anm\u00e4lt dig kommer du att visas i listan med spelare direkt n\u00e4r du kommer in, och knappen under lagen kommer att s\u00e4ga l\u00e4mna. D\u00e5 \u00e4r allt gr\u00f6nt f\u00f6r spel. Om du inte redan anm\u00e4lt dig, kommer knappen att s\u00e4ga delta, se nedan. Klicka p\u00e5 knappen delta och v\u00e4lj Link\u00f6pings ASS. Den kommer nu att v\u00e4xla text till l\u00e4mna vilket visar att du nu \u00e4r anm\u00e4ld. N\u00e4r det v\u00e4l \u00e4r dags f\u00f6r spel, g\u00e5 till turneringen igen (klicka p\u00e5 gemenskap, lag, v\u00e4lja Link\u00f6pings ASS, klicka p\u00e5 turneringen som b\u00f6rjar s\u00e5 du kommer till bilden du ser ovanf\u00f6r mig. N\u00e4r turneringen b\u00f6rjar och du st\u00e5r d\u00e4r, lottas du automatiskt ihop med en spelare fr\u00e5n en annan klubb. Du spelar partiet och n\u00e4r du \u00e4r klar kommer en knapp upp f\u00f6r att spela n\u00e4stan rond. Repetera tills turneringen \u00e4r klar! H\u00e4r finns lite regler fr\u00e5n SSF ang\u00e5ende anv\u00e4ndarnamn, fusk mm.<\/p>\n","protected":false},"author":5,"featured_media":0,"parent":0,"menu_order":0,"comment_status":"closed","ping_status":"closed","template":"","meta":{"wp_social_preview_title":"","wp_social_preview_description":"","wp_social_preview_image":0,"footnotes":""},"class_list":["post-2421","page","type-page","status-publish","hentry"],"_links":{"self":[{"href":"https:\/\/lass.no-ip.com\/wordpress\/index.php\/wp-json\/wp\/v2\/pages\/2421","targetHints":{"allow":["GET"]}}],"collection":[{"href":"https:\/\/lass.no-ip.com\/wordpress\/index.php\/wp-json\/wp\/v2\/pages"}],"about":[{"href":"https:\/\/lass.no-ip.com\/wordpress\/index.php\/wp-json\/wp\/v2\/types\/page"}],"author":[{"embeddable":true,"href":"https:\/\/lass.no-ip.com\/wordpress\/index.php\/wp-json\/wp\/v2\/users\/5"}],"replies":[{"embeddable":true,"href":"https:\/\/lass.no-ip.com\/wordpress\/index.php\/wp-json\/wp\/v2\/comments?post=2421"}],"version-history":[{"count":3,"href":"https:\/\/lass.no-ip.com\/wordpress\/index.php\/wp-json\/wp\/v2\/pages\/2421\/revisions"}],"predecessor-version":[{"id":2427,"href":"https:\/\/lass.no-ip.com\/wordpress\/index.php\/wp-json\/wp\/v2\/pages\/2421\/revisions\/2427"}],"wp:attachment":[{"href":"https:\/\/lass.no-ip.com\/wordpress\/index.php\/wp-json\/wp\/v2\/media?parent=2421"}],"curies":[{"name":"wp","href":"https:\/\/api.w.org\/{rel}","templated":true}]}}