{"id":217,"date":"2017-12-30T13:00:56","date_gmt":"2017-12-30T12:00:56","guid":{"rendered":"http:\/\/lass.no-ip.com\/wordpress\/?page_id=217"},"modified":"2025-01-29T08:34:55","modified_gmt":"2025-01-29T07:34:55","slug":"klubblokalen","status":"publish","type":"page","link":"https:\/\/lass.no-ip.com\/wordpress\/index.php\/klubblokalen\/","title":{"rendered":"Klubblokalen"},"content":{"rendered":"<h5>Adress:\u00a0 \u00a0 \u00a0G\u00f6tgatan 48<br \/>\nTelefon:\u00a0\u00a0\u00a0 013-104350<br \/>\nPlusgiro:\u00a0 \u00a049 61 30-6<br \/>\nSwish:\u00a0 \u00a0 \u00a0 \u00a0123 521 9738<br \/>\nIBAN:\u00a0 \u00a0 \u00a0 \u00a0 SE05 9500 0099 6026 0496 1306<br \/>\nBIC:\u00a0 \u00a0 \u00a0 \u00a0 \u00a0 \u00a0NDEASESS<\/h5>\n<h1>\u00d6ppettider<\/h1>\n<p>F\u00f6r seniorer \u00e4r klubblokalen \u00f6ppen:<\/p>\n<ul>\n<li>tisdagar och torsdagar under p\u00e5g\u00e5ende LM eller KM enligt spelkalender seniorer, mellan 18.00 och 22.00.<\/li>\n<li>fredagar (inte alla, kolla spelkalendern) under s\u00e4song mellan 17.00-19.00 (eller n\u00e4r siste person g\u00e5r hem).<\/li>\n<\/ul>\n<p>F\u00f6r juniorer \u00e4r klubblokalen \u00f6ppen:<\/p>\n<ul>\n<li>m\u00e5ndagar 18.00-19.30 under p\u00e5g\u00e5ende s\u00e4song.<\/li>\n<\/ul>\n<p>F\u00f6r \u00f6vrig verksamhet samt information om LASS, g\u00e5 till Spelkalendern.<\/p>\n<h2>V\u00e4gbeskrivning<\/h2>\n<p><b>Om du kommer med t\u00e5g:<\/b><br \/>\nI h\u00f6gra nedre h\u00f6rnet av bilden ser du j\u00e4rnv\u00e4gsavenyn. Om du kommer med t\u00e5g \u00e4r det bara att knalla Vasav\u00e4gen upp (\u00e5t v\u00e4nster p\u00e5 bilden) tills du kommer till Abiskorondellen (cirka 15-20 minuters g\u00e5ngv\u00e4g). Buss 1 mot Sk\u00e4ggetorp\u00a0 hpl Abisko. Vid Abiskorondellen sv\u00e4nger du in p\u00e5 G\u00f6tgatan. Efter 50 m kommer du till G\u00f6tgatan 48A. F\u00f6r att komma till klubblokalen beh\u00f6ver du dock sv\u00e4nga in h\u00f6ger p\u00e5 Ullevigatan med ing\u00e5ng fr\u00e5n bakg\u00e5rden (nedre botten).<\/p>\n<p><img loading=\"lazy\" decoding=\"async\" src=\"https:\/\/lass.no-ip.com\/images\/karta1.gif\" width=\"518\" height=\"518\" \/><br \/>\n<b>Om du kommer med bil:<\/b><br \/>\nOm du kommer med bil \u00e5ker du l\u00e4mpligen av vid IKEA (andra avfarten oavsett om du kommer fr\u00e5n Stockholm eller Helsingborg). F\u00f6lj sedan denna v\u00e4g f\u00f6rbi IKEA rakt in mot stan. Efter en l\u00e5ng uppf\u00f6rsbacke kommer du till Bergsrondellen. \u00c5k rakt igenom denna rondell och forts\u00e4tt p\u00e5 Bergsv\u00e4gen. N\u00e4sta rondell som kommer \u00e4r Abiskorondellen (se beskrivning f\u00f6r t\u00e5g ovan!). Parkering finns p\u00e5 G\u00f6tgatan precis vid klubblokalen!<\/p>\n<p><img loading=\"lazy\" decoding=\"async\" src=\"https:\/\/lass.no-ip.com\/images\/lkpgd2.gif\" width=\"518\" height=\"518\" \/><\/p>\n<p>En flygbild \u00f6ver omr\u00e5det d\u00e4r klubblokalen ligger f\u00f6ljer h\u00e4r f\u00f6r att ni l\u00e4ttare ska kunna orientera er.<img loading=\"lazy\" decoding=\"async\" class=\"alignnone size-full wp-image-302\" src=\"http:\/\/lass.no-ip.com\/wordpress\/wp-content\/uploads\/2017\/12\/karta13.png\" alt=\"\" width=\"772\" height=\"624\" srcset=\"https:\/\/lass.no-ip.com\/wordpress\/wp-content\/uploads\/2017\/12\/karta13.png 772w, https:\/\/lass.no-ip.com\/wordpress\/wp-content\/uploads\/2017\/12\/karta13-300x242.png 300w, https:\/\/lass.no-ip.com\/wordpress\/wp-content\/uploads\/2017\/12\/karta13-768x621.png 768w, https:\/\/lass.no-ip.com\/wordpress\/wp-content\/uploads\/2017\/12\/karta13-371x300.png 371w\" sizes=\"auto, (max-width: 772px) 100vw, 772px\" \/><\/p>\n","protected":false},"excerpt":{"rendered":"<p>Adress:\u00a0 \u00a0 \u00a0G\u00f6tgatan 48 Telefon:\u00a0\u00a0\u00a0 013-104350 Plusgiro:\u00a0 \u00a049 61 30-6 Swish:\u00a0 \u00a0 \u00a0 \u00a0123 521 9738 IBAN:\u00a0 \u00a0 \u00a0 \u00a0 SE05 9500 0099 6026 0496 1306 BIC:\u00a0 \u00a0 \u00a0 \u00a0 \u00a0 \u00a0NDEASESS \u00d6ppettider F\u00f6r seniorer \u00e4r klubblokalen \u00f6ppen: tisdagar och torsdagar under p\u00e5g\u00e5ende LM eller KM enligt spelkalender seniorer, mellan 18.00 och 22.00. fredagar (inte alla, kolla spelkalendern) under s\u00e4song mellan 17.00-19.00 (eller n\u00e4r siste person g\u00e5r hem). F\u00f6r juniorer \u00e4r klubblokalen \u00f6ppen: m\u00e5ndagar 18.00-19.30 under p\u00e5g\u00e5ende s\u00e4song. F\u00f6r \u00f6vrig verksamhet samt information om LASS, g\u00e5 till Spelkalendern. V\u00e4gbeskrivning Om du kommer med t\u00e5g: I h\u00f6gra nedre h\u00f6rnet av bilden ser du j\u00e4rnv\u00e4gsavenyn. Om du kommer med t\u00e5g \u00e4r det bara att knalla Vasav\u00e4gen upp (\u00e5t v\u00e4nster p\u00e5 bilden) tills du kommer till Abiskorondellen (cirka 15-20 minuters g\u00e5ngv\u00e4g). Buss 1 mot Sk\u00e4ggetorp\u00a0 hpl Abisko. Vid Abiskorondellen sv\u00e4nger du in p\u00e5 G\u00f6tgatan. Efter 50 m kommer du till G\u00f6tgatan 48A. F\u00f6r att komma till klubblokalen beh\u00f6ver du dock sv\u00e4nga in h\u00f6ger p\u00e5 Ullevigatan med ing\u00e5ng fr\u00e5n bakg\u00e5rden (nedre botten). Om du kommer med bil: Om du kommer med bil \u00e5ker du l\u00e4mpligen av vid IKEA (andra avfarten oavsett om du kommer fr\u00e5n Stockholm eller Helsingborg). F\u00f6lj sedan denna v\u00e4g f\u00f6rbi IKEA rakt in mot stan. Efter en l\u00e5ng uppf\u00f6rsbacke kommer du till Bergsrondellen. \u00c5k rakt igenom denna rondell och forts\u00e4tt p\u00e5 Bergsv\u00e4gen. N\u00e4sta rondell som kommer \u00e4r Abiskorondellen (se beskrivning f\u00f6r t\u00e5g ovan!). Parkering finns p\u00e5 G\u00f6tgatan precis vid klubblokalen! En flygbild \u00f6ver omr\u00e5det d\u00e4r klubblokalen ligger f\u00f6ljer h\u00e4r f\u00f6r att ni l\u00e4ttare ska kunna orientera er.<\/p>\n","protected":false},"author":1,"featured_media":302,"parent":0,"menu_order":0,"comment_status":"closed","ping_status":"closed","template":"","meta":{"wp_social_preview_title":"","wp_social_preview_description":"","wp_social_preview_image":0,"footnotes":""},"class_list":["post-217","page","type-page","status-publish","has-post-thumbnail","hentry"],"_links":{"self":[{"href":"https:\/\/lass.no-ip.com\/wordpress\/index.php\/wp-json\/wp\/v2\/pages\/217","targetHints":{"allow":["GET"]}}],"collection":[{"href":"https:\/\/lass.no-ip.com\/wordpress\/index.php\/wp-json\/wp\/v2\/pages"}],"about":[{"href":"https:\/\/lass.no-ip.com\/wordpress\/index.php\/wp-json\/wp\/v2\/types\/page"}],"author":[{"embeddable":true,"href":"https:\/\/lass.no-ip.com\/wordpress\/index.php\/wp-json\/wp\/v2\/users\/1"}],"replies":[{"embeddable":true,"href":"https:\/\/lass.no-ip.com\/wordpress\/index.php\/wp-json\/wp\/v2\/comments?post=217"}],"version-history":[{"count":5,"href":"https:\/\/lass.no-ip.com\/wordpress\/index.php\/wp-json\/wp\/v2\/pages\/217\/revisions"}],"predecessor-version":[{"id":5208,"href":"https:\/\/lass.no-ip.com\/wordpress\/index.php\/wp-json\/wp\/v2\/pages\/217\/revisions\/5208"}],"wp:featuredmedia":[{"embeddable":true,"href":"https:\/\/lass.no-ip.com\/wordpress\/index.php\/wp-json\/wp\/v2\/media\/302"}],"wp:attachment":[{"href":"https:\/\/lass.no-ip.com\/wordpress\/index.php\/wp-json\/wp\/v2\/media?parent=217"}],"curies":[{"name":"wp","href":"https:\/\/api.w.org\/{rel}","templated":true}]}}