{"id":204,"date":"2017-12-30T12:36:05","date_gmt":"2017-12-30T11:36:05","guid":{"rendered":"http:\/\/lass.no-ip.com\/wordpress\/?page_id=204"},"modified":"2019-08-26T10:10:45","modified_gmt":"2019-08-26T09:10:45","slug":"resultat-2011","status":"publish","type":"page","link":"https:\/\/lass.no-ip.com\/wordpress\/index.php\/resultat-2011\/","title":{"rendered":"Resultat 2011"},"content":{"rendered":"\n<h4 class=\"wp-block-heading\"> BlixtTurneringar <\/h4>\n\n\n\n<p><a href=\"https:\/\/lass.no-ip.com\/resultat\/2011\/blixt\/januariblixten.htm\">januariblixten<\/a><\/p>\n\n\n\n<p><a href=\"https:\/\/lass.no-ip.com\/resultat\/2011\/blixt\/tremannablixten.htm\">Tremannablixten<\/a><\/p>\n\n\n\n<p><a href=\"https:\/\/lass.no-ip.com\/resultat\/2011\/blixt\/december.htm\">decemberblixten<\/a><\/p>\n\n\n\n<p><a href=\"http:\/\/osf.no-ip.com\/resultat\/2011\/Blixt-DM.html\">blixt-DM<\/a><\/p>\n\n\n\n<p><a href=\"https:\/\/lass.no-ip.com\/resultat\/2011\/blixt\/majblixt.PNG\">majblixten<\/a><\/p>\n\n\n\n<p><a href=\"https:\/\/lass.no-ip.com\/resultat\/2011\/blixt\/april_rounds.htm\">aprilblixt<\/a><\/p>\n\n\n\n<p><a href=\"https:\/\/lass.no-ip.com\/resultat\/2011\/blixt\/lm_rounds.htm\">blixt-LM<\/a><\/p>\n\n\n\n<p><a href=\"https:\/\/lass.no-ip.com\/resultat\/2011\/blixt\/tremannablixten.htm\">Tremannablixten<\/a><\/p>\n\n\n\n<p><a href=\"https:\/\/lass.no-ip.com\/resultat\/2011\/blixt\/januariblixten.htm\">januariblixten<\/a><\/p>\n\n\n\n<h4 class=\"wp-block-heading\">  Snabbschacksturneringar  <\/h4>\n\n\n\n<p><a href=\"https:\/\/lass.no-ip.com\/resultat\/2011\/%C3%96vriga%20t%C3%A4vlingar\/pingst_rounds.htm\">Pingstschacket<\/a><\/p>\n\n\n\n<p><a href=\"https:\/\/lass.no-ip.com\/resultat\/2011\/%C3%96vriga%20t%C3%A4vlingar\/rounds_uppvarmning.htm\">Uppv\u00e4rmningsturnering<\/a><\/p>\n\n\n\n<p><a href=\"https:\/\/lass.no-ip.com\/resultat\/2011\/%C3%96vriga%20t%C3%A4vlingar\/snabbschacks-km.htm\">Snabbschacks-KM<\/a><\/p>\n\n\n\n<p><a href=\"https:\/\/lass.no-ip.com\/resultat\/2011\/stangaslaget\/rounds.htm\">St\u00e5ng\u00e5slaget <\/a><a href=\"https:\/\/lass.no-ip.com\/resultat\/2011\/stangaslaget\/standings.htm\">Slutst\u00e4llning<\/a><\/p>\n\n\n\n<p><a href=\"https:\/\/lass.no-ip.com\/resultat\/2011\/%C3%96vriga%20t%C3%A4vlingar\/lasscupen.htm\">LASS-cupen<\/a><\/p>\n\n\n\n<h4 class=\"wp-block-heading\">  L\u00e5ngpartiturneringar  <\/h4>\n\n\n<p><a href=\"https:\/\/lass.no-ip.com\/resultat\/2011\/LM\/rounds.htm\">Link\u00f6pingsm\u00e4sterskapen<\/a><\/p>\n<p>V\u00e5rturneringarna <a href=\"https:\/\/lass.no-ip.com\/resultat\/2011\/sanktionerad\/rounds_o.htm\">\u00d6ppen<\/a> <a href=\"https:\/\/lass.no-ip.com\/resultat\/2011\/sanktionerad\/rounds.htm\">Sanktionerad<\/a><\/p>\n<p>Klubbm\u00e4sterskapen <a href=\"https:\/\/lass.no-ip.com\/resultat\/2011\/KM\/akm.htm\">A-KM<\/a> <a href=\"https:\/\/lass.no-ip.com\/resultat\/2011\/KM\/bkm.htm\">B-KM<\/a> <a href=\"https:\/\/lass.no-ip.com\/resultat\/2011\/KM\/ckm.htm\">C-KM<\/a> <a href=\"https:\/\/lass.no-ip.com\/resultat\/2011\/KM\/dkm.htm\">D-KM<\/a><\/p>\n<p><a href=\"https:\/\/lass.no-ip.com\/resultat\/2011\/KM\/akm.htm\">KM<\/a>\u00a0\u00a0 (<a href=\"https:\/\/lass.no-ip.com\/resultat\/2011\/KM\/akm.htm\">A-KM<\/a>\u00a0\u00a0<a href=\"https:\/\/lass.no-ip.com\/resultat\/2011\/KM\/bkm.htm\">B-KM<\/a>\u00a0\u00a0<a href=\"https:\/\/lass.no-ip.com\/resultat\/2011\/KM\/ckm.htm\">C-KM<\/a>\u00a0\u00a0<a href=\"https:\/\/lass.no-ip.com\/resultat\/2011\/KM\/dkm.htm\">D-KM)<\/a><\/p>\n\n\n<h4 class=\"wp-block-heading\">  Knatte- och ungdomst\u00e4vlingar <\/h4>\n\n\n\n<p>Talangjakten i Link\u00f6ping <a href=\"https:\/\/lass.no-ip.com\/resultat\/2011\/talangjakten\/rounds_grp1.htm\">grupp 1<\/a> <a href=\"https:\/\/lass.no-ip.com\/resultat\/2011\/talangjakten\/rounds_grp2.htm\">grupp 2<\/a><\/p>\n\n\n\n<p><a href=\"http:\/\/osf.no-ip.com\/resultat\/2011\/knattecup%20summa.htm\">Knatte- &amp; ungdomscupen 2011<\/a><\/p>\n\n\n\n<p><a href=\"http:\/\/osf.no-ip.com\/resultat\/2011\/knattecup1.htm\">Knatte- &amp; Ungdomscupen Resultat 2011<\/a><\/p>\n\n\n\n<p><a href=\"https:\/\/lass.no-ip.com\/resultat\/2011\/%C3%96vriga%20t%C3%A4vlingar\/Framg%C3%A5ngar%20f%C3%B6r%20LASS%20i%20Skol-SM.htm\">Skol-SM<\/a> <\/p>\n\n\n\n<p><a href=\"http:\/\/osf.no-ip.com\/resultat\/2011\/skollag-dm.pdf\">skollag-DM<\/a><\/p>\n\n\n\n<p><a href=\"https:\/\/lass.no-ip.com\/AktTurn.htm\">Talangjakten<\/a><\/p>\n\n\n\n<p><a href=\"http:\/\/osf.no-ip.com\/resultat\/2011\/Skol-DM%202011.htm\">Skol-DM\u00a0f\u00f6r l\u00e5g- och h\u00f6gstadiet<\/a><\/p>\n\n\n\n<h4 class=\"wp-block-heading\"> Lagschack<\/h4>\n\n\n\n<p>Allsvenskan<a href=\"http:\/\/member.schack.se\/ShowTournamentServlet?id=36\">Lass II Lass III<\/a><\/p>\n\n\n\n<p><a href=\"http:\/\/chess-results.com\/tnr43418.aspx?art=4&amp;lan=6&amp;fed=SWE&amp;flag=30&amp;wi=1000\">P\u00e5skturnering<\/a><\/p>\n\n\n\n<p><a href=\"http:\/\/www.limhamnssk.se\/kadallsv2011kval.php\">Kadettallsvenskans kval i Limhamn<\/a><\/p>\n\n\n\n<h4 class=\"wp-block-heading\">\u00d6vriga evenemang <\/h4>\n\n\n\n<p><a href=\"http:\/\/albena-2011.chessmix.com\/information.html\">Albena Open<\/a><\/p>\n\n\n\n<p><a href=\"http:\/\/chess-results.com\/tnr52964.aspx?art=9&amp;lan=1&amp;fed=SWE&amp;flag=30&amp;snr=266\">Tjeckien Oprn<\/a><\/p>\n\n\n\n<p><a href=\"https:\/\/lass.no-ip.com\/resultat\/2011\/%C3%96vriga%20t%C3%A4vlingar\/vopen2011.htm\">V\u00e4stervik Open<\/a><\/p>\n\n\n\n<p><a href=\"https:\/\/lass.no-ip.com\/resultat\/2011\/%C3%96vriga%20t%C3%A4vlingar\/Malta%20Open.pdf\">Malta Open<\/a><\/p>\n\n\n\n<p><a href=\"https:\/\/lass.no-ip.com\/resultat\/2011\/%C3%96vriga%20t%C3%A4vlingar\/Framg%C3%A5ngar%20i%20Malm%C3%B6.htm\">Malm\u00f6<\/a><a href=\"https:\/\/lass.no-ip.com\/resultat\/2011\/%C3%96vriga%20t%C3%A4vlingar\/Framg%C3%A5ngar%20i%20Malm%C3%B6.htm\"> Open<\/a><\/p>\n\n\n\n<p><a href=\"https:\/\/lass.no-ip.com\/resultat\/2011\/%C3%96vriga%20t%C3%A4vlingar\/Fwd%20Tata%20Steel%20Chess%20Tournamnet%202011%20-%20Wijk%20aan%20Zee%20Holland.htm\">Wijk aan Zee<\/a><\/p>\n\n\n\n<p><a href=\"https:\/\/lass.no-ip.com\/resultat\/2011\/%C3%96vriga%20t%C3%A4vlingar\/roquetas_de_mar.pdf\">Roquetas<\/a> <a href=\"https:\/\/lass.no-ip.com\/resultat\/2011\/%C3%96vriga%20t%C3%A4vlingar\/roquetas_de_mar.pdf\">de Mar<\/a><\/p>\n\n\n\n<p><a href=\"https:\/\/lass.no-ip.com\/resultat\/2011\/%C3%96vriga%20t%C3%A4vlingar\/vaxjospelen.pdf\">V\u00e4xj\u00f6spelen<\/a><\/p>\n","protected":false},"excerpt":{"rendered":"<p>BlixtTurneringar januariblixten Tremannablixten decemberblixten blixt-DM majblixten aprilblixt blixt-LM Tremannablixten januariblixten Snabbschacksturneringar Pingstschacket Uppv\u00e4rmningsturnering Snabbschacks-KM St\u00e5ng\u00e5slaget Slutst\u00e4llning LASS-cupen L\u00e5ngpartiturneringar Link\u00f6pingsm\u00e4sterskapen V\u00e5rturneringarna \u00d6ppen Sanktionerad Klubbm\u00e4sterskapen A-KM B-KM C-KM D-KM KM\u00a0\u00a0 (A-KM\u00a0\u00a0B-KM\u00a0\u00a0C-KM\u00a0\u00a0D-KM) Knatte- och ungdomst\u00e4vlingar Talangjakten i Link\u00f6ping grupp 1 grupp 2 Knatte- &amp; ungdomscupen 2011 Knatte- &amp; Ungdomscupen Resultat 2011 Skol-SM skollag-DM Talangjakten Skol-DM\u00a0f\u00f6r l\u00e5g- och h\u00f6gstadiet Lagschack AllsvenskanLass II Lass III P\u00e5skturnering Kadettallsvenskans kval i Limhamn \u00d6vriga evenemang Albena Open Tjeckien Oprn V\u00e4stervik Open Malta Open Malm\u00f6 Open Wijk aan Zee Roquetas de Mar V\u00e4xj\u00f6spelen<\/p>\n","protected":false},"author":1,"featured_media":0,"parent":0,"menu_order":0,"comment_status":"closed","ping_status":"closed","template":"","meta":{"wp_social_preview_title":"","wp_social_preview_description":"","wp_social_preview_image":0,"footnotes":""},"class_list":["post-204","page","type-page","status-publish","hentry"],"_links":{"self":[{"href":"https:\/\/lass.no-ip.com\/wordpress\/index.php\/wp-json\/wp\/v2\/pages\/204","targetHints":{"allow":["GET"]}}],"collection":[{"href":"https:\/\/lass.no-ip.com\/wordpress\/index.php\/wp-json\/wp\/v2\/pages"}],"about":[{"href":"https:\/\/lass.no-ip.com\/wordpress\/index.php\/wp-json\/wp\/v2\/types\/page"}],"author":[{"embeddable":true,"href":"https:\/\/lass.no-ip.com\/wordpress\/index.php\/wp-json\/wp\/v2\/users\/1"}],"replies":[{"embeddable":true,"href":"https:\/\/lass.no-ip.com\/wordpress\/index.php\/wp-json\/wp\/v2\/comments?post=204"}],"version-history":[{"count":8,"href":"https:\/\/lass.no-ip.com\/wordpress\/index.php\/wp-json\/wp\/v2\/pages\/204\/revisions"}],"predecessor-version":[{"id":1951,"href":"https:\/\/lass.no-ip.com\/wordpress\/index.php\/wp-json\/wp\/v2\/pages\/204\/revisions\/1951"}],"wp:attachment":[{"href":"https:\/\/lass.no-ip.com\/wordpress\/index.php\/wp-json\/wp\/v2\/media?parent=204"}],"curies":[{"name":"wp","href":"https:\/\/api.w.org\/{rel}","templated":true}]}}