{"id":200,"date":"2017-12-30T12:28:39","date_gmt":"2017-12-30T11:28:39","guid":{"rendered":"http:\/\/lass.no-ip.com\/wordpress\/?page_id=200"},"modified":"2019-09-24T15:24:06","modified_gmt":"2019-09-24T14:24:06","slug":"resultat-2013","status":"publish","type":"page","link":"https:\/\/lass.no-ip.com\/wordpress\/index.php\/resultat-2013\/","title":{"rendered":"Resultat 2013"},"content":{"rendered":"\n<h2 class=\"wp-block-heading\">Resultat 2013<\/h2>\n\n\n\n<h4 class=\"wp-block-heading\"> BlixtTurneringar <\/h4>\n\n\n\n<p><a href=\"http:\/\/osf.no-ip.com\/resultat\/2012-2013\/tremanna.htm\">Tremannablixten<\/a><\/p>\n\n\n\n<p><a href=\"https:\/\/lass.no-ip.com\/resultat\/2013\/novemberblixt.htm\">Novemberblixten<\/a><\/p>\n\n\n\n<p><a href=\"https:\/\/lass.no-ip.com\/resultat\/2013\/blixtkm.htm\">Blixt KM<\/a><\/p>\n\n\n\n<p><a href=\"https:\/\/lass.no-ip.com\/resultat\/2013\/blixt\/oktober.htm\">oktoberblixten<\/a><\/p>\n\n\n\n<h4 class=\"wp-block-heading\"> Snabbschacksturneringar <\/h4>\n\n\n\n<p><a href=\"https:\/\/lass.no-ip.com\/resultat\/2013\/rr_uppvarmning.htm\">Uppv\u00e4rmningsturnering<\/a><\/p>\n\n\n\n<p><a href=\"https:\/\/lass.no-ip.com\/Inbjudan\/2013\/pingstschacket.pdf\">Pingstschacket<\/a><\/p>\n\n\n\n<h4 class=\"wp-block-heading\"> L\u00e5ngpartiturneringar <\/h4>\n\n\n\n<p> <a href=\"https:\/\/lass.no-ip.com\/resultat\/2013\/korstabell_lm.htm\">Link\u00f6pingsm\u00e4sterskapen<\/a><\/p>\n\n\n\n<p><a href=\"https:\/\/lass.no-ip.com\/resultat\/2013\/LASScupen.htm\">LASS-cupen<\/a><\/p>\n\n\n\n<p>V\u00e5rturneringarna <a href=\"https:\/\/lass.no-ip.com\/resultat\/2013\/Oppen_RR.htm\">\u00d6ppen<\/a> <a href=\"https:\/\/lass.no-ip.com\/resultat\/2013\/sankrr.htm\">Sanktionerad<\/a><\/p>\n\n\n\n<p>Klubbm\u00e4sterskapen <a href=\"https:\/\/lass.no-ip.com\/resultat\/2013\/akm.htm\">A-KM<\/a><a href=\"https:\/\/lass.no-ip.com\/resultat\/2013\/bkm.htm\"> B-KM<\/a> <a href=\"https:\/\/lass.no-ip.com\/resultat\/2013\/ckm.htm\">C-KM<\/a> <a href=\"https:\/\/lass.no-ip.com\/resultat\/2013\/dkm.htm\">D-KM<\/a><\/p>\n\n\n\n<p><a href=\"https:\/\/lass.no-ip.com\/resultat\/2013\/malmo_open.pdf\">Malm\u00f6\/MSF Open<\/a><\/p>\n\n\n\n<p><a href=\"http:\/\/www.chessorg.de\/Listen2013\/sw8000598982\/simple_ranking.htm?PHPSESSID=oqs5pjmi15ah88bh89hv2va1j5\">Malta Open<\/a><\/p>\n\n\n\n<p><a href=\"https:\/\/lass.no-ip.com\/svenskacupen\/resultat.html\">Svenska Cupen<\/a><\/p>\n\n\n\n<p><a href=\"https:\/\/lass.no-ip.com\/resultat\/2013\/slutresultat_rockaden_open_2013.pdf\">Rockaden Open<\/a><\/p>\n\n\n\n<p><a href=\"https:\/\/lass.no-ip.com\/resultat\/2013\/vastgotaopen.html\">V\u00e4stg\u00f6ta Open<\/a><\/p>\n\n\n\n<h4 class=\"wp-block-heading\"> Lagschack  <\/h4>\n\n\n\n<p> Allsvenskan\u00a0<a href=\"http:\/\/member.schack.se\/ShowTournamentServlet?id=3322\">LASS I<\/a><a href=\"http:\/\/member.schack.se\/ShowTournamentServlet?id=3339\">,<\/a><a href=\"http:\/\/member.schack.se\/ShowTournamentServlet?id=3328\">LASS II<\/a><a href=\"http:\/\/member.schack.se\/ShowTournamentServlet?id=3339\">,III,IV<\/a><\/p>\n\n\n\n<h4 class=\"wp-block-heading\">\u00d6vriga<\/h4>\n\n\n<p><a href=\"https:\/\/lass.no-ip.com\/resultat\/2013\/Slutresultat_Skol_SM_2013.pdf\">Skol-SM<\/a><\/p>\n<p><a href=\"http:\/\/osf.no-ip.com\/resultat\/2012-2013\/korstabell_jubileum.htm\">\u00d6SF 100-\u00e5rsjubileumsturnering<\/a><\/p>\n<p>\u00a0<\/p>\n\n\n<p><\/p>\n","protected":false},"excerpt":{"rendered":"<p>Resultat 2013 BlixtTurneringar Tremannablixten Novemberblixten Blixt KM oktoberblixten Snabbschacksturneringar Uppv\u00e4rmningsturnering Pingstschacket L\u00e5ngpartiturneringar Link\u00f6pingsm\u00e4sterskapen LASS-cupen V\u00e5rturneringarna \u00d6ppen Sanktionerad Klubbm\u00e4sterskapen A-KM B-KM C-KM D-KM Malm\u00f6\/MSF Open Malta Open Svenska Cupen Rockaden Open V\u00e4stg\u00f6ta Open Lagschack Allsvenskan\u00a0LASS I,LASS II,III,IV \u00d6vriga Skol-SM \u00d6SF 100-\u00e5rsjubileumsturnering \u00a0<\/p>\n","protected":false},"author":1,"featured_media":0,"parent":0,"menu_order":0,"comment_status":"closed","ping_status":"closed","template":"","meta":{"wp_social_preview_title":"","wp_social_preview_description":"","wp_social_preview_image":0,"footnotes":""},"class_list":["post-200","page","type-page","status-publish","hentry"],"_links":{"self":[{"href":"https:\/\/lass.no-ip.com\/wordpress\/index.php\/wp-json\/wp\/v2\/pages\/200","targetHints":{"allow":["GET"]}}],"collection":[{"href":"https:\/\/lass.no-ip.com\/wordpress\/index.php\/wp-json\/wp\/v2\/pages"}],"about":[{"href":"https:\/\/lass.no-ip.com\/wordpress\/index.php\/wp-json\/wp\/v2\/types\/page"}],"author":[{"embeddable":true,"href":"https:\/\/lass.no-ip.com\/wordpress\/index.php\/wp-json\/wp\/v2\/users\/1"}],"replies":[{"embeddable":true,"href":"https:\/\/lass.no-ip.com\/wordpress\/index.php\/wp-json\/wp\/v2\/comments?post=200"}],"version-history":[{"count":8,"href":"https:\/\/lass.no-ip.com\/wordpress\/index.php\/wp-json\/wp\/v2\/pages\/200\/revisions"}],"predecessor-version":[{"id":2028,"href":"https:\/\/lass.no-ip.com\/wordpress\/index.php\/wp-json\/wp\/v2\/pages\/200\/revisions\/2028"}],"wp:attachment":[{"href":"https:\/\/lass.no-ip.com\/wordpress\/index.php\/wp-json\/wp\/v2\/media?parent=200"}],"curies":[{"name":"wp","href":"https:\/\/api.w.org\/{rel}","templated":true}]}}