{"id":198,"date":"2017-12-30T12:25:49","date_gmt":"2017-12-30T11:25:49","guid":{"rendered":"http:\/\/lass.no-ip.com\/wordpress\/?page_id=198"},"modified":"2019-09-24T13:01:39","modified_gmt":"2019-09-24T12:01:39","slug":"resultat-2014","status":"publish","type":"page","link":"https:\/\/lass.no-ip.com\/wordpress\/index.php\/resultat-2014\/","title":{"rendered":"Resultat 2014"},"content":{"rendered":"\n<h2 class=\"wp-block-heading\">Resultat 2014<\/h2>\n\n\n\n<h4 class=\"wp-block-heading\">  BlixtTurneringar <\/h4>\n\n\n\n<p><a href=\"https:\/\/lass.no-ip.com\/resultat\/2014\/blixtkm.htm\">KM i blixt<\/a><\/p>\n\n\n\n<p><a href=\"https:\/\/lass.no-ip.com\/resultat\/2014\/korstabell_schacklordag.htm\">Schackl\u00f6rdagsblixten<\/a><\/p>\n\n\n\n<p><a href=\"https:\/\/lass.no-ip.com\/resultat\/2014\/blixt-lm.htm\">LM i blixt<\/a><\/p>\n\n\n\n<p><a href=\"http:\/\/osf.no-ip.com\/resultat\/2013-2014\/tremanna2014.htm\">Tremannablixten<\/a><\/p>\n\n\n\n<h4 class=\"wp-block-heading\"> Snabbschacksturneringar <\/h4>\n\n\n\n<p><a href=\"http:\/\/member.schack.se\/ShowTournamentServlet?id=3583&amp;listingtype=2\">Uppv\u00e4rmningsturnering<\/a><\/p>\n\n\n\n<p><a href=\"https:\/\/lass.no-ip.com\/resultat\/2014\/snabbkm_kors.htm\">Snabbschack KM<\/a><\/p>\n\n\n\n<h4 class=\"wp-block-heading\"> L\u00e5ngpartiturneringar <\/h4>\n\n\n<p><a href=\"https:\/\/lass.no-ip.com\/resultat\/2014\/korstabell_lm.htm\">Link\u00f6pingsm\u00e4sterskapen<\/a><\/p>\n<p><a href=\"https:\/\/lass.no-ip.com\/resultat\/2014\/LASS%20Cupen%202014.htm\">LASS-cupen<\/a><\/p>\n<p>V\u00e5rturneringarna <a href=\"https:\/\/lass.no-ip.com\/resultat\/2014\/korstabell_sanktionerad.htm\">Sanktionerad<\/a> <a href=\"https:\/\/lass.no-ip.com\/resultat\/2014\/korstabell_oppen.htm\">\u00d6ppen<\/a><\/p>\n<p>Klubbm\u00e4sterskapen <a href=\"https:\/\/lass.no-ip.com\/resultat\/2014\/akm_kors.htm\">A-KM<\/a> <a href=\"https:\/\/lass.no-ip.com\/resultat\/2014\/bkm_kors.htm\">B-KM<\/a> <a href=\"https:\/\/lass.no-ip.com\/resultat\/2014\/ckm_kors.htm\">C-KM<\/a><\/p>\n<p><a href=\"http:\/\/chess-results.com\/tnr119270.aspx?lan=6&amp;art=1&amp;rd=8&amp;flag=30&amp;wi=821\">P\u00e5skturneringen<\/a><\/p>\n<p><a href=\"http:\/\/www.skaraschack.se\/vo\/VO%202014\/Slutresultat%20vo%202014.htm\">V\u00e4stg\u00f6ta Open<\/a><\/p>\n<p><a href=\"http:\/\/chess-results.com\/tnr115121.aspx?lan=1&amp;art=1&amp;rd=7&amp;turdet=YES&amp;wi=821\">Dala Open<\/a><\/p>\n<p><a href=\"https:\/\/lass.no-ip.com\/resultat\/2014\/Vasteras.html\">V\u00e4ster\u00e5s Open<\/a><\/p>\n\n\n<h4 class=\"wp-block-heading\"> Lagschack  <\/h4>\n\n\n\n<p>\n\nAllsvenskan 2013\/14&nbsp;<a href=\"http:\/\/member.schack.se\/ShowTournamentServlet?id=3322\">LASS I<\/a><a href=\"http:\/\/member.schack.se\/ShowTournamentServlet?id=3328\">LASS II<\/a><a href=\"http:\/\/member.schack.se\/ShowTournamentServlet?id=3339\">LASS III<\/a><a href=\"http:\/\/member.schack.se\/ShowTournamentServlet?id=3339\">LASS IV<\/a><\/p>\n\n\n\n<h4 class=\"wp-block-heading\">\u00d6vrigt<\/h4>\n\n\n\n<p><a href=\"http:\/\/member.schack.se\/ShowTournamentServlet?id=3610\">\u00d6stg\u00f6taserien<\/a><\/p>\n\n\n\n<p>&nbsp;<a href=\"http:\/\/www.chess-results.com\/tnr124236.aspx?lan=32&amp;art=1&amp;rd=6&amp;turdet=NO&amp;flag=30&amp;wi=984\">NM i Billund<\/a><\/p>\n\n\n\n<h4 class=\"wp-block-heading\"> Knatte- och ungdomst\u00e4vlingar <\/h4>\n\n\n\n<p><a href=\"http:\/\/osf.no-ip.com\/\">Schack4ans distriktsfinal<\/a><\/p>\n\n\n\n<p><a href=\"http:\/\/member.schack.se\/ShowTournamentServlet?id=3647\">Juniorallsvenskan<\/a><\/p>\n\n\n\n<p><a href=\"http:\/\/chess-results.com\/tnr119271.aspx?lan=6&amp;art=1&amp;rd=8&amp;flag=30&amp;wi=821\">Lilla P\u00e5skturneringen<\/a><\/p>\n\n\n\n<p><a href=\"http:\/\/osf.no-ip.com\/resultat\/2013-2014\/Skol-DM.htm\">Skol-DM<\/a><\/p>\n\n\n\n<p><a href=\"http:\/\/osf.no-ip.com\/resultat\/2013-2014\/korstabell_knattecup.htm\">Knatte- och Ungdomscupen<\/a><\/p>\n\n\n<p><!--EndFragment--><br \/><br \/><\/p>","protected":false},"excerpt":{"rendered":"<p>Resultat 2014 BlixtTurneringar KM i blixt Schackl\u00f6rdagsblixten LM i blixt Tremannablixten Snabbschacksturneringar Uppv\u00e4rmningsturnering Snabbschack KM L\u00e5ngpartiturneringar Link\u00f6pingsm\u00e4sterskapen LASS-cupen V\u00e5rturneringarna Sanktionerad \u00d6ppen Klubbm\u00e4sterskapen A-KM B-KM C-KM P\u00e5skturneringen V\u00e4stg\u00f6ta Open Dala Open V\u00e4ster\u00e5s Open Lagschack Allsvenskan 2013\/14&nbsp;LASS ILASS IILASS IIILASS IV \u00d6vrigt \u00d6stg\u00f6taserien &nbsp;NM i Billund Knatte- och ungdomst\u00e4vlingar Schack4ans distriktsfinal Juniorallsvenskan Lilla P\u00e5skturneringen Skol-DM Knatte- och Ungdomscupen<\/p>\n","protected":false},"author":1,"featured_media":0,"parent":0,"menu_order":0,"comment_status":"closed","ping_status":"closed","template":"","meta":{"wp_social_preview_title":"","wp_social_preview_description":"","wp_social_preview_image":0,"footnotes":""},"class_list":["post-198","page","type-page","status-publish","hentry"],"_links":{"self":[{"href":"https:\/\/lass.no-ip.com\/wordpress\/index.php\/wp-json\/wp\/v2\/pages\/198","targetHints":{"allow":["GET"]}}],"collection":[{"href":"https:\/\/lass.no-ip.com\/wordpress\/index.php\/wp-json\/wp\/v2\/pages"}],"about":[{"href":"https:\/\/lass.no-ip.com\/wordpress\/index.php\/wp-json\/wp\/v2\/types\/page"}],"author":[{"embeddable":true,"href":"https:\/\/lass.no-ip.com\/wordpress\/index.php\/wp-json\/wp\/v2\/users\/1"}],"replies":[{"embeddable":true,"href":"https:\/\/lass.no-ip.com\/wordpress\/index.php\/wp-json\/wp\/v2\/comments?post=198"}],"version-history":[{"count":9,"href":"https:\/\/lass.no-ip.com\/wordpress\/index.php\/wp-json\/wp\/v2\/pages\/198\/revisions"}],"predecessor-version":[{"id":2027,"href":"https:\/\/lass.no-ip.com\/wordpress\/index.php\/wp-json\/wp\/v2\/pages\/198\/revisions\/2027"}],"wp:attachment":[{"href":"https:\/\/lass.no-ip.com\/wordpress\/index.php\/wp-json\/wp\/v2\/media?parent=198"}],"curies":[{"name":"wp","href":"https:\/\/api.w.org\/{rel}","templated":true}]}}