{"id":194,"date":"2017-12-30T12:20:07","date_gmt":"2017-12-30T11:20:07","guid":{"rendered":"http:\/\/lass.no-ip.com\/wordpress\/?page_id=194"},"modified":"2019-01-17T11:50:35","modified_gmt":"2019-01-17T10:50:35","slug":"resultat-2015","status":"publish","type":"page","link":"https:\/\/lass.no-ip.com\/wordpress\/index.php\/resultat-2015\/","title":{"rendered":"Resultat 2015"},"content":{"rendered":"<p><a href=\"https:\/\/lass.no-ip.com\/resultat\/2015\/korstabell_lm.htm\">Link\u00f6pingsm\u00e4sterskapen<\/a><\/p>\n<p>V\u00e5rturneringarna <a href=\"https:\/\/lass.no-ip.com\/resultat\/2015\/VT\/vtsakors.htm\">Sanktionerad<\/a>\u00a0<a href=\"https:\/\/lass.no-ip.com\/resultat\/2015\/VT\/vtokors.htm\">\u00d6ppen<\/a><\/p>\n<p><a href=\"https:\/\/lass.no-ip.com\/resultat\/2015\/uppvkors.htm\">Uppv\u00e4rmningsturnering<\/a><\/p>\n<p>Klubbm\u00e4sterskapen <a href=\"https:\/\/lass.no-ip.com\/resultat\/2015\/akm_kors.htm\">A-KM<\/a>\u00a0<a href=\"https:\/\/lass.no-ip.com\/resultat\/2015\/bkm_kors.htm\">B-KM<\/a>\u00a0<a href=\"https:\/\/lass.no-ip.com\/resultat\/2015\/ckm_kors.htm\">C-KM<\/a><\/p>\n<p><a href=\"https:\/\/member.schack.se\/ShowTournamentServlet?id=3927\">Svenska Cupen<\/a><\/p>\n<p><a href=\"https:\/\/lass.no-ip.com\/resultat\/2015\/tremanna.html\">Tremannablixten<\/a><\/p>\n<p class=\"header\"><a href=\"https:\/\/member.schack.se\/ShowTournamentServlet?id=3983\">Julturnering<\/a><\/p>\n<p><a href=\"https:\/\/lass.no-ip.com\/resultat\/2015\/korstabell_snabbschacks_km.htm\">Snabbschack-<\/a><a href=\"https:\/\/lass.no-ip.com\/resultat\/2015\/korstabell_snabbschacks_km.htm\">KM<\/a><\/p>\n<p><a href=\"https:\/\/lass.no-ip.com\/resultat\/2015\/HT\/stadsmatch2015.html\">Stadsnmatchen<\/a><\/p>\n<p><a href=\"https:\/\/lass.no-ip.com\/resultat\/2015\/blixtkm.htm\">Blixk KM<\/a><\/p>\n<p><a href=\"https:\/\/lass.no-ip.com\/resultat\/2015\/skolsm.htm\">Skol-SM i V\u00e4ster\u00e5s<\/a><\/p>\n<p><a href=\"https:\/\/lass.no-ip.com\/resultat\/2015\/korstabell_pingst.htm\">Pingstschacket<\/a><\/p>\n<p><a href=\"https:\/\/lass.no-ip.com\/resultat\/2015\/korstabell_majblixten.htm\">Majblixten<\/a><\/p>\n<p><a href=\"https:\/\/lass.no-ip.com\/resultat\/2015\/korstabell_aprilblixt.htm\">Aprilblixten<\/a><\/p>\n<p><a href=\"https:\/\/lass.no-ip.com\/resultat\/2015\/korstabell_vtsl.htm\">Schackl\u00f6rdag\u00a0<\/a><\/p>\n<p>Allsvenskan 2014\/15 <a href=\"https:\/\/member.schack.se\/ShowTournamentServlet?id=3471\">LASS I\u00a0<\/a>\u00a0<a href=\"https:\/\/member.schack.se\/ShowTournamentServlet?id=3468\">LASS II\u00a0<\/a>\u00a0<a href=\"http:\/\/member.schack.se\/ShowTournamentServlet?id=3479\">LASS III <\/a>\u00a0<a href=\"http:\/\/www.schack.se\/allsvenskan\/17462-2\/\">LASS IV<\/a><\/p>\n<p><a href=\"https:\/\/lass.no-ip.com\/resultat\/2015\/korstabell_blixtlm.htm\">Blixt LM<\/a><\/p>\n<p><a href=\"http:\/\/osf.no-ip.com\/resultat\/2014-2015\/skolDM.html\">skolDM<\/a><\/p>\n<p><a href=\"https:\/\/lass.no-ip.com\/resultat\/2015\/marsblixt.jpg\">marsblixten<\/a><\/p>\n<p><a href=\"https:\/\/lass.no-ip.com\/resultat\/2015\/Knattecup%202015.htm\">Knatte- &amp; Ungdomscupen<\/a><\/p>\n<p><a href=\"https:\/\/lass.no-ip.com\/resultat\/2015\/tremanna.html\">tremanna<\/a><\/p>\n<p><a href=\"http:\/\/www.chess-results.com\/tnr144656.aspx?lan=6&amp;art=1&amp;rd=7&amp;turdet=YES&amp;flag=30&amp;wi=821\">Rilton 1600<\/a><\/p>\n<p><a href=\"http:\/\/www.chess-results.com\/tnr154828.aspx?lan=6&amp;art=1&amp;rd=9&amp;fedb=SWE&amp;turdet=YES&amp;flag=30&amp;wi=984\">Roquetas de Mar<\/a><\/p>\n\n\n<p><\/p>\n","protected":false},"excerpt":{"rendered":"<p>Link\u00f6pingsm\u00e4sterskapen V\u00e5rturneringarna Sanktionerad\u00a0\u00d6ppen Uppv\u00e4rmningsturnering Klubbm\u00e4sterskapen A-KM\u00a0B-KM\u00a0C-KM Svenska Cupen Tremannablixten Julturnering Snabbschack-KM Stadsnmatchen Blixk KM Skol-SM i V\u00e4ster\u00e5s Pingstschacket Majblixten Aprilblixten Schackl\u00f6rdag\u00a0 Allsvenskan 2014\/15 LASS I\u00a0\u00a0LASS II\u00a0\u00a0LASS III \u00a0LASS IV Blixt LM skolDM marsblixten Knatte- &amp; Ungdomscupen tremanna Rilton 1600 Roquetas de Mar<\/p>\n","protected":false},"author":1,"featured_media":0,"parent":0,"menu_order":0,"comment_status":"closed","ping_status":"closed","template":"","meta":{"wp_social_preview_title":"","wp_social_preview_description":"","wp_social_preview_image":0,"footnotes":""},"class_list":["post-194","page","type-page","status-publish","hentry"],"_links":{"self":[{"href":"https:\/\/lass.no-ip.com\/wordpress\/index.php\/wp-json\/wp\/v2\/pages\/194","targetHints":{"allow":["GET"]}}],"collection":[{"href":"https:\/\/lass.no-ip.com\/wordpress\/index.php\/wp-json\/wp\/v2\/pages"}],"about":[{"href":"https:\/\/lass.no-ip.com\/wordpress\/index.php\/wp-json\/wp\/v2\/types\/page"}],"author":[{"embeddable":true,"href":"https:\/\/lass.no-ip.com\/wordpress\/index.php\/wp-json\/wp\/v2\/users\/1"}],"replies":[{"embeddable":true,"href":"https:\/\/lass.no-ip.com\/wordpress\/index.php\/wp-json\/wp\/v2\/comments?post=194"}],"version-history":[{"count":8,"href":"https:\/\/lass.no-ip.com\/wordpress\/index.php\/wp-json\/wp\/v2\/pages\/194\/revisions"}],"predecessor-version":[{"id":1274,"href":"https:\/\/lass.no-ip.com\/wordpress\/index.php\/wp-json\/wp\/v2\/pages\/194\/revisions\/1274"}],"wp:attachment":[{"href":"https:\/\/lass.no-ip.com\/wordpress\/index.php\/wp-json\/wp\/v2\/media?parent=194"}],"curies":[{"name":"wp","href":"https:\/\/api.w.org\/{rel}","templated":true}]}}