{"id":192,"date":"2017-12-30T12:16:05","date_gmt":"2017-12-30T11:16:05","guid":{"rendered":"http:\/\/lass.no-ip.com\/wordpress\/?page_id=192"},"modified":"2024-01-14T16:02:46","modified_gmt":"2024-01-14T15:02:46","slug":"resultat-2016","status":"publish","type":"page","link":"https:\/\/lass.no-ip.com\/wordpress\/index.php\/resultat-2016\/","title":{"rendered":"Resultat 2016"},"content":{"rendered":"<p><a href=\"https:\/\/lass.no-ip.com\/resultat\/2016\/lm_kors.htm\">Link\u00f6pingsm\u00e4sterskapen<\/a><\/p>\n<p>Klubbm\u00e4sterskapen <a href=\"https:\/\/ratings.fide.com\/tournament_report.phtml?event16=142891\">A-KM<\/a> <a href=\"https:\/\/ratings.fide.com\/tournament_report.phtml?event16=142890\">B-KM<\/a> <a href=\"https:\/\/ratings.fide.com\/tournament_report.phtml?event16=142889\">C-KM<\/a><\/p>\n<p>Svenska Cupen<\/p>\n<p><a href=\"https:\/\/member.schack.se\/ShowTournamentServlet?id=3965\">Allsvenskan 2015\/16<\/a>\u00a0 <a href=\"https:\/\/member.schack.se\/ShowTournamentServlet?id=3749\">Lass I<\/a>\u00a0<a href=\"https:\/\/member.schack.se\/ShowTournamentServlet?id=3753\">Lass II<\/a>\u00a0<a href=\"https:\/\/member.schack.se\/ShowTournamentServlet?id=3762\">Lass III<\/a>\u00a0<a href=\"https:\/\/member.schack.se\/ShowTournamentTeamResultServlet?id=3965&amp;partid=38344&amp;teamnumber=4&amp;sortorder=lastname\">Lass IV, Lass V<\/a><\/p>\n<p><a href=\"http:\/\/www.schack.se\/tavling\/ungdomstavlingar\/juniorallsvenskan\/juniorallsvenskan-2016\/\">Juniorallsvenskan i Link\u00f6ping<\/a><\/p>\n<p><a href=\"http:\/\/member.schack.se\/ShowTournamentServlet?id=4534\">Stadsmatchen<\/a><\/p>\n<p><a href=\"http:\/\/www.schack.se\/schack-i-skolan\/skoltavlingar\/skol-sm\/skol-sm-2016-resultat\/\">Skol-SM<\/a><\/p>\n<p>Knatte o Ungdomscup <a href=\"https:\/\/lass.no-ip.com\/resultat\/2016\/UngABKors.htm\">Ungdom<\/a>\u00a0<a href=\"https:\/\/lass.no-ip.com\/resultat\/2016\/KNAKors.htm\">Knatte A<\/a>\u00a0<a href=\"https:\/\/lass.no-ip.com\/resultat\/2016\/KnatteBKorsl.htm\">Knatte B<\/a><\/p>\n<p><a href=\"https:\/\/lass.no-ip.com\/resultat\/2016\/Blixt-LM%202016.htm\">Blixt-LM<\/a><\/p>\n<p class=\"header\"><a href=\"http:\/\/schack.se\/svenskt-grand-prix\/elite-hotels-open-anmalda-spelare\/\">Elite Hotels Open 2016<\/a><\/p>\n\n\n<p><\/p>\n\n\n\n<p><\/p>\n\n\n\n<p><\/p>\n","protected":false},"excerpt":{"rendered":"<p>Link\u00f6pingsm\u00e4sterskapen Klubbm\u00e4sterskapen A-KM B-KM C-KM Svenska Cupen Allsvenskan 2015\/16\u00a0 Lass I\u00a0Lass II\u00a0Lass III\u00a0Lass IV, Lass V Juniorallsvenskan i Link\u00f6ping Stadsmatchen Skol-SM Knatte o Ungdomscup Ungdom\u00a0Knatte A\u00a0Knatte B Blixt-LM Elite Hotels Open 2016<\/p>\n","protected":false},"author":1,"featured_media":0,"parent":0,"menu_order":0,"comment_status":"closed","ping_status":"closed","template":"","meta":{"wp_social_preview_title":"","wp_social_preview_description":"","wp_social_preview_image":0,"footnotes":""},"class_list":["post-192","page","type-page","status-publish","hentry"],"_links":{"self":[{"href":"https:\/\/lass.no-ip.com\/wordpress\/index.php\/wp-json\/wp\/v2\/pages\/192","targetHints":{"allow":["GET"]}}],"collection":[{"href":"https:\/\/lass.no-ip.com\/wordpress\/index.php\/wp-json\/wp\/v2\/pages"}],"about":[{"href":"https:\/\/lass.no-ip.com\/wordpress\/index.php\/wp-json\/wp\/v2\/types\/page"}],"author":[{"embeddable":true,"href":"https:\/\/lass.no-ip.com\/wordpress\/index.php\/wp-json\/wp\/v2\/users\/1"}],"replies":[{"embeddable":true,"href":"https:\/\/lass.no-ip.com\/wordpress\/index.php\/wp-json\/wp\/v2\/comments?post=192"}],"version-history":[{"count":12,"href":"https:\/\/lass.no-ip.com\/wordpress\/index.php\/wp-json\/wp\/v2\/pages\/192\/revisions"}],"predecessor-version":[{"id":4592,"href":"https:\/\/lass.no-ip.com\/wordpress\/index.php\/wp-json\/wp\/v2\/pages\/192\/revisions\/4592"}],"wp:attachment":[{"href":"https:\/\/lass.no-ip.com\/wordpress\/index.php\/wp-json\/wp\/v2\/media?parent=192"}],"curies":[{"name":"wp","href":"https:\/\/api.w.org\/{rel}","templated":true}]}}