{"id":187,"date":"2017-12-30T11:51:02","date_gmt":"2017-12-30T10:51:02","guid":{"rendered":"http:\/\/lass.no-ip.com\/wordpress\/?page_id=187"},"modified":"2023-12-05T13:31:30","modified_gmt":"2023-12-05T12:31:30","slug":"resultat-2017","status":"publish","type":"page","link":"https:\/\/lass.no-ip.com\/wordpress\/index.php\/resultat-2017\/","title":{"rendered":"Resultat 2017"},"content":{"rendered":"<p>Klubbm\u00e4sterskapen <a href=\"https:\/\/lass.no-ip.com\/resultat\/2017\/akm_korstabell.htm\">A-KM<\/a> <a href=\"https:\/\/lass.no-ip.com\/resultat\/2017\/bkm_korstabell.htm\">B-KM<\/a> <a href=\"https:\/\/lass.no-ip.com\/resultat\/2017\/ckm_korstabell.htm\">C-KM<\/a><\/p>\n<p><a href=\"https:\/\/ratings.fide.com\/view_source.phtml?code=152308\">Link\u00f6pingsm\u00e4sterskapen<\/a><\/p>\n<p><a href=\"https:\/\/member.schack.se\/ShowTournamentServlet?id=4988\">Svenska Cupen<\/a><\/p>\n<p><a href=\"https:\/\/member.schack.se\/ShowTournamentServlet?id=5236\">Novemberblixt<\/a><\/p>\n<p><a href=\"http:\/\/chess-results.com\/tnr218812.aspx?lan=6&amp;art=1&amp;rd=9&amp;turdet=YES&amp;wi=821\">Max tv\u00e5a i Rilton ELO<\/a><\/p>\n<p><a href=\"http:\/\/www.free-swiss.com\/tournaments\/sw8000956397\/simple_ranking.htm\">M\u00e5nga LASSare i Malta Open<\/a><\/p>\n<p>Allsvenskan 2016\/17\u00a0<a href=\"http:\/\/member.schack.se\/ShowTournamentServlet?id=4147\">Lass I<\/a>\u00a0<a href=\"https:\/\/member.schack.se\/ShowTournamentServlet?id=4163\">Lass II, Lass III<\/a><\/p>\n","protected":false},"excerpt":{"rendered":"<p>Klubbm\u00e4sterskapen A-KM B-KM C-KM Link\u00f6pingsm\u00e4sterskapen Svenska Cupen Novemberblixt Max tv\u00e5a i Rilton ELO M\u00e5nga LASSare i Malta Open Allsvenskan 2016\/17\u00a0Lass I\u00a0Lass II, Lass III<\/p>\n","protected":false},"author":1,"featured_media":0,"parent":0,"menu_order":0,"comment_status":"closed","ping_status":"closed","template":"","meta":{"wp_social_preview_title":"","wp_social_preview_description":"","wp_social_preview_image":0,"footnotes":""},"class_list":["post-187","page","type-page","status-publish","hentry"],"_links":{"self":[{"href":"https:\/\/lass.no-ip.com\/wordpress\/index.php\/wp-json\/wp\/v2\/pages\/187","targetHints":{"allow":["GET"]}}],"collection":[{"href":"https:\/\/lass.no-ip.com\/wordpress\/index.php\/wp-json\/wp\/v2\/pages"}],"about":[{"href":"https:\/\/lass.no-ip.com\/wordpress\/index.php\/wp-json\/wp\/v2\/types\/page"}],"author":[{"embeddable":true,"href":"https:\/\/lass.no-ip.com\/wordpress\/index.php\/wp-json\/wp\/v2\/users\/1"}],"replies":[{"embeddable":true,"href":"https:\/\/lass.no-ip.com\/wordpress\/index.php\/wp-json\/wp\/v2\/comments?post=187"}],"version-history":[{"count":9,"href":"https:\/\/lass.no-ip.com\/wordpress\/index.php\/wp-json\/wp\/v2\/pages\/187\/revisions"}],"predecessor-version":[{"id":4483,"href":"https:\/\/lass.no-ip.com\/wordpress\/index.php\/wp-json\/wp\/v2\/pages\/187\/revisions\/4483"}],"wp:attachment":[{"href":"https:\/\/lass.no-ip.com\/wordpress\/index.php\/wp-json\/wp\/v2\/media?parent=187"}],"curies":[{"name":"wp","href":"https:\/\/api.w.org\/{rel}","templated":true}]}}