{"id":1726,"date":"2019-05-20T18:18:39","date_gmt":"2019-05-20T17:18:39","guid":{"rendered":"http:\/\/lass.no-ip.com\/wordpress\/?page_id=1726"},"modified":"2019-05-21T20:34:25","modified_gmt":"2019-05-21T19:34:25","slug":"priser-i-oppna-snabb-lm-2019","status":"publish","type":"page","link":"https:\/\/lass.no-ip.com\/wordpress\/index.php\/priser-i-oppna-snabb-lm-2019\/","title":{"rendered":"Priser i \u00f6ppna snabb-LM 2019"},"content":{"rendered":"\n<p>F\u00f6ljande priser utdelas i \u00f6ppna snabb-LM:<\/p>\n\n\n\n<ol class=\"wp-block-list\"><li>400:-<\/li><li>250:-<\/li><li>150:-<\/li><li>100:-<\/li><\/ol>\n\n\n\n<p>Dessutom utdelas tre rankingpriser om 100:-. Det finns l\u00e4nkar till ratinggrupperna l\u00e4ngst ner p\u00e5 resultatsidan. Observera att \u00e4ven orankade spelare t\u00e4vlar om rankingpriser.<\/p>\n\n\n\n<p>Priser delas ej och man kan inte vinna b\u00e5de rankingpris och ordinarie pris.<\/p>\n","protected":false},"excerpt":{"rendered":"<p>F\u00f6ljande priser utdelas i \u00f6ppna snabb-LM: 400:- 250:- 150:- 100:- Dessutom utdelas tre rankingpriser om 100:-. Det finns l\u00e4nkar till ratinggrupperna l\u00e4ngst ner p\u00e5 resultatsidan. Observera att \u00e4ven orankade spelare t\u00e4vlar om rankingpriser. Priser delas ej och man kan inte vinna b\u00e5de rankingpris och ordinarie pris.<\/p>\n","protected":false},"author":5,"featured_media":0,"parent":0,"menu_order":0,"comment_status":"closed","ping_status":"closed","template":"","meta":{"wp_social_preview_title":"","wp_social_preview_description":"","wp_social_preview_image":0,"footnotes":""},"class_list":["post-1726","page","type-page","status-publish","hentry"],"_links":{"self":[{"href":"https:\/\/lass.no-ip.com\/wordpress\/index.php\/wp-json\/wp\/v2\/pages\/1726","targetHints":{"allow":["GET"]}}],"collection":[{"href":"https:\/\/lass.no-ip.com\/wordpress\/index.php\/wp-json\/wp\/v2\/pages"}],"about":[{"href":"https:\/\/lass.no-ip.com\/wordpress\/index.php\/wp-json\/wp\/v2\/types\/page"}],"author":[{"embeddable":true,"href":"https:\/\/lass.no-ip.com\/wordpress\/index.php\/wp-json\/wp\/v2\/users\/5"}],"replies":[{"embeddable":true,"href":"https:\/\/lass.no-ip.com\/wordpress\/index.php\/wp-json\/wp\/v2\/comments?post=1726"}],"version-history":[{"count":4,"href":"https:\/\/lass.no-ip.com\/wordpress\/index.php\/wp-json\/wp\/v2\/pages\/1726\/revisions"}],"predecessor-version":[{"id":3677,"href":"https:\/\/lass.no-ip.com\/wordpress\/index.php\/wp-json\/wp\/v2\/pages\/1726\/revisions\/3677"}],"wp:attachment":[{"href":"https:\/\/lass.no-ip.com\/wordpress\/index.php\/wp-json\/wp\/v2\/media?parent=1726"}],"curies":[{"name":"wp","href":"https:\/\/api.w.org\/{rel}","templated":true}]}}