{"id":1503,"date":"2019-02-17T18:01:35","date_gmt":"2019-02-17T17:01:35","guid":{"rendered":"http:\/\/lass.no-ip.com\/wordpress\/?page_id=1503"},"modified":"2020-02-23T21:47:29","modified_gmt":"2020-02-23T20:47:29","slug":"resultat-2019","status":"publish","type":"page","link":"https:\/\/lass.no-ip.com\/wordpress\/index.php\/resultat-2019\/","title":{"rendered":"Resultat 2019"},"content":{"rendered":"\n<p class=\"has-medium-font-size\"><strong>V\u00e5rs\u00e4songen 2019<\/strong><\/p>\n\n\n\n<h4 class=\"wp-block-heading\"><strong>Allsvenskan 2018-19<\/strong><\/h4>\n\n\n\n<ul class=\"wp-block-list\"><li><a href=\"https:\/\/member.schack.se\/ShowTournamentServlet?id=5768\">LASS I<\/a>\u00a0 \u00a0 \u00a0<a href=\"https:\/\/member.schack.se\/ShowTournamentServlet?id=5774\">LASS II  <\/a>\u00a0 \u00a0 \u00a0<a href=\"https:\/\/member.schack.se\/ShowTournamentServlet?id=5785\"> LASS III<\/a>\u00a0 \u00a0 \u00a0<\/li><\/ul>\n\n\n\n<p><strong>Tremannablixten 20\/1<\/strong>: inst\u00e4lld p\u00e5 grund av f\u00f6r f\u00e5 anm\u00e4lda lag <\/p>\n\n\n\n<p><strong>Veteran-DM i snabbschack 17\/2<\/strong><\/p>\n\n\n\n<ul class=\"wp-block-list\"><li><a href=\"http:\/\/osf.no-ip.com\/inbjudan\/2019\/Veteran-DM.pdf\">Inbjudan<\/a><\/li><li><a href=\"https:\/\/member.schack.se\/ShowTournamentServlet?id=7128&amp;listingtype=2\">Resultat<\/a><\/li><\/ul>\n\n\n\n<p><strong>\u00d6ppna LM i schack 960 (fischerandom) 22\/2<\/strong><\/p>\n\n\n\n<ul class=\"wp-block-list\"><li><a href=\"https:\/\/lass.no-ip.com\/Inbjudan\/2019\/inbjudan_FR-LM_2019.pdf\">Inbjudan<\/a><\/li><li><a href=\"https:\/\/member.schack.se\/ShowTournamentServlet?id=7137\">Resultat<\/a><\/li><\/ul>\n\n\n\n<p><a href=\"https:\/\/member.schack.se\/ShowTournamentServlet?id=7163&amp;listingtype=2\">Knattecupen 9\/3<\/a><\/p>\n\n\n\n<p><a href=\"https:\/\/member.schack.se\/ShowTournamentServlet?id=7231&amp;listingtype=2\">Aprilblixt 5\/4<\/a><\/p>\n\n\n\n<p><strong>Link\u00f6pingsm\u00e4sterskapet 15\/1 &#8211; 9\/4<\/strong><\/p>\n\n\n\n<ul class=\"wp-block-list\"><li><a href=\"https:\/\/lass.no-ip.com\/resultat\/2019\/korstabell_lm.htm\">Korstabell<\/a><\/li><li><a href=\"https:\/\/lass.no-ip.com\/partier\/samling\/lass_partier.pgn\">Partisamling (\u00e4ldre partier)<\/a><\/li><li><a href=\"https:\/\/lass.no-ip.com\/Inbjudan\/2019\/inbjudan_LM_2019.pdf\">Inbjudan<\/a><a href=\"http:\/\/lass.no-ip.com\/wordpress\/index.php\/regler-for-uppskjutna-och-forsenade-partier-i-km-och-lm\/\"><\/a><\/li><\/ul>\n\n\n\n<p><a href=\"https:\/\/member.schack.se\/ShowTournamentServlet?id=7243&amp;listingtype=2\">ELO-blixt 16\/4<\/a><\/p>\n\n\n\n<p><strong>\u00d6ppna snabbschacks-LM 7\/5-21\/5<\/strong><\/p>\n\n\n\n<ul class=\"wp-block-list\"><li><a href=\"https:\/\/lass.no-ip.com\/Inbjudan\/2019\/inbjudan_oppna_snabb-LM%202019.pdf\">Inbjudan<\/a><\/li><li><a href=\"https:\/\/member.schack.se\/ShowTournamentServlet?id=7255\">Resultat<\/a><\/li><li><a href=\"https:\/\/lass.no-ip.com\/wordpress\/index.php\/priser-i-oppna-snabb-lm-2019\/\">Priser<\/a><\/li><\/ul>\n\n\n\n<p><strong>\u00d6ppna blixt-LM 17\/5<\/strong><\/p>\n\n\n\n<ul class=\"wp-block-list\"><li><a href=\"https:\/\/lass.no-ip.com\/Inbjudan\/2019\/inbjudan_oppna_blixt-LM_2019.pdf\">Inbjudan<\/a><\/li><li><a href=\"https:\/\/member.schack.se\/ShowTournamentServlet?id=7319\">Resultat<\/a><\/li><\/ul>\n\n\n\n<p><strong>LASS V\u00e5rturneringar 30\/5-2\/6<\/strong> <\/p>\n\n\n\n<ul class=\"wp-block-list\"><li><a href=\"https:\/\/lass.no-ip.com\/Inbjudan\/2019\/varturneringar.html\">Inbjudan<\/a>      <\/li><li><a href=\"https:\/\/member.schack.se\/ShowTournamentServlet?id=7242\">Resultat \u00d6ppen<\/a>    <\/li><li><a href=\"https:\/\/member.schack.se\/ShowTournamentServlet?id=7241\">Resultat Sanktionerad<\/a> <\/li><\/ul>\n\n\n\n<p> <a href=\"https:\/\/lass.no-ip.com\/resultat\/2019\/korstabell%20parblixt%20190607.jpg\">V\u00e5ravslutnings-parblixt 7\/6<\/a> <\/p>\n\n\n\n<p class=\"has-medium-font-size\"><strong>H\u00f6sts\u00e4songen 2019<\/strong><\/p>\n\n\n\n<p><a href=\"https:\/\/lass.no-ip.com\/resultat\/2019\/oppen_blixt.htm\">\u00d6ppen blixt &#8211; s\u00e4songsstart 27\/8<\/a><\/p>\n\n\n\n<p><strong>\u00d6ppna KM i snabbschack 3\/9 &#8211; 10\/9<\/strong><\/p>\n\n\n\n<ul class=\"wp-block-list\"><li><a href=\"https:\/\/lass.no-ip.com\/Inbjudan\/2019\/inbjudan_oppna_snabb-KM%202019.pdf\">Inbjudan<\/a><\/li><li><a href=\"https:\/\/member.schack.se\/ShowTournamentServlet?id=7560\">Resultat<\/a><\/li><\/ul>\n\n\n<p><!--EndFragment--><\/p>\n\n\n<p> <strong>KM 17\/9 &#8211;  10\/12<\/strong> <\/p>\n\n\n\n<ul class=\"wp-block-list\"><li><a href=\"https:\/\/lass.no-ip.com\/Inbjudan\/2019\/inbjudan_km.html\">Inbjudan<\/a><\/li><li><a href=\"https:\/\/member.schack.se\/ShowTournamentServlet?id=7734\">Resultat<\/a> <\/li><\/ul>\n\n\n\n<p> <a href=\"https:\/\/member.schack.se\/ShowTournamentServlet?id=7856&amp;listingtype=2\">Oktoberblixt 25\/10<\/a> <\/p>\n\n\n\n<p> <strong>ELO-blixt 22\/11<\/strong><\/p>\n\n\n\n<ul class=\"wp-block-list\"><li><a href=\"https:\/\/lass.no-ip.com\/Inbjudan\/2019\/inbjudan_ELO-blixt_ht_2019.pdf\">Inbjudan<\/a><\/li><li><a href=\"https:\/\/member.schack.se\/ShowTournamentServlet?id=7914\">Resultat<\/a> <\/li><\/ul>\n\n\n\n<p><strong> \u00d6ppna blixt-KM 6\/12<\/strong><\/p>\n\n\n\n<ul class=\"wp-block-list\"><li><a href=\"https:\/\/lass.no-ip.com\/Inbjudan\/2019\/inbjudan_oppna_blixt-KM_2019.pdf\">Inbjudan<\/a><\/li><li><a href=\"https:\/\/member.schack.se\/ShowTournamentServlet?id=7960\">Resultat<\/a> <\/li><\/ul>\n\n\n\n<p> <a href=\"https:\/\/lass.no-ip.com\/resultat\/2019\/korstabell_parblixt_191220.htm\">Julparblixt 20\/12<\/a> <\/p>\n","protected":false},"excerpt":{"rendered":"<p>V\u00e5rs\u00e4songen 2019 Allsvenskan 2018-19 LASS I\u00a0 \u00a0 \u00a0LASS II \u00a0 \u00a0 \u00a0 LASS III\u00a0 \u00a0 \u00a0 Tremannablixten 20\/1: inst\u00e4lld p\u00e5 grund av f\u00f6r f\u00e5 anm\u00e4lda lag Veteran-DM i snabbschack 17\/2 Inbjudan Resultat \u00d6ppna LM i schack 960 (fischerandom) 22\/2 Inbjudan Resultat Knattecupen 9\/3 Aprilblixt 5\/4 Link\u00f6pingsm\u00e4sterskapet 15\/1 &#8211; 9\/4 Korstabell Partisamling (\u00e4ldre partier) Inbjudan ELO-blixt 16\/4 \u00d6ppna snabbschacks-LM 7\/5-21\/5 Inbjudan Resultat Priser \u00d6ppna blixt-LM 17\/5 Inbjudan Resultat LASS V\u00e5rturneringar 30\/5-2\/6 Inbjudan Resultat \u00d6ppen Resultat Sanktionerad V\u00e5ravslutnings-parblixt 7\/6 H\u00f6sts\u00e4songen 2019 \u00d6ppen blixt &#8211; s\u00e4songsstart 27\/8 \u00d6ppna KM i snabbschack 3\/9 &#8211; 10\/9 Inbjudan Resultat KM 17\/9 &#8211; 10\/12 Inbjudan Resultat Oktoberblixt 25\/10 ELO-blixt 22\/11 Inbjudan Resultat \u00d6ppna blixt-KM 6\/12 Inbjudan Resultat Julparblixt 20\/12<\/p>\n","protected":false},"author":5,"featured_media":0,"parent":0,"menu_order":0,"comment_status":"closed","ping_status":"closed","template":"","meta":{"wp_social_preview_title":"","wp_social_preview_description":"","wp_social_preview_image":0,"footnotes":""},"class_list":["post-1503","page","type-page","status-publish","hentry"],"_links":{"self":[{"href":"https:\/\/lass.no-ip.com\/wordpress\/index.php\/wp-json\/wp\/v2\/pages\/1503","targetHints":{"allow":["GET"]}}],"collection":[{"href":"https:\/\/lass.no-ip.com\/wordpress\/index.php\/wp-json\/wp\/v2\/pages"}],"about":[{"href":"https:\/\/lass.no-ip.com\/wordpress\/index.php\/wp-json\/wp\/v2\/types\/page"}],"author":[{"embeddable":true,"href":"https:\/\/lass.no-ip.com\/wordpress\/index.php\/wp-json\/wp\/v2\/users\/5"}],"replies":[{"embeddable":true,"href":"https:\/\/lass.no-ip.com\/wordpress\/index.php\/wp-json\/wp\/v2\/comments?post=1503"}],"version-history":[{"count":27,"href":"https:\/\/lass.no-ip.com\/wordpress\/index.php\/wp-json\/wp\/v2\/pages\/1503\/revisions"}],"predecessor-version":[{"id":2354,"href":"https:\/\/lass.no-ip.com\/wordpress\/index.php\/wp-json\/wp\/v2\/pages\/1503\/revisions\/2354"}],"wp:attachment":[{"href":"https:\/\/lass.no-ip.com\/wordpress\/index.php\/wp-json\/wp\/v2\/media?parent=1503"}],"curies":[{"name":"wp","href":"https:\/\/api.w.org\/{rel}","templated":true}]}}