{"id":149,"date":"2017-12-29T22:34:32","date_gmt":"2017-12-29T21:34:32","guid":{"rendered":"http:\/\/lass.no-ip.com\/wordpress\/?page_id=149"},"modified":"2026-04-09T22:16:25","modified_gmt":"2026-04-09T21:16:25","slug":"tavlingar","status":"publish","type":"page","link":"https:\/\/lass.no-ip.com\/wordpress\/index.php\/tavlingar\/","title":{"rendered":"Aktuella t\u00e4vlingar"},"content":{"rendered":"\n<h2 class=\"wp-block-heading\">P\u00e5g\u00e5ende<\/h2>\n\n\n\n<h2 class=\"wp-block-heading\">Kommande<\/h2>\n\n\n\n<p><strong>\u00d6ppna blixt-KM 14\/4<\/strong><\/p>\n\n\n\n<ul class=\"wp-block-list\">\n<li><a href=\"https:\/\/lass.no-ip.com\/Inbjudan\/2026\/inbjudan_oppna_blixt-KM_2026.pdf\">Inbjudan<\/a><\/li>\n\n\n\n<li><a href=\"https:\/\/member.schack.se\/turnering\/6662\/anmalan\">Anm\u00e4lan<\/a><\/li>\n\n\n\n<li><a href=\"https:\/\/member.schack.se\/ShowTournamentServlet?id=18243\">Anm\u00e4lda spelare<\/a><\/li>\n<\/ul>\n\n\n\n<p><strong>\u00d6ppna snabb-KM 21\/4-5\/5<\/strong><\/p>\n\n\n\n<ul class=\"wp-block-list\">\n<li><a href=\"https:\/\/lass.no-ip.com\/Inbjudan\/2026\/inbjudan_snabb-KM_2026.pdf\">Inbjudan<\/a><\/li>\n\n\n\n<li><a href=\"https:\/\/member.schack.se\/turnering\/6670\/anmalan\">Anm\u00e4lan<\/a><\/li>\n\n\n\n<li><a href=\"https:\/\/member.schack.se\/ShowTournamentServlet?id=18259\">Anm\u00e4lda spelare<\/a><\/li>\n<\/ul>\n\n\n\n<p><strong>V\u00e5rturneringen 14-17\/5<\/strong><\/p>\n\n\n\n<ul class=\"wp-block-list\">\n<li><a href=\"https:\/\/lass.no-ip.com\/Inbjudan\/2026\/LASS_varturnering_2026.pdf\">Inbjudan<\/a><\/li>\n\n\n\n<li><a href=\"https:\/\/member.schack.se\/turnering\/6723\/anmalan\">Anm\u00e4lan<\/a><\/li>\n\n\n\n<li><a href=\"https:\/\/member.schack.se\/ShowTournamentServlet?id=18363\">Anm\u00e4lda spelare<\/a><\/li>\n<\/ul>\n\n\n\n<h2 class=\"wp-block-heading\">Avslutade<\/h2>\n\n\n\n<p><strong>KM 13\/1-9\/4<\/strong><\/p>\n\n\n\n<ul class=\"wp-block-list\">\n<li><a href=\"http:\/\/chrome-extension:\/\/efaidnbmnnnibpcajpcglclefindmkaj\/https:\/\/lass.no-ip.com\/Inbjudan\/2026\/inbjudan_KM_2026.pdf\">Inbjudan<\/a><\/li>\n\n\n\n<li><a href=\"https:\/\/resultat.schack.se\/ShowTournamentServlet?id=17821\">Resultat<\/a><\/li>\n<\/ul>\n\n\n\n<p><strong>Marsblixt 12\/3<\/strong> &#8211; Inst\u00e4lld<\/p>\n\n\n\n<p><strong>Jul-parblixt 19\/12<\/strong><\/p>\n\n\n\n<figure class=\"wp-block-image size-full\"><img loading=\"lazy\" decoding=\"async\" width=\"697\" height=\"233\" src=\"https:\/\/lass.no-ip.com\/wordpress\/wp-content\/uploads\/2025\/12\/julparblixt-25.png\" alt=\"\" class=\"wp-image-5768\" srcset=\"https:\/\/lass.no-ip.com\/wordpress\/wp-content\/uploads\/2025\/12\/julparblixt-25.png 697w, https:\/\/lass.no-ip.com\/wordpress\/wp-content\/uploads\/2025\/12\/julparblixt-25-300x100.png 300w, https:\/\/lass.no-ip.com\/wordpress\/wp-content\/uploads\/2025\/12\/julparblixt-25-400x134.png 400w\" sizes=\"auto, (max-width: 697px) 100vw, 697px\" \/><\/figure>\n\n\n\n<div class=\"wp-block-group\"><div class=\"wp-block-group__inner-container is-layout-constrained wp-block-group-is-layout-constrained\">\n<p><strong>LM 23\/9-11\/12<\/strong><\/p>\n\n\n\n<ul class=\"wp-block-list\">\n<li><a href=\"https:\/\/lass.no-ip.com\/Inbjudan\/2025\/inbjudan_LM_2025.pdf\">Inbjudan<\/a><\/li>\n\n\n\n<li><a class=\"dracula-style-secondary_bg dracula-style-all dracula-style-link dracula-processed\" data-dracula_alpha_bg=\"rgba(34, 113, 177, 0.2)\" href=\"https:\/\/member.schack.se\/ShowTournamentServlet?id=16847\">Resultat<\/a><\/li>\n<\/ul>\n\n\n\n<p><strong class=\"dracula-style-secondary_bg dracula-style-all dracula-processed\" data-dracula_alpha_bg=\"rgba(0, 0, 0, 0.2)\" data-dracula_preserved_classes=\"dracula-style-secondary_bg dracula-style-all dracula-processed\">Blixt-<\/strong><strong class=\"dracula-style-txt-border dracula-processed\" data-dracula_alpha_bg=\"rgba(0, 0, 0, 0)\" data-dracula_preserved_classes=\"dracula-style-txt-border dracula-processed\">L<\/strong><strong class=\"dracula-style-secondary_bg dracula-style-all dracula-processed\" data-dracula_alpha_bg=\"rgba(0, 0, 0, 0.2)\" data-dracula_preserved_classes=\"dracula-style-secondary_bg dracula-style-all dracula-processed\">M 30\/10<\/strong><\/p>\n\n\n\n<ul class=\"wp-block-list\">\n<li><a href=\"https:\/\/lass.no-ip.com\/Inbjudan\/2025\/inbjudan_blixt-LM_2025.pdf\">Inbjudan<\/a><\/li>\n\n\n\n<li><a class=\"dracula-style-secondary_bg dracula-style-all dracula-style-link dracula-processed\" data-dracula_alpha_bg=\"rgba(19, 94, 150, 0.2)\" href=\"https:\/\/member.schack.se\/ShowTournamentServlet?id=17086\">Resultat<\/a><\/li>\n<\/ul>\n\n\n\n<p><\/p>\n\n\n\n<p><strong class=\"dracula-style-txt-border dracula-processed\" data-dracula_alpha_bg=\"rgba(0, 0, 0, 0)\"><a href=\"https:\/\/member.schack.se\/ShowTournamentServlet?id=16970&amp;listingtype=2\">Septemberblixt 19\/9<\/a><\/strong> <\/p>\n\n\n\n<p><strong>LM i snabbschack 2-16\/9<\/strong><\/p>\n\n\n\n<ul class=\"wp-block-list\">\n<li><a href=\"https:\/\/lass.no-ip.com\/Inbjudan\/2025\/inbjudan_snabb-LM_2025.pdf\">Inbjudan<\/a><\/li>\n\n\n\n<li><a class=\"dracula-style-secondary_bg dracula-style-link dracula-style-all dracula-processed\" data-dracula_alpha_bg=\"rgba(19, 94, 150, 0.2)\" data-dracula_preserved_classes=\"dracula-style-secondary_bg dracula-style-all dracula-style-link dracula-processed\" href=\"https:\/\/member.schack.se\/ShowTournamentServlet?id=16744\">Resultat<\/a><\/li>\n<\/ul>\n\n\n\n<p><strong>S\u00e4songsstartblixt 26\/8<\/strong><\/p>\n\n\n\n<ul class=\"wp-block-list\">\n<li><a href=\"https:\/\/lass.no-ip.com\/Inbjudan\/2025\/inbjudan_sasongsstartblixt_250826.pdf\">Inbjudan<\/a><\/li>\n\n\n\n<li><a href=\"https:\/\/member.schack.se\/ShowTournamentServlet?id=16754\">Resultat<\/a><\/li>\n<\/ul>\n\n\n\n<p><strong>Avslutningsparblixt 5\/6<\/strong><\/p>\n\n\n\n<figure class=\"wp-block-image size-full\"><img loading=\"lazy\" decoding=\"async\" width=\"495\" height=\"177\" src=\"https:\/\/lass.no-ip.com\/wordpress\/wp-content\/uploads\/2025\/06\/image.png\" alt=\"\" class=\"wp-image-5405\" srcset=\"https:\/\/lass.no-ip.com\/wordpress\/wp-content\/uploads\/2025\/06\/image.png 495w, https:\/\/lass.no-ip.com\/wordpress\/wp-content\/uploads\/2025\/06\/image-300x107.png 300w, https:\/\/lass.no-ip.com\/wordpress\/wp-content\/uploads\/2025\/06\/image-400x143.png 400w\" sizes=\"auto, (max-width: 495px) 100vw, 495px\" \/><\/figure>\n\n\n\n<p><strong>V\u00e5rturneringen 29\/5-1\/6<\/strong><\/p>\n\n\n\n<ul class=\"wp-block-list\">\n<li><a href=\"https:\/\/lass.no-ip.com\/Inbjudan\/2025\/LASS_varturnering_2025.pdf\">Inbjudan<\/a><\/li>\n\n\n\n<li><a href=\"https:\/\/member.schack.se\/ShowTournamentServlet?id=15874\">Resultat<\/a><\/li>\n<\/ul>\n\n\n\n<p><strong>\u00d6ppna snabb-KM 6-20\/5<\/strong><\/p>\n\n\n\n<ul class=\"wp-block-list\">\n<li><a href=\"https:\/\/lass.no-ip.com\/Inbjudan\/2025\/inbjudan_snabb-KM_2025.pdf\">Inbjudan<\/a><\/li>\n\n\n\n<li><a href=\"https:\/\/lass.no-ip.com\/wordpress\/index.php\/2025\/05\/14\/priser-i-snabb-km\/\">Priser<\/a><\/li>\n\n\n\n<li><a href=\"https:\/\/member.schack.se\/ShowTournamentServlet?id=15882\">Resultat<\/a><\/li>\n<\/ul>\n\n\n\n<p><strong>\u00d6ppna blixt-KM 29\/4<\/strong><\/p>\n\n\n\n<ul class=\"wp-block-list\">\n<li><a href=\"https:\/\/lass.no-ip.com\/Inbjudan\/2025\/inbjudan_oppna_blixt-KM_2025.pdf\">Inbjudan<\/a><\/li>\n\n\n\n<li><a href=\"https:\/\/member.schack.se\/ShowTournamentServlet?id=15879\">Resultat<\/a><\/li>\n<\/ul>\n\n\n\n<p><strong>KM 14\/1-10\/4<\/strong><\/p>\n\n\n\n<ul class=\"wp-block-list\">\n<li><a href=\"https:\/\/lass.no-ip.com\/Inbjudan\/2025\/inbjudan_KM_2025.pdf\">Inbjudan<\/a><\/li>\n\n\n\n<li><a href=\"https:\/\/member.schack.se\/ShowTournamentServlet?id=15547\">Resultat<\/a><\/li>\n<\/ul>\n\n\n\n<p><strong>Marsblixt 13\/3<\/strong><\/p>\n\n\n\n<ul class=\"wp-block-list\">\n<li><a href=\"https:\/\/lass.no-ip.com\/Inbjudan\/2025\/inbjudan_marsblixt_250313.pdf\">Inbjudan<\/a><\/li>\n\n\n\n<li><a href=\"https:\/\/member.schack.se\/ShowTournamentServlet?id=15758\">Resultat<\/a><\/li>\n<\/ul>\n\n\n\n<p><strong>Januariblixt 30\/1<\/strong><\/p>\n\n\n\n<ul class=\"wp-block-list\">\n<li><a href=\"https:\/\/lass.no-ip.com\/Inbjudan\/2025\/inbjudan_januariblixt_250130.pdf\">Inbjudan<\/a><\/li>\n\n\n\n<li><a href=\"https:\/\/member.schack.se\/ShowTournamentServlet?id=15618\">Resultat<\/a><\/li>\n<\/ul>\n\n\n\n<p><strong>Tremannablixten 19\/1<\/strong><br><a href=\"https:\/\/lass.no-ip.com\/wordpress\/index.php\/2025\/01\/06\/tremannablixten-2025\/\">Inbjudan<\/a><br><a href=\"https:\/\/lass.no-ip.com\/wordpress\/index.php\/2025\/01\/19\/yggdrasil-vinner-tremannablixten-2025\/\">Reportage med resultat<\/a><\/p>\n\n\n\n<p><strong>LM 24\/9-10\/12<\/strong><\/p>\n\n\n\n<ul class=\"wp-block-list\">\n<li><a href=\"https:\/\/lass.no-ip.com\/Inbjudan\/2024\/LM_2024.pdf\">Inbjudan<\/a><\/li>\n\n\n\n<li><a href=\"https:\/\/member.schack.se\/ShowTournamentServlet?id=14377\">Lottning och resultat<\/a><\/li>\n<\/ul>\n\n\n\n<p><strong>Novemberblixt 21\/11<\/strong><\/p>\n\n\n\n<ul class=\"wp-block-list\">\n<li><a href=\"https:\/\/lass.no-ip.com\/Inbjudan\/2024\/inbjudan_novemberblixt_241121.pdf\">Inbjudan<\/a><\/li>\n\n\n\n<li><a href=\"https:\/\/member.schack.se\/ShowTournamentServlet?id=14913\">Resultat<\/a><\/li>\n<\/ul>\n\n\n\n<p><strong>Blixt-LM 10\/10<\/strong><\/p>\n\n\n\n<div class=\"wp-block-group\"><div class=\"wp-block-group__inner-container is-layout-constrained wp-block-group-is-layout-constrained\">\n<ul class=\"wp-block-list\">\n<li><a href=\"https:\/\/lass.no-ip.com\/Inbjudan\/2024\/inbjudan_blixt-LM_2024.pdf\">Inbjudan<\/a><\/li>\n\n\n\n<li><a href=\"https:\/\/member.schack.se\/ShowTournamentServlet?id=14678\">Resultat<\/a><\/li>\n<\/ul>\n<\/div><\/div>\n\n\n\n<p><strong>Septemberblixt 20\/9<\/strong><\/p>\n\n\n\n<ul class=\"wp-block-list\">\n<li><a href=\"https:\/\/lass.no-ip.com\/Inbjudan\/2024\/inbjudan_septemberblixt_240920.pdf\">Inbjudan<\/a><\/li>\n\n\n\n<li><a href=\"https:\/\/member.schack.se\/ShowTournamentServlet?id=14655\">Resultat<\/a><\/li>\n<\/ul>\n\n\n\n<p><strong>Snabbschacks-LM 3-17\/9<\/strong><\/p>\n\n\n\n<ul class=\"wp-block-list\">\n<li><a href=\"https:\/\/lass.no-ip.com\/Inbjudan\/2024\/inbjudan_snabb-LM_2024.pdf\">Inbjudan<\/a><\/li>\n\n\n\n<li><a href=\"https:\/\/lass.no-ip.com\/wordpress\/index.php\/2024\/09\/10\/priser-i-snabbschacks-lm-2\/\">Priser<\/a><\/li>\n\n\n\n<li><a href=\"https:\/\/member.schack.se\/ShowTournamentServlet?id=14379\">Resultat<\/a><\/li>\n<\/ul>\n\n\n\n<p><strong>S\u00e4songsstartblixt 27\/8<\/strong><\/p>\n\n\n\n<ul class=\"wp-block-list\">\n<li><a href=\"https:\/\/lass.no-ip.com\/Inbjudan\/2024\/inbjudan_sasongsstartblixt_240827.pdf\">Inbjudan<\/a><\/li>\n\n\n\n<li><a href=\"https:\/\/member.schack.se\/ShowTournamentServlet?id=14378\">Resultat<\/a><\/li>\n<\/ul>\n\n\n\n<p><strong>V\u00e5rparblixt 5\/6<\/strong><\/p>\n\n\n\n<figure class=\"wp-block-image size-full\"><img decoding=\"async\" src=\"https:\/\/lass.no-ip.com\/wordpress\/wp-content\/uploads\/2024\/06\/Slutstallning-parblixt-240605.png\" alt=\"\" class=\"wp-image-4853\"\/><\/figure>\n\n\n\n<p><strong>\u00d6ppna snabbschacks-KM 14-28\/5<\/strong><\/p>\n\n\n\n<ul class=\"wp-block-list\">\n<li><a href=\"https:\/\/lass.no-ip.com\/Inbjudan\/2024\/inbjudan_oppna_snabb-KM%202024.pdf\">Inbjudan<\/a><\/li>\n\n\n\n<li><a href=\"https:\/\/member.schack.se\/ShowTournamentServlet?id=13993\">Resultat<\/a><\/li>\n<\/ul>\n\n\n\n<p><strong>V\u00e5rturneringen 9-12\/5<\/strong><\/p>\n\n\n\n<ul class=\"wp-block-list\">\n<li><a href=\"https:\/\/lass.no-ip.com\/Inbjudan\/2024\/LASS%20v%c3%a5rturnering.htm\">Inbjudan<\/a><\/li>\n\n\n\n<li><a href=\"https:\/\/member.schack.se\/ShowTournamentServlet?id=13901\">Resultat<\/a><\/li>\n<\/ul>\n<\/div><\/div>\n\n\n\n<div class=\"wp-block-group\"><div class=\"wp-block-group__inner-container is-layout-constrained wp-block-group-is-layout-constrained\">\n<p><strong>\u00d6ppna blixt-KM 23\/4<\/strong><\/p>\n\n\n\n<ul class=\"wp-block-list\">\n<li><a href=\"https:\/\/lass.no-ip.com\/Inbjudan\/2024\/inbjudan_oppna_blixt-KM_2024.pdf\">Inbjudan<\/a><\/li>\n\n\n\n<li><a href=\"https:\/\/member.schack.se\/ShowTournamentServlet?id=13895\">Resultat<\/a><\/li>\n<\/ul>\n<\/div><\/div>\n\n\n\n<div class=\"wp-block-group\"><div class=\"wp-block-group__inner-container is-layout-constrained wp-block-group-is-layout-constrained\">\n<p><strong>KM 16\/1-18\/4 2024<\/strong><\/p>\n\n\n\n<ul class=\"wp-block-list\">\n<li><a href=\"https:\/\/lass.no-ip.com\/Inbjudan\/2024\/inbjudan_KM_2024.pdf\">Inbjudan<\/a><\/li>\n\n\n\n<li><a href=\"https:\/\/member.schack.se\/ShowTournamentServlet?id=13602\">Resultat<\/a><\/li>\n<\/ul>\n<\/div><\/div>\n\n\n\n<p><strong>LASS-cupen (nyb\u00f6rjart\u00e4vling f\u00f6r barn) 13\/4<\/strong><\/p>\n\n\n\n<ul class=\"wp-block-list\">\n<li><a href=\"https:\/\/lass.no-ip.com\/wordpress\/wp-content\/uploads\/2024\/03\/LASS-Cupen-uppdaterad-inbjudan.pdf\">Inbjudan<\/a><\/li>\n\n\n\n<li><a href=\"https:\/\/member.schack.se\/ShowTournamentServlet?id=13848\">Resultat<\/a><\/li>\n<\/ul>\n\n\n\n<p><strong>Marsblixt 14\/3<\/strong><\/p>\n\n\n\n<ul class=\"wp-block-list\">\n<li><a href=\"https:\/\/lass.no-ip.com\/Inbjudan\/2024\/inbjudan_marsblixt_240314.pdf\">Inbjudan<\/a><\/li>\n\n\n\n<li><a href=\"https:\/\/member.schack.se\/ShowTournamentServlet?id=13798\">Resultat<\/a><\/li>\n<\/ul>\n\n\n\n<p><strong>Tremannablixten 21\/1 2024<\/strong><\/p>\n\n\n\n<ul class=\"wp-block-list\">\n<li><a href=\"https:\/\/lass.no-ip.com\/wordpress\/index.php\/inbjudan-tremannablixten\/\" data-type=\"page\" data-id=\"4474\">Inbjudan<\/a><\/li>\n\n\n\n<li><a href=\"https:\/\/lass.no-ip.com\/wordpress\/index.php\/anmalda-tremannablixten\/\" data-type=\"page\" data-id=\"4510\">Anm\u00e4lda<\/a><\/li>\n\n\n\n<li><a href=\"https:\/\/member.schack.se\/ShowTournamentServlet?id=13663\">Resultat<\/a><\/li>\n<\/ul>\n\n\n\n<p><\/p>\n","protected":false},"excerpt":{"rendered":"<p>P\u00e5g\u00e5ende Kommande \u00d6ppna blixt-KM 14\/4 \u00d6ppna snabb-KM 21\/4-5\/5 V\u00e5rturneringen 14-17\/5 Avslutade KM 13\/1-9\/4 Marsblixt 12\/3 &#8211; Inst\u00e4lld Jul-parblixt 19\/12 LM 23\/9-11\/12 Blixt-LM 30\/10 Septemberblixt 19\/9 LM i snabbschack 2-16\/9 S\u00e4songsstartblixt 26\/8 Avslutningsparblixt 5\/6 V\u00e5rturneringen 29\/5-1\/6 \u00d6ppna snabb-KM 6-20\/5 \u00d6ppna blixt-KM 29\/4 KM 14\/1-10\/4 Marsblixt 13\/3 Januariblixt 30\/1 Tremannablixten 19\/1InbjudanReportage med resultat LM 24\/9-10\/12 Novemberblixt 21\/11 Blixt-LM 10\/10 Septemberblixt 20\/9 Snabbschacks-LM 3-17\/9 S\u00e4songsstartblixt 27\/8 V\u00e5rparblixt 5\/6 \u00d6ppna snabbschacks-KM 14-28\/5 V\u00e5rturneringen 9-12\/5 \u00d6ppna blixt-KM 23\/4 KM 16\/1-18\/4 2024 LASS-cupen (nyb\u00f6rjart\u00e4vling f\u00f6r barn) 13\/4 Marsblixt 14\/3 Tremannablixten 21\/1 2024<\/p>\n","protected":false},"author":1,"featured_media":0,"parent":0,"menu_order":0,"comment_status":"closed","ping_status":"closed","template":"","meta":{"wp_social_preview_title":"","wp_social_preview_description":"","wp_social_preview_image":0,"footnotes":""},"class_list":["post-149","page","type-page","status-publish","hentry"],"_links":{"self":[{"href":"https:\/\/lass.no-ip.com\/wordpress\/index.php\/wp-json\/wp\/v2\/pages\/149","targetHints":{"allow":["GET"]}}],"collection":[{"href":"https:\/\/lass.no-ip.com\/wordpress\/index.php\/wp-json\/wp\/v2\/pages"}],"about":[{"href":"https:\/\/lass.no-ip.com\/wordpress\/index.php\/wp-json\/wp\/v2\/types\/page"}],"author":[{"embeddable":true,"href":"https:\/\/lass.no-ip.com\/wordpress\/index.php\/wp-json\/wp\/v2\/users\/1"}],"replies":[{"embeddable":true,"href":"https:\/\/lass.no-ip.com\/wordpress\/index.php\/wp-json\/wp\/v2\/comments?post=149"}],"version-history":[{"count":354,"href":"https:\/\/lass.no-ip.com\/wordpress\/index.php\/wp-json\/wp\/v2\/pages\/149\/revisions"}],"predecessor-version":[{"id":5878,"href":"https:\/\/lass.no-ip.com\/wordpress\/index.php\/wp-json\/wp\/v2\/pages\/149\/revisions\/5878"}],"wp:attachment":[{"href":"https:\/\/lass.no-ip.com\/wordpress\/index.php\/wp-json\/wp\/v2\/media?parent=149"}],"curies":[{"name":"wp","href":"https:\/\/api.w.org\/{rel}","templated":true}]}}