{"id":1372,"date":"2019-01-21T08:20:32","date_gmt":"2019-01-21T07:20:32","guid":{"rendered":"http:\/\/lass.no-ip.com\/wordpress\/?page_id=1372"},"modified":"2019-01-21T15:43:25","modified_gmt":"2019-01-21T14:43:25","slug":"resultat-2002-2","status":"publish","type":"page","link":"https:\/\/lass.no-ip.com\/wordpress\/index.php\/resultat-2002-2\/","title":{"rendered":"Resultat 1999"},"content":{"rendered":"\n<table class=\"wp-block-table\"><tbody><tr><td>BlixtTurneringar<\/td><\/tr><\/tbody><\/table>\n\n\n\n<p><a href=\"https:\/\/lass.no-ip.com\/resultat\/1999\/BlixtKM99.htm\">Blixt-KM<\/a><br><\/p>\n\n\n\n<p><a href=\"https:\/\/lass.no-ip.com\/resultat\/1999\/BlixtLM99.htm\">Blixt-LM<\/a><br><\/p>\n\n\n\n<table class=\"wp-block-table\"><tbody><tr><td>Snabbschacksturneringar<\/td><\/tr><\/tbody><\/table>\n\n\n\n<p><a href=\"https:\/\/lass.no-ip.com\/resultat\/1999\/Pingstschacket99.htm\">Pingstschacket<\/a><br><\/p>\n\n\n\n<p><a href=\"https:\/\/lass.no-ip.com\/resultat\/1999\/SnabbKM99.htm\">Snabb-KM<\/a><br><\/p>\n\n\n\n<p><a href=\"https:\/\/lass.no-ip.com\/resultat\/1999\/SnabbSchacksDM99.htm\">Snabb-DM<\/a><\/p>\n\n\n\n<p><\/p>\n\n\n\n<table class=\"wp-block-table\"><tbody><tr><td>L\u00e5ngpartiturneringar<\/td><\/tr><\/tbody><\/table>\n\n\n\n<p><a href=\"https:\/\/lass.no-ip.com\/resultat\/1999\/KM99.htm\">KM 1999<\/a><br><\/p>\n\n\n\n<p><a href=\"https:\/\/lass.no-ip.com\/resultat\/1999\/LM99.htm\">LM 1999<\/a><br><\/p>\n\n\n\n<p><a href=\"https:\/\/lass.no-ip.com\/resultat\/1999\/Sank99.htm\">Sanktionerade<\/a><br><\/p>\n\n\n\n<table class=\"wp-block-table\"><tbody><tr><td>Knattet\u00e4vlingar<\/td><\/tr><\/tbody><\/table>\n\n\n\n<p><a href=\"https:\/\/lass.no-ip.com\/resultat\/1999\/SkolSM99.htm\">Skol-SM<\/a><br><\/p>\n\n\n\n<table class=\"wp-block-table\"><tbody><tr><td>\u00d6vrigt<br><\/td><\/tr><\/tbody><\/table>\n\n\n\n<p><a href=\"https:\/\/lass.no-ip.com\/Korpen\/index.htm\">Korpfotboll<\/a><br><\/p>\n","protected":false},"excerpt":{"rendered":"<p>BlixtTurneringar Blixt-KM Blixt-LM Snabbschacksturneringar Pingstschacket Snabb-KM Snabb-DM L\u00e5ngpartiturneringar KM 1999 LM 1999 Sanktionerade Knattet\u00e4vlingar Skol-SM \u00d6vrigt Korpfotboll<\/p>\n","protected":false},"author":1,"featured_media":0,"parent":0,"menu_order":0,"comment_status":"closed","ping_status":"closed","template":"","meta":{"wp_social_preview_title":"","wp_social_preview_description":"","wp_social_preview_image":0,"footnotes":""},"class_list":["post-1372","page","type-page","status-publish","hentry"],"_links":{"self":[{"href":"https:\/\/lass.no-ip.com\/wordpress\/index.php\/wp-json\/wp\/v2\/pages\/1372","targetHints":{"allow":["GET"]}}],"collection":[{"href":"https:\/\/lass.no-ip.com\/wordpress\/index.php\/wp-json\/wp\/v2\/pages"}],"about":[{"href":"https:\/\/lass.no-ip.com\/wordpress\/index.php\/wp-json\/wp\/v2\/types\/page"}],"author":[{"embeddable":true,"href":"https:\/\/lass.no-ip.com\/wordpress\/index.php\/wp-json\/wp\/v2\/users\/1"}],"replies":[{"embeddable":true,"href":"https:\/\/lass.no-ip.com\/wordpress\/index.php\/wp-json\/wp\/v2\/comments?post=1372"}],"version-history":[{"count":3,"href":"https:\/\/lass.no-ip.com\/wordpress\/index.php\/wp-json\/wp\/v2\/pages\/1372\/revisions"}],"predecessor-version":[{"id":1437,"href":"https:\/\/lass.no-ip.com\/wordpress\/index.php\/wp-json\/wp\/v2\/pages\/1372\/revisions\/1437"}],"wp:attachment":[{"href":"https:\/\/lass.no-ip.com\/wordpress\/index.php\/wp-json\/wp\/v2\/media?parent=1372"}],"curies":[{"name":"wp","href":"https:\/\/api.w.org\/{rel}","templated":true}]}}