{"id":1370,"date":"2019-01-21T08:20:20","date_gmt":"2019-01-21T07:20:20","guid":{"rendered":"http:\/\/lass.no-ip.com\/wordpress\/?page_id=1370"},"modified":"2019-01-21T15:38:35","modified_gmt":"2019-01-21T14:38:35","slug":"resultat-2002","status":"publish","type":"page","link":"https:\/\/lass.no-ip.com\/wordpress\/index.php\/resultat-2002\/","title":{"rendered":"Resultat 2002"},"content":{"rendered":"\n<table class=\"wp-block-table\"><tbody><tr><td>BlixtTurneringar<\/td><\/tr><\/tbody><\/table>\n\n\n\n<p><a href=\"https:\/\/lass.no-ip.com\/resultat\/2002\/blixtkm.htm\">Blixt KM<\/a><br><\/p>\n\n\n\n<p><a href=\"https:\/\/lass.no-ip.com\/resultat\/2002\/blixtlm.htm\">Blixt LM<\/a><br><\/p>\n\n\n\n<p><a href=\"https:\/\/lass.no-ip.com\/resultat\/2002\/crazyhousekm.htm\">Crazyhouse KM<\/a><br><\/p>\n\n\n\n<p><a href=\"https:\/\/lass.no-ip.com\/resultat\/2002\/februariblixt.htm\">Februariblixt<\/a><br><\/p>\n\n\n\n<p><a href=\"https:\/\/lass.no-ip.com\/resultat\/2002\/marsblixt.htm\">Marsblixt<\/a><br><\/p>\n\n\n\n<p><a href=\"https:\/\/lass.no-ip.com\/resultat\/2002\/septemberblixt.htm\">Septemberblixt<\/a><br><\/p>\n\n\n\n<p><a href=\"https:\/\/lass.no-ip.com\/resultat\/2002\/oktoberblixt.htm\">Oktoberblixt<\/a><br><\/p>\n\n\n\n<p><a href=\"https:\/\/lass.no-ip.com\/resultat\/2002\/novemberblixt.htm\">Novemberblixt<\/a><br><\/p>\n\n\n\n<p><a href=\"https:\/\/lass.no-ip.com\/resultat\/2002\/decemberblixt.htm\">Decemberblixt<\/a><br><\/p>\n\n\n\n<p><a href=\"https:\/\/lass.no-ip.com\/resultat\/2002\/nekschackkm.htm\">Nek-schack KM<\/a><br><\/p>\n\n\n\n<p><a href=\"https:\/\/lass.no-ip.com\/resultat\/2002\/langfredagsblixtskanninge.htm\">Sk\u00e4nningeblixten<\/a><br><\/p>\n\n\n\n<p><a href=\"https:\/\/lass.no-ip.com\/resultat\/2002\/varavslutningen.htm\">V\u00e5ravslutningen<\/a><br><\/p>\n\n\n\n<p><a href=\"https:\/\/lass.no-ip.com\/resultat\/2002\/wild5km.htm\">Wild5 KM<\/a><\/p>\n\n\n\n<p><\/p>\n\n\n\n<table class=\"wp-block-table\"><tbody><tr><td>Snabbschacksturneringar<\/td><\/tr><\/tbody><\/table>\n\n\n\n<p><a href=\"https:\/\/lass.no-ip.com\/resultat\/2002\/pingstschacket\/aktturn.htm\">Pingstschacket<\/a><br><\/p>\n\n\n\n<p><a href=\"https:\/\/lass.no-ip.com\/resultat\/2002\/snabbschackskm.htm\">SnabbschackKM<\/a><br><\/p>\n\n\n\n<p><a href=\"https:\/\/lass.no-ip.com\/resultat\/2002\/snabbschackslm.htm\">SnabbschacksLM<\/a><br><\/p>\n\n\n\n<p><a href=\"https:\/\/lass.no-ip.com\/resultat\/2002\/varamon.htm\">Varamoronden<\/a><\/p>\n\n\n\n<p><\/p>\n\n\n\n<table class=\"wp-block-table\"><tbody><tr><td>L\u00e5ngpartiturneringar<\/td><\/tr><\/tbody><\/table>\n\n\n\n<p><a href=\"https:\/\/lass.no-ip.com\/resultat\/2002\/czech.htm\">Czech Open<\/a><br><\/p>\n\n\n\n<p><a href=\"https:\/\/lass.no-ip.com\/resultat\/2002\/hallsbergs_int_junior.htm\">Hallsberg International Junior Tournament<\/a><br><\/p>\n\n\n\n<p><a href=\"https:\/\/lass.no-ip.com\/resultat\/2002\/hallstahammeropen.htm\">Hallstahammar Open<\/a><br><\/p>\n\n\n\n<p><a href=\"https:\/\/lass.no-ip.com\/resultat\/2002\/juniorvm.htm\">Junior-VM<\/a><br><\/p>\n\n\n\n<p><a href=\"https:\/\/lass.no-ip.com\/resultat\/2002\/akm.htm\">A-KM<\/a><br><\/p>\n\n\n\n<p><a href=\"https:\/\/lass.no-ip.com\/resultat\/2002\/bkm.htm\">B-KM<\/a><br><\/p>\n\n\n\n<p><a href=\"https:\/\/lass.no-ip.com\/resultat\/2002\/LM.htm\">LM<\/a><br><\/p>\n\n\n\n<p><a href=\"https:\/\/lass.no-ip.com\/resultat\/2002\/malmo_msf_open.htm\">Malm\u00f6\/MSF Open<\/a><br><\/p>\n\n\n\n<p><a href=\"https:\/\/lass.no-ip.com\/resultat\/2002\/paskturneringen.htm\">P\u00e5skturneringen<\/a><br><\/p>\n\n\n\n<p><a href=\"https:\/\/lass.no-ip.com\/resultat\/2002\/rockadenopen.htm\">Rockaden Open<\/a><br><\/p>\n\n\n\n<p><a href=\"https:\/\/lass.no-ip.com\/resultat\/2002\/sthlminternational.htm\">Stockholm International<\/a><br><\/p>\n\n\n\n<p><a href=\"https:\/\/lass.no-ip.com\/resultat\/2002\/SM.htm\">SM i Skara<\/a><\/p>\n\n\n\n<p><\/p>\n\n\n\n<table class=\"wp-block-table\"><tbody><tr><td>Lagschack<\/td><\/tr><\/tbody><\/table>\n\n\n\n<p><a href=\"https:\/\/lass.no-ip.com\/resultat\/2002\/LagResultat.htm\">Allsvenskan<\/a><br><\/p>\n\n\n\n<p><a href=\"https:\/\/lass.no-ip.com\/resultat\/2002\/chockkm.htm\">Chock KM<\/a><br><\/p>\n\n\n\n<p><a href=\"https:\/\/lass.no-ip.com\/resultat\/2002\/klubblags_em.htm\">Klubblags EM<\/a><br><\/p>\n\n\n\n<p><a href=\"https:\/\/lass.no-ip.com\/resultat\/2002\/stadsmatchen.htm\">Stadsmatchen Link\u00f6ping &#8211; Norrk\u00f6ping<\/a><br><\/p>\n\n\n\n<p><a href=\"https:\/\/lass.no-ip.com\/resultat\/2002\/3mannablixt.htm\">Tremannablixten<\/a><\/p>\n\n\n\n<p><\/p>\n\n\n\n<table class=\"wp-block-table\"><tbody><tr><td>Knattet\u00e4vlingar<\/td><\/tr><\/tbody><\/table>\n\n\n\n<p><a href=\"https:\/\/lass.no-ip.com\/resultat\/2002\/flickSM.htm\">Flick SM<\/a><br><\/p>\n\n\n\n<p><a href=\"https:\/\/lass.no-ip.com\/resultat\/2002\/fredagstraningen.htm\">Fredagstr\u00e4ningen<\/a><br><\/p>\n\n\n\n<p><a href=\"https:\/\/lass.no-ip.com\/resultat\/2002\/goteborgcup.htm\">G\u00f6teborg Cup<\/a><br><\/p>\n\n\n\n<p><a href=\"https:\/\/lass.no-ip.com\/resultat\/2002\/ikano.htm\">Ikano m\u00e4sterskapen<\/a><br><\/p>\n\n\n\n<p><a href=\"https:\/\/lass.no-ip.com\/resultat\/2002\/lassknatten.htm\">Lassknatten<\/a><br><\/p>\n\n\n\n<p><a href=\"https:\/\/lass.no-ip.com\/resultat\/2002\/kadettkval.htm\">Kadettallsvenskan<\/a><br><\/p>\n\n\n\n<p><a href=\"https:\/\/lass.no-ip.com\/resultat\/2002\/kexchokladopen.htm\">Kexchoklad Open<\/a><br><\/p>\n\n\n\n<p><a href=\"https:\/\/lass.no-ip.com\/resultat\/2002\/knatteoungdom1.htm\">Knatte o Ungdomsserien<\/a><br><\/p>\n\n\n\n<p><a href=\"https:\/\/lass.no-ip.com\/resultat\/2002\/knattecup2002\/Knatteungdom.htm\">Knatte o Ungdomscupen<\/a><br><\/p>\n\n\n\n<p><a href=\"https:\/\/lass.no-ip.com\/resultat\/2002\/knattekm.htm\">Knatte- Ungdoms KM<\/a><br><\/p>\n\n\n\n<p><a href=\"https:\/\/lass.no-ip.com\/resultat\/2002\/manhemopen.htm\">Manhem Open<\/a><br><\/p>\n\n\n\n<p><a href=\"https:\/\/lass.no-ip.com\/resultat\/2002\/talangjaktsfinal.htm\">Talangjaktsfinalen<\/a><br><\/p>\n\n\n\n<p><a href=\"https:\/\/lass.no-ip.com\/resultat\/2002\/schackidetgrona.htm\">Schack i det Gr\u00f6na<\/a><br><\/p>\n\n\n\n<p><a href=\"https:\/\/lass.no-ip.com\/resultat\/2002\/SkolDM.htm\">Skol-DM<\/a><br><\/p>\n\n\n\n<p><a href=\"https:\/\/lass.no-ip.com\/resultat\/2002\/skolsm.htm\">Skol-SM<\/a><br><\/p>\n\n\n\n<p><a href=\"https:\/\/lass.no-ip.com\/resultat\/2002\/allebargsryttare.htm\">\u00c5llebergs Ryttare<\/a><br><\/p>\n\n\n\n<p><a href=\"https:\/\/lass.no-ip.com\/resultat\/2002\/schackfyran.htm\">\u00d6stg\u00f6ta final Schack 4:an<\/a><\/p>\n","protected":false},"excerpt":{"rendered":"<p>BlixtTurneringar Blixt KM Blixt LM Crazyhouse KM Februariblixt Marsblixt Septemberblixt Oktoberblixt Novemberblixt Decemberblixt Nek-schack KM Sk\u00e4nningeblixten V\u00e5ravslutningen Wild5 KM Snabbschacksturneringar Pingstschacket SnabbschackKM SnabbschacksLM Varamoronden L\u00e5ngpartiturneringar Czech Open Hallsberg International Junior Tournament Hallstahammar Open Junior-VM A-KM B-KM LM Malm\u00f6\/MSF Open P\u00e5skturneringen Rockaden Open Stockholm International SM i Skara Lagschack Allsvenskan Chock KM Klubblags EM Stadsmatchen Link\u00f6ping &#8211; Norrk\u00f6ping Tremannablixten Knattet\u00e4vlingar Flick SM Fredagstr\u00e4ningen G\u00f6teborg Cup Ikano m\u00e4sterskapen Lassknatten Kadettallsvenskan Kexchoklad Open Knatte o Ungdomsserien Knatte o Ungdomscupen Knatte- Ungdoms KM Manhem Open Talangjaktsfinalen Schack i det Gr\u00f6na Skol-DM Skol-SM \u00c5llebergs Ryttare \u00d6stg\u00f6ta final Schack 4:an<\/p>\n","protected":false},"author":1,"featured_media":0,"parent":0,"menu_order":0,"comment_status":"closed","ping_status":"closed","template":"","meta":{"wp_social_preview_title":"","wp_social_preview_description":"","wp_social_preview_image":0,"footnotes":""},"class_list":["post-1370","page","type-page","status-publish","hentry"],"_links":{"self":[{"href":"https:\/\/lass.no-ip.com\/wordpress\/index.php\/wp-json\/wp\/v2\/pages\/1370","targetHints":{"allow":["GET"]}}],"collection":[{"href":"https:\/\/lass.no-ip.com\/wordpress\/index.php\/wp-json\/wp\/v2\/pages"}],"about":[{"href":"https:\/\/lass.no-ip.com\/wordpress\/index.php\/wp-json\/wp\/v2\/types\/page"}],"author":[{"embeddable":true,"href":"https:\/\/lass.no-ip.com\/wordpress\/index.php\/wp-json\/wp\/v2\/users\/1"}],"replies":[{"embeddable":true,"href":"https:\/\/lass.no-ip.com\/wordpress\/index.php\/wp-json\/wp\/v2\/comments?post=1370"}],"version-history":[{"count":2,"href":"https:\/\/lass.no-ip.com\/wordpress\/index.php\/wp-json\/wp\/v2\/pages\/1370\/revisions"}],"predecessor-version":[{"id":1433,"href":"https:\/\/lass.no-ip.com\/wordpress\/index.php\/wp-json\/wp\/v2\/pages\/1370\/revisions\/1433"}],"wp:attachment":[{"href":"https:\/\/lass.no-ip.com\/wordpress\/index.php\/wp-json\/wp\/v2\/media?parent=1370"}],"curies":[{"name":"wp","href":"https:\/\/api.w.org\/{rel}","templated":true}]}}