{"id":1368,"date":"2019-01-21T08:20:11","date_gmt":"2019-01-21T07:20:11","guid":{"rendered":"http:\/\/lass.no-ip.com\/wordpress\/?page_id=1368"},"modified":"2019-01-21T12:27:01","modified_gmt":"2019-01-21T11:27:01","slug":"resultat-2003","status":"publish","type":"page","link":"https:\/\/lass.no-ip.com\/wordpress\/index.php\/resultat-2003\/","title":{"rendered":"Resultat 2003"},"content":{"rendered":"\n<table class=\"wp-block-table\"><tbody><tr><td> <br><strong>BlixtTurneringar<\/strong> <\/td><\/tr><\/tbody><\/table>\n\n\n\n<p><a href=\"https:\/\/lass.no-ip.com\/resultat\/2003\/aprilblixt.htm\">April-blixt<\/a><br><\/p>\n\n\n\n<p><a href=\"https:\/\/lass.no-ip.com\/resultat\/2003\/blixtkm.htm\">Blixt-KM<\/a><br><\/p>\n\n\n\n<p><a href=\"https:\/\/lass.no-ip.com\/resultat\/2003\/blixtlm.htm\">Blixt-LM<\/a><br><\/p>\n\n\n\n<p><a href=\"https:\/\/lass.no-ip.com\/resultat\/2003\/chockkm.htm\">Chock-KM<\/a><br><\/p>\n\n\n\n<p><a href=\"https:\/\/lass.no-ip.com\/resultat\/2003\/crazyhousekm.htm\">Crazyhouse-KM<\/a><br><\/p>\n\n\n\n<p><a href=\"https:\/\/lass.no-ip.com\/resultat\/2003\/decemberblixt.htm\">Decemberblixt<\/a><br><\/p>\n\n\n\n<p><a href=\"https:\/\/lass.no-ip.com\/resultat\/2003\/februariblixt.htm\">Februariblixt<\/a><br><\/p>\n\n\n\n<p><a href=\"https:\/\/lass.no-ip.com\/resultat\/2003\/marsblixt.htm\">Marsblixt<\/a><br><\/p>\n\n\n\n<p><a href=\"https:\/\/lass.no-ip.com\/resultat\/2003\/kennerud.htm\">Martin Kenneruds minnessblixt (Sk\u00e4nningeblixten)<\/a><br><\/p>\n\n\n\n<p><a href=\"https:\/\/lass.no-ip.com\/resultat\/2003\/novemberblixt.htm\">Novemberblixt<\/a><br><\/p>\n\n\n\n<p><a href=\"https:\/\/lass.no-ip.com\/resultat\/2003\/oktoberblixt.htm\">Oktoberblixt<\/a><br><\/p>\n\n\n\n<p><a href=\"https:\/\/lass.no-ip.com\/resultat\/2003\/septemberblixt.htm\">Septemberblixt<\/a><br><\/p>\n\n\n\n<p><a href=\"https:\/\/lass.no-ip.com\/resultat\/2003\/slagschackskm.htm\">Slagschacks-KM<\/a><br><\/p>\n\n\n\n<p><a href=\"https:\/\/lass.no-ip.com\/resultat\/2003\/shatranj.htm\">TEMA-kv\u00e4ll: Shatranj<\/a><br><\/p>\n\n\n\n<p><a href=\"https:\/\/lass.no-ip.com\/resultat\/2003\/varavslutningsblixten.htm\">V\u00e5ravslutningensblixten<\/a><\/p>\n\n\n\n<p><\/p>\n\n\n\n<table class=\"wp-block-table\"><tbody><tr><td>Snabbschacksturneringar<\/td><\/tr><\/tbody><\/table>\n\n\n\n<p><a href=\"https:\/\/lass.no-ip.com\/resultat\/2003\/pingstschacket\/aktturn.htm\">Pingstschacket<\/a><br><\/p>\n\n\n\n<p><a href=\"https:\/\/lass.no-ip.com\/resultat\/2003\/snabbschackskm.htm\">Snabbschacks-KM<\/a><br><\/p>\n\n\n\n<p><a href=\"https:\/\/lass.no-ip.com\/resultat\/2003\/snabbschackslm.htm\">Snabbschacks-LM<\/a><br><\/p>\n\n\n\n<p><a href=\"https:\/\/lass.no-ip.com\/resultat\/2003\/solstatraffen.htm\">Solstatr\u00e4ffen<\/a><br><\/p>\n\n\n\n<p><a href=\"https:\/\/lass.no-ip.com\/resultat\/2003\/glasriket.htm\">Startskottet i Glasriket<\/a><br><\/p>\n\n\n\n<p><a href=\"https:\/\/lass.no-ip.com\/resultat\/2003\/stangaslaget\/resultat.htm\">St\u00e5ng\u00e5slaget<\/a><br><\/p>\n\n\n\n<p><a href=\"https:\/\/lass.no-ip.com\/resultat\/2003\/tusenmanna.htm\">Tusenmanna<\/a><br><\/p>\n\n\n\n<p><a href=\"https:\/\/lass.no-ip.com\/resultat\/2003\/asunden.htm\">\u00c5sunden<\/a><br><\/p>\n\n\n\n<p><a href=\"https:\/\/lass.no-ip.com\/resultat\/2003\/osfjubileumsturnering.htm\">\u00d6SF jubileumsturnering<\/a><\/p>\n\n\n\n<p><\/p>\n\n\n\n<table class=\"wp-block-table\"><tbody><tr><td>L\u00e5ngpartiturneringar<\/td><\/tr><\/tbody><\/table>\n\n\n\n<p><a href=\"https:\/\/lass.no-ip.com\/resultat\/2003\/checkopen.htm\">Czech Open<\/a><br><\/p>\n\n\n\n<p><a href=\"https:\/\/lass.no-ip.com\/resultat\/2003\/gastriklandopen.htm\">G\u00e4strikland Open<\/a><br><\/p>\n\n\n\n<p><a href=\"https:\/\/lass.no-ip.com\/resultat\/2003\/goteborgopen.htm\">G\u00f6teborg Open<\/a><br><\/p>\n\n\n\n<p><a href=\"https:\/\/lass.no-ip.com\/resultat\/2003\/hallstahammaropen.htm\">Hallstahammar Open<\/a><br><\/p>\n\n\n\n<p><a href=\"https:\/\/lass.no-ip.com\/resultat\/2003\/akm.htm\">A-KM<\/a><br><\/p>\n\n\n\n<p><a href=\"https:\/\/lass.no-ip.com\/resultat\/2003\/bkm.htm\">B-KM<\/a><br><\/p>\n\n\n\n<p><a href=\"https:\/\/lass.no-ip.com\/resultat\/2003\/ckm.htm\">C-KM<\/a><br><\/p>\n\n\n\n<p><a href=\"https:\/\/lass.no-ip.com\/resultat\/2003\/lm.htm\">LM<\/a><br><\/p>\n\n\n\n<p><a href=\"https:\/\/lass.no-ip.com\/resultat\/2003\/malmoopen.htm\">Malm\u00f6 Open<\/a><br><\/p>\n\n\n\n<p><a href=\"https:\/\/lass.no-ip.com\/resultat\/2003\/paskturneringen.htm\">P\u00e5skturneringen (DM)<\/a><br><\/p>\n\n\n\n<p><a href=\"https:\/\/lass.no-ip.com\/resultat\/2003\/rockadenopen.htm\">Rockaden Open<\/a><br><\/p>\n\n\n\n<p><a href=\"https:\/\/lass.no-ip.com\/resultat\/2003\/rodeby.htm\">R\u00f6deby Open<\/a><br><\/p>\n\n\n\n<p><a href=\"https:\/\/lass.no-ip.com\/resultat\/2003\/sanktionerade\/index.htm\">Sanktionerade<\/a><br><\/p>\n\n\n\n<p><a href=\"https:\/\/lass.no-ip.com\/resultat\/2003\/smalandopen.htm\">Sm\u00e5land Open<\/a><br><\/p>\n\n\n\n<p><a href=\"https:\/\/lass.no-ip.com\/resultat\/2003\/SM.htm\">SM i Ume\u00e5<\/a><br><\/p>\n\n\n\n<p><a href=\"https:\/\/lass.no-ip.com\/resultat\/2003\/upplandsdm.htm\">Upplands \u00f6ppna DM<\/a><br><\/p>\n\n\n\n<p><a href=\"https:\/\/lass.no-ip.com\/resultat\/2003\/veterandm.htm\">Veteran-DM<\/a><\/p>\n\n\n\n<p><\/p>\n\n\n\n<table class=\"wp-block-table\"><tbody><tr><td>Lagschack<\/td><\/tr><\/tbody><\/table>\n\n\n\n<p><a href=\"https:\/\/lass.no-ip.com\/resultat\/2003\/LagResultat.htm\">Allsvenskan (2002-2003)<\/a><br><\/p>\n\n\n\n<p><a href=\"https:\/\/lass.no-ip.com\/resultat\/2003\/tremanna_2003.htm\">Tremannablixten<\/a><br><\/p>\n\n\n\n<p><a href=\"https:\/\/lass.no-ip.com\/resultat\/2003\/ostgotacupen.htm\">\u00d6stg\u00f6tacupen<\/a><\/p>\n\n\n\n<p><\/p>\n\n\n\n<table class=\"wp-block-table\"><tbody><tr><td>Knattet\u00e4vlingar<\/td><\/tr><\/tbody><\/table>\n\n\n\n<p><a href=\"https:\/\/lass.no-ip.com\/resultat\/2003\/junior-eu.htm\">EU-m\u00e4sterskapen, juniorer<\/a><br><\/p>\n\n\n\n<p><a href=\"https:\/\/lass.no-ip.com\/resultat\/2003\/flicksm.htm\">Flick-SM<\/a><br><\/p>\n\n\n\n<p><a href=\"https:\/\/lass.no-ip.com\/resultat\/2003\/goteborg.htm\">G\u00f6teborg Cup<\/a><br><\/p>\n\n\n\n<p><a href=\"https:\/\/lass.no-ip.com\/resultat\/2003\/kadettallsvenskan.htm\">Kadettallsvenskan<\/a><br><\/p>\n\n\n\n<p><a href=\"https:\/\/lass.no-ip.com\/resultat\/2003\/knattekm.htm\">Knatte KM<\/a><br><\/p>\n\n\n\n<p><a href=\"https:\/\/lass.no-ip.com\/resultat\/2003\/Knatteungdom.htm\">Knatte o Ungdomsserie<\/a><br><\/p>\n\n\n\n<p><a href=\"https:\/\/lass.no-ip.com\/resultat\/2003\/lasscup\/index.htm\">LASS-cupen<\/a><br><\/p>\n\n\n\n<p><a href=\"https:\/\/lass.no-ip.com\/resultat\/2003\/lassknatten.htm\">LASS-knatten<\/a><br><\/p>\n\n\n\n<p><a href=\"https:\/\/lass.no-ip.com\/resultat\/2003\/manhemopen.htm\">Manhem Open<\/a><br><\/p>\n\n\n\n<p><a href=\"https:\/\/lass.no-ip.com\/resultat\/2003\/schack4an_distriktsfinal.html\">Schackfyran &#8211; Distriktsfinal<\/a><br><\/p>\n\n\n\n<p><a href=\"https:\/\/lass.no-ip.com\/resultat\/2003\/schackidetgrona.htm\">Schack i det gr\u00f6na<\/a><br><\/p>\n\n\n\n<p><a href=\"https:\/\/lass.no-ip.com\/resultat\/2003\/sportlov.htm\">Sportlovsschack i Lambohov<\/a><br><\/p>\n\n\n\n<p><a href=\"https:\/\/lass.no-ip.com\/resultat\/2003\/SkolDM.htm\">Skol-DM<\/a><br><\/p>\n\n\n\n<p><a href=\"https:\/\/lass.no-ip.com\/resultat\/2003\/skolsm.htm\">Skol-SM<\/a><br><\/p>\n\n\n\n<p><a href=\"https:\/\/lass.no-ip.com\/resultat\/2003\/skollagdm.htm\">Skollag-DM<\/a><br><\/p>\n\n\n\n<p><a href=\"https:\/\/lass.no-ip.com\/resultat\/2003\/skollagsm.htm\">Skollag-SM<\/a><br><\/p>\n\n\n\n<p><a href=\"https:\/\/lass.no-ip.com\/resultat\/2003\/talangjaktskval.htm\">Talangjaktskval<\/a><br><\/p>\n\n\n\n<p><a href=\"https:\/\/lass.no-ip.com\/resultat\/2003\/talangjaktsfinal.htm\">Talangjaktsfinal<\/a><br><\/p>\n\n\n\n<p><a href=\"https:\/\/lass.no-ip.com\/resultat\/2003\/vastkustspelen.htm\">V\u00e4stkustspelen<\/a><\/p>\n\n\n\n<p><\/p>\n\n\n\n<table class=\"wp-block-table\"><tbody><tr><td>\u00d6vriga evenemang<br><\/td><\/tr><\/tbody><\/table>\n\n\n\n<p><a href=\"https:\/\/lass.no-ip.com\/resultat\/2003\/schacketsdag_efterat.htm\">Schackets Dag<\/a><br><\/p>\n\n\n\n<p><a href=\"https:\/\/lass.no-ip.com\/resultat\/2003\/simultan\/pia\/index.htm\">Simultan &#8211; Pia Cramling<\/a><\/p>\n","protected":false},"excerpt":{"rendered":"<p>BlixtTurneringar April-blixt Blixt-KM Blixt-LM Chock-KM Crazyhouse-KM Decemberblixt Februariblixt Marsblixt Martin Kenneruds minnessblixt (Sk\u00e4nningeblixten) Novemberblixt Oktoberblixt Septemberblixt Slagschacks-KM TEMA-kv\u00e4ll: Shatranj V\u00e5ravslutningensblixten Snabbschacksturneringar Pingstschacket Snabbschacks-KM Snabbschacks-LM Solstatr\u00e4ffen Startskottet i Glasriket St\u00e5ng\u00e5slaget Tusenmanna \u00c5sunden \u00d6SF jubileumsturnering L\u00e5ngpartiturneringar Czech Open G\u00e4strikland Open G\u00f6teborg Open Hallstahammar Open A-KM B-KM C-KM LM Malm\u00f6 Open P\u00e5skturneringen (DM) Rockaden Open R\u00f6deby Open Sanktionerade Sm\u00e5land Open SM i Ume\u00e5 Upplands \u00f6ppna DM Veteran-DM Lagschack Allsvenskan (2002-2003) Tremannablixten \u00d6stg\u00f6tacupen Knattet\u00e4vlingar EU-m\u00e4sterskapen, juniorer Flick-SM G\u00f6teborg Cup Kadettallsvenskan Knatte KM Knatte o Ungdomsserie LASS-cupen LASS-knatten Manhem Open Schackfyran &#8211; Distriktsfinal Schack i det gr\u00f6na Sportlovsschack i Lambohov Skol-DM Skol-SM Skollag-DM Skollag-SM Talangjaktskval Talangjaktsfinal V\u00e4stkustspelen \u00d6vriga evenemang Schackets Dag Simultan &#8211; Pia Cramling<\/p>\n","protected":false},"author":1,"featured_media":0,"parent":0,"menu_order":0,"comment_status":"closed","ping_status":"closed","template":"","meta":{"wp_social_preview_title":"","wp_social_preview_description":"","wp_social_preview_image":0,"footnotes":""},"class_list":["post-1368","page","type-page","status-publish","hentry"],"_links":{"self":[{"href":"https:\/\/lass.no-ip.com\/wordpress\/index.php\/wp-json\/wp\/v2\/pages\/1368","targetHints":{"allow":["GET"]}}],"collection":[{"href":"https:\/\/lass.no-ip.com\/wordpress\/index.php\/wp-json\/wp\/v2\/pages"}],"about":[{"href":"https:\/\/lass.no-ip.com\/wordpress\/index.php\/wp-json\/wp\/v2\/types\/page"}],"author":[{"embeddable":true,"href":"https:\/\/lass.no-ip.com\/wordpress\/index.php\/wp-json\/wp\/v2\/users\/1"}],"replies":[{"embeddable":true,"href":"https:\/\/lass.no-ip.com\/wordpress\/index.php\/wp-json\/wp\/v2\/comments?post=1368"}],"version-history":[{"count":2,"href":"https:\/\/lass.no-ip.com\/wordpress\/index.php\/wp-json\/wp\/v2\/pages\/1368\/revisions"}],"predecessor-version":[{"id":1431,"href":"https:\/\/lass.no-ip.com\/wordpress\/index.php\/wp-json\/wp\/v2\/pages\/1368\/revisions\/1431"}],"wp:attachment":[{"href":"https:\/\/lass.no-ip.com\/wordpress\/index.php\/wp-json\/wp\/v2\/media?parent=1368"}],"curies":[{"name":"wp","href":"https:\/\/api.w.org\/{rel}","templated":true}]}}