{"id":1366,"date":"2019-01-21T08:20:02","date_gmt":"2019-01-21T07:20:02","guid":{"rendered":"http:\/\/lass.no-ip.com\/wordpress\/?page_id=1366"},"modified":"2019-01-21T11:28:26","modified_gmt":"2019-01-21T10:28:26","slug":"resultat-2004","status":"publish","type":"page","link":"https:\/\/lass.no-ip.com\/wordpress\/index.php\/resultat-2004\/","title":{"rendered":"Resultat 2004"},"content":{"rendered":"\n<p><\/p>\n\n\n\n<table class=\"wp-block-table\"><tbody><tr><td>BlixtTurneringar<\/td><\/tr><\/tbody><\/table>\n\n\n\n<p><a href=\"https:\/\/lass.no-ip.com\/resultat\/2004\/aprilblixt.htm\">Aprilblixt<\/a><br><\/p>\n\n\n\n<p><a href=\"https:\/\/lass.no-ip.com\/resultat\/2004\/blixt-km.htm\">Blixt-KM<\/a><br><\/p>\n\n\n\n<p><a href=\"https:\/\/lass.no-ip.com\/resultat\/2004\/blixtlm.htm\">Blixt-LM<\/a><br><\/p>\n\n\n\n<p><a href=\"https:\/\/lass.no-ip.com\/resultat\/2004\/chock-km.htm\">Chock-KM<\/a><br><\/p>\n\n\n\n<p><a href=\"https:\/\/lass.no-ip.com\/resultat\/2004\/decemberblixt.htm\">Decemberblixt<\/a><br><\/p>\n\n\n\n<p><a href=\"https:\/\/lass.no-ip.com\/resultat\/2004\/februariblixt.htm\">Februariblixt<\/a><br><\/p>\n\n\n\n<p><a href=\"https:\/\/lass.no-ip.com\/resultat\/2004\/januariblixt.htm\">Januariblixt<\/a><br><\/p>\n\n\n\n<p><a href=\"https:\/\/lass.no-ip.com\/resultat\/2004\/julavslutningsblixt.htm\">Julavslutningsblixt<\/a><br><\/p>\n\n\n\n<p><a href=\"https:\/\/lass.no-ip.com\/resultat\/2004\/majblixt.htm\">Majblixt<\/a><br><\/p>\n\n\n\n<p><a href=\"https:\/\/lass.no-ip.com\/resultat\/2004\/marsblixt.htm\">Marsblixt<\/a><br><\/p>\n\n\n\n<p><a href=\"https:\/\/lass.no-ip.com\/resultat\/2004\/skanningeblixten.htm\">Martin Kenneruds minnessblixt (Sk\u00e4nningeblixten)<\/a><br><\/p>\n\n\n\n<p><a href=\"https:\/\/lass.no-ip.com\/resultat\/2004\/novemberblixt.htm\">Novemberblixt<\/a><br><\/p>\n\n\n\n<p><a href=\"https:\/\/lass.no-ip.com\/resultat\/2004\/oktoberblixt.htm\">Oktoberblixt<\/a><br><\/p>\n\n\n\n<p><a href=\"https:\/\/lass.no-ip.com\/resultat\/2004\/slagschacks-km.htm\">Slagschacks-KM<\/a><br><\/p>\n\n\n\n<p><a href=\"https:\/\/lass.no-ip.com\/resultat\/2004\/slagschacks-lm.html\">Slagschacks-LM<\/a><br><\/p>\n\n\n\n<p><a href=\"https:\/\/lass.no-ip.com\/resultat\/2004\/septemberblixt.htm\">Septemberblixt<\/a><br><\/p>\n\n\n\n<p><a href=\"https:\/\/lass.no-ip.com\/resultat\/2004\/sommarblixt.htm\">Sommarblixt<\/a><br><\/p>\n\n\n\n<p><a href=\"https:\/\/lass.no-ip.com\/resultat\/2004\/fisherrandom.htm\">TEMA-kv\u00e4ll: Fisher-random<\/a><\/p>\n\n\n\n<p><\/p>\n\n\n\n<table class=\"wp-block-table\"><tbody><tr><td>Snabbschacksturneringar<\/td><\/tr><\/tbody><\/table>\n\n\n\n<p><a href=\"https:\/\/lass.no-ip.com\/resultat\/2004\/goteborg_open.htm\">G\u00f6teborg Open<\/a><br><\/p>\n\n\n\n<p><a href=\"https:\/\/lass.no-ip.com\/resultat\/2004\/pingstschacket\/resultat.htm\">Pingstschacket<\/a><br><\/p>\n\n\n\n<p><a href=\"https:\/\/lass.no-ip.com\/resultat\/2004\/smaland_open.htm\">Sm\u00e5land Open<\/a><br><\/p>\n\n\n\n<p><a href=\"https:\/\/lass.no-ip.com\/resultat\/2004\/snabbschacks-km.htm\">Snabbschacks-KM<\/a><br><\/p>\n\n\n\n<p><a href=\"https:\/\/lass.no-ip.com\/resultat\/2004\/slagschacks-lm.html\">Snabbschacks-LM<\/a><br><\/p>\n\n\n\n<p><a href=\"https:\/\/lass.no-ip.com\/resultat\/2004\/stangaslaget\/resultatstangaslaget.htm\">St\u00e5ng\u00e5slaget<\/a><br><\/p>\n\n\n\n<p><a href=\"https:\/\/lass.no-ip.com\/resultat\/2004\/tusenmanna.htm\">Tusenmanna<\/a><\/p>\n\n\n\n<p><\/p>\n\n\n\n<table class=\"wp-block-table\"><tbody><tr><td>L\u00e5ngpartiturneringar<\/td><\/tr><\/tbody><\/table>\n\n\n\n<p><a href=\"https:\/\/lass.no-ip.com\/resultat\/2004\/gastriklandopen.htm\">G\u00e4strikland Open<\/a><br><\/p>\n\n\n\n<p><a href=\"https:\/\/lass.no-ip.com\/resultat\/2004\/akm.htm\">A-KM&nbsp;<\/a><br><\/p>\n\n\n\n<p><a href=\"https:\/\/lass.no-ip.com\/resultat\/2004\/bkm.htm\">B-KM<\/a><br><\/p>\n\n\n\n<p><a href=\"https:\/\/lass.no-ip.com\/resultat\/2004\/ckm.htm\">C-KM&nbsp;<\/a><br><\/p>\n\n\n\n<p><a href=\"https:\/\/lass.no-ip.com\/resultat\/2004\/dkm.htm\">D-KM<\/a><br><\/p>\n\n\n\n<p><a href=\"https:\/\/lass.no-ip.com\/resultat\/2004\/internacional_millor.htm\">Internacional de Cala Millo<\/a><br><\/p>\n\n\n\n<p><a href=\"https:\/\/lass.no-ip.com\/resultat\/2004\/malmo_open.htm\">Malm\u00f6 Open &amp; MSF Open<\/a><br><\/p>\n\n\n\n<p><a href=\"https:\/\/lass.no-ip.com\/resultat\/2004\/lm.htm\">LM<\/a><br><\/p>\n\n\n\n<p><a href=\"https:\/\/lass.no-ip.com\/resultat\/2004\/paskturneringen.htm\">P\u00e5skturneringen (DM)<\/a><br><\/p>\n\n\n\n<p><a href=\"https:\/\/lass.no-ip.com\/resultat\/2003\/rockadenopen.htm\">Rockaden Open<\/a><br><\/p>\n\n\n\n<p><a href=\"https:\/\/lass.no-ip.com\/resultat\/2004\/rodeby.htm\">R\u00f6deby Open<\/a><br><\/p>\n\n\n\n<p><a href=\"https:\/\/lass.no-ip.com\/resultat\/2004\/salobrena_open.html\">Salobrena Open<\/a><br><\/p>\n\n\n\n<p><a href=\"https:\/\/lass.no-ip.com\/resultat\/2004\/sanktionerade\/index.htm\">Sanktionerade<\/a><br><\/p>\n\n\n\n<p><a href=\"https:\/\/lass.no-ip.com\/resultat\/2004\/sm.htm\">SM<\/a><br><\/p>\n\n\n\n<p><a href=\"https:\/\/lass.no-ip.com\/resultat\/2004\/veterandm.htm\">Veteran-DM<\/a><\/p>\n\n\n\n<p><\/p>\n\n\n\n<table class=\"wp-block-table\"><tbody><tr><td>Lagschack<\/td><\/tr><\/tbody><\/table>\n\n\n\n<p><a href=\"https:\/\/lass.no-ip.com\/resultat\/2004\/LagResultat.htm\">Allsvenskan (2003-2004)<\/a><br><\/p>\n\n\n\n<p><a href=\"https:\/\/lass.no-ip.com\/resultat\/2004\/tremanna_2004.htm\">Tremannablixten<\/a><\/p>\n\n\n\n<p><\/p>\n\n\n\n<table class=\"wp-block-table\"><tbody><tr><td>Knattet\u00e4vlingar<\/td><\/tr><\/tbody><\/table>\n\n\n\n<p><a href=\"https:\/\/lass.no-ip.com\/resultat\/2004\/blixt_o_dunder.htm\">Blixt och dunder<\/a><br><\/p>\n\n\n\n<p><a href=\"https:\/\/lass.no-ip.com\/resultat\/2004\/osf-orebro.html\">Distriktsmatch, \u00d6sf &#8211; \u00d6rebro<\/a><br><\/p>\n\n\n\n<p><a href=\"https:\/\/lass.no-ip.com\/resultat\/2004\/flicksm.htm\">Flick-SM<\/a><br><\/p>\n\n\n\n<p><a href=\"https:\/\/lass.no-ip.com\/resultat\/2004\/hostlovsschack.htm\">H\u00f6stlovsschack<\/a><br><\/p>\n\n\n\n<p><a href=\"https:\/\/lass.no-ip.com\/resultat\/2004\/juniorallsvenskan.htm\">Juniorallsvenskan, Div II<\/a><br><\/p>\n\n\n\n<p><a href=\"https:\/\/lass.no-ip.com\/resultat\/2004\/kadettallsvenskan_kval.htm\">Kadettallsvenskan, kval<\/a><br><\/p>\n\n\n\n<p><a href=\"https:\/\/lass.no-ip.com\/resultat\/2004\/kadettallsvenskan_final.htm\">Kadettallsvenskan, final<\/a><br><\/p>\n\n\n\n<p><a href=\"https:\/\/lass.no-ip.com\/resultat\/2004\/knatteungdoms_KM.htm\">Knatte KM<\/a><br><\/p>\n\n\n\n<p><a href=\"https:\/\/lass.no-ip.com\/resultat\/2004\/knattecup\/index.htm\">Knatte Cup<\/a><br><\/p>\n\n\n\n<p><a href=\"https:\/\/lass.no-ip.com\/resultat\/2004\/knatteserien.htm\">Knatte o Ungdomsserie<\/a><br><\/p>\n\n\n\n<p><a href=\"https:\/\/lass.no-ip.com\/resultat\/2004\/lasscupen2004.htm\">LASS-cupen<\/a><br><\/p>\n\n\n\n<p><a href=\"https:\/\/lass.no-ip.com\/resultat\/2004\/lassknatten.htm\">LASS-knatten<\/a><br><\/p>\n\n\n\n<p><a href=\"https:\/\/lass.no-ip.com\/resultat\/2004\/manhemopen.htm\">Manhem Open<\/a><br><\/p>\n\n\n\n<p><a href=\"https:\/\/lass.no-ip.com\/resultat\/2004\/schackfyran.htm\">Schackfyran &#8211; Distriktsfinal<\/a><br><\/p>\n\n\n\n<p><a href=\"https:\/\/lass.no-ip.com\/resultat\/2004\/schackfyran_riksfinal.htm\">Schackfyran &#8211; Rikssfinal<\/a><br><\/p>\n\n\n\n<p><a href=\"https:\/\/lass.no-ip.com\/resultat\/2004\/sportlov2004.htm\">Sportlovsschack i Lambohov<\/a><br><\/p>\n\n\n\n<p><a href=\"https:\/\/lass.no-ip.com\/resultat\/2004\/skoldm.htm\">Skol-DM<\/a><br><\/p>\n\n\n\n<p><a href=\"https:\/\/lass.no-ip.com\/resultat\/2004\/skolsm.htm\">Skol-SM<\/a><br><\/p>\n\n\n\n<p><a href=\"https:\/\/lass.no-ip.com\/resultat\/2004\/skollagdm.htm\">Skollag-DM<\/a><br><\/p>\n\n\n\n<p><a href=\"https:\/\/lass.no-ip.com\/resultat\/2004\/skolag-sm.htm\">Skollag-SM<\/a><br><\/p>\n\n\n\n<p><a href=\"https:\/\/lass.no-ip.com\/resultat\/2004\/talangjaktskval.htm\">Talangjaktskval<\/a><br><\/p>\n\n\n\n<p><a href=\"https:\/\/lass.no-ip.com\/resultat\/2004\/talangjaktsfinal.htm\">Talangjaktsfinal<\/a><br><\/p>\n\n\n\n<p><a href=\"https:\/\/lass.no-ip.com\/resultat\/2004\/vastkustspelen.htm\">V\u00e4stkustspelen<\/a><\/p>\n\n\n\n<p><\/p>\n\n\n\n<table class=\"wp-block-table\"><tbody><tr><td>\u00d6vriga evenemang<br><\/td><\/tr><\/tbody><\/table>\n\n\n\n<p><a href=\"https:\/\/lass.no-ip.com\/resultat\/2004\/connyrandom.htm\">Conny-Random<\/a><br><\/p>\n\n\n\n<p><a href=\"https:\/\/lass.no-ip.com\/resultat\/2004\/kungsgambitturnering.htm\">Kungsgambitturnering<\/a><br><\/p>\n\n\n\n<p><a href=\"https:\/\/lass.no-ip.com\/resultat\/2004\/schacketsdag\/index.html\">Schackets Dag<\/a><\/p>\n\n\n\n<p><\/p>\n\n\n\n<hr class=\"wp-block-separator\"\/>\n\n\n\n<p><\/p>\n","protected":false},"excerpt":{"rendered":"<p>BlixtTurneringar Aprilblixt Blixt-KM Blixt-LM Chock-KM Decemberblixt Februariblixt Januariblixt Julavslutningsblixt Majblixt Marsblixt Martin Kenneruds minnessblixt (Sk\u00e4nningeblixten) Novemberblixt Oktoberblixt Slagschacks-KM Slagschacks-LM Septemberblixt Sommarblixt TEMA-kv\u00e4ll: Fisher-random Snabbschacksturneringar G\u00f6teborg Open Pingstschacket Sm\u00e5land Open Snabbschacks-KM Snabbschacks-LM St\u00e5ng\u00e5slaget Tusenmanna L\u00e5ngpartiturneringar G\u00e4strikland Open A-KM&nbsp; B-KM C-KM&nbsp; D-KM Internacional de Cala Millo Malm\u00f6 Open &amp; MSF Open LM P\u00e5skturneringen (DM) Rockaden Open R\u00f6deby Open Salobrena Open Sanktionerade SM Veteran-DM Lagschack Allsvenskan (2003-2004) Tremannablixten Knattet\u00e4vlingar Blixt och dunder Distriktsmatch, \u00d6sf &#8211; \u00d6rebro Flick-SM H\u00f6stlovsschack Juniorallsvenskan, Div II Kadettallsvenskan, kval Kadettallsvenskan, final Knatte KM Knatte Cup Knatte o Ungdomsserie LASS-cupen LASS-knatten Manhem Open Schackfyran &#8211; Distriktsfinal Schackfyran &#8211; Rikssfinal Sportlovsschack i Lambohov Skol-DM Skol-SM Skollag-DM Skollag-SM Talangjaktskval Talangjaktsfinal V\u00e4stkustspelen \u00d6vriga evenemang Conny-Random Kungsgambitturnering Schackets Dag<\/p>\n","protected":false},"author":1,"featured_media":0,"parent":0,"menu_order":0,"comment_status":"closed","ping_status":"closed","template":"","meta":{"wp_social_preview_title":"","wp_social_preview_description":"","wp_social_preview_image":0,"footnotes":""},"class_list":["post-1366","page","type-page","status-publish","hentry"],"_links":{"self":[{"href":"https:\/\/lass.no-ip.com\/wordpress\/index.php\/wp-json\/wp\/v2\/pages\/1366","targetHints":{"allow":["GET"]}}],"collection":[{"href":"https:\/\/lass.no-ip.com\/wordpress\/index.php\/wp-json\/wp\/v2\/pages"}],"about":[{"href":"https:\/\/lass.no-ip.com\/wordpress\/index.php\/wp-json\/wp\/v2\/types\/page"}],"author":[{"embeddable":true,"href":"https:\/\/lass.no-ip.com\/wordpress\/index.php\/wp-json\/wp\/v2\/users\/1"}],"replies":[{"embeddable":true,"href":"https:\/\/lass.no-ip.com\/wordpress\/index.php\/wp-json\/wp\/v2\/comments?post=1366"}],"version-history":[{"count":3,"href":"https:\/\/lass.no-ip.com\/wordpress\/index.php\/wp-json\/wp\/v2\/pages\/1366\/revisions"}],"predecessor-version":[{"id":1429,"href":"https:\/\/lass.no-ip.com\/wordpress\/index.php\/wp-json\/wp\/v2\/pages\/1366\/revisions\/1429"}],"wp:attachment":[{"href":"https:\/\/lass.no-ip.com\/wordpress\/index.php\/wp-json\/wp\/v2\/media?parent=1366"}],"curies":[{"name":"wp","href":"https:\/\/api.w.org\/{rel}","templated":true}]}}