{"id":1364,"date":"2019-01-21T08:19:53","date_gmt":"2019-01-21T07:19:53","guid":{"rendered":"http:\/\/lass.no-ip.com\/wordpress\/?page_id=1364"},"modified":"2019-01-21T15:44:17","modified_gmt":"2019-01-21T14:44:17","slug":"resultat-2005-2","status":"publish","type":"page","link":"https:\/\/lass.no-ip.com\/wordpress\/index.php\/resultat-2005-2\/","title":{"rendered":"Resultat 1998"},"content":{"rendered":"\n<table class=\"wp-block-table\"><tbody><tr><td>BlixtTurneringar<\/td><\/tr><\/tbody><\/table>\n\n\n\n<p><a href=\"https:\/\/lass.no-ip.com\/resultat\/1998\/Suicide98.htm\">Suicide-KM 1998<\/a><\/p>\n\n\n\n<p><\/p>\n\n\n\n<table class=\"wp-block-table\"><tbody><tr><td>Snabbschacksturneringar<\/td><\/tr><\/tbody><\/table>\n\n\n\n<p><a href=\"https:\/\/lass.no-ip.com\/resultat\/1998\/98pingst.htm\">Pingstschacket 1998<\/a><br><\/p>\n\n\n\n<p><a href=\"https:\/\/lass.no-ip.com\/resultat\/1998\/snabbLM98.htm\">Snabbschacks-LM<\/a><br><\/p>\n\n\n\n<table class=\"wp-block-table\"><tbody><tr><td>L\u00e5ngpartiturneringar<\/td><\/tr><\/tbody><\/table>\n\n\n\n<p><a href=\"https:\/\/lass.no-ip.com\/resultat\/1998\/A-KM98.htm\">A-KM 1998<\/a><br><\/p>\n\n\n\n<p><a href=\"https:\/\/lass.no-ip.com\/resultat\/1998\/B-KM98.htm\">B-KM 1998<\/a><br><\/p>\n\n\n\n<p><a href=\"https:\/\/lass.no-ip.com\/resultat\/1998\/lm.htm\">LM 1998<\/a><br><\/p>\n\n\n\n<p><a href=\"https:\/\/lass.no-ip.com\/resultat\/1998\/sank98.htm\">Sanktionerade 1998<\/a><\/p>\n\n\n\n<p><\/p>\n\n\n\n<table class=\"wp-block-table\"><tbody><tr><td>Knattet\u00e4vlingar<\/td><\/tr><\/tbody><\/table>\n\n\n\n<p><a href=\"https:\/\/lass.no-ip.com\/resultat\/1998\/UngdomsVM98.htm\">Ungdoms-VM 1998<\/a><br><\/p>\n\n\n\n<p><a href=\"https:\/\/lass.no-ip.com\/resultat\/1998\/Oppna.htm\">\u00d6ppna Flick-SM 1998<\/a><\/p>\n","protected":false},"excerpt":{"rendered":"<p>BlixtTurneringar Suicide-KM 1998 Snabbschacksturneringar Pingstschacket 1998 Snabbschacks-LM L\u00e5ngpartiturneringar A-KM 1998 B-KM 1998 LM 1998 Sanktionerade 1998 Knattet\u00e4vlingar Ungdoms-VM 1998 \u00d6ppna Flick-SM 1998<\/p>\n","protected":false},"author":1,"featured_media":0,"parent":0,"menu_order":0,"comment_status":"closed","ping_status":"closed","template":"","meta":{"wp_social_preview_title":"","wp_social_preview_description":"","wp_social_preview_image":0,"footnotes":""},"class_list":["post-1364","page","type-page","status-publish","hentry"],"_links":{"self":[{"href":"https:\/\/lass.no-ip.com\/wordpress\/index.php\/wp-json\/wp\/v2\/pages\/1364","targetHints":{"allow":["GET"]}}],"collection":[{"href":"https:\/\/lass.no-ip.com\/wordpress\/index.php\/wp-json\/wp\/v2\/pages"}],"about":[{"href":"https:\/\/lass.no-ip.com\/wordpress\/index.php\/wp-json\/wp\/v2\/types\/page"}],"author":[{"embeddable":true,"href":"https:\/\/lass.no-ip.com\/wordpress\/index.php\/wp-json\/wp\/v2\/users\/1"}],"replies":[{"embeddable":true,"href":"https:\/\/lass.no-ip.com\/wordpress\/index.php\/wp-json\/wp\/v2\/comments?post=1364"}],"version-history":[{"count":3,"href":"https:\/\/lass.no-ip.com\/wordpress\/index.php\/wp-json\/wp\/v2\/pages\/1364\/revisions"}],"predecessor-version":[{"id":1438,"href":"https:\/\/lass.no-ip.com\/wordpress\/index.php\/wp-json\/wp\/v2\/pages\/1364\/revisions\/1438"}],"wp:attachment":[{"href":"https:\/\/lass.no-ip.com\/wordpress\/index.php\/wp-json\/wp\/v2\/media?parent=1364"}],"curies":[{"name":"wp","href":"https:\/\/api.w.org\/{rel}","templated":true}]}}