{"id":1362,"date":"2019-01-21T08:19:44","date_gmt":"2019-01-21T07:19:44","guid":{"rendered":"http:\/\/lass.no-ip.com\/wordpress\/?page_id=1362"},"modified":"2019-01-21T11:24:28","modified_gmt":"2019-01-21T10:24:28","slug":"resultat-2005","status":"publish","type":"page","link":"https:\/\/lass.no-ip.com\/wordpress\/index.php\/resultat-2005\/","title":{"rendered":"Resultat 2005"},"content":{"rendered":"\n<table class=\"wp-block-table\"><tbody><tr><td>BlixtTurneringar<\/td><\/tr><\/tbody><\/table>\n\n\n\n<p><a href=\"https:\/\/lass.no-ip.com\/resultat\/2005\/aprilblixt.htm\">Aprilblixt<\/a><br><\/p>\n\n\n\n<p><a href=\"https:\/\/lass.no-ip.com\/resultat\/2005\/blixt-lm.htm\">Blixt-LM<\/a><br><\/p>\n\n\n\n<p><a href=\"https:\/\/lass.no-ip.com\/resultat\/2005\/februariblixt.htm\">Februariblixt<\/a><br><\/p>\n\n\n\n<p><a href=\"https:\/\/lass.no-ip.com\/resultat\/2005\/fisherrandom-km.htm\">Fisher-random KM<\/a><br><\/p>\n\n\n\n<p><a href=\"https:\/\/lass.no-ip.com\/resultat\/2005\/decemberblixt.html\">Decemberblixt<\/a><br><\/p>\n\n\n\n<p><a href=\"https:\/\/lass.no-ip.com\/resultat\/2005\/gambitturnering.html\">Gambitturnering<\/a><br><\/p>\n\n\n\n<p><a href=\"https:\/\/lass.no-ip.com\/resultat\/2005\/januariblixt.htm\">Januariblixt<\/a><br><\/p>\n\n\n\n<p><a href=\"https:\/\/lass.no-ip.com\/resultat\/2005\/julavslutningsblixt.html\">Julavslutningsblixt<\/a><br><\/p>\n\n\n\n<p><a href=\"https:\/\/lass.no-ip.com\/resultat\/2005\/majblixt.htm\">Majblixt<\/a><br><\/p>\n\n\n\n<p><a href=\"https:\/\/lass.no-ip.com\/resultat\/2005\/marsblixt.htm\">Marsblixt<\/a><br><\/p>\n\n\n\n<p><a href=\"https:\/\/lass.no-ip.com\/resultat\/2005\/skanningeblixten.htm\">Martin Kenneruds minnessblixt (Sk\u00e4nningeblixten)<\/a><br><\/p>\n\n\n\n<p><a href=\"https:\/\/lass.no-ip.com\/resultat\/2005\/novemberblixt.html\">Novemberblixt<\/a><br><\/p>\n\n\n\n<p><a href=\"https:\/\/lass.no-ip.com\/resultat\/2005\/oktoberblixt.html\">Oktoberblixt<\/a><br><\/p>\n\n\n\n<p><a href=\"https:\/\/lass.no-ip.com\/resultat\/2005\/slagschacks-km.htm\">Slagschacks-KM<\/a><br><\/p>\n\n\n\n<p><a href=\"https:\/\/lass.no-ip.com\/resultat\/2005\/septemberblixt.html\">Septemberblixt<\/a><\/p>\n\n\n\n<p><\/p>\n\n\n\n<table class=\"wp-block-table\"><tbody><tr><td>Snabbschacksturneringar<\/td><\/tr><\/tbody><\/table>\n\n\n\n<p><a href=\"https:\/\/lass.no-ip.com\/resultat\/2005\/pingstschacket.htm\">Pingstschacket<\/a><br><\/p>\n\n\n\n<p><a href=\"https:\/\/lass.no-ip.com\/resultat\/2005\/smaland_open.html\">Sm\u00e5land Open<\/a><br><\/p>\n\n\n\n<p><a href=\"https:\/\/lass.no-ip.com\/resultat\/2005\/snabbschacks-km.htm\">Snabbschacks-KM<\/a><br><\/p>\n\n\n\n<p><a href=\"https:\/\/lass.no-ip.com\/resultat\/2005\/snabbschacks_lm.html\">Snabbschacks-LM<\/a><br><\/p>\n\n\n\n<p>Tusenmanna&nbsp; saknar resultat<br><\/p>\n\n\n\n<p><a href=\"https:\/\/lass.no-ip.com\/resultat\/2005\/vastgota_open.htm\">V\u00e4stg\u00f6ta Open<\/a><\/p>\n\n\n\n<p><\/p>\n\n\n\n<table class=\"wp-block-table\"><tbody><tr><td>L\u00e5ngpartiturneringar<\/td><\/tr><\/tbody><\/table>\n\n\n\n<p><a href=\"https:\/\/lass.no-ip.com\/resultat\/2005\/g_open.htm\">G\u00e4strikland Open<\/a><br><\/p>\n\n\n\n<p><a href=\"https:\/\/lass.no-ip.com\/resultat\/2005\/akm.htm\">A-KM<\/a><br><\/p>\n\n\n\n<p><a href=\"https:\/\/lass.no-ip.com\/resultat\/2005\/bkm.htm\">B-KM<\/a><br><\/p>\n\n\n\n<p><a href=\"https:\/\/lass.no-ip.com\/resultat\/2005\/ckm.htm\">C-KM<\/a><br><\/p>\n\n\n\n<p><a href=\"https:\/\/lass.no-ip.com\/resultat\/2005\/dkm.htm\">D-KM<\/a><br><\/p>\n\n\n\n<p><a href=\"https:\/\/lass.no-ip.com\/resultat\/2005\/ekm.htm\">E-KM<\/a><br><\/p>\n\n\n\n<p><a href=\"https:\/\/lass.no-ip.com\/resultat\/2005\/calvia.html\">Calvia Open<\/a><br><\/p>\n\n\n\n<p><a href=\"https:\/\/lass.no-ip.com\/resultat\/2005\/goteborg_open.html\">G\u00f6teborg Open<\/a><br><\/p>\n\n\n\n<p><a href=\"https:\/\/lass.no-ip.com\/resultat\/2005\/hallstahammar_open.html\">Hallstahammar Open<\/a><br><\/p>\n\n\n\n<p><a href=\"https:\/\/lass.no-ip.com\/resultat\/2005\/karlstad_open.html\">Karlstad Open<\/a><br><\/p>\n\n\n\n<p><a href=\"https:\/\/lass.no-ip.com\/resultat\/2005\/lm.htm\">LM<\/a><br><\/p>\n\n\n\n<p><a href=\"https:\/\/lass.no-ip.com\/resultat\/2005\/malmo_open.html\">Malm\u00f6 Open<\/a><br><\/p>\n\n\n\n<p><a href=\"https:\/\/lass.no-ip.com\/resultat\/2005\/politiken\/top.htm\">Politiken Cup<\/a><br><\/p>\n\n\n\n<p><a href=\"https:\/\/lass.no-ip.com\/resultat\/2005\/rilton.html\">Rilton Cup<\/a><br><\/p>\n\n\n\n<p><a href=\"https:\/\/lass.no-ip.com\/resultat\/2005\/rodeby.html\">R\u00f6deby Open<\/a><br><\/p>\n\n\n\n<p><a href=\"https:\/\/lass.no-ip.com\/resultat\/2005\/paskturneringen.htm\">P\u00e5skturneringen (DM)<\/a><br><\/p>\n\n\n\n<p><a href=\"https:\/\/lass.no-ip.com\/resultat\/2005\/Sanktionerade_2005.htm\">Sanktionerade<\/a><br><\/p>\n\n\n\n<p><a href=\"https:\/\/lass.no-ip.com\/resultat\/2005\/sm2005\/rond1.htm\">SM&nbsp;<\/a><br><\/p>\n\n\n\n<p><a href=\"https:\/\/lass.no-ip.com\/resultat\/2005\/utmanar.htm\">Utmanarturneringen<\/a><\/p>\n\n\n\n<p><\/p>\n\n\n\n<table class=\"wp-block-table\"><tbody><tr><td>Lagschack<\/td><\/tr><\/tbody><\/table>\n\n\n\n<p><a href=\"https:\/\/lass.no-ip.com\/resultat\/2005\/LagResultat.htm\">Allsvenskan (2004-2005)<\/a><br><\/p>\n\n\n\n<p><a href=\"https:\/\/lass.no-ip.com\/resultat\/2005\/flicklandskamp\/flicklandskamp.htm\">Flicklandskamp Sverige &#8211; Norge<\/a><br><\/p>\n\n\n\n<p><a href=\"https:\/\/lass.no-ip.com\/resultat\/2005\/lagen\/div1mell\/index.htm\">Slutspelet div I Link\u00f6ping<\/a><br><\/p>\n\n\n\n<p><a href=\"https:\/\/lass.no-ip.com\/resultat\/2005\/tremanna_2005.htm\">Tremannablixten<\/a><\/p>\n\n\n\n<p><\/p>\n\n\n\n<table class=\"wp-block-table\"><tbody><tr><td>Knattet\u00e4vlingar<\/td><\/tr><\/tbody><\/table>\n\n\n\n<p><a href=\"https:\/\/lass.no-ip.com\/resultat\/2005\/goteborgcup.html\">G\u00f6teborg Cup<\/a><br><\/p>\n\n\n\n<p><a href=\"https:\/\/lass.no-ip.com\/resultat\/2005\/dm\/JDM%202005_stallning.htm\">Junior-DM<\/a><br><\/p>\n\n\n\n<p><a href=\"https:\/\/lass.no-ip.com\/resultat\/2005\/kadetten\/index.html\">Kadettallsvenskan, kval<\/a><br><\/p>\n\n\n\n<p><a href=\"https:\/\/lass.no-ip.com\/resultat\/2005\/knattecup\/knattecup_2005_totalt.htm\">Knatte o Ungdoms Cup<\/a><br><\/p>\n\n\n\n<p><a href=\"https:\/\/lass.no-ip.com\/resultat\/2005\/knatte_ungdoms_km.htm\">Knatte o Ungdoms-KM<\/a><br><\/p>\n\n\n\n<p><a href=\"https:\/\/lass.no-ip.com\/resultat\/2005\/manhemopen.htm\">Manhem Open<\/a><br><\/p>\n\n\n\n<p><a href=\"https:\/\/lass.no-ip.com\/resultat\/2005\/skoldm\/index.htm\">Skol-DM<\/a><br><\/p>\n\n\n\n<p><a href=\"https:\/\/lass.no-ip.com\/resultat\/2005\/skollagdm.html\">Skollag-DM<\/a><br><\/p>\n\n\n\n<p><a href=\"https:\/\/lass.no-ip.com\/resultat\/2005\/skolsm.htm\">Skol-SM<\/a><br><\/p>\n\n\n\n<p><a href=\"https:\/\/lass.no-ip.com\/resultat\/2005\/talangfinal.html\">Talangjaktsfinal<\/a><br><\/p>\n\n\n\n<p><a href=\"https:\/\/lass.no-ip.com\/resultat\/2005\/talangkval.htm\">Talangjaktskval<\/a><\/p>\n\n\n\n<p><\/p>\n\n\n\n<table class=\"wp-block-table\"><tbody><tr><td>\u00d6vriga evenemang<br><\/td><\/tr><\/tbody><\/table>\n\n\n\n<p><a href=\"https:\/\/lass.no-ip.com\/resultat\/2005\/osf_lager.htm\">\u00d6SF-l\u00e4ger<\/a><\/p>\n\n\n\n<p><\/p>\n","protected":false},"excerpt":{"rendered":"<p>BlixtTurneringar Aprilblixt Blixt-LM Februariblixt Fisher-random KM Decemberblixt Gambitturnering Januariblixt Julavslutningsblixt Majblixt Marsblixt Martin Kenneruds minnessblixt (Sk\u00e4nningeblixten) Novemberblixt Oktoberblixt Slagschacks-KM Septemberblixt Snabbschacksturneringar Pingstschacket Sm\u00e5land Open Snabbschacks-KM Snabbschacks-LM Tusenmanna&nbsp; saknar resultat V\u00e4stg\u00f6ta Open L\u00e5ngpartiturneringar G\u00e4strikland Open A-KM B-KM C-KM D-KM E-KM Calvia Open G\u00f6teborg Open Hallstahammar Open Karlstad Open LM Malm\u00f6 Open Politiken Cup Rilton Cup R\u00f6deby Open P\u00e5skturneringen (DM) Sanktionerade SM&nbsp; Utmanarturneringen Lagschack Allsvenskan (2004-2005) Flicklandskamp Sverige &#8211; Norge Slutspelet div I Link\u00f6ping Tremannablixten Knattet\u00e4vlingar G\u00f6teborg Cup Junior-DM Kadettallsvenskan, kval Knatte o Ungdoms Cup Knatte o Ungdoms-KM Manhem Open Skol-DM Skollag-DM Skol-SM Talangjaktsfinal Talangjaktskval \u00d6vriga evenemang \u00d6SF-l\u00e4ger<\/p>\n","protected":false},"author":1,"featured_media":0,"parent":0,"menu_order":0,"comment_status":"closed","ping_status":"closed","template":"","meta":{"wp_social_preview_title":"","wp_social_preview_description":"","wp_social_preview_image":0,"footnotes":""},"class_list":["post-1362","page","type-page","status-publish","hentry"],"_links":{"self":[{"href":"https:\/\/lass.no-ip.com\/wordpress\/index.php\/wp-json\/wp\/v2\/pages\/1362","targetHints":{"allow":["GET"]}}],"collection":[{"href":"https:\/\/lass.no-ip.com\/wordpress\/index.php\/wp-json\/wp\/v2\/pages"}],"about":[{"href":"https:\/\/lass.no-ip.com\/wordpress\/index.php\/wp-json\/wp\/v2\/types\/page"}],"author":[{"embeddable":true,"href":"https:\/\/lass.no-ip.com\/wordpress\/index.php\/wp-json\/wp\/v2\/users\/1"}],"replies":[{"embeddable":true,"href":"https:\/\/lass.no-ip.com\/wordpress\/index.php\/wp-json\/wp\/v2\/comments?post=1362"}],"version-history":[{"count":2,"href":"https:\/\/lass.no-ip.com\/wordpress\/index.php\/wp-json\/wp\/v2\/pages\/1362\/revisions"}],"predecessor-version":[{"id":1425,"href":"https:\/\/lass.no-ip.com\/wordpress\/index.php\/wp-json\/wp\/v2\/pages\/1362\/revisions\/1425"}],"wp:attachment":[{"href":"https:\/\/lass.no-ip.com\/wordpress\/index.php\/wp-json\/wp\/v2\/media?parent=1362"}],"curies":[{"name":"wp","href":"https:\/\/api.w.org\/{rel}","templated":true}]}}