{"id":1360,"date":"2019-01-21T08:19:34","date_gmt":"2019-01-21T07:19:34","guid":{"rendered":"http:\/\/lass.no-ip.com\/wordpress\/?page_id=1360"},"modified":"2019-01-21T11:16:49","modified_gmt":"2019-01-21T10:16:49","slug":"resultat-2006","status":"publish","type":"page","link":"https:\/\/lass.no-ip.com\/wordpress\/index.php\/resultat-2006\/","title":{"rendered":"Resultat 2006"},"content":{"rendered":"\n<table class=\"wp-block-table\"><tbody><tr><td>BlixtTurneringar<\/td><\/tr><\/tbody><\/table>\n\n\n\n<p><a href=\"https:\/\/lass.no-ip.com\/resultat\/2006\/aprilblixt.html\">Aprilblixt<\/a><br><\/p>\n\n\n\n<p><a href=\"https:\/\/lass.no-ip.com\/resultat\/2006\/blixt_km.htm\">Blixt-KM<\/a><br><\/p>\n\n\n\n<p><a href=\"https:\/\/lass.no-ip.com\/resultat\/2006\/blixt_lm.html\">Blixt-LM<\/a><br><\/p>\n\n\n\n<p><a href=\"https:\/\/lass.no-ip.com\/resultat\/2006\/decemberblixt.htm\">Decemberblixt<\/a><br><\/p>\n\n\n\n<p><a href=\"https:\/\/lass.no-ip.com\/resultat\/2006\/februariblixt.html\">Februariblixt<\/a><br><\/p>\n\n\n\n<p><a href=\"https:\/\/lass.no-ip.com\/resultat\/2006\/fisher-random_km.html\">Fisher-random KM<\/a><br><\/p>\n\n\n\n<p><a href=\"https:\/\/lass.no-ip.com\/resultat\/2006\/gambit.htm\">Gambitturnering<\/a><br><\/p>\n\n\n\n<p><a href=\"https:\/\/lass.no-ip.com\/resultat\/2006\/januariblixt.html\">Januariblixt<\/a><br><\/p>\n\n\n\n<p><a href=\"https:\/\/lass.no-ip.com\/resultat\/2007\/Julblixten%202006_stallning.htm\">Julavslutningsblixt<\/a><br><\/p>\n\n\n\n<p><a href=\"https:\/\/lass.no-ip.com\/resultat\/2006\/marsblixt.html\">Marsblixt<\/a><br><\/p>\n\n\n\n<p><a href=\"https:\/\/lass.no-ip.com\/resultat\/2006\/skanninge.html\">Martin Kenneruds minnessblixt (Sk\u00e4nningeblixten)<\/a><br><\/p>\n\n\n\n<p><a href=\"https:\/\/lass.no-ip.com\/resultat\/2006\/novemberblixt.htm\">Novemberblixt<\/a><br><\/p>\n\n\n\n<p><a href=\"https:\/\/lass.no-ip.com\/resultat\/2006\/oktober_blixt.htm\">Oktoberblixt<\/a><br><\/p>\n\n\n\n<p><a href=\"https:\/\/lass.no-ip.com\/resultat\/2006\/slagschacks_km.htm\">Slagschacks-KM<\/a><\/p>\n\n\n\n<p><\/p>\n\n\n\n<table class=\"wp-block-table\"><tbody><tr><td>Snabbschacksturneringar<\/td><\/tr><\/tbody><\/table>\n\n\n\n<p><a href=\"https:\/\/lass.no-ip.com\/resultat\/2006\/pingstschacket.htm\">Pingstschacket<\/a><br><\/p>\n\n\n\n<p><a href=\"https:\/\/lass.no-ip.com\/resultat\/2006\/smaland_open.htm\">Sm\u00e5land Open<\/a><br><\/p>\n\n\n\n<p><a href=\"https:\/\/lass.no-ip.com\/resultat\/2006\/snabbschacks_km.html\">Snabbschacks-KM<\/a><br><\/p>\n\n\n\n<p><a href=\"https:\/\/lass.no-ip.com\/resultat\/2006\/snabbschacks_lm.htm\">Snabbschacks-LM<\/a><br><\/p>\n\n\n\n<p><a href=\"https:\/\/lass.no-ip.com\/resultat\/2006\/stangaslaget\/resultat.htm\">St\u00e5ng\u00e5slaget<\/a><br><\/p>\n\n\n\n<p><a href=\"https:\/\/lass.no-ip.com\/resultat\/2006\/tunaslaget.htm\">Tunaslaget<\/a><br><\/p>\n\n\n\n<p>Tusenmanna&nbsp; saknar resultat<br><\/p>\n\n\n\n<p><a href=\"https:\/\/lass.no-ip.com\/resultat\/2006\/veteran_dm.htm\">Veteran-DM<\/a><br><\/p>\n\n\n\n<p><a href=\"https:\/\/lass.no-ip.com\/resultat\/2006\/vastgota_open.html\">V\u00e4stg\u00f6ta Open<\/a><\/p>\n\n\n\n<p><\/p>\n\n\n\n<table class=\"wp-block-table\"><tbody><tr><td>L\u00e5ngpartiturneringar<\/td><\/tr><\/tbody><\/table>\n\n\n\n<p><a href=\"https:\/\/lass.no-ip.com\/resultat\/2006\/bjorksta.htm\">Bj\u00f6rksta-schacket<\/a><br><\/p>\n\n\n\n<p><a href=\"https:\/\/lass.no-ip.com\/resultat\/2006\/gib_telecom.html\">GibTelecom Masters<\/a><br><\/p>\n\n\n\n<p><a href=\"https:\/\/lass.no-ip.com\/resultat\/2006\/gastriklandopen.htm\">G<\/a><a href=\"https:\/\/lass.no-ip.com\/resultat\/2006\/gastriklandopen.htm\">\u00e4strikland Open<\/a><br><\/p>\n\n\n\n<p><a href=\"https:\/\/lass.no-ip.com\/resultat\/2006\/hallstahammar.htm\">Hallstahammar Open<\/a><br><\/p>\n\n\n\n<p><a href=\"https:\/\/lass.no-ip.com\/resultat\/2006\/km\/akm.htm\">A-KM<\/a><br><\/p>\n\n\n\n<p><a href=\"https:\/\/lass.no-ip.com\/resultat\/2006\/km\/bkm.htm\">B-KM<\/a><br><\/p>\n\n\n\n<p><a href=\"https:\/\/lass.no-ip.com\/resultat\/2006\/km\/ckm.htm\">C-KM<\/a><br><\/p>\n\n\n\n<p><a href=\"https:\/\/lass.no-ip.com\/resultat\/2006\/km\/dkm.htm\">D-KM<\/a><br><\/p>\n\n\n\n<p><a href=\"https:\/\/lass.no-ip.com\/resultat\/2006\/lm\/lm.htm\">LM<\/a><br><\/p>\n\n\n\n<p><a href=\"https:\/\/lass.no-ip.com\/resultat\/2006\/malmo_open.htm\">Malm\u00f6 Open<\/a><br><\/p>\n\n\n\n<p><a href=\"https:\/\/lass.no-ip.com\/resultat\/2006\/paskturneringen.htm\">P\u00e5skturneringen (DM)<\/a><br><\/p>\n\n\n\n<p><a href=\"https:\/\/lass.no-ip.com\/resultat\/2006\/sanktionerade\/index.htm\">Sanktionerade<\/a><br><\/p>\n\n\n\n<p><a href=\"https:\/\/lass.no-ip.com\/resultat\/2006\/schackos_open_a.htm\">Schack OS Open A<\/a><br><\/p>\n\n\n\n<p><a href=\"https:\/\/lass.no-ip.com\/resultat\/2006\/sm\/index.html\">SM&nbsp;<\/a><br><\/p>\n\n\n\n<p><a href=\"https:\/\/lass.no-ip.com\/resultat\/2006\/utmanar\/utmanar.htm\">Utmanarturneringen<\/a><\/p>\n\n\n\n<p><\/p>\n\n\n\n<table class=\"wp-block-table\"><tbody><tr><td>Lagschack<\/td><\/tr><\/tbody><\/table>\n\n\n\n<p><a href=\"https:\/\/lass.no-ip.com\/resultat\/2006\/LagResultat.htm\">Allsvenskan (2005-2006)<\/a><br><\/p>\n\n\n\n<p><a href=\"https:\/\/lass.no-ip.com\/resultat\/2006\/chock_km.html\">Chock-KM<\/a><br><\/p>\n\n\n\n<p><a href=\"https:\/\/lass.no-ip.com\/resultat\/2006\/elitserieslutspel\/index.htm\">Elitserieslutspel<\/a><br><\/p>\n\n\n\n<p><a href=\"https:\/\/lass.no-ip.com\/resultat\/2006\/tremanna.html\">Tremannablixten<\/a><\/p>\n\n\n\n<p><\/p>\n\n\n\n<table class=\"wp-block-table\"><tbody><tr><td>Knattet\u00e4vlingar<\/td><\/tr><\/tbody><\/table>\n\n\n\n<p><a href=\"https:\/\/lass.no-ip.com\/resultat\/2006\/flicksm\/flicksm.htm\">Flick-SM<\/a><br><\/p>\n\n\n\n<p><a href=\"https:\/\/lass.no-ip.com\/resultat\/2006\/goteborg_cup.htm\">G\u00f6teborg Cup<\/a><a href=\"https:\/\/lass.no-ip.com\/resultat\/2005\/goteborgcup.html\"><\/a><br><\/p>\n\n\n\n<p><a href=\"https:\/\/lass.no-ip.com\/resultat\/2006\/juniordm\/JDM.html\">Junior-DM<\/a><br><\/p>\n\n\n\n<p><a href=\"https:\/\/lass.no-ip.com\/resultat\/2006\/Juniorallsvenskan_2006_div2.htm\">Juniorallsvenskan<\/a><br><\/p>\n\n\n\n<p><a href=\"https:\/\/lass.no-ip.com\/resultat\/2006\/kadettallsvenskan_kval2.htm\">Kadettallsvenskan, kval<\/a><br><\/p>\n\n\n\n<p><a href=\"https:\/\/lass.no-ip.com\/resultat\/2006\/kadettallsvenskan_final.htm\">Kadettallsvenskan, final<\/a><br><\/p>\n\n\n\n<p><a href=\"https:\/\/lass.no-ip.com\/resultat\/2006\/knatteserien.htm\">Knatteserien<\/a><br><\/p>\n\n\n\n<p><a href=\"https:\/\/lass.no-ip.com\/resultat\/2006\/ungdoms_km.html\">Knatte o Ungdoms-KM<\/a><br><a href=\"https:\/\/lass.no-ip.com\/resultat\/2005\/skoldm\/index.htm\"><\/a><\/p>\n\n\n\n<p><a href=\"https:\/\/lass.no-ip.com\/resultat\/2006\/knattecup_2006_sammanlagda_resultat.htm\">Knattecup<\/a><br><\/p>\n\n\n\n<p><a href=\"https:\/\/lass.no-ip.com\/resultat\/2007\/Skol-DM2006.htm\">Skol-DM<\/a><br><\/p>\n\n\n\n<p><a href=\"https:\/\/lass.no-ip.com\/resultat\/2006\/skol-nm.html\">Skol-NM<\/a><br><\/p>\n\n\n\n<p><a href=\"https:\/\/lass.no-ip.com\/resultat\/2006\/talangjaktskval.html\">Talangjaktskval<\/a><\/p>\n\n\n\n<p><\/p>\n\n\n\n<table class=\"wp-block-table\"><tbody><tr><td>\u00d6vriga evenemang<br><\/td><\/tr><\/tbody><\/table>\n\n\n\n<p><a href=\"https:\/\/lass.no-ip.com\/resultat\/2006\/osf-osf.htm\">Distriktsmacth \u00d6sterg\u00f6tlands SF &#8211; \u00d6rebro SF<\/a><\/p>\n\n\n\n<p><\/p>\n","protected":false},"excerpt":{"rendered":"<p>BlixtTurneringar Aprilblixt Blixt-KM Blixt-LM Decemberblixt Februariblixt Fisher-random KM Gambitturnering Januariblixt Julavslutningsblixt Marsblixt Martin Kenneruds minnessblixt (Sk\u00e4nningeblixten) Novemberblixt Oktoberblixt Slagschacks-KM Snabbschacksturneringar Pingstschacket Sm\u00e5land Open Snabbschacks-KM Snabbschacks-LM St\u00e5ng\u00e5slaget Tunaslaget Tusenmanna&nbsp; saknar resultat Veteran-DM V\u00e4stg\u00f6ta Open L\u00e5ngpartiturneringar Bj\u00f6rksta-schacket GibTelecom Masters G\u00e4strikland Open Hallstahammar Open A-KM B-KM C-KM D-KM LM Malm\u00f6 Open P\u00e5skturneringen (DM) Sanktionerade Schack OS Open A SM&nbsp; Utmanarturneringen Lagschack Allsvenskan (2005-2006) Chock-KM Elitserieslutspel Tremannablixten Knattet\u00e4vlingar Flick-SM G\u00f6teborg Cup Junior-DM Juniorallsvenskan Kadettallsvenskan, kval Kadettallsvenskan, final Knatteserien Knatte o Ungdoms-KM Knattecup Skol-DM Skol-NM Talangjaktskval \u00d6vriga evenemang Distriktsmacth \u00d6sterg\u00f6tlands SF &#8211; \u00d6rebro SF<\/p>\n","protected":false},"author":1,"featured_media":0,"parent":0,"menu_order":0,"comment_status":"closed","ping_status":"closed","template":"","meta":{"wp_social_preview_title":"","wp_social_preview_description":"","wp_social_preview_image":0,"footnotes":""},"class_list":["post-1360","page","type-page","status-publish","hentry"],"_links":{"self":[{"href":"https:\/\/lass.no-ip.com\/wordpress\/index.php\/wp-json\/wp\/v2\/pages\/1360","targetHints":{"allow":["GET"]}}],"collection":[{"href":"https:\/\/lass.no-ip.com\/wordpress\/index.php\/wp-json\/wp\/v2\/pages"}],"about":[{"href":"https:\/\/lass.no-ip.com\/wordpress\/index.php\/wp-json\/wp\/v2\/types\/page"}],"author":[{"embeddable":true,"href":"https:\/\/lass.no-ip.com\/wordpress\/index.php\/wp-json\/wp\/v2\/users\/1"}],"replies":[{"embeddable":true,"href":"https:\/\/lass.no-ip.com\/wordpress\/index.php\/wp-json\/wp\/v2\/comments?post=1360"}],"version-history":[{"count":2,"href":"https:\/\/lass.no-ip.com\/wordpress\/index.php\/wp-json\/wp\/v2\/pages\/1360\/revisions"}],"predecessor-version":[{"id":1420,"href":"https:\/\/lass.no-ip.com\/wordpress\/index.php\/wp-json\/wp\/v2\/pages\/1360\/revisions\/1420"}],"wp:attachment":[{"href":"https:\/\/lass.no-ip.com\/wordpress\/index.php\/wp-json\/wp\/v2\/media?parent=1360"}],"curies":[{"name":"wp","href":"https:\/\/api.w.org\/{rel}","templated":true}]}}