{"id":1352,"date":"2019-01-21T08:18:38","date_gmt":"2019-01-21T07:18:38","guid":{"rendered":"http:\/\/lass.no-ip.com\/wordpress\/?page_id=1352"},"modified":"2019-01-21T11:05:33","modified_gmt":"2019-01-21T10:05:33","slug":"resultat-2009","status":"publish","type":"page","link":"https:\/\/lass.no-ip.com\/wordpress\/index.php\/resultat-2009\/","title":{"rendered":"Resultat 2009"},"content":{"rendered":"\n<table class=\"wp-block-table\"><tbody><tr><td>BlixtTurneringar<\/td><\/tr><\/tbody><\/table>\n\n\n\n<p><a href=\"https:\/\/lass.no-ip.com\/resultat\/2009\/blixt\/februari.html\">Februariblixt<\/a><br><\/p>\n\n\n\n<p><a href=\"https:\/\/lass.no-ip.com\/resultat\/2009\/blixt\/mars.html\">Marsblixt<\/a><br><\/p>\n\n\n\n<p><a href=\"https:\/\/lass.no-ip.com\/resultat\/2009\/blixt\/majblixt.html\">Majblixt<\/a><br><\/p>\n\n\n\n<p><a href=\"https:\/\/lass.no-ip.com\/resultat\/2009\/blixt\/september.html\">Septemberblixt<\/a><br><\/p>\n\n\n\n<p><a href=\"https:\/\/lass.no-ip.com\/resultat\/2009\/blixt\/oktober.html\">Oktoberblixt<\/a><br><\/p>\n\n\n\n<p><a href=\"https:\/\/lass.no-ip.com\/resultat\/2009\/blixt\/blixtlm.html\">Blixt-LM<\/a><br><\/p>\n\n\n\n<p><a href=\"https:\/\/lass.no-ip.com\/resultat\/2009\/blixt\/blixtkm.html\">Blixt-KM<\/a><br><\/p>\n\n\n\n<p><a href=\"http:\/\/osf.no-ip.com\/resultat\/2009\/blixt_dm.html\">Blixt-DM<\/a><br><\/p>\n\n\n\n<p><a href=\"http:\/\/osf.no-ip.com\/resultat\/2009\/blixt_dm_09_10.htm\">Blixt-DM<\/a><br><\/p>\n\n\n\n<p><a href=\"https:\/\/lass.no-ip.com\/resultat\/2009\/%C3%B6vrigt\/fisherandom.html\">KM i Fisherrandom<\/a><br><\/p>\n\n\n\n<p><a href=\"https:\/\/lass.no-ip.com\/resultat\/2009\/blixt\/schacklordagen.html\">Schackl\u00f6rdagsblixten<\/a><\/p>\n\n\n\n<p><\/p>\n\n\n\n<table class=\"wp-block-table\"><tbody><tr><td>Snabbschacksturneringar<\/td><\/tr><\/tbody><\/table>\n\n\n\n<p><a href=\"https:\/\/lass.no-ip.com\/resultat\/2008\/ssf\/ssf.html\">SnabbSchack p\u00e5 Fredagar<\/a><br><\/p>\n\n\n\n<p><a href=\"https:\/\/lass.no-ip.com\/resultat\/2009\/snabbschack\/snabbschackslm.html\">Snabbschacks-LM<\/a><br><\/p>\n\n\n\n<p><a href=\"https:\/\/lass.no-ip.com\/resultat\/2009\/snabbschack\/snabbschackskm.htm\">Snabbschacks-KM<\/a><br><\/p>\n\n\n\n<p><a href=\"https:\/\/lass.no-ip.com\/resultat\/2009\/snabbschack\/pingstschacket.html\">Pingstschacket<\/a><br><\/p>\n\n\n\n<p><a href=\"https:\/\/lass.no-ip.com\/resultat\/2009\/vastgota.html\">V\u00e4stg\u00f6ta Open<\/a><br><\/p>\n\n\n\n<p><a href=\"https:\/\/lass.no-ip.com\/resultat\/2009\/snabbschack\/fischerandom_dm.html\">Fischerandom-DM<\/a><br><\/p>\n\n\n\n<p><a href=\"https:\/\/lass.no-ip.com\/resultat\/2009\/snabbschack\/uppvarmning_2009.html\">Uppv\u00e4rmningsturmering inf\u00f6r KM<\/a><\/p>\n\n\n\n<p><\/p>\n\n\n\n<table class=\"wp-block-table\"><tbody><tr><td>L\u00e5ngpartiturneringar<\/td><\/tr><\/tbody><\/table>\n\n\n\n<p><a href=\"https:\/\/lass.no-ip.com\/resultat\/2009\/KM\/KM2009.htm\">KM<\/a><br><\/p>\n\n\n\n<p><a href=\"https:\/\/lass.no-ip.com\/resultat\/2009\/LM\/lm.html\">LM<\/a><br><\/p>\n\n\n\n<p><a href=\"http:\/\/chess-results.com\/tnr18421.aspx?art=4&amp;lan=1&amp;turdet=YES&amp;m=-1&amp;wi=1000\">P\u00e5skturneringen (DM)<\/a><br><\/p>\n\n\n\n<p><a href=\"https:\/\/lass.no-ip.com\/resultat\/2009\/sanktionerad\/sanktionerad.html\">Sanktionerad<\/a><br><\/p>\n\n\n\n<p><a href=\"https:\/\/lass.no-ip.com\/resultat\/2009\/SM\/sm2009.html\">SM<\/a><br><\/p>\n\n\n\n<p><a href=\"https:\/\/lass.no-ip.com\/Inbjudan\/2009\/anmalda_utmana2009.htm\">Sommarutmaningar<\/a><br><\/p>\n\n\n\n<p><a href=\"http:\/\/chess-results.com\/tnr26797.aspx?art=4&amp;lan=1&amp;m=-1&amp;wi=1000\">Stockholm All Saints<\/a><br><\/p>\n\n\n\n<p><a href=\"https:\/\/lass.no-ip.com\/resultat\/2009\/%C3%B6vrigt\/vasteras_open.htm\">V\u00e4ster\u00e5s Open<\/a><br><\/p>\n\n\n\n<p><a href=\"https:\/\/lass.no-ip.com\/resultat\/2009\/%C3%B6vrigt\/malmo.htm\">Malm\u00f6 Open<\/a><br><\/p>\n\n\n\n<p><a href=\"http:\/\/chess-results.com\/tnr28757.aspx?art=4&amp;lan=6&amp;m=-1&amp;wi=1000\">Karlstad Open<\/a><\/p>\n\n\n\n<p><a href=\"https:\/\/lass.no-ip.com\/resultat\/2008\/sanktionerad\/sanktionerad.html\"><\/a><a href=\"https:\/\/lass.no-ip.com\/resultat\/2008\/ovrigt\/rodeby.htm\"><\/a><\/p>\n\n\n\n<table class=\"wp-block-table\"><tbody><tr><td>Lagschack<\/td><\/tr><\/tbody><\/table>\n\n\n\n<p><a href=\"https:\/\/lass.no-ip.com\/resultat\/2008\/allsvenskan\/LagResultat.htm\">Allsvenskan (2008-2009)<\/a><br><\/p>\n\n\n\n<p><a href=\"https:\/\/lass.no-ip.com\/resultat\/2009\/blixt\/3manna.htm\">Tremannablixten<\/a><br><\/p>\n\n\n\n<p><a href=\"https:\/\/lass.no-ip.com\/resultat\/2009\/%C3%B6vrigt\/stadsmatch.htm\">Stadsmatchen<\/a><\/p>\n\n\n\n<p><\/p>\n\n\n\n<table class=\"wp-block-table\"><tbody><tr><td>Knatte- och ungdomst\u00e4vlingar<\/td><\/tr><\/tbody><\/table>\n\n\n\n<p><a href=\"http:\/\/osf.no-ip.com\/resultat\/2008\/ungdomscup\/Resultat_%20Knattecup0809_mellan.htm\">Knattecupen 2008-2009<\/a><a href=\"http:\/\/www.schackfyran.se\/riksfin09res.htm\"><\/a><br><\/p>\n\n\n\n<p><a href=\"http:\/\/osf.no-ip.com\/resultat\/2009\/Knattecup0910.htm\">Knatte- och ungdomscupen 2009-2010<\/a><a href=\"http:\/\/www.schackfyran.se\/riksfin09res.htm\"><\/a><br><\/p>\n\n\n\n<p>Schackfyran<a href=\"http:\/\/www.schackfyran.se\/riksfin09res.htm\"><\/a><a href=\"https:\/\/lass.no-ip.com\/resultat\/2009\/schack4an\/kommunkval.htm\">Kommunkval<\/a><a href=\"https:\/\/lass.no-ip.com\/resultat\/2009\/schack4an\/Distriktsfinal.htm\">Distriktsfinal<\/a><a href=\"http:\/\/www.schackfyran.se\/riksfin09res.htm\">Final<\/a><br><\/p>\n\n\n\n<p><a href=\"http:\/\/www.chess-results.com\/tnr19850.aspx?art=1&amp;rd=7&amp;lan=1&amp;m=-1&amp;wi=1000\">Flick-SM<\/a><br><\/p>\n\n\n\n<p><a href=\"https:\/\/lass.no-ip.com\/resultat\/2009\/flicknm.html\">Flick-NM<\/a><br><\/p>\n\n\n\n<p><a href=\"http:\/\/osf.no-ip.com\/resultat\/2009\/skollagdm.htm\">Skollag-DM<\/a><br><\/p>\n\n\n\n<p><a href=\"https:\/\/lass.no-ip.com\/resultat\/2009\/skollagsm.html\">Skollag-SM<\/a><br><\/p>\n\n\n\n<p><a href=\"https:\/\/lass.no-ip.com\/resultat\/2009\/%C3%B6vrigt\/ROOPEN09_TXT.htm\">Rockaden Open<\/a><br><\/p>\n\n\n\n<p><a href=\"https:\/\/lass.no-ip.com\/schacknyheter\/2009\/skolsm.htm\">Skol-SM<\/a><\/p>\n\n\n\n<p><\/p>\n\n\n\n<table class=\"wp-block-table\"><tbody><tr><td>\u00d6vriga evenemang<br><\/td><\/tr><\/tbody><\/table>\n\n\n\n<p><a href=\"http:\/\/www.vaxjoschackklubb.se\/2009\/VSP2009Sen.asp\">V\u00e4xj\u00f6spelen<\/a><br><\/p>\n\n\n\n<p><a href=\"http:\/\/chess-results.com\/Tnr22500.aspx?lan=1\">Pula Open<\/a><br><\/p>\n\n\n\n<p><a href=\"http:\/\/www.ksu.dk\/politiken_cup\/turnering\/stilling.aspx?tur_id=627&amp;menu=polcup2009&amp;aar=2009\">Politiken Cup<\/a><br><\/p>\n\n\n\n<p><a href=\"http:\/\/www.schack.se\/nyheter\/2009\/pardubice2009_index.htm\">Pardubice<\/a><br><\/p>\n\n\n\n<p><a href=\"https:\/\/lass.no-ip.com\/resultat\/2009\/%C3%B6vrigt\/ropen09slut.htm\">R\u00f6deby Open<\/a><\/p>\n\n\n\n<p><\/p>\n","protected":false},"excerpt":{"rendered":"<p>BlixtTurneringar Februariblixt Marsblixt Majblixt Septemberblixt Oktoberblixt Blixt-LM Blixt-KM Blixt-DM Blixt-DM KM i Fisherrandom Schackl\u00f6rdagsblixten Snabbschacksturneringar SnabbSchack p\u00e5 Fredagar Snabbschacks-LM Snabbschacks-KM Pingstschacket V\u00e4stg\u00f6ta Open Fischerandom-DM Uppv\u00e4rmningsturmering inf\u00f6r KM L\u00e5ngpartiturneringar KM LM P\u00e5skturneringen (DM) Sanktionerad SM Sommarutmaningar Stockholm All Saints V\u00e4ster\u00e5s Open Malm\u00f6 Open Karlstad Open Lagschack Allsvenskan (2008-2009) Tremannablixten Stadsmatchen Knatte- och ungdomst\u00e4vlingar Knattecupen 2008-2009 Knatte- och ungdomscupen 2009-2010 SchackfyranKommunkvalDistriktsfinalFinal Flick-SM Flick-NM Skollag-DM Skollag-SM Rockaden Open Skol-SM \u00d6vriga evenemang V\u00e4xj\u00f6spelen Pula Open Politiken Cup Pardubice R\u00f6deby Open<\/p>\n","protected":false},"author":1,"featured_media":0,"parent":0,"menu_order":0,"comment_status":"closed","ping_status":"closed","template":"","meta":{"wp_social_preview_title":"","wp_social_preview_description":"","wp_social_preview_image":0,"footnotes":""},"class_list":["post-1352","page","type-page","status-publish","hentry"],"_links":{"self":[{"href":"https:\/\/lass.no-ip.com\/wordpress\/index.php\/wp-json\/wp\/v2\/pages\/1352","targetHints":{"allow":["GET"]}}],"collection":[{"href":"https:\/\/lass.no-ip.com\/wordpress\/index.php\/wp-json\/wp\/v2\/pages"}],"about":[{"href":"https:\/\/lass.no-ip.com\/wordpress\/index.php\/wp-json\/wp\/v2\/types\/page"}],"author":[{"embeddable":true,"href":"https:\/\/lass.no-ip.com\/wordpress\/index.php\/wp-json\/wp\/v2\/users\/1"}],"replies":[{"embeddable":true,"href":"https:\/\/lass.no-ip.com\/wordpress\/index.php\/wp-json\/wp\/v2\/comments?post=1352"}],"version-history":[{"count":3,"href":"https:\/\/lass.no-ip.com\/wordpress\/index.php\/wp-json\/wp\/v2\/pages\/1352\/revisions"}],"predecessor-version":[{"id":1954,"href":"https:\/\/lass.no-ip.com\/wordpress\/index.php\/wp-json\/wp\/v2\/pages\/1352\/revisions\/1954"}],"wp:attachment":[{"href":"https:\/\/lass.no-ip.com\/wordpress\/index.php\/wp-json\/wp\/v2\/media?parent=1352"}],"curies":[{"name":"wp","href":"https:\/\/api.w.org\/{rel}","templated":true}]}}