{"id":1350,"date":"2019-01-21T08:18:06","date_gmt":"2019-01-21T07:18:06","guid":{"rendered":"http:\/\/lass.no-ip.com\/wordpress\/?page_id=1350"},"modified":"2019-09-25T11:24:37","modified_gmt":"2019-09-25T10:24:37","slug":"resultat-2010","status":"publish","type":"page","link":"https:\/\/lass.no-ip.com\/wordpress\/index.php\/resultat-2010\/","title":{"rendered":"Resultat 2010"},"content":{"rendered":"\n<h2 class=\"wp-block-heading\">Resultat 2010<\/h2>\n\n\n\n<h4 class=\"wp-block-heading\"> BlixtTurneringar <\/h4>\n\n\n\n<p><a href=\"https:\/\/lass.no-ip.com\/resultat\/2010\/blixt\/januariblixt.pdf\">Januariblixt<\/a><br><\/p>\n\n\n\n<p><a href=\"https:\/\/lass.no-ip.com\/resultat\/2010\/blixt\/bronstein.htm\">Bronsteinblixt<\/a><br><\/p>\n\n\n\n<p><a href=\"https:\/\/lass.no-ip.com\/resultat\/2010\/blixt\/blixtlm.htm\">Blixt-LM<\/a><br><\/p>\n\n\n\n<p><a href=\"https:\/\/lass.no-ip.com\/resultat\/2010\/blixt\/aprilblixten.htm\">Aprilblixt<\/a><br><\/p>\n\n\n\n<p><a href=\"https:\/\/lass.no-ip.com\/resultat\/2010\/blixt\/septemberblixt.html\">Septemberblixt<\/a><br><\/p>\n\n\n\n<p><a href=\"https:\/\/lass.no-ip.com\/resultat\/2010\/blixt\/oktoberblixt.htm\">Oktoberblixt<\/a><br><\/p>\n\n\n\n<p><a href=\"https:\/\/lass.no-ip.com\/resultat\/2010\/blixt\/novemberblixt.html\">Novemberblixt<\/a><br><\/p>\n\n\n\n<p><a href=\"http:\/\/osf.no-ip.com\/resultat\/2010\/blixtdm.htm\">Blixt-DM<\/a><\/p>\n\n\n\n<h4 class=\"wp-block-heading\"> Snabbschacksturneringar <\/h4>\n\n\n\n<p><a href=\"https:\/\/lass.no-ip.com\/resultat\/2010\/LASS-Cupen-filer\/slide0001.htm\">LASS-Cupen<\/a><br><\/p>\n\n\n\n<p><a href=\"https:\/\/lass.no-ip.com\/resultat\/2010\/pingst\/pingst.html\">Pingstschacket\/SnabbschacksDM<\/a><br><\/p>\n\n\n\n<p><a href=\"https:\/\/lass.no-ip.com\/resultat\/2010\/stangaslaget\/results2.html\">St\u00e5ng\u00e5slaget<\/a><br><\/p>\n\n\n\n<p><a href=\"https:\/\/lass.no-ip.com\/resultat\/2010\/uppvarmning\/standings.html\">Uppv\u00e4rmningsturmering inf\u00f6r KM<\/a><br><\/p>\n\n\n\n<p><a href=\"https:\/\/lass.no-ip.com\/resultat\/2010\/snabbschack\/km_rounds.html\">Snabbschacks-KM<\/a><\/p>\n\n\n\n<h4 class=\"wp-block-heading\"> L\u00e5ngpartiturneringar <\/h4>\n\n\n\n<p><a href=\"https:\/\/lass.no-ip.com\/resultat\/2010\/LM\/lm.html\">LM<\/a><br><\/p>\n\n\n\n<p><a href=\"https:\/\/lass.no-ip.com\/resultat\/2010\/sanktionerad\/sanktionerad.html\">Sanktionerad<\/a><br><\/p>\n\n\n\n<p><a href=\"https:\/\/lass.no-ip.com\/resultat\/2010\/SM2010.html\">SM<\/a><br><\/p>\n\n\n\n<p><a href=\"https:\/\/lass.no-ip.com\/resultat\/2010\/ropen10slut.htm\">R\u00f6deby Open<\/a><br><\/p>\n\n\n\n<p><a href=\"https:\/\/lass.no-ip.com\/resultat\/2010\/vasteras_open.htm\">V\u00e4ster\u00e5s Open<\/a><br><\/p>\n\n\n\n<p><a href=\"https:\/\/lass.no-ip.com\/resultat\/2010\/KM\/akm.html\">A-KM<\/a><a href=\"https:\/\/lass.no-ip.com\/resultat\/2010\/KM\/bkm.html\">B-KM<\/a><a href=\"https:\/\/lass.no-ip.com\/resultat\/2010\/KM\/ckm.html\">C-KM<\/a><a href=\"https:\/\/lass.no-ip.com\/resultat\/2008\/sanktionerad\/sanktionerad.html\"><\/a><a href=\"https:\/\/lass.no-ip.com\/resultat\/2008\/ovrigt\/rodeby.htm\"><\/a><\/p>\n\n\n\n<h4 class=\"wp-block-heading\"> Lagschack <\/h4>\n\n\n\n<p><a href=\"https:\/\/lass.no-ip.com\/resultat\/2009\/allsvenskan\/LagResultat.htm\">Allsvenskan (2009-2010)<\/a><br><\/p>\n\n\n\n<p><a href=\"https:\/\/lass.no-ip.com\/resultat\/2010\/blixt\/tremanna.htm\">Tremannablixten<\/a><br><\/p>\n\n\n\n<p><a href=\"http:\/\/www.schack08.se\/stadsmatch2010.htm\">Stadsmatchen Norrk\u00f6ping-Link\u00f6ping<\/a><\/p>\n\n\n\n<h4 class=\"wp-block-heading\"> Knatte- och ungdomst\u00e4vlingar <\/h4>\n\n\n\n<p><a href=\"https:\/\/lass.no-ip.com\/resultat\/2010\/blixt\/tremanna.htm\">Talangjaktskvalet<\/a><br><\/p>\n\n\n\n<p><a href=\"https:\/\/lass.no-ip.com\/resultat\/2010\/ungdom\/Slutresultat_Skol_SM_f%C3%B6r_flickor_2010.pdf\">Flick-SM<\/a><br><\/p>\n\n\n\n<p><a href=\"https:\/\/lass.no-ip.com\/resultat\/2010\/ungdom\/skollagsm.htm\">Skollag-SM<\/a><br><\/p>\n\n\n\n<p><a href=\"https:\/\/lass.no-ip.com\/resultat\/2010\/ungdom\/ulm.html\">\u00d6ppna Ungdoms-LM<\/a><br><\/p>\n\n\n\n<p><a href=\"https:\/\/lass.no-ip.com\/resultat\/2010\/Resultat%20Rockaden%20Open%202010.htm\">Rockaden Open<\/a><br><\/p>\n\n\n\n<p><a href=\"http:\/\/www.malmoschack.se\/skolsm2010\/\">Skol-SM<\/a><br><\/p>\n\n\n\n<p><a href=\"http:\/\/osf.no-ip.com\/resultat\/2010\/knatte_o_ungdomscup_2010_2011\/samling.htm\">Knatte- och ungdomscupen<\/a><br><\/p>\n\n\n\n<p><a href=\"http:\/\/lass.no-ip.com\/resultat\/2010\/Malm%C3%B6%20Open\/msf10.doc\">MSF Open<\/a><\/p>\n\n\n\n<h4 class=\"wp-block-heading\"> \u00d6vriga evenemang <\/h4>\n\n\n\n<p><a href=\"http:\/\/www.skaraschack.se\/vo\/voresultat10.htm\">V\u00e4stg\u00f6ta Open<\/a><br><\/p>\n\n\n\n<p><a href=\"http:\/\/chess-results.com\/tnr30612.aspx?art=1&amp;rd=9&amp;lan=6&amp;m=-1&amp;wi=1000\">Malaga<\/a><br><\/p>\n\n\n\n<p><a href=\"https:\/\/lass.no-ip.com\/resultat\/2010\/vaxjospelen.htm\">V\u00e4xj\u00f6spelen<\/a><br><\/p>\n\n\n\n<p><a href=\"https:\/\/lass.no-ip.com\/resultat\/2010\/Upplands%20%C3%96ppna%20DM%202010.html\">Upplands \u00d6ppna DM<\/a><\/p>\n","protected":false},"excerpt":{"rendered":"<p>Resultat 2010 BlixtTurneringar Januariblixt Bronsteinblixt Blixt-LM Aprilblixt Septemberblixt Oktoberblixt Novemberblixt Blixt-DM Snabbschacksturneringar LASS-Cupen Pingstschacket\/SnabbschacksDM St\u00e5ng\u00e5slaget Uppv\u00e4rmningsturmering inf\u00f6r KM Snabbschacks-KM L\u00e5ngpartiturneringar LM Sanktionerad SM R\u00f6deby Open V\u00e4ster\u00e5s Open A-KMB-KMC-KM Lagschack Allsvenskan (2009-2010) Tremannablixten Stadsmatchen Norrk\u00f6ping-Link\u00f6ping Knatte- och ungdomst\u00e4vlingar Talangjaktskvalet Flick-SM Skollag-SM \u00d6ppna Ungdoms-LM Rockaden Open Skol-SM Knatte- och ungdomscupen MSF Open \u00d6vriga evenemang V\u00e4stg\u00f6ta Open Malaga V\u00e4xj\u00f6spelen Upplands \u00d6ppna DM<\/p>\n","protected":false},"author":1,"featured_media":0,"parent":0,"menu_order":0,"comment_status":"closed","ping_status":"closed","template":"","meta":{"wp_social_preview_title":"","wp_social_preview_description":"","wp_social_preview_image":0,"footnotes":""},"class_list":["post-1350","page","type-page","status-publish","hentry"],"_links":{"self":[{"href":"https:\/\/lass.no-ip.com\/wordpress\/index.php\/wp-json\/wp\/v2\/pages\/1350","targetHints":{"allow":["GET"]}}],"collection":[{"href":"https:\/\/lass.no-ip.com\/wordpress\/index.php\/wp-json\/wp\/v2\/pages"}],"about":[{"href":"https:\/\/lass.no-ip.com\/wordpress\/index.php\/wp-json\/wp\/v2\/types\/page"}],"author":[{"embeddable":true,"href":"https:\/\/lass.no-ip.com\/wordpress\/index.php\/wp-json\/wp\/v2\/users\/1"}],"replies":[{"embeddable":true,"href":"https:\/\/lass.no-ip.com\/wordpress\/index.php\/wp-json\/wp\/v2\/comments?post=1350"}],"version-history":[{"count":5,"href":"https:\/\/lass.no-ip.com\/wordpress\/index.php\/wp-json\/wp\/v2\/pages\/1350\/revisions"}],"predecessor-version":[{"id":2034,"href":"https:\/\/lass.no-ip.com\/wordpress\/index.php\/wp-json\/wp\/v2\/pages\/1350\/revisions\/2034"}],"wp:attachment":[{"href":"https:\/\/lass.no-ip.com\/wordpress\/index.php\/wp-json\/wp\/v2\/media?parent=1350"}],"curies":[{"name":"wp","href":"https:\/\/api.w.org\/{rel}","templated":true}]}}