{"id":1201,"date":"2019-01-13T17:56:11","date_gmt":"2019-01-13T16:56:11","guid":{"rendered":"http:\/\/lass.no-ip.com\/wordpress\/?page_id=1201"},"modified":"2023-03-08T21:08:11","modified_gmt":"2023-03-08T20:08:11","slug":"lass-stadgar","status":"publish","type":"page","link":"https:\/\/lass.no-ip.com\/wordpress\/index.php\/medlemmar\/lass-stadgar\/","title":{"rendered":"LASS stadgar"},"content":{"rendered":"\n<p>S\u00e4llskapets stadgar antogs vid \u00e5rsm\u00f6tet 2023. <\/p>\n\n\n\n<p><a href=\"https:\/\/lass.no-ip.com\/stadgar_2023_02_22.pdf\">Stadgarna i PDF-format finns h\u00e4r<\/a>.<\/p>\n","protected":false},"excerpt":{"rendered":"<p>S\u00e4llskapets stadgar antogs vid \u00e5rsm\u00f6tet 2023. Stadgarna i PDF-format finns h\u00e4r.<\/p>\n","protected":false},"author":5,"featured_media":0,"parent":145,"menu_order":0,"comment_status":"closed","ping_status":"closed","template":"","meta":{"wp_social_preview_title":"","wp_social_preview_description":"","wp_social_preview_image":0,"footnotes":""},"class_list":["post-1201","page","type-page","status-publish","hentry"],"_links":{"self":[{"href":"https:\/\/lass.no-ip.com\/wordpress\/index.php\/wp-json\/wp\/v2\/pages\/1201","targetHints":{"allow":["GET"]}}],"collection":[{"href":"https:\/\/lass.no-ip.com\/wordpress\/index.php\/wp-json\/wp\/v2\/pages"}],"about":[{"href":"https:\/\/lass.no-ip.com\/wordpress\/index.php\/wp-json\/wp\/v2\/types\/page"}],"author":[{"embeddable":true,"href":"https:\/\/lass.no-ip.com\/wordpress\/index.php\/wp-json\/wp\/v2\/users\/5"}],"replies":[{"embeddable":true,"href":"https:\/\/lass.no-ip.com\/wordpress\/index.php\/wp-json\/wp\/v2\/comments?post=1201"}],"version-history":[{"count":5,"href":"https:\/\/lass.no-ip.com\/wordpress\/index.php\/wp-json\/wp\/v2\/pages\/1201\/revisions"}],"predecessor-version":[{"id":3938,"href":"https:\/\/lass.no-ip.com\/wordpress\/index.php\/wp-json\/wp\/v2\/pages\/1201\/revisions\/3938"}],"up":[{"embeddable":true,"href":"https:\/\/lass.no-ip.com\/wordpress\/index.php\/wp-json\/wp\/v2\/pages\/145"}],"wp:attachment":[{"href":"https:\/\/lass.no-ip.com\/wordpress\/index.php\/wp-json\/wp\/v2\/media?parent=1201"}],"curies":[{"name":"wp","href":"https:\/\/api.w.org\/{rel}","templated":true}]}}