{"id":1099,"date":"2018-12-14T14:39:41","date_gmt":"2018-12-14T13:39:41","guid":{"rendered":"http:\/\/lass.no-ip.com\/wordpress\/?page_id=1099"},"modified":"2019-06-21T10:54:25","modified_gmt":"2019-06-21T09:54:25","slug":"jubileumsboken","status":"publish","type":"page","link":"https:\/\/lass.no-ip.com\/wordpress\/index.php\/jubileumsboken\/","title":{"rendered":"Jubileumsboken"},"content":{"rendered":"<p>Inf\u00f6r att LASS fyllde 100 \u00e5r gav Link\u00f6pings Allm\u00e4nna Schacks\u00e4llskap ut en jubileumsbok \u00f6ver f\u00f6renings f\u00f6rsta 100 \u00e5r. Bakom boken stod ett mastodontarbete av Hans-\u00c5ke Cedersund. Den inneh\u00e5ller detaljerade beskrivningar av f\u00f6reningens b<img loading=\"lazy\" decoding=\"async\" class=\"size-full wp-image-1100 alignleft\" src=\"http:\/\/lass.no-ip.com\/wordpress\/wp-content\/uploads\/2018\/12\/bok_jpg.jpg\" alt=\"\" width=\"200\" height=\"284\" \/>ildande p\u00e5 Stora Hotellet, epoker i klubbens historia, internationella spelare och sentida historier. Allt med fina portr\u00e4tt och tidsenliga bilder. Boken finns att k\u00f6pa p\u00e5 klubben f\u00f6r 100 kr f\u00f6r medlemmar.<\/p>\n<p>Hans-\u00c5ke gick tragiskt bort alldeles f\u00f6r tidigt och hans arbetsmaterial med honom.<\/p>\n<p>Under en tid har ett arbete gjorts f\u00f6r att m\u00f6jligg\u00f6ra att detta alster kan \u00e5tnjutas av fler l\u00e4sare. F\u00f6rst skannade Anita Pettersson in hela boken och d\u00e4refter har Mikael Karlsson efterarbetat text och bilder f\u00f6r att skapa en PDF av hela boken. Vi vill tacka b\u00e5da f\u00f6r detta arbete som nu m\u00f6jligg\u00f6r att du kan ladda ner och bl\u00e4ddra i den n\u00e4ra 400 sidor tjocka\u00a0<a href=\"https:\/\/lass.no-ip.com\/Jubileumsbok\/jubileumsboken.pdf\">Jubileumsboken<\/a> (90MB). Den finns nu \u00e4ven som <a href=\"https:\/\/lass.no-ip.com\/Jubileumsbok\/Jubileumsbok.epub\">epub<\/a> som g\u00f6r den anpassad f\u00f6r eboksl\u00e4sare och mobiler.<\/p>\n<p>Sedan tidigare finns \u00e4ven LASS <a href=\"https:\/\/lass.no-ip.com\/Jubileumsbok\/lass75.pdf\">75-\u00e5rs skrift<\/a> och<a href=\"https:\/\/lass.no-ip.com\/Jubileumsbok\/lass50.pdf\"> 50 \u00e5rs-skrift<\/a> digital.<\/p>\n","protected":false},"excerpt":{"rendered":"<p>Inf\u00f6r att LASS fyllde 100 \u00e5r gav Link\u00f6pings Allm\u00e4nna Schacks\u00e4llskap ut en jubileumsbok \u00f6ver f\u00f6renings f\u00f6rsta 100 \u00e5r. Bakom boken stod ett mastodontarbete av Hans-\u00c5ke Cedersund. Den inneh\u00e5ller detaljerade beskrivningar av f\u00f6reningens bildande p\u00e5 Stora Hotellet, epoker i klubbens historia, internationella spelare och sentida historier. Allt med fina portr\u00e4tt och tidsenliga bilder. Boken finns att k\u00f6pa p\u00e5 klubben f\u00f6r 100 kr f\u00f6r medlemmar. Hans-\u00c5ke gick tragiskt bort alldeles f\u00f6r tidigt och hans arbetsmaterial med honom. Under en tid har ett arbete gjorts f\u00f6r att m\u00f6jligg\u00f6ra att detta alster kan \u00e5tnjutas av fler l\u00e4sare. F\u00f6rst skannade Anita Pettersson in hela boken och d\u00e4refter har Mikael Karlsson efterarbetat text och bilder f\u00f6r att skapa en PDF av hela boken. Vi vill tacka b\u00e5da f\u00f6r detta arbete som nu m\u00f6jligg\u00f6r att du kan ladda ner och bl\u00e4ddra i den n\u00e4ra 400 sidor tjocka\u00a0Jubileumsboken (90MB). Den finns nu \u00e4ven som epub som g\u00f6r den anpassad f\u00f6r eboksl\u00e4sare och mobiler. Sedan tidigare finns \u00e4ven LASS 75-\u00e5rs skrift och 50 \u00e5rs-skrift digital.<\/p>\n","protected":false},"author":1,"featured_media":0,"parent":0,"menu_order":0,"comment_status":"closed","ping_status":"closed","template":"","meta":{"wp_social_preview_title":"","wp_social_preview_description":"","wp_social_preview_image":0,"footnotes":""},"class_list":["post-1099","page","type-page","status-publish","hentry"],"_links":{"self":[{"href":"https:\/\/lass.no-ip.com\/wordpress\/index.php\/wp-json\/wp\/v2\/pages\/1099","targetHints":{"allow":["GET"]}}],"collection":[{"href":"https:\/\/lass.no-ip.com\/wordpress\/index.php\/wp-json\/wp\/v2\/pages"}],"about":[{"href":"https:\/\/lass.no-ip.com\/wordpress\/index.php\/wp-json\/wp\/v2\/types\/page"}],"author":[{"embeddable":true,"href":"https:\/\/lass.no-ip.com\/wordpress\/index.php\/wp-json\/wp\/v2\/users\/1"}],"replies":[{"embeddable":true,"href":"https:\/\/lass.no-ip.com\/wordpress\/index.php\/wp-json\/wp\/v2\/comments?post=1099"}],"version-history":[{"count":3,"href":"https:\/\/lass.no-ip.com\/wordpress\/index.php\/wp-json\/wp\/v2\/pages\/1099\/revisions"}],"predecessor-version":[{"id":1847,"href":"https:\/\/lass.no-ip.com\/wordpress\/index.php\/wp-json\/wp\/v2\/pages\/1099\/revisions\/1847"}],"wp:attachment":[{"href":"https:\/\/lass.no-ip.com\/wordpress\/index.php\/wp-json\/wp\/v2\/media?parent=1099"}],"curies":[{"name":"wp","href":"https:\/\/api.w.org\/{rel}","templated":true}]}}